{"id":9174,"date":"2021-09-18T16:26:20","date_gmt":"2021-09-18T09:26:20","guid":{"rendered":"https:\/\/hangtotgiare.com\/?page_id=9174"},"modified":"2025-10-06T15:53:34","modified_gmt":"2025-10-06T08:53:34","slug":"is-evolution-true-or-false","status":"publish","type":"page","link":"https:\/\/mtb.online\/vi\/prophecy-encyclopedia\/is-evolution-true-or-false\/","title":{"rendered":"Thuy\u1ebft ti\u1ebfn h\u00f3a \u0111\u00fang hay sai?"},"content":{"rendered":"<h3>Back to <em><strong><span style=\"text-decoration: underline;\"><a href=\"https:\/\/mtb.online\/prophecy-encyclopedia\/\">The Prophecy Encyclopedia \u00bb<\/a><\/span><\/strong><\/em><\/h3>\n<table id=\"NavButtons\" class=\"c2-178\" width=\"100%\">\n<tbody>\n<tr>\n<td width=\"3%\"><\/td>\n<td class=\"t2-90\" width=\"47%\">\n<div id=\"ArticlePreviousTitle\"><a href=\"https:\/\/mtb.online\/prophecy-encyclopedia\/why-did-jesus-have-to-die\/\">Previous:<br \/>\nWhy did Jesus have to die?<br \/>\n<\/a><\/div>\n<\/td>\n<td class=\"t2-90\" align=\"right\" width=\"47%\"><\/td>\n<td align=\"right\" width=\"3%\"><\/td>\n<\/tr>\n<\/tbody>\n<\/table>\n<p style=\"text-align: center;\"><strong><strong style=\"font-size: 16px;\"><img loading=\"lazy\" decoding=\"async\" class=\"alignleft wp-image-2787\" src=\"http:\/\/mtb.online\/wp-content\/uploads\/2019\/10\/Darwin.png\" alt=\"\" width=\"250\" height=\"320\" \/><\/strong>LESSON 3:<\/strong><\/p>\n<h1 style=\"text-align: center;\"><strong>IS EVOLUTION TRUE OR FALSE?<\/strong><\/h1>\n<p>Have you noticed that in the Bible, regarding most of the ancestors according to the flesh of JESUS,<\/p>\n<p>their age when they gave birth to His next ancestors have been chronicled down?<\/p>\n<p>For example:<\/p>\n<p><span style=\"color: #0000ff;\"><strong>[01] Genesis 5:3<\/strong><\/span> And Adam lived <strong>an hundred and thirty years<\/strong>,<\/p>\n<p>and begat a son in his own likeness, and after his image; and called his name Seth.<\/p>\n<p><span style=\"color: #0000ff;\"><strong>[01] Genesis 5:6<\/strong><\/span> And Seth lived <strong>an hundred and five years<\/strong>, and begat Enos.<\/p>\n<p>etc&#8230;<\/p>\n<p>Adding all these years up, we can easily estimate that Adam was created roughly 4.000 years before the birth of Christ,<\/p>\n<p>which means this planet is just about 6.000 years old.<\/p>\n<p>Thus the Bible plainly declared that around 6.000 years ago, God created the heavens and the earth,<\/p>\n<p>and He finished all his creation work in just 6 days, rested the 7th day, and thus from henceforth a week shall have 7 days.<\/p>\n<p>Question: then what about evolutionism, which teaches that the earth is billions of years old?<\/p>\n<p>This fun science video entitled &#8220;<strong>100 reasons why evolution is stupid<\/strong>&#8221; by doctor <strong>Kent Hovind<\/strong><\/p>\n<p>will help you see clearly beyond all doubts the stupidity of this dumbest theory in the history of mankind.<\/p>\n<p>On the &#8220;setting&#8221; gear symbol at the corner of the video screen, you can adjust your subtitles and even video speed to slow it down, if doctor Kent Hovind speaks too fast for you.<\/p>\n<div class=\"embed-wrap\"><iframe loading=\"lazy\" title=\"100 reasons why evolution is stupid\" width=\"970\" height=\"728\" src=\"https:\/\/www.youtube.com\/embed\/iVOrP6q-YcA?feature=oembed\" frameborder=\"0\" allow=\"accelerometer; autoplay; clipboard-write; encrypted-media; gyroscope; picture-in-picture; web-share\" referrerpolicy=\"strict-origin-when-cross-origin\" allowfullscreen><\/iframe><\/div>\n<p>The next lesson will again be a lesson of Prophecy, about the number one enemy of the saints among mankind: the Anti-Christ.<\/p>\n<p>And no, it is not the atheist association of evolutionism.<\/p>\n<p>Click &#8220;Next&#8221; to discover the most stunning secret of Christendom.<\/p>\n<table id=\"NavButtons\" class=\"c2-178\" width=\"100%\">\n<tbody>\n<tr>\n<td width=\"3%\"><\/td>\n<td class=\"t2-90\" width=\"47%\">\n<div id=\"ArticlePreviousTitle\"><\/div>\n<\/td>\n<td class=\"t2-90\" align=\"right\" width=\"47%\">\n<div id=\"ArticleNextTitle\"><a href=\"https:\/\/mtb.online\/prophecy-encyclopedia\/who-is-the-anti-christ\/\">Next:<br \/>\nWho is the Anti-Christ?<br \/>\n<\/a><\/div>\n<\/td>\n<td align=\"right\" width=\"3%\"><\/td>\n<\/tr>\n<\/tbody>\n<\/table>\n<h3>Back to <em><strong><span style=\"text-decoration: underline;\"><a href=\"https:\/\/mtb.online\/prophecy-encyclopedia\/\">The Prophecy Encyclopedia \u00bb<\/a><\/span><\/strong><\/em><\/h3>\n","protected":false},"excerpt":{"rendered":"<p>Back to The Prophecy Encyclopedia \u00bb Previous: Why did Jesus have to die? LESSON 3: IS EVOLUTION TRUE OR FALSE? Have you noticed that in the Bible, regarding most of the ancestors according to the flesh of JESUS, their age when they gave birth to His next ancestors have been chronicled down? For example: [01]&#8230;<\/p>\n","protected":false},"author":1,"featured_media":0,"parent":3651,"menu_order":0,"comment_status":"closed","ping_status":"closed","template":"templates\/full-width.php","meta":{"_monsterinsights_skip_tracking":false,"_monsterinsights_sitenote_active":false,"_monsterinsights_sitenote_note":"","_monsterinsights_sitenote_category":0,"cybocfi_hide_featured_image":"","footnotes":""},"class_list":["post-9174","page","type-page","status-publish","hentry"],"yoast_head":"<!-- This site is optimized with the Yoast SEO plugin v27.2 - https:\/\/yoast.com\/product\/yoast-seo-wordpress\/ -->\n<title>Is evolution true or false? - Majority Text Bible<\/title>\n<meta name=\"robots\" content=\"index, follow, max-snippet:-1, max-image-preview:large, max-video-preview:-1\" \/>\n<link rel=\"canonical\" href=\"https:\/\/mtb.online\/vi\/prophecy-encyclopedia\/is-evolution-true-or-false\/\" \/>\n<meta property=\"og:locale\" content=\"vi_VN\" \/>\n<meta property=\"og:type\" content=\"article\" \/>\n<meta property=\"og:title\" content=\"Is evolution true or false? - Majority Text Bible\" \/>\n<meta property=\"og:description\" content=\"Back to The Prophecy Encyclopedia \u00bb Previous: Why did Jesus have to die? LESSON 3: IS EVOLUTION TRUE OR FALSE? Have you noticed that in the Bible, regarding most of the ancestors according to the flesh of JESUS, their age when they gave birth to His next ancestors have been chronicled down? For example: [01]...\" \/>\n<meta property=\"og:url\" content=\"https:\/\/mtb.online\/vi\/prophecy-encyclopedia\/is-evolution-true-or-false\/\" \/>\n<meta property=\"og:site_name\" content=\"Majority Text Bible\" \/>\n<meta property=\"article:modified_time\" content=\"2025-10-06T08:53:34+00:00\" \/>\n<meta property=\"og:image\" content=\"http:\/\/mtb.online\/wp-content\/uploads\/2019\/10\/Darwin.png\" \/>\n<meta name=\"twitter:card\" content=\"summary_large_image\" \/>\n<meta name=\"twitter:label1\" content=\"\u01af\u1edbc t\u00ednh th\u1eddi gian \u0111\u1ecdc\" \/>\n\t<meta name=\"twitter:data1\" content=\"2 ph\u00fat\" \/>\n<script type=\"application\/ld+json\" class=\"yoast-schema-graph\">{\"@context\":\"https:\/\/schema.org\",\"@graph\":[{\"@type\":\"WebPage\",\"@id\":\"https:\/\/mtb.online\/ar\/prophecy-encyclopedia\/is-evolution-true-or-false\/\",\"url\":\"https:\/\/mtb.online\/ar\/prophecy-encyclopedia\/is-evolution-true-or-false\/\",\"name\":\"Is evolution true or false? - Majority Text Bible\",\"isPartOf\":{\"@id\":\"https:\/\/mtb.online\/en\/#website\"},\"primaryImageOfPage\":{\"@id\":\"https:\/\/mtb.online\/ar\/prophecy-encyclopedia\/is-evolution-true-or-false\/#primaryimage\"},\"image\":{\"@id\":\"https:\/\/mtb.online\/ar\/prophecy-encyclopedia\/is-evolution-true-or-false\/#primaryimage\"},\"thumbnailUrl\":\"http:\/\/mtb.online\/wp-content\/uploads\/2019\/10\/Darwin.png\",\"datePublished\":\"2021-09-18T09:26:20+00:00\",\"dateModified\":\"2025-10-06T08:53:34+00:00\",\"breadcrumb\":{\"@id\":\"https:\/\/mtb.online\/ar\/prophecy-encyclopedia\/is-evolution-true-or-false\/#breadcrumb\"},\"inLanguage\":\"vi\",\"potentialAction\":[{\"@type\":\"ReadAction\",\"target\":[\"https:\/\/mtb.online\/ar\/prophecy-encyclopedia\/is-evolution-true-or-false\/\"]}]},{\"@type\":\"ImageObject\",\"inLanguage\":\"vi\",\"@id\":\"https:\/\/mtb.online\/ar\/prophecy-encyclopedia\/is-evolution-true-or-false\/#primaryimage\",\"url\":\"http:\/\/mtb.online\/wp-content\/uploads\/2019\/10\/Darwin.png\",\"contentUrl\":\"http:\/\/mtb.online\/wp-content\/uploads\/2019\/10\/Darwin.png\"},{\"@type\":\"BreadcrumbList\",\"@id\":\"https:\/\/mtb.online\/ar\/prophecy-encyclopedia\/is-evolution-true-or-false\/#breadcrumb\",\"itemListElement\":[{\"@type\":\"ListItem\",\"position\":1,\"name\":\"Home\",\"item\":\"https:\/\/mtb.online\/en\/\"},{\"@type\":\"ListItem\",\"position\":2,\"name\":\"Prophecy Encyclopedia\",\"item\":\"http:\/\/mtb.online\/ar\/prophecy-encyclopedia\/\"},{\"@type\":\"ListItem\",\"position\":3,\"name\":\"Is evolution true or false?\"}]},{\"@type\":\"WebSite\",\"@id\":\"https:\/\/mtb.online\/en\/#website\",\"url\":\"https:\/\/mtb.online\/en\/\",\"name\":\"Majority Text Bible\",\"description\":\"\",\"publisher\":{\"@id\":\"https:\/\/mtb.online\/en\/#organization\"},\"potentialAction\":[{\"@type\":\"SearchAction\",\"target\":{\"@type\":\"EntryPoint\",\"urlTemplate\":\"https:\/\/mtb.online\/en\/?s={search_term_string}\"},\"query-input\":{\"@type\":\"PropertyValueSpecification\",\"valueRequired\":true,\"valueName\":\"search_term_string\"}}],\"inLanguage\":\"vi\"},{\"@type\":\"Organization\",\"@id\":\"https:\/\/mtb.online\/en\/#organization\",\"name\":\"Majority Text Bible\",\"url\":\"https:\/\/mtb.online\/en\/\",\"logo\":{\"@type\":\"ImageObject\",\"inLanguage\":\"vi\",\"@id\":\"https:\/\/mtb.online\/en\/#\/schema\/logo\/image\/\",\"url\":\"http:\/\/hangtotgiare.com\/wp-content\/uploads\/2021\/11\/logo-251x189-large.png\",\"contentUrl\":\"http:\/\/hangtotgiare.com\/wp-content\/uploads\/2021\/11\/logo-251x189-large.png\",\"width\":888,\"height\":669,\"caption\":\"Majority Text Bible\"},\"image\":{\"@id\":\"https:\/\/mtb.online\/en\/#\/schema\/logo\/image\/\"}}]}<\/script>\n<!-- \/ Yoast SEO plugin. -->","yoast_head_json":{"title":"Is evolution true or false? - Majority Text Bible","robots":{"index":"index","follow":"follow","max-snippet":"max-snippet:-1","max-image-preview":"max-image-preview:large","max-video-preview":"max-video-preview:-1"},"canonical":"https:\/\/mtb.online\/vi\/prophecy-encyclopedia\/is-evolution-true-or-false\/","og_locale":"vi_VN","og_type":"article","og_title":"Is evolution true or false? - Majority Text Bible","og_description":"Back to The Prophecy Encyclopedia \u00bb Previous: Why did Jesus have to die? LESSON 3: IS EVOLUTION TRUE OR FALSE? Have you noticed that in the Bible, regarding most of the ancestors according to the flesh of JESUS, their age when they gave birth to His next ancestors have been chronicled down? For example: [01]...","og_url":"https:\/\/mtb.online\/vi\/prophecy-encyclopedia\/is-evolution-true-or-false\/","og_site_name":"Majority Text Bible","article_modified_time":"2025-10-06T08:53:34+00:00","og_image":[{"url":"http:\/\/mtb.online\/wp-content\/uploads\/2019\/10\/Darwin.png","type":"","width":"","height":""}],"twitter_card":"summary_large_image","twitter_misc":{"\u01af\u1edbc t\u00ednh th\u1eddi gian \u0111\u1ecdc":"2 ph\u00fat"},"schema":{"@context":"https:\/\/schema.org","@graph":[{"@type":"WebPage","@id":"https:\/\/mtb.online\/ar\/prophecy-encyclopedia\/is-evolution-true-or-false\/","url":"https:\/\/mtb.online\/ar\/prophecy-encyclopedia\/is-evolution-true-or-false\/","name":"Is evolution true or false? - Majority Text Bible","isPartOf":{"@id":"https:\/\/mtb.online\/en\/#website"},"primaryImageOfPage":{"@id":"https:\/\/mtb.online\/ar\/prophecy-encyclopedia\/is-evolution-true-or-false\/#primaryimage"},"image":{"@id":"https:\/\/mtb.online\/ar\/prophecy-encyclopedia\/is-evolution-true-or-false\/#primaryimage"},"thumbnailUrl":"http:\/\/mtb.online\/wp-content\/uploads\/2019\/10\/Darwin.png","datePublished":"2021-09-18T09:26:20+00:00","dateModified":"2025-10-06T08:53:34+00:00","breadcrumb":{"@id":"https:\/\/mtb.online\/ar\/prophecy-encyclopedia\/is-evolution-true-or-false\/#breadcrumb"},"inLanguage":"vi","potentialAction":[{"@type":"ReadAction","target":["https:\/\/mtb.online\/ar\/prophecy-encyclopedia\/is-evolution-true-or-false\/"]}]},{"@type":"ImageObject","inLanguage":"vi","@id":"https:\/\/mtb.online\/ar\/prophecy-encyclopedia\/is-evolution-true-or-false\/#primaryimage","url":"http:\/\/mtb.online\/wp-content\/uploads\/2019\/10\/Darwin.png","contentUrl":"http:\/\/mtb.online\/wp-content\/uploads\/2019\/10\/Darwin.png"},{"@type":"BreadcrumbList","@id":"https:\/\/mtb.online\/ar\/prophecy-encyclopedia\/is-evolution-true-or-false\/#breadcrumb","itemListElement":[{"@type":"ListItem","position":1,"name":"Home","item":"https:\/\/mtb.online\/en\/"},{"@type":"ListItem","position":2,"name":"Prophecy Encyclopedia","item":"http:\/\/mtb.online\/ar\/prophecy-encyclopedia\/"},{"@type":"ListItem","position":3,"name":"Is evolution true or false?"}]},{"@type":"WebSite","@id":"https:\/\/mtb.online\/en\/#website","url":"https:\/\/mtb.online\/en\/","name":"Kinh Th\u00e1nh \u0110a S\u1ed1","description":"","publisher":{"@id":"https:\/\/mtb.online\/en\/#organization"},"potentialAction":[{"@type":"SearchAction","target":{"@type":"EntryPoint","urlTemplate":"https:\/\/mtb.online\/en\/?s={search_term_string}"},"query-input":{"@type":"PropertyValueSpecification","valueRequired":true,"valueName":"search_term_string"}}],"inLanguage":"vi"},{"@type":"Organization","@id":"https:\/\/mtb.online\/en\/#organization","name":"Kinh Th\u00e1nh \u0110a S\u1ed1","url":"https:\/\/mtb.online\/en\/","logo":{"@type":"ImageObject","inLanguage":"vi","@id":"https:\/\/mtb.online\/en\/#\/schema\/logo\/image\/","url":"http:\/\/hangtotgiare.com\/wp-content\/uploads\/2021\/11\/logo-251x189-large.png","contentUrl":"http:\/\/hangtotgiare.com\/wp-content\/uploads\/2021\/11\/logo-251x189-large.png","width":888,"height":669,"caption":"Majority Text Bible"},"image":{"@id":"https:\/\/mtb.online\/en\/#\/schema\/logo\/image\/"}}]}},"_links":{"self":[{"href":"https:\/\/mtb.online\/vi\/wp-json\/wp\/v2\/pages\/9174","targetHints":{"allow":["GET"]}}],"collection":[{"href":"https:\/\/mtb.online\/vi\/wp-json\/wp\/v2\/pages"}],"about":[{"href":"https:\/\/mtb.online\/vi\/wp-json\/wp\/v2\/types\/page"}],"author":[{"embeddable":true,"href":"https:\/\/mtb.online\/vi\/wp-json\/wp\/v2\/users\/1"}],"replies":[{"embeddable":true,"href":"https:\/\/mtb.online\/vi\/wp-json\/wp\/v2\/comments?post=9174"}],"version-history":[{"count":23,"href":"https:\/\/mtb.online\/vi\/wp-json\/wp\/v2\/pages\/9174\/revisions"}],"predecessor-version":[{"id":28004,"href":"https:\/\/mtb.online\/vi\/wp-json\/wp\/v2\/pages\/9174\/revisions\/28004"}],"up":[{"embeddable":true,"href":"https:\/\/mtb.online\/vi\/wp-json\/wp\/v2\/pages\/3651"}],"wp:attachment":[{"href":"https:\/\/mtb.online\/vi\/wp-json\/wp\/v2\/media?parent=9174"}],"curies":[{"name":"wp","href":"https:\/\/api.w.org\/{rel}","templated":true}]}}