{"id":27036,"date":"2025-08-28T23:10:56","date_gmt":"2025-08-28T16:10:56","guid":{"rendered":"https:\/\/hangtotgiare.com\/?page_id=27036"},"modified":"2025-08-29T14:55:37","modified_gmt":"2025-08-29T07:55:37","slug":"a-sketch-of-the-christian-experience-and-views-of-ellen-g-white","status":"publish","type":"page","link":"https:\/\/mtb.online\/vi\/spirit-of-prophecy\/a-sketch-of-the-christian-experience-and-views-of-ellen-g-white\/","title":{"rendered":"Ph\u00e1c h\u1ecda g\u00f3c nh\u00ecn v\u00e0 tr\u1ea3i nghi\u1ec7m C\u01a1 \u0110\u1ed1c c\u1ee7a Ellen G. White"},"content":{"rendered":"<div class=\"dropdown\">\n<p><button onclick=\"myFunction()\" class=\"dropbtn\"><strong><span style=\"color: #800080;\">Ph\u00e1c h\u1ecda g\u00f3c nh\u00ecn v\u00e0 tr\u1ea3i nghi\u1ec7m C\u01a1 \u0110\u1ed1c c\u1ee7a Ellen G. White<\/span><\/strong><\/button><\/p>\n<div id=\"myDropdown\" class=\"dropdown-content\">\n<table>\n<tbody>\n<tr><strong><\/p>\n<td style=\"width:99%!important;text-align:left\"><a href=\"https:\/\/mtb.online\/vi\/spirit-of-prophecy\/a-sketch-of-the-christian-experience-and-views-of-ellen-g-white\/\">Ph\u00e1c h\u1ecda g\u00f3c nh\u00ecn v\u00e0 tr\u1ea3i nghi\u1ec7m C\u01a1 \u0110\u1ed1c c\u1ee7a Ellen G. White<\/a><\/td>\n<td style=\"width:1%!important\">Trang<\/td>\n<p><\/strong><\/tr>\n<tr><strong><\/p>\n<td style=\"width:99%!important;text-align:left\"><a href=\"https:\/\/mtb.online\/vi\/spirit-of-prophecy\/a-sketch-of-the-christian-experience-and-views-of-ellen-g-white\/preface\/\">L\u1eddi T\u1ef1a<\/a><\/td>\n<td class=\"bookmenu\">2<\/td>\n<p><\/strong><\/tr>\n<tr><strong><\/p>\n<td style=\"width:99%!important;text-align:left\"><a href=\"https:\/\/mtb.online\/vi\/spirit-of-prophecy\/a-sketch-of-the-christian-experience-and-views-of-ellen-g-white\/c1\/\">Experience and Views<\/a><\/td>\n<td class=\"bookmenu\">3<\/td>\n<p><\/strong><\/tr>\n<tr><strong><\/p>\n<td style=\"width:99%!important;text-align:left\"><a href=\"https:\/\/mtb.online\/vi\/spirit-of-prophecy\/a-sketch-of-the-christian-experience-and-views-of-ellen-g-white\/c2\/\">To the Remnant scattered Abroad<\/a><\/td>\n<td class=\"bookmenu\">9<\/td>\n<p><\/strong><\/tr>\n<tr><strong><\/p>\n<td style=\"width:99%!important;text-align:left\"><a href=\"https:\/\/mtb.online\/vi\/spirit-of-prophecy\/a-sketch-of-the-christian-experience-and-views-of-ellen-g-white\/c3\/\">The Sealing<\/a><\/td>\n<td class=\"bookmenu\">19<\/td>\n<p><\/strong><\/tr>\n<tr><strong><\/p>\n<td style=\"width:99%!important;text-align:left\"><a href=\"https:\/\/mtb.online\/vi\/spirit-of-prophecy\/a-sketch-of-the-christian-experience-and-views-of-ellen-g-white\/c4\/\">God\u2019s Love for His People<\/a><\/td>\n<td class=\"bookmenu\">21<\/td>\n<p><\/strong><\/tr>\n<tr><strong><\/p>\n<td style=\"width:99%!important;text-align:left\"><a href=\"https:\/\/mtb.online\/vi\/spirit-of-prophecy\/a-sketch-of-the-christian-experience-and-views-of-ellen-g-white\/c5\/\">Shaking of the powers of Heaven<\/a><\/td>\n<td class=\"bookmenu\">23<\/td>\n<p><\/strong><\/tr>\n<tr><strong><\/p>\n<td style=\"width:99%!important;text-align:left\"><a href=\"https:\/\/mtb.online\/vi\/spirit-of-prophecy\/a-sketch-of-the-christian-experience-and-views-of-ellen-g-white\/c6\/\">The Open and Shut Door<\/a><\/td>\n<td class=\"bookmenu\">24<\/td>\n<p><\/strong><\/tr>\n<tr><strong><\/p>\n<td style=\"width:99%!important;text-align:left\"><a href=\"https:\/\/mtb.online\/vi\/spirit-of-prophecy\/a-sketch-of-the-christian-experience-and-views-of-ellen-g-white\/c7\/\">The Trial of our Faith<\/a><\/td>\n<td class=\"bookmenu\">27<\/td>\n<p><\/strong><\/tr>\n<tr><strong><\/p>\n<td style=\"width:99%!important;text-align:left\"><a href=\"https:\/\/mtb.online\/vi\/spirit-of-prophecy\/a-sketch-of-the-christian-experience-and-views-of-ellen-g-white\/c8\/\">To the \u201cLittle Flock\u201d<\/a><\/td>\n<td class=\"bookmenu\">29<\/td>\n<p><\/strong><\/tr>\n<tr><strong><\/p>\n<td style=\"width:99%!important;text-align:left\"><a href=\"https:\/\/mtb.online\/vi\/spirit-of-prophecy\/a-sketch-of-the-christian-experience-and-views-of-ellen-g-white\/c9\/\">The Last Plagues and the Judgment<\/a><\/td>\n<td class=\"bookmenu\">33<\/td>\n<p><\/strong><\/tr>\n<tr><strong><\/p>\n<td style=\"width:99%!important;text-align:left\"><a href=\"https:\/\/mtb.online\/vi\/spirit-of-prophecy\/a-sketch-of-the-christian-experience-and-views-of-ellen-g-white\/c10\/\">Texts of Scripture Referred to on Page 8<\/a><\/td>\n<td class=\"bookmenu\">35<\/td>\n<p><\/strong><\/tr>\n<tr><strong><\/p>\n<td style=\"width:99%!important;text-align:left\"><a href=\"https:\/\/mtb.online\/vi\/spirit-of-prophecy\/a-sketch-of-the-christian-experience-and-views-of-ellen-g-white\/c11\/\">A View of Events Occurring at the End of the 2300 Days<\/a><\/td>\n<td class=\"bookmenu\">43<\/td>\n<p><\/strong><\/tr>\n<tr><strong><\/p>\n<td style=\"width:99%!important;text-align:left\"><a href=\"https:\/\/mtb.online\/vi\/spirit-of-prophecy\/a-sketch-of-the-christian-experience-and-views-of-ellen-g-white\/c12\/\">Duty in View of the Time of Trouble<\/a><\/td>\n<td class=\"bookmenu\">44<\/td>\n<p><\/strong><\/tr>\n<tr><strong><\/p>\n<td style=\"width:99%!important;text-align:left\"><a href=\"https:\/\/mtb.online\/vi\/spirit-of-prophecy\/a-sketch-of-the-christian-experience-and-views-of-ellen-g-white\/c13\/\">Mysterious Rapping<\/a><\/td>\n<td class=\"bookmenu\">47<\/td>\n<p><\/strong><\/tr>\n<tr><strong><\/p>\n<td style=\"width:99%!important;text-align:left\"><a href=\"https:\/\/mtb.online\/vi\/spirit-of-prophecy\/a-sketch-of-the-christian-experience-and-views-of-ellen-g-white\/c14\/\">Time not Connected with the Message of the Third Angel, Revelation 14:9-12<\/a><\/td>\n<td class=\"bookmenu\">48<\/td>\n<p><\/strong><\/tr>\n<tr><strong><\/p>\n<td style=\"width:99%!important;text-align:left\"><a href=\"https:\/\/mtb.online\/vi\/spirit-of-prophecy\/a-sketch-of-the-christian-experience-and-views-of-ellen-g-white\/c15\/\">The Messengers<\/a><\/td>\n<td class=\"bookmenu\">49<\/td>\n<p><\/strong><\/tr>\n<tr><strong><\/p>\n<td style=\"width:99%!important;text-align:left\"><a href=\"https:\/\/mtb.online\/vi\/spirit-of-prophecy\/a-sketch-of-the-christian-experience-and-views-of-ellen-g-white\/c16\/\">A view given me June 27th<\/a><\/td>\n<td class=\"bookmenu\">52<\/td>\n<p><\/strong><\/tr>\n<tr><strong><\/p>\n<td style=\"width:99%!important;text-align:left\"><a href=\"https:\/\/mtb.online\/vi\/spirit-of-prophecy\/a-sketch-of-the-christian-experience-and-views-of-ellen-g-white\/c17\/\">The Blind leading the Blind<\/a><\/td>\n<td class=\"bookmenu\">55<\/td>\n<p><\/strong><\/tr>\n<tr><strong><\/p>\n<td style=\"width:99%!important;text-align:left\"><a href=\"https:\/\/mtb.online\/vi\/spirit-of-prophecy\/a-sketch-of-the-christian-experience-and-views-of-ellen-g-white\/c18\/\">A view given me September 7th<\/a><\/td>\n<td class=\"bookmenu\">57<\/td>\n<p><\/strong><\/tr>\n<tr><strong><\/p>\n<td style=\"width:99%!important;text-align:left\"><a href=\"https:\/\/mtb.online\/vi\/spirit-of-prophecy\/a-sketch-of-the-christian-experience-and-views-of-ellen-g-white\/c19\/\">The Holiness of God<\/a><\/td>\n<td class=\"bookmenu\">58<\/td>\n<p><\/strong><\/tr>\n<tr><strong><\/p>\n<td style=\"width:99%!important;text-align:left\"><a href=\"https:\/\/mtb.online\/vi\/spirit-of-prophecy\/a-sketch-of-the-christian-experience-and-views-of-ellen-g-white\/c20\/\">Prayer and Faith<\/a><\/td>\n<td class=\"bookmenu\">59<\/td>\n<p><\/strong><\/tr>\n<tr><strong><\/p>\n<td style=\"width:99%!important;text-align:left\"><a href=\"https:\/\/mtb.online\/vi\/spirit-of-prophecy\/a-sketch-of-the-christian-experience-and-views-of-ellen-g-white\/c21\/\">The Gathering Time<\/a><\/td>\n<td class=\"bookmenu\">61<\/td>\n<p><\/strong><\/tr>\n<tr><strong><\/p>\n<td style=\"width:99%!important;text-align:left\"><a href=\"https:\/\/mtb.online\/vi\/spirit-of-prophecy\/a-sketch-of-the-christian-experience-and-views-of-ellen-g-white\/note\/\">Notes of Explanation<\/a><\/td>\n<td class=\"bookmenu\"><\/td>\n<p><\/strong><\/tr>\n<\/tbody>\n<\/table>\n<\/div>\n<\/div>\n<p><img loading=\"lazy\" decoding=\"async\" class=\"alignleft wp-image-27038\" src=\"http:\/\/mtb.online\/wp-content\/uploads\/2025\/08\/A-Sketch-of-the-Christian-Experience-and-Views-of-Ellen-G.-White-205x300.jpg\" alt=\"\" width=\"275\" height=\"403\" srcset=\"https:\/\/mtb.online\/wp-content\/uploads\/2025\/08\/A-Sketch-of-the-Christian-Experience-and-Views-of-Ellen-G.-White-205x300.jpg 205w, https:\/\/mtb.online\/wp-content\/uploads\/2025\/08\/A-Sketch-of-the-Christian-Experience-and-Views-of-Ellen-G.-White-370x543.jpg 370w, https:\/\/mtb.online\/wp-content\/uploads\/2025\/08\/A-Sketch-of-the-Christian-Experience-and-Views-of-Ellen-G.-White.jpg 409w\" sizes=\"auto, (max-width: 275px) 100vw, 275px\" \/>T\u00e1c gi\u1ea3: Ellen Gould White<\/p>\n<p>Description: Published by James White, in 1851, this publication embodies a brief autobiographical sketch and visions given to Ellen White, many of which appeared earlier in various periodicals. This text was later reprinted and included in Early Writings. In 1853, a note of explanation (2 pages) was publ\u00edhed, which is added into this book.<\/p>\n<p>Pages: 64 + 2<\/p>\n<p>Book Code: ExV + ExV53<\/p>\n<p>Year of publication: 1851 + 1853<\/p>\n<div class=\"previous\">\n<a href=\"https:\/\/mtb.online\/vi\/spirit-of-prophecy\/\"><\/p>\n<div class=\"flex\">\n<svg class=\"reader-arrow h-100 ma0 pa0\" width=\"24\" height=\"24\" viewbox=\"0 0 24 24\" version=\"1.1\" xmlns=\"http:\/\/www.w3.org\/2000\/svg\"><path transform=\"rotate(180, 12, 12)\" stroke=\"none\" stroke-width=\"0\" stroke-linecap=\"round\" stroke-linejoin=\"round\" stroke-miterlimit=\"10\" fill=\"#888888\" d=\"M 9.07,17.44 L 14.4,12.1 14.4,12.1 C 14.6,11.91 14.6,11.59 14.4,11.4 L 9.09,6.08 9.09,6.08 C 8.7,5.7 8.7,5.08 9.09,4.69 L 9.09,4.69 9.09,4.69 C 9.47,4.31 10.09,4.31 10.47,4.69 L 16.85,11.07 16.85,11.07 C 17.24,11.46 17.24,12.09 16.85,12.49 L 10.49,18.85 10.49,18.85 C 10.09,19.24 9.46,19.24 9.07,18.85 L 9.07,18.85 9.07,18.85 C 8.68,18.46 8.68,17.83 9.07,17.44 Z M 9.07,17.44\"><\/path><\/svg>\n<\/div>\n<p><\/a>\n<\/div>\n<div class=\"next\">\n<a href=\"https:\/\/mtb.online\/vi\/spirit-of-prophecy\/a-sketch-of-the-christian-experience-and-views-of-ellen-g-white\/preface\/\"><\/p>\n<div class=\"flex\">\n<svg class=\"reader-arrow\" width=\"24\" height=\"24\" viewbox=\"0 0 24 24\" version=\"1.1\" xmlns=\"http:\/\/www.w3.org\/2000\/svg\"><path transform=\"rotate(0, 12, 12)\" stroke=\"none\" stroke-width=\"0\" stroke-linecap=\"round\" stroke-linejoin=\"round\" stroke-miterlimit=\"10\" fill=\"#888888\" d=\"M 9.07,17.44 L 14.4,12.1 14.4,12.1 C 14.6,11.91 14.6,11.59 14.4,11.4 L 9.09,6.08 9.09,6.08 C 8.7,5.7 8.7,5.08 9.09,4.69 L 9.09,4.69 9.09,4.69 C 9.47,4.31 10.09,4.31 10.47,4.69 L 16.85,11.07 16.85,11.07 C 17.24,11.46 17.24,12.09 16.85,12.49 L 10.49,18.85 10.49,18.85 C 10.09,19.24 9.46,19.24 9.07,18.85 L 9.07,18.85 9.07,18.85 C 8.68,18.46 8.68,17.83 9.07,17.44 Z M 9.07,17.44\"><\/path><\/svg>\n<\/div>\n<p><\/a>\n<\/div>","protected":false},"excerpt":{"rendered":"<p>A Sketch of the Christian Experience and Views of Ellen G. White A Sketch of the Christian Experience and Views of Ellen G. White Page Preface 2 Experience and Views 3 To the Remnant scattered Abroad 9 The Sealing 19 God\u2019s Love for His People 21 Shaking of the powers of Heaven 23 The Open&#8230;<\/p>","protected":false},"author":1,"featured_media":0,"parent":3858,"menu_order":0,"comment_status":"closed","ping_status":"closed","template":"templates\/full-width.php","meta":{"_monsterinsights_skip_tracking":false,"_monsterinsights_sitenote_active":false,"_monsterinsights_sitenote_note":"","_monsterinsights_sitenote_category":0,"cybocfi_hide_featured_image":"","footnotes":""},"class_list":["post-27036","page","type-page","status-publish","hentry"],"yoast_head":"<!-- This site is optimized with the Yoast SEO plugin v27.2 - https:\/\/yoast.com\/product\/yoast-seo-wordpress\/ -->\n<title>A Sketch of the Christian Experience and Views of Ellen G. White - Majority Text Bible<\/title>\n<meta name=\"robots\" content=\"index, follow, max-snippet:-1, max-image-preview:large, max-video-preview:-1\" \/>\n<link rel=\"canonical\" href=\"https:\/\/mtb.online\/vi\/spirit-of-prophecy\/a-sketch-of-the-christian-experience-and-views-of-ellen-g-white\/\" \/>\n<meta property=\"og:locale\" content=\"vi_VN\" \/>\n<meta property=\"og:type\" content=\"article\" \/>\n<meta property=\"og:title\" content=\"A Sketch of the Christian Experience and Views of Ellen G. White - Majority Text Bible\" \/>\n<meta property=\"og:description\" content=\"A Sketch of the Christian Experience and Views of Ellen G. White A Sketch of the Christian Experience and Views of Ellen G. White Page Preface 2 Experience and Views 3 To the Remnant scattered Abroad 9 The Sealing 19 God\u2019s Love for His People 21 Shaking of the powers of Heaven 23 The Open...\" \/>\n<meta property=\"og:url\" content=\"https:\/\/mtb.online\/vi\/spirit-of-prophecy\/a-sketch-of-the-christian-experience-and-views-of-ellen-g-white\/\" \/>\n<meta property=\"og:site_name\" content=\"Majority Text Bible\" \/>\n<meta property=\"article:modified_time\" content=\"2025-08-29T07:55:37+00:00\" \/>\n<meta property=\"og:image\" content=\"http:\/\/mtb.online\/wp-content\/uploads\/2025\/08\/A-Sketch-of-the-Christian-Experience-and-Views-of-Ellen-G.-White-205x300.jpg\" \/>\n<meta name=\"twitter:card\" content=\"summary_large_image\" \/>\n<meta name=\"twitter:label1\" content=\"\u01af\u1edbc t\u00ednh th\u1eddi gian \u0111\u1ecdc\" \/>\n\t<meta name=\"twitter:data1\" content=\"2 ph\u00fat\" \/>\n<script type=\"application\/ld+json\" class=\"yoast-schema-graph\">{\"@context\":\"https:\/\/schema.org\",\"@graph\":[{\"@type\":\"WebPage\",\"@id\":\"https:\/\/mtb.online\/ja\/spirit-of-prophecy\/a-sketch-of-the-christian-experience-and-views-of-ellen-g-white\/\",\"url\":\"https:\/\/mtb.online\/ja\/spirit-of-prophecy\/a-sketch-of-the-christian-experience-and-views-of-ellen-g-white\/\",\"name\":\"A Sketch of the Christian Experience and Views of Ellen G. White - Majority Text Bible\",\"isPartOf\":{\"@id\":\"https:\/\/mtb.online\/vi\/#website\"},\"primaryImageOfPage\":{\"@id\":\"https:\/\/mtb.online\/ja\/spirit-of-prophecy\/a-sketch-of-the-christian-experience-and-views-of-ellen-g-white\/#primaryimage\"},\"image\":{\"@id\":\"https:\/\/mtb.online\/ja\/spirit-of-prophecy\/a-sketch-of-the-christian-experience-and-views-of-ellen-g-white\/#primaryimage\"},\"thumbnailUrl\":\"http:\/\/mtb.online\/wp-content\/uploads\/2025\/08\/A-Sketch-of-the-Christian-Experience-and-Views-of-Ellen-G.-White-205x300.jpg\",\"datePublished\":\"2025-08-28T16:10:56+00:00\",\"dateModified\":\"2025-08-29T07:55:37+00:00\",\"breadcrumb\":{\"@id\":\"https:\/\/mtb.online\/ja\/spirit-of-prophecy\/a-sketch-of-the-christian-experience-and-views-of-ellen-g-white\/#breadcrumb\"},\"inLanguage\":\"vi\",\"potentialAction\":[{\"@type\":\"ReadAction\",\"target\":[\"https:\/\/mtb.online\/ja\/spirit-of-prophecy\/a-sketch-of-the-christian-experience-and-views-of-ellen-g-white\/\"]}]},{\"@type\":\"ImageObject\",\"inLanguage\":\"vi\",\"@id\":\"https:\/\/mtb.online\/ja\/spirit-of-prophecy\/a-sketch-of-the-christian-experience-and-views-of-ellen-g-white\/#primaryimage\",\"url\":\"http:\/\/mtb.online\/wp-content\/uploads\/2025\/08\/A-Sketch-of-the-Christian-Experience-and-Views-of-Ellen-G.-White-205x300.jpg\",\"contentUrl\":\"http:\/\/mtb.online\/wp-content\/uploads\/2025\/08\/A-Sketch-of-the-Christian-Experience-and-Views-of-Ellen-G.-White-205x300.jpg\"},{\"@type\":\"BreadcrumbList\",\"@id\":\"https:\/\/mtb.online\/ja\/spirit-of-prophecy\/a-sketch-of-the-christian-experience-and-views-of-ellen-g-white\/#breadcrumb\",\"itemListElement\":[{\"@type\":\"ListItem\",\"position\":1,\"name\":\"Home\",\"item\":\"https:\/\/mtb.online\/vi\/\"},{\"@type\":\"ListItem\",\"position\":2,\"name\":\"Spirit of Prophecy\",\"item\":\"https:\/\/mtb.online\/en\/spirit-of-prophecy\/\"},{\"@type\":\"ListItem\",\"position\":3,\"name\":\"A Sketch of the Christian Experience and Views of Ellen G. White\"}]},{\"@type\":\"WebSite\",\"@id\":\"https:\/\/mtb.online\/vi\/#website\",\"url\":\"https:\/\/mtb.online\/vi\/\",\"name\":\"Majority Text Bible\",\"description\":\"\",\"publisher\":{\"@id\":\"https:\/\/mtb.online\/vi\/#organization\"},\"potentialAction\":[{\"@type\":\"SearchAction\",\"target\":{\"@type\":\"EntryPoint\",\"urlTemplate\":\"https:\/\/mtb.online\/vi\/?s={search_term_string}\"},\"query-input\":{\"@type\":\"PropertyValueSpecification\",\"valueRequired\":true,\"valueName\":\"search_term_string\"}}],\"inLanguage\":\"vi\"},{\"@type\":\"Organization\",\"@id\":\"https:\/\/mtb.online\/vi\/#organization\",\"name\":\"Majority Text Bible\",\"url\":\"https:\/\/mtb.online\/vi\/\",\"logo\":{\"@type\":\"ImageObject\",\"inLanguage\":\"vi\",\"@id\":\"https:\/\/mtb.online\/vi\/#\/schema\/logo\/image\/\",\"url\":\"http:\/\/hangtotgiare.com\/wp-content\/uploads\/2021\/11\/logo-251x189-large.png\",\"contentUrl\":\"http:\/\/hangtotgiare.com\/wp-content\/uploads\/2021\/11\/logo-251x189-large.png\",\"width\":888,\"height\":669,\"caption\":\"Majority Text Bible\"},\"image\":{\"@id\":\"https:\/\/mtb.online\/vi\/#\/schema\/logo\/image\/\"}}]}<\/script>\n<!-- \/ Yoast SEO plugin. -->","yoast_head_json":{"title":"A Sketch of the Christian Experience and Views of Ellen G. White - Majority Text Bible","robots":{"index":"index","follow":"follow","max-snippet":"max-snippet:-1","max-image-preview":"max-image-preview:large","max-video-preview":"max-video-preview:-1"},"canonical":"https:\/\/mtb.online\/vi\/spirit-of-prophecy\/a-sketch-of-the-christian-experience-and-views-of-ellen-g-white\/","og_locale":"vi_VN","og_type":"article","og_title":"A Sketch of the Christian Experience and Views of Ellen G. White - Majority Text Bible","og_description":"A Sketch of the Christian Experience and Views of Ellen G. White A Sketch of the Christian Experience and Views of Ellen G. White Page Preface 2 Experience and Views 3 To the Remnant scattered Abroad 9 The Sealing 19 God\u2019s Love for His People 21 Shaking of the powers of Heaven 23 The Open...","og_url":"https:\/\/mtb.online\/vi\/spirit-of-prophecy\/a-sketch-of-the-christian-experience-and-views-of-ellen-g-white\/","og_site_name":"Majority Text Bible","article_modified_time":"2025-08-29T07:55:37+00:00","og_image":[{"url":"http:\/\/mtb.online\/wp-content\/uploads\/2025\/08\/A-Sketch-of-the-Christian-Experience-and-Views-of-Ellen-G.-White-205x300.jpg","type":"","width":"","height":""}],"twitter_card":"summary_large_image","twitter_misc":{"\u01af\u1edbc t\u00ednh th\u1eddi gian \u0111\u1ecdc":"2 ph\u00fat"},"schema":{"@context":"https:\/\/schema.org","@graph":[{"@type":"WebPage","@id":"https:\/\/mtb.online\/ja\/spirit-of-prophecy\/a-sketch-of-the-christian-experience-and-views-of-ellen-g-white\/","url":"https:\/\/mtb.online\/ja\/spirit-of-prophecy\/a-sketch-of-the-christian-experience-and-views-of-ellen-g-white\/","name":"A Sketch of the Christian Experience and Views of Ellen G. White - Majority Text Bible","isPartOf":{"@id":"https:\/\/mtb.online\/vi\/#website"},"primaryImageOfPage":{"@id":"https:\/\/mtb.online\/ja\/spirit-of-prophecy\/a-sketch-of-the-christian-experience-and-views-of-ellen-g-white\/#primaryimage"},"image":{"@id":"https:\/\/mtb.online\/ja\/spirit-of-prophecy\/a-sketch-of-the-christian-experience-and-views-of-ellen-g-white\/#primaryimage"},"thumbnailUrl":"http:\/\/mtb.online\/wp-content\/uploads\/2025\/08\/A-Sketch-of-the-Christian-Experience-and-Views-of-Ellen-G.-White-205x300.jpg","datePublished":"2025-08-28T16:10:56+00:00","dateModified":"2025-08-29T07:55:37+00:00","breadcrumb":{"@id":"https:\/\/mtb.online\/ja\/spirit-of-prophecy\/a-sketch-of-the-christian-experience-and-views-of-ellen-g-white\/#breadcrumb"},"inLanguage":"vi","potentialAction":[{"@type":"ReadAction","target":["https:\/\/mtb.online\/ja\/spirit-of-prophecy\/a-sketch-of-the-christian-experience-and-views-of-ellen-g-white\/"]}]},{"@type":"ImageObject","inLanguage":"vi","@id":"https:\/\/mtb.online\/ja\/spirit-of-prophecy\/a-sketch-of-the-christian-experience-and-views-of-ellen-g-white\/#primaryimage","url":"http:\/\/mtb.online\/wp-content\/uploads\/2025\/08\/A-Sketch-of-the-Christian-Experience-and-Views-of-Ellen-G.-White-205x300.jpg","contentUrl":"http:\/\/mtb.online\/wp-content\/uploads\/2025\/08\/A-Sketch-of-the-Christian-Experience-and-Views-of-Ellen-G.-White-205x300.jpg"},{"@type":"BreadcrumbList","@id":"https:\/\/mtb.online\/ja\/spirit-of-prophecy\/a-sketch-of-the-christian-experience-and-views-of-ellen-g-white\/#breadcrumb","itemListElement":[{"@type":"ListItem","position":1,"name":"Home","item":"https:\/\/mtb.online\/vi\/"},{"@type":"ListItem","position":2,"name":"Spirit of Prophecy","item":"https:\/\/mtb.online\/en\/spirit-of-prophecy\/"},{"@type":"ListItem","position":3,"name":"A Sketch of the Christian Experience and Views of Ellen G. White"}]},{"@type":"WebSite","@id":"https:\/\/mtb.online\/vi\/#website","url":"https:\/\/mtb.online\/vi\/","name":"Kinh Th\u00e1nh \u0110a S\u1ed1","description":"","publisher":{"@id":"https:\/\/mtb.online\/vi\/#organization"},"potentialAction":[{"@type":"SearchAction","target":{"@type":"EntryPoint","urlTemplate":"https:\/\/mtb.online\/vi\/?s={search_term_string}"},"query-input":{"@type":"PropertyValueSpecification","valueRequired":true,"valueName":"search_term_string"}}],"inLanguage":"vi"},{"@type":"Organization","@id":"https:\/\/mtb.online\/vi\/#organization","name":"Kinh Th\u00e1nh \u0110a S\u1ed1","url":"https:\/\/mtb.online\/vi\/","logo":{"@type":"ImageObject","inLanguage":"vi","@id":"https:\/\/mtb.online\/vi\/#\/schema\/logo\/image\/","url":"http:\/\/hangtotgiare.com\/wp-content\/uploads\/2021\/11\/logo-251x189-large.png","contentUrl":"http:\/\/hangtotgiare.com\/wp-content\/uploads\/2021\/11\/logo-251x189-large.png","width":888,"height":669,"caption":"Majority Text Bible"},"image":{"@id":"https:\/\/mtb.online\/vi\/#\/schema\/logo\/image\/"}}]}},"_links":{"self":[{"href":"https:\/\/mtb.online\/vi\/wp-json\/wp\/v2\/pages\/27036","targetHints":{"allow":["GET"]}}],"collection":[{"href":"https:\/\/mtb.online\/vi\/wp-json\/wp\/v2\/pages"}],"about":[{"href":"https:\/\/mtb.online\/vi\/wp-json\/wp\/v2\/types\/page"}],"author":[{"embeddable":true,"href":"https:\/\/mtb.online\/vi\/wp-json\/wp\/v2\/users\/1"}],"replies":[{"embeddable":true,"href":"https:\/\/mtb.online\/vi\/wp-json\/wp\/v2\/comments?post=27036"}],"version-history":[{"count":6,"href":"https:\/\/mtb.online\/vi\/wp-json\/wp\/v2\/pages\/27036\/revisions"}],"predecessor-version":[{"id":27113,"href":"https:\/\/mtb.online\/vi\/wp-json\/wp\/v2\/pages\/27036\/revisions\/27113"}],"up":[{"embeddable":true,"href":"https:\/\/mtb.online\/vi\/wp-json\/wp\/v2\/pages\/3858"}],"wp:attachment":[{"href":"https:\/\/mtb.online\/vi\/wp-json\/wp\/v2\/media?parent=27036"}],"curies":[{"name":"wp","href":"https:\/\/api.w.org\/{rel}","templated":true}]}}