{"id":13980,"date":"2023-04-06T14:25:25","date_gmt":"2023-04-06T07:25:25","guid":{"rendered":"https:\/\/hangtotgiare.com\/?page_id=13980"},"modified":"2023-04-06T14:25:51","modified_gmt":"2023-04-06T07:25:51","slug":"ot34","status":"publish","type":"page","link":"https:\/\/mtb.online\/ar\/bible\/ot34\/","title":{"rendered":"Nahum"},"content":{"rendered":"<div class=\"dropdown\">\n<p><button onclick=\"myFunction()\" class=\"dropbtn\"><strong><span style=\"color: #0000ff;\">[34] Nahum<\/span><\/strong><\/button><\/p>\n<div id=\"myDropdown\" class=\"dropdown-content\">\n<table>\n<tbody>\n<tr>\n<th><strong>STT<\/strong><\/th>\n<th style=\"color: #0000ff;\"><strong>C\u1ef1u \u01af\u1edbc<\/strong><\/th>\n<th style=\"color: #ff0000;\"><strong>T\u00e2n \u01af\u1edbc<\/strong><\/th>\n<\/tr>\n<tr>\n<td>01<\/td>\n<td><a style=\"color: #0000ff;\" href=\"https:\/\/mtb.online\/vn\/kinh-thanh\/ot1\/\">Kh\u1edfi Nguy\u00ean<\/a><\/td>\n<td><a style=\"color: #ff0000;\" href=\"https:\/\/mtb.online\/vn\/kinh-thanh\/nt1\/\">Ma-thi-\u01a1<\/a><\/td>\n<\/tr>\n<tr>\n<td>02<\/td>\n<td><a style=\"color: #0000ff;\" href=\"https:\/\/mtb.online\/vn\/kinh-thanh\/ot2\/\">Xu\u1ea5t H\u00e0nh<\/a><\/td>\n<td><a style=\"color: #ff0000;\" href=\"https:\/\/mtb.online\/vn\/kinh-thanh\/nt2\/\">M\u00e1c<\/a><\/td>\n<\/tr>\n<tr>\n<td>03<\/td>\n<td><a style=\"color: #0000ff;\" href=\"https:\/\/mtb.online\/vn\/kinh-thanh\/ot3\/\">L\u00ea-vi<\/a><\/td>\n<td><a style=\"color: #ff0000;\" href=\"https:\/\/mtb.online\/vn\/kinh-thanh\/nt3\/\">Lu-ca<\/a><\/td>\n<\/tr>\n<tr>\n<td>04<\/td>\n<td><a style=\"color: #0000ff;\" href=\"https:\/\/mtb.online\/vn\/kinh-thanh\/ot4\/\">D\u00e2n S\u1ed1<\/a><\/td>\n<td><a style=\"color: #ff0000;\" href=\"https:\/\/mtb.online\/vn\/kinh-thanh\/nt4\/\">Gi\u0103ng<\/a><\/td>\n<\/tr>\n<tr>\n<td>05<\/td>\n<td><a style=\"color: #0000ff;\" href=\"https:\/\/mtb.online\/vn\/kinh-thanh\/ot5\/\">Nh\u1ecb Lu\u1eadt<\/a><\/td>\n<td><a style=\"color: #ff0000;\" href=\"https:\/\/mtb.online\/vn\/kinh-thanh\/nt5\/\">C\u00f4ng V\u1ee5<\/a><\/td>\n<\/tr>\n<tr>\n<td>06<\/td>\n<td><a style=\"color: #0000ff;\" href=\"https:\/\/mtb.online\/vn\/kinh-thanh\/ot6\/\">Gi\u00f4-su\u00ea<\/a><\/td>\n<td><a style=\"color: #ff0000;\" href=\"https:\/\/mtb.online\/vn\/kinh-thanh\/nt6\/\">R\u00f4-ma<\/a><\/td>\n<\/tr>\n<tr>\n<td>07<\/td>\n<td><a style=\"color: #0000ff;\" href=\"https:\/\/mtb.online\/vn\/kinh-thanh\/ot7\/\">Th\u1ea9m Ph\u00e1n<\/a><\/td>\n<td><a style=\"color: #ff0000;\" href=\"https:\/\/mtb.online\/vn\/kinh-thanh\/nt7\/\">I C\u00f4-rinh-t\u00f4<\/a><\/td>\n<\/tr>\n<tr>\n<td>08<\/td>\n<td><a style=\"color: #0000ff;\" href=\"https:\/\/mtb.online\/vn\/kinh-thanh\/ot8\/\">Ru-t\u01a1<\/a><\/td>\n<td><a style=\"color: #ff0000;\" href=\"https:\/\/mtb.online\/vn\/kinh-thanh\/nt8\/\">II C\u00f4-rinh-t\u00f4<\/a><\/td>\n<\/tr>\n<tr>\n<td>09<\/td>\n<td><a style=\"color: #0000ff;\" href=\"https:\/\/mtb.online\/vn\/kinh-thanh\/ot9\/\">I Sa-mu-\u00ean<\/a><\/td>\n<td><a style=\"color: #ff0000;\" href=\"https:\/\/mtb.online\/vn\/kinh-thanh\/nt9\/\">Ga-la-ti<\/a><\/td>\n<\/tr>\n<tr>\n<td>10<\/td>\n<td><a style=\"color: #0000ff;\" href=\"https:\/\/mtb.online\/vn\/kinh-thanh\/ot10\/\">II Sa-mu-\u00ean<\/a><\/td>\n<td><a style=\"color: #ff0000;\" href=\"https:\/\/mtb.online\/vn\/kinh-thanh\/nt10\/\">\u00ca-ph\u00ea-s\u00f4<\/a><\/td>\n<\/tr>\n<tr>\n<td>11<\/td>\n<td><a style=\"color: #0000ff;\" href=\"https:\/\/mtb.online\/vn\/kinh-thanh\/ot11\/\">I C\u00e1c Vua<\/a><\/td>\n<td><a style=\"color: #ff0000;\" href=\"https:\/\/mtb.online\/vn\/kinh-thanh\/nt11\/\">Phi-l\u00edp<\/a><\/td>\n<\/tr>\n<tr>\n<td>12<\/td>\n<td><a style=\"color: #0000ff;\" href=\"https:\/\/mtb.online\/vn\/kinh-thanh\/ot12\/\">II C\u00e1c Vua<\/a><\/td>\n<td><a style=\"color: #ff0000;\" href=\"https:\/\/mtb.online\/vn\/kinh-thanh\/nt12\/\">C\u00f4-l\u00f4-se<\/a><\/td>\n<\/tr>\n<tr>\n<td>13<\/td>\n<td><a style=\"color: #0000ff;\" href=\"https:\/\/mtb.online\/vn\/kinh-thanh\/ot13\/\">I S\u1eed K\u00fd<\/a><\/td>\n<td><a style=\"color: #ff0000;\" href=\"https:\/\/mtb.online\/vn\/kinh-thanh\/nt13\/\">I T\u00ea-sa-l\u00f4-ni-ca<\/a><\/td>\n<\/tr>\n<tr>\n<td>14<\/td>\n<td><a style=\"color: #0000ff;\" href=\"https:\/\/mtb.online\/vn\/kinh-thanh\/ot14\/\">II S\u1eed K\u00fd<\/a><\/td>\n<td><a style=\"color: #ff0000;\" href=\"https:\/\/mtb.online\/vn\/kinh-thanh\/nt14\/\">II T\u00ea-sa-l\u00f4-ni-ca<\/a><\/td>\n<\/tr>\n<tr>\n<td>15<\/td>\n<td><a style=\"color: #0000ff;\" href=\"https:\/\/mtb.online\/vn\/kinh-thanh\/ot15\/\">\u00ca-x\u01a1-ra<\/a><\/td>\n<td><a style=\"color: #ff0000;\" href=\"https:\/\/mtb.online\/vn\/kinh-thanh\/nt15\/\">I Ti-m\u00f4-th\u00ea<\/a><\/td>\n<\/tr>\n<tr>\n<td>16<\/td>\n<td><a style=\"color: #0000ff;\" href=\"https:\/\/mtb.online\/vn\/kinh-thanh\/ot16\/\">N\u00ea-h\u00ea-mi<\/a><\/td>\n<td><a style=\"color: #ff0000;\" href=\"https:\/\/mtb.online\/vn\/kinh-thanh\/nt16\/\">II Ti-m\u00f4-th\u00ea<\/a><\/td>\n<\/tr>\n<tr>\n<td>17<\/td>\n<td><a style=\"color: #0000ff;\" href=\"https:\/\/mtb.online\/vn\/kinh-thanh\/ot17\/\">\u00ca-x\u01a1-t\u00ea<\/a><\/td>\n<td><a style=\"color: #ff0000;\" href=\"https:\/\/mtb.online\/vn\/kinh-thanh\/nt17\/\">T\u00edt<\/a><\/td>\n<\/tr>\n<tr>\n<td>18<\/td>\n<td><a style=\"color: #0000ff;\" href=\"https:\/\/mtb.online\/vn\/kinh-thanh\/ot18\/\">Gi\u00f3p<\/a><\/td>\n<td><a style=\"color: #ff0000;\" href=\"https:\/\/mtb.online\/vn\/kinh-thanh\/nt18\/\">Phi-l\u00ea-m\u00f4n<\/a><\/td>\n<\/tr>\n<tr>\n<td>19<\/td>\n<td><a style=\"color: #0000ff;\" href=\"https:\/\/mtb.online\/vn\/kinh-thanh\/ot19\/\">Thi Ca<\/a><\/td>\n<td><a style=\"color: #ff0000;\" href=\"https:\/\/mtb.online\/vn\/kinh-thanh\/nt19\/\">H\u00ea-b\u01a1-r\u01a1<\/a><\/td>\n<\/tr>\n<tr>\n<td>20<\/td>\n<td><a style=\"color: #0000ff;\" href=\"https:\/\/mtb.online\/vn\/kinh-thanh\/ot20\/\">Ch\u00e2m Ng\u00f4n<\/a><\/td>\n<td><a style=\"color: #ff0000;\" href=\"https:\/\/mtb.online\/vn\/kinh-thanh\/nt20\/\">Gia-c\u01a1<\/a><\/td>\n<\/tr>\n<tr>\n<td>21<\/td>\n<td><a style=\"color: #0000ff;\" href=\"https:\/\/mtb.online\/vn\/kinh-thanh\/ot21\/\">Truy\u1ec1n \u0110\u1ea1o<\/a><\/td>\n<td><a style=\"color: #ff0000;\" href=\"https:\/\/mtb.online\/vn\/kinh-thanh\/nt21\/\">I Phi-e-r\u01a1<\/a><\/td>\n<\/tr>\n<tr>\n<td>22<\/td>\n<td><a style=\"color: #0000ff;\" href=\"https:\/\/mtb.online\/vn\/kinh-thanh\/ot22\/\">Nh\u00e3 Ca<\/a><\/td>\n<td><a style=\"color: #ff0000;\" href=\"https:\/\/mtb.online\/vn\/kinh-thanh\/nt22\/\">II Phi-e-r\u01a1<\/a><\/td>\n<\/tr>\n<tr>\n<td>23<\/td>\n<td><a style=\"color: #0000ff;\" href=\"https:\/\/mtb.online\/vn\/kinh-thanh\/ot23\/\">\u00ca-sai<\/a><\/td>\n<td><a style=\"color: #ff0000;\" href=\"https:\/\/mtb.online\/vn\/kinh-thanh\/nt23\/\">I Gi\u0103ng<\/a><\/td>\n<\/tr>\n<tr>\n<td>24<\/td>\n<td><a style=\"color: #0000ff;\" href=\"https:\/\/mtb.online\/vn\/kinh-thanh\/ot24\/\">Gi\u00ea-r\u00ea-mi<\/a><\/td>\n<td><a style=\"color: #ff0000;\" href=\"https:\/\/mtb.online\/vn\/kinh-thanh\/nt24\/\">II Gi\u0103ng<\/a><\/td>\n<\/tr>\n<tr>\n<td>25<\/td>\n<td><a style=\"color: #0000ff;\" href=\"https:\/\/mtb.online\/vn\/kinh-thanh\/ot25\/\">Ca Th\u01b0\u01a1ng<\/a><\/td>\n<td><a style=\"color: #ff0000;\" href=\"https:\/\/mtb.online\/vn\/kinh-thanh\/nt25\/\">III Gi\u0103ng<\/a><\/td>\n<\/tr>\n<tr>\n<td>26<\/td>\n<td><a style=\"color: #0000ff;\" href=\"https:\/\/mtb.online\/vn\/kinh-thanh\/ot26\/\">\u00ca-x\u00ea-chi-\u00ean<\/a><\/td>\n<td><a style=\"color: #ff0000;\" href=\"https:\/\/mtb.online\/vn\/kinh-thanh\/nt26\/\">Giu-\u0111e<\/a><\/td>\n<\/tr>\n<tr>\n<td>27<\/td>\n<td><a style=\"color: #0000ff;\" href=\"https:\/\/mtb.online\/vn\/kinh-thanh\/ot27\/\">\u0110a-ni-\u00ean<\/a><\/td>\n<td><a style=\"color: #ff0000;\" href=\"https:\/\/mtb.online\/vn\/kinh-thanh\/nt27\/\">M\u1eb7c Kh\u1ea3i<\/a><\/td>\n<\/tr>\n<tr>\n<td>28<\/td>\n<td><a style=\"color: #0000ff;\" href=\"https:\/\/mtb.online\/vn\/kinh-thanh\/ot28\/\">\u00d4-s\u00ea<\/a><\/td>\n<td><\/td>\n<\/tr>\n<tr>\n<td>29<\/td>\n<td><a style=\"color: #0000ff;\" href=\"https:\/\/mtb.online\/vn\/kinh-thanh\/ot29\/\">Gi\u00f4-\u00ean<\/a><\/td>\n<td><\/td>\n<\/tr>\n<tr>\n<td>30<\/td>\n<td><a style=\"color: #0000ff;\" href=\"https:\/\/mtb.online\/vn\/kinh-thanh\/ot30\/\">A-m\u1ed1t<\/a><\/td>\n<td><\/td>\n<\/tr>\n<tr>\n<td>31<\/td>\n<td><a style=\"color: #0000ff;\" href=\"https:\/\/mtb.online\/vn\/kinh-thanh\/ot31\/\">\u00c1p-\u0111ia<\/a><\/td>\n<td><\/td>\n<\/tr>\n<tr>\n<td>32<\/td>\n<td><a style=\"color: #0000ff;\" href=\"https:\/\/mtb.online\/vn\/kinh-thanh\/ot32\/\">Gi\u00f4-na<\/a><\/td>\n<td><\/td>\n<\/tr>\n<tr>\n<td>33<\/td>\n<td><a style=\"color: #0000ff;\" href=\"https:\/\/mtb.online\/vn\/kinh-thanh\/ot33\/\">Mi-ch\u00ea<\/a><\/td>\n<td><\/td>\n<\/tr>\n<tr>\n<td>34<\/td>\n<td><a style=\"color: #0000ff;\" href=\"https:\/\/mtb.online\/vn\/kinh-thanh\/ot34\/\">Na-hum<\/a><\/td>\n<td><\/td>\n<\/tr>\n<tr>\n<td>35<\/td>\n<td><a style=\"color: #0000ff;\" href=\"https:\/\/mtb.online\/vn\/kinh-thanh\/ot35\/\">Ha-ba-c\u00fac<\/a><\/td>\n<td><\/td>\n<\/tr>\n<tr>\n<td>36<\/td>\n<td><a style=\"color: #0000ff;\" href=\"https:\/\/mtb.online\/vn\/kinh-thanh\/ot36\/\">S\u00f4-ph\u00f4-ni<\/a><\/td>\n<td><\/td>\n<\/tr>\n<tr>\n<td>37<\/td>\n<td><a style=\"color: #0000ff;\" href=\"https:\/\/mtb.online\/vn\/kinh-thanh\/ot37\/\">A-gh\u00ea<\/a><\/td>\n<td><\/td>\n<\/tr>\n<tr>\n<td>38<\/td>\n<td><a style=\"color: #0000ff;\" href=\"https:\/\/mtb.online\/vn\/kinh-thanh\/ot38\/\">Xa-cha-ri<\/a><\/td>\n<td><\/td>\n<\/tr>\n<tr>\n<td>39<\/td>\n<td><a style=\"color: #0000ff;\" href=\"https:\/\/mtb.online\/vn\/kinh-thanh\/ot39\/\">Ma-la-chi<\/a><\/td>\n<td><\/td>\n<\/tr>\n<\/tbody>\n<\/table>\n<\/div>\n<\/div>\n<h2 style=\"text-align: center; margin: 0;\">The 34th book of<br \/>\n<span style=\"color: #0000ff;\">THE OLD TESTAMENT<br \/>\n<\/span>*******<\/h2>\n<h1 style=\"text-align: center; margin: 0;\"><span style=\"color: #0000ff;\"><b>NAHUM<\/b><\/span><\/h1>\n<h2 style=\"text-align: center; margin: 10px;\">Chapter<\/h2>\n<table style=\"width: 100%;\">\n<tbody>\n<tr>\n<td style=\"width: 20%; height: 0px;\">\n<p style=\"text-align: center;\"><a href=\"https:\/\/mtb.online\/bible\/ot34\/c1\/\">1<\/a><\/p>\n<\/td>\n<td style=\"width: 20%;\">\n<p style=\"text-align: center;\"><a href=\"https:\/\/mtb.online\/bible\/ot34\/c2\/\">2<\/a><\/p>\n<\/td>\n<td style=\"width: 20%;\">\n<p style=\"text-align: center;\"><a href=\"https:\/\/mtb.online\/bible\/ot34\/c3\/\">3<\/a><\/p>\n<\/td>\n<td style=\"width: 20%;\">\n<p style=\"text-align: center;\">\n<\/td>\n<td style=\"width: 20%;\">\n<p style=\"text-align: center;\">\n<\/td>\n<\/tr>\n<\/tbody>\n<\/table>\n<div class=\"previous\">\n<a href=\"https:\/\/mtb.online\/bible\/ot33\/c7\/\"><\/p>\n<div class=\"flex\">\n<svg class=\"reader-arrow h-100 ma0 pa0\" width=\"24\" height=\"24\" viewBox=\"0 0 24 24\" version=\"1.1\" xmlns=\"http:\/\/www.w3.org\/2000\/svg\"><path transform=\"rotate(180, 12, 12)\" stroke=\"none\" stroke-width=\"0\" stroke-linecap=\"round\" stroke-linejoin=\"round\" stroke-miterlimit=\"10\" fill=\"#888888\" d=\"M 9.07,17.44 L 14.4,12.1 14.4,12.1 C 14.6,11.91 14.6,11.59 14.4,11.4 L 9.09,6.08 9.09,6.08 C 8.7,5.7 8.7,5.08 9.09,4.69 L 9.09,4.69 9.09,4.69 C 9.47,4.31 10.09,4.31 10.47,4.69 L 16.85,11.07 16.85,11.07 C 17.24,11.46 17.24,12.09 16.85,12.49 L 10.49,18.85 10.49,18.85 C 10.09,19.24 9.46,19.24 9.07,18.85 L 9.07,18.85 9.07,18.85 C 8.68,18.46 8.68,17.83 9.07,17.44 Z M 9.07,17.44\"><\/path><\/svg>\n<\/div>\n<p><\/a>\n<\/div>\n<div class=\"next\">\n<a href=\"https:\/\/mtb.online\/bible\/ot34\/c1\/\"><\/p>\n<div class=\"flex\">\n<svg class=\"reader-arrow\" width=\"24\" height=\"24\" viewBox=\"0 0 24 24\" version=\"1.1\" xmlns=\"http:\/\/www.w3.org\/2000\/svg\"><path transform=\"rotate(0, 12, 12)\" stroke=\"none\" stroke-width=\"0\" stroke-linecap=\"round\" stroke-linejoin=\"round\" stroke-miterlimit=\"10\" fill=\"#888888\" d=\"M 9.07,17.44 L 14.4,12.1 14.4,12.1 C 14.6,11.91 14.6,11.59 14.4,11.4 L 9.09,6.08 9.09,6.08 C 8.7,5.7 8.7,5.08 9.09,4.69 L 9.09,4.69 9.09,4.69 C 9.47,4.31 10.09,4.31 10.47,4.69 L 16.85,11.07 16.85,11.07 C 17.24,11.46 17.24,12.09 16.85,12.49 L 10.49,18.85 10.49,18.85 C 10.09,19.24 9.46,19.24 9.07,18.85 L 9.07,18.85 9.07,18.85 C 8.68,18.46 8.68,17.83 9.07,17.44 Z M 9.07,17.44\"><\/path><\/svg>\n<\/div>\n<p><\/a>\n<\/div>\n","protected":false},"excerpt":{"rendered":"<p>[34] Nahum STT C\u1ef1u \u01af\u1edbc T\u00e2n \u01af\u1edbc 01 Kh\u1edfi Nguy\u00ean Ma-thi-\u01a1 02 Xu\u1ea5t H\u00e0nh M\u00e1c 03 L\u00ea-vi Lu-ca 04 D\u00e2n S\u1ed1 Gi\u0103ng 05 Nh\u1ecb Lu\u1eadt C\u00f4ng V\u1ee5 06 Gi\u00f4-su\u00ea R\u00f4-ma 07 Th\u1ea9m Ph\u00e1n I C\u00f4-rinh-t\u00f4 08 Ru-t\u01a1 II C\u00f4-rinh-t\u00f4 09 I Sa-mu-\u00ean Ga-la-ti 10 II Sa-mu-\u00ean \u00ca-ph\u00ea-s\u00f4 11 I C\u00e1c Vua Phi-l\u00edp 12 II C\u00e1c&#8230;<\/p>\n","protected":false},"author":1,"featured_media":0,"parent":12968,"menu_order":0,"comment_status":"closed","ping_status":"closed","template":"templates\/full-width.php","meta":{"_monsterinsights_skip_tracking":false,"_monsterinsights_sitenote_active":false,"_monsterinsights_sitenote_note":"","_monsterinsights_sitenote_category":0,"cybocfi_hide_featured_image":"","footnotes":""},"class_list":["post-13980","page","type-page","status-publish","hentry"],"yoast_head":"<!-- This site is optimized with the Yoast SEO plugin v27.2 - https:\/\/yoast.com\/product\/yoast-seo-wordpress\/ -->\n<title>Nahum - Majority Text Bible<\/title>\n<meta name=\"robots\" content=\"index, follow, max-snippet:-1, max-image-preview:large, max-video-preview:-1\" \/>\n<link rel=\"canonical\" href=\"https:\/\/mtb.online\/ar\/bible\/ot34\/\" \/>\n<meta property=\"og:locale\" content=\"ar_AR\" \/>\n<meta property=\"og:type\" content=\"article\" \/>\n<meta property=\"og:title\" content=\"Nahum - Majority Text Bible\" \/>\n<meta property=\"og:description\" content=\"[34] Nahum STT C\u1ef1u \u01af\u1edbc T\u00e2n \u01af\u1edbc 01 Kh\u1edfi Nguy\u00ean Ma-thi-\u01a1 02 Xu\u1ea5t H\u00e0nh M\u00e1c 03 L\u00ea-vi Lu-ca 04 D\u00e2n S\u1ed1 Gi\u0103ng 05 Nh\u1ecb Lu\u1eadt C\u00f4ng V\u1ee5 06 Gi\u00f4-su\u00ea R\u00f4-ma 07 Th\u1ea9m Ph\u00e1n I C\u00f4-rinh-t\u00f4 08 Ru-t\u01a1 II C\u00f4-rinh-t\u00f4 09 I Sa-mu-\u00ean Ga-la-ti 10 II Sa-mu-\u00ean \u00ca-ph\u00ea-s\u00f4 11 I C\u00e1c Vua Phi-l\u00edp 12 II C\u00e1c...\" \/>\n<meta property=\"og:url\" content=\"https:\/\/mtb.online\/ar\/bible\/ot34\/\" \/>\n<meta property=\"og:site_name\" content=\"Majority Text Bible\" \/>\n<meta property=\"article:modified_time\" content=\"2023-04-06T07:25:51+00:00\" \/>\n<meta name=\"twitter:card\" content=\"summary_large_image\" \/>\n<meta name=\"twitter:label1\" content=\"\u0648\u0642\u062a \u0627\u0644\u0642\u0631\u0627\u0621\u0629 \u0627\u0644\u0645\u064f\u0642\u062f\u0651\u0631\" \/>\n\t<meta name=\"twitter:data1\" content=\"\u062f\u0642\u064a\u0642\u0629 \u0648\u0627\u062d\u062f\u0629\" \/>\n<script type=\"application\/ld+json\" class=\"yoast-schema-graph\">{\"@context\":\"https:\/\/schema.org\",\"@graph\":[{\"@type\":\"WebPage\",\"@id\":\"https:\/\/mtb.online\/en\/bible\/ot34\/\",\"url\":\"https:\/\/mtb.online\/en\/bible\/ot34\/\",\"name\":\"Nahum - Majority Text Bible\",\"isPartOf\":{\"@id\":\"https:\/\/mtb.online\/en\/#website\"},\"datePublished\":\"2023-04-06T07:25:25+00:00\",\"dateModified\":\"2023-04-06T07:25:51+00:00\",\"breadcrumb\":{\"@id\":\"https:\/\/mtb.online\/en\/bible\/ot34\/#breadcrumb\"},\"inLanguage\":\"ar\",\"potentialAction\":[{\"@type\":\"ReadAction\",\"target\":[\"https:\/\/mtb.online\/en\/bible\/ot34\/\"]}]},{\"@type\":\"BreadcrumbList\",\"@id\":\"https:\/\/mtb.online\/en\/bible\/ot34\/#breadcrumb\",\"itemListElement\":[{\"@type\":\"ListItem\",\"position\":1,\"name\":\"Home\",\"item\":\"https:\/\/mtb.online\/en\/\"},{\"@type\":\"ListItem\",\"position\":2,\"name\":\"English Majority Text Bible\",\"item\":\"https:\/\/mtb.online\/en\/bible\/\"},{\"@type\":\"ListItem\",\"position\":3,\"name\":\"Nahum\"}]},{\"@type\":\"WebSite\",\"@id\":\"https:\/\/mtb.online\/en\/#website\",\"url\":\"https:\/\/mtb.online\/en\/\",\"name\":\"Majority Text Bible\",\"description\":\"\",\"publisher\":{\"@id\":\"https:\/\/mtb.online\/en\/#organization\"},\"potentialAction\":[{\"@type\":\"SearchAction\",\"target\":{\"@type\":\"EntryPoint\",\"urlTemplate\":\"https:\/\/mtb.online\/en\/?s={search_term_string}\"},\"query-input\":{\"@type\":\"PropertyValueSpecification\",\"valueRequired\":true,\"valueName\":\"search_term_string\"}}],\"inLanguage\":\"ar\"},{\"@type\":\"Organization\",\"@id\":\"https:\/\/mtb.online\/en\/#organization\",\"name\":\"Majority Text Bible\",\"url\":\"https:\/\/mtb.online\/en\/\",\"logo\":{\"@type\":\"ImageObject\",\"inLanguage\":\"ar\",\"@id\":\"https:\/\/mtb.online\/en\/#\/schema\/logo\/image\/\",\"url\":\"http:\/\/hangtotgiare.com\/wp-content\/uploads\/2021\/11\/logo-251x189-large.png\",\"contentUrl\":\"http:\/\/hangtotgiare.com\/wp-content\/uploads\/2021\/11\/logo-251x189-large.png\",\"width\":888,\"height\":669,\"caption\":\"Majority Text Bible\"},\"image\":{\"@id\":\"https:\/\/mtb.online\/en\/#\/schema\/logo\/image\/\"}}]}<\/script>\n<!-- \/ Yoast SEO plugin. -->","yoast_head_json":{"title":"Nahum - Majority Text Bible","robots":{"index":"index","follow":"follow","max-snippet":"max-snippet:-1","max-image-preview":"max-image-preview:large","max-video-preview":"max-video-preview:-1"},"canonical":"https:\/\/mtb.online\/ar\/bible\/ot34\/","og_locale":"ar_AR","og_type":"article","og_title":"Nahum - Majority Text Bible","og_description":"[34] Nahum STT C\u1ef1u \u01af\u1edbc T\u00e2n \u01af\u1edbc 01 Kh\u1edfi Nguy\u00ean Ma-thi-\u01a1 02 Xu\u1ea5t H\u00e0nh M\u00e1c 03 L\u00ea-vi Lu-ca 04 D\u00e2n S\u1ed1 Gi\u0103ng 05 Nh\u1ecb Lu\u1eadt C\u00f4ng V\u1ee5 06 Gi\u00f4-su\u00ea R\u00f4-ma 07 Th\u1ea9m Ph\u00e1n I C\u00f4-rinh-t\u00f4 08 Ru-t\u01a1 II C\u00f4-rinh-t\u00f4 09 I Sa-mu-\u00ean Ga-la-ti 10 II Sa-mu-\u00ean \u00ca-ph\u00ea-s\u00f4 11 I C\u00e1c Vua Phi-l\u00edp 12 II C\u00e1c...","og_url":"https:\/\/mtb.online\/ar\/bible\/ot34\/","og_site_name":"Majority Text Bible","article_modified_time":"2023-04-06T07:25:51+00:00","twitter_card":"summary_large_image","twitter_misc":{"\u0648\u0642\u062a \u0627\u0644\u0642\u0631\u0627\u0621\u0629 \u0627\u0644\u0645\u064f\u0642\u062f\u0651\u0631":"\u062f\u0642\u064a\u0642\u0629 \u0648\u0627\u062d\u062f\u0629"},"schema":{"@context":"https:\/\/schema.org","@graph":[{"@type":"WebPage","@id":"https:\/\/mtb.online\/en\/bible\/ot34\/","url":"https:\/\/mtb.online\/en\/bible\/ot34\/","name":"Nahum - Majority Text Bible","isPartOf":{"@id":"https:\/\/mtb.online\/en\/#website"},"datePublished":"2023-04-06T07:25:25+00:00","dateModified":"2023-04-06T07:25:51+00:00","breadcrumb":{"@id":"https:\/\/mtb.online\/en\/bible\/ot34\/#breadcrumb"},"inLanguage":"ar","potentialAction":[{"@type":"ReadAction","target":["https:\/\/mtb.online\/en\/bible\/ot34\/"]}]},{"@type":"BreadcrumbList","@id":"https:\/\/mtb.online\/en\/bible\/ot34\/#breadcrumb","itemListElement":[{"@type":"ListItem","position":1,"name":"Home","item":"https:\/\/mtb.online\/en\/"},{"@type":"ListItem","position":2,"name":"English Majority Text Bible","item":"https:\/\/mtb.online\/en\/bible\/"},{"@type":"ListItem","position":3,"name":"Nahum"}]},{"@type":"WebSite","@id":"https:\/\/mtb.online\/en\/#website","url":"https:\/\/mtb.online\/en\/","name":"Majority Text Bible","description":"","publisher":{"@id":"https:\/\/mtb.online\/en\/#organization"},"potentialAction":[{"@type":"SearchAction","target":{"@type":"EntryPoint","urlTemplate":"https:\/\/mtb.online\/en\/?s={search_term_string}"},"query-input":{"@type":"PropertyValueSpecification","valueRequired":true,"valueName":"search_term_string"}}],"inLanguage":"ar"},{"@type":"Organization","@id":"https:\/\/mtb.online\/en\/#organization","name":"Majority Text Bible","url":"https:\/\/mtb.online\/en\/","logo":{"@type":"ImageObject","inLanguage":"ar","@id":"https:\/\/mtb.online\/en\/#\/schema\/logo\/image\/","url":"http:\/\/hangtotgiare.com\/wp-content\/uploads\/2021\/11\/logo-251x189-large.png","contentUrl":"http:\/\/hangtotgiare.com\/wp-content\/uploads\/2021\/11\/logo-251x189-large.png","width":888,"height":669,"caption":"Majority Text Bible"},"image":{"@id":"https:\/\/mtb.online\/en\/#\/schema\/logo\/image\/"}}]}},"_links":{"self":[{"href":"https:\/\/mtb.online\/ar\/wp-json\/wp\/v2\/pages\/13980","targetHints":{"allow":["GET"]}}],"collection":[{"href":"https:\/\/mtb.online\/ar\/wp-json\/wp\/v2\/pages"}],"about":[{"href":"https:\/\/mtb.online\/ar\/wp-json\/wp\/v2\/types\/page"}],"author":[{"embeddable":true,"href":"https:\/\/mtb.online\/ar\/wp-json\/wp\/v2\/users\/1"}],"replies":[{"embeddable":true,"href":"https:\/\/mtb.online\/ar\/wp-json\/wp\/v2\/comments?post=13980"}],"version-history":[{"count":1,"href":"https:\/\/mtb.online\/ar\/wp-json\/wp\/v2\/pages\/13980\/revisions"}],"predecessor-version":[{"id":13981,"href":"https:\/\/mtb.online\/ar\/wp-json\/wp\/v2\/pages\/13980\/revisions\/13981"}],"up":[{"embeddable":true,"href":"https:\/\/mtb.online\/ar\/wp-json\/wp\/v2\/pages\/12968"}],"wp:attachment":[{"href":"https:\/\/mtb.online\/ar\/wp-json\/wp\/v2\/media?parent=13980"}],"curies":[{"name":"wp","href":"https:\/\/api.w.org\/{rel}","templated":true}]}}