{"id":5296,"date":"2020-11-23T20:12:23","date_gmt":"2020-11-23T13:12:23","guid":{"rendered":"https:\/\/hangtotgiare.com\/?page_id=5296"},"modified":"2023-08-09T16:11:56","modified_gmt":"2023-08-09T09:11:56","slug":"c94","status":"publish","type":"page","link":"http:\/\/mtb.online\/vi\/kinh-thanh\/c94\/","title":{"rendered":"Thi Ca &#8211; Ch\u01b0\u01a1ng 94"},"content":{"rendered":"<div class=\"dropdown\">\n<p><button onclick=\"myFunction()\" class=\"dropbtn\"><strong><span style=\"color: #0000ff;\">[19] Thi Ca 94:1-23<\/span><\/strong><\/button><\/p>\n<div id=\"myDropdown\" class=\"dropdown-content\">\n<table>\n<tbody>\n<tr>\n<th><strong>STT<\/strong><\/th>\n<th style=\"color: #0000ff;\"><strong>C\u1ef1u \u01af\u1edbc<\/strong><\/th>\n<th style=\"color: #ff0000;\"><strong>T\u00e2n \u01af\u1edbc<\/strong><\/th>\n<\/tr>\n<tr>\n<td>01<\/td>\n<td><a style=\"color: #0000ff;\" href=\"https:\/\/mtb.online\/vn\/kinh-thanh\/ot1\/\">Kh\u1edfi Nguy\u00ean<\/a><\/td>\n<td><a style=\"color: #ff0000;\" href=\"https:\/\/mtb.online\/vn\/kinh-thanh\/nt1\/\">Ma-thi-\u01a1<\/a><\/td>\n<\/tr>\n<tr>\n<td>02<\/td>\n<td><a style=\"color: #0000ff;\" href=\"https:\/\/mtb.online\/vn\/kinh-thanh\/ot2\/\">Xu\u1ea5t H\u00e0nh<\/a><\/td>\n<td><a style=\"color: #ff0000;\" href=\"https:\/\/mtb.online\/vn\/kinh-thanh\/nt2\/\">M\u00e1c<\/a><\/td>\n<\/tr>\n<tr>\n<td>03<\/td>\n<td><a style=\"color: #0000ff;\" href=\"https:\/\/mtb.online\/vn\/kinh-thanh\/ot3\/\">L\u00ea-vi<\/a><\/td>\n<td><a style=\"color: #ff0000;\" href=\"https:\/\/mtb.online\/vn\/kinh-thanh\/nt3\/\">Lu-ca<\/a><\/td>\n<\/tr>\n<tr>\n<td>04<\/td>\n<td><a style=\"color: #0000ff;\" href=\"https:\/\/mtb.online\/vn\/kinh-thanh\/ot4\/\">D\u00e2n S\u1ed1<\/a><\/td>\n<td><a style=\"color: #ff0000;\" href=\"https:\/\/mtb.online\/vn\/kinh-thanh\/nt4\/\">Gi\u0103ng<\/a><\/td>\n<\/tr>\n<tr>\n<td>05<\/td>\n<td><a style=\"color: #0000ff;\" href=\"https:\/\/mtb.online\/vn\/kinh-thanh\/ot5\/\">Nh\u1ecb Lu\u1eadt<\/a><\/td>\n<td><a style=\"color: #ff0000;\" href=\"https:\/\/mtb.online\/vn\/kinh-thanh\/nt5\/\">C\u00f4ng V\u1ee5<\/a><\/td>\n<\/tr>\n<tr>\n<td>06<\/td>\n<td><a style=\"color: #0000ff;\" href=\"https:\/\/mtb.online\/vn\/kinh-thanh\/ot6\/\">Gi\u00f4-su\u00ea<\/a><\/td>\n<td><a style=\"color: #ff0000;\" href=\"https:\/\/mtb.online\/vn\/kinh-thanh\/nt6\/\">R\u00f4-ma<\/a><\/td>\n<\/tr>\n<tr>\n<td>07<\/td>\n<td><a style=\"color: #0000ff;\" href=\"https:\/\/mtb.online\/vn\/kinh-thanh\/ot7\/\">Th\u1ea9m Ph\u00e1n<\/a><\/td>\n<td><a style=\"color: #ff0000;\" href=\"https:\/\/mtb.online\/vn\/kinh-thanh\/nt7\/\">I C\u00f4-rinh-t\u00f4<\/a><\/td>\n<\/tr>\n<tr>\n<td>08<\/td>\n<td><a style=\"color: #0000ff;\" href=\"https:\/\/mtb.online\/vn\/kinh-thanh\/ot8\/\">Ru-t\u01a1<\/a><\/td>\n<td><a style=\"color: #ff0000;\" href=\"https:\/\/mtb.online\/vn\/kinh-thanh\/nt8\/\">II C\u00f4-rinh-t\u00f4<\/a><\/td>\n<\/tr>\n<tr>\n<td>09<\/td>\n<td><a style=\"color: #0000ff;\" href=\"https:\/\/mtb.online\/vn\/kinh-thanh\/ot9\/\">I Sa-mu-\u00ean<\/a><\/td>\n<td><a style=\"color: #ff0000;\" href=\"https:\/\/mtb.online\/vn\/kinh-thanh\/nt9\/\">Ga-la-ti<\/a><\/td>\n<\/tr>\n<tr>\n<td>10<\/td>\n<td><a style=\"color: #0000ff;\" href=\"https:\/\/mtb.online\/vn\/kinh-thanh\/ot10\/\">II Sa-mu-\u00ean<\/a><\/td>\n<td><a style=\"color: #ff0000;\" href=\"https:\/\/mtb.online\/vn\/kinh-thanh\/nt10\/\">\u00ca-ph\u00ea-s\u00f4<\/a><\/td>\n<\/tr>\n<tr>\n<td>11<\/td>\n<td><a style=\"color: #0000ff;\" href=\"https:\/\/mtb.online\/vn\/kinh-thanh\/ot11\/\">I C\u00e1c Vua<\/a><\/td>\n<td><a style=\"color: #ff0000;\" href=\"https:\/\/mtb.online\/vn\/kinh-thanh\/nt11\/\">Phi-l\u00edp<\/a><\/td>\n<\/tr>\n<tr>\n<td>12<\/td>\n<td><a style=\"color: #0000ff;\" href=\"https:\/\/mtb.online\/vn\/kinh-thanh\/ot12\/\">II C\u00e1c Vua<\/a><\/td>\n<td><a style=\"color: #ff0000;\" href=\"https:\/\/mtb.online\/vn\/kinh-thanh\/nt12\/\">C\u00f4-l\u00f4-se<\/a><\/td>\n<\/tr>\n<tr>\n<td>13<\/td>\n<td><a style=\"color: #0000ff;\" href=\"https:\/\/mtb.online\/vn\/kinh-thanh\/ot13\/\">I S\u1eed K\u00fd<\/a><\/td>\n<td><a style=\"color: #ff0000;\" href=\"https:\/\/mtb.online\/vn\/kinh-thanh\/nt13\/\">I T\u00ea-sa-l\u00f4-ni-ca<\/a><\/td>\n<\/tr>\n<tr>\n<td>14<\/td>\n<td><a style=\"color: #0000ff;\" href=\"https:\/\/mtb.online\/vn\/kinh-thanh\/ot14\/\">II S\u1eed K\u00fd<\/a><\/td>\n<td><a style=\"color: #ff0000;\" href=\"https:\/\/mtb.online\/vn\/kinh-thanh\/nt14\/\">II T\u00ea-sa-l\u00f4-ni-ca<\/a><\/td>\n<\/tr>\n<tr>\n<td>15<\/td>\n<td><a style=\"color: #0000ff;\" href=\"https:\/\/mtb.online\/vn\/kinh-thanh\/ot15\/\">\u00ca-x\u01a1-ra<\/a><\/td>\n<td><a style=\"color: #ff0000;\" href=\"https:\/\/mtb.online\/vn\/kinh-thanh\/nt15\/\">I Ti-m\u00f4-th\u00ea<\/a><\/td>\n<\/tr>\n<tr>\n<td>16<\/td>\n<td><a style=\"color: #0000ff;\" href=\"https:\/\/mtb.online\/vn\/kinh-thanh\/ot16\/\">N\u00ea-h\u00ea-mi<\/a><\/td>\n<td><a style=\"color: #ff0000;\" href=\"https:\/\/mtb.online\/vn\/kinh-thanh\/nt16\/\">II Ti-m\u00f4-th\u00ea<\/a><\/td>\n<\/tr>\n<tr>\n<td>17<\/td>\n<td><a style=\"color: #0000ff;\" href=\"https:\/\/mtb.online\/vn\/kinh-thanh\/ot17\/\">\u00ca-x\u01a1-t\u00ea<\/a><\/td>\n<td><a style=\"color: #ff0000;\" href=\"https:\/\/mtb.online\/vn\/kinh-thanh\/nt17\/\">T\u00edt<\/a><\/td>\n<\/tr>\n<tr>\n<td>18<\/td>\n<td><a style=\"color: #0000ff;\" href=\"https:\/\/mtb.online\/vn\/kinh-thanh\/ot18\/\">Gi\u00f3p<\/a><\/td>\n<td><a style=\"color: #ff0000;\" href=\"https:\/\/mtb.online\/vn\/kinh-thanh\/nt18\/\">Phi-l\u00ea-m\u00f4n<\/a><\/td>\n<\/tr>\n<tr>\n<td>19<\/td>\n<td><a style=\"color: #0000ff;\" href=\"https:\/\/mtb.online\/vn\/kinh-thanh\/ot19\/\">Thi Ca<\/a><\/td>\n<td><a style=\"color: #ff0000;\" href=\"https:\/\/mtb.online\/vn\/kinh-thanh\/nt19\/\">H\u00ea-b\u01a1-r\u01a1<\/a><\/td>\n<\/tr>\n<tr>\n<td>20<\/td>\n<td><a style=\"color: #0000ff;\" href=\"https:\/\/mtb.online\/vn\/kinh-thanh\/ot20\/\">Ch\u00e2m Ng\u00f4n<\/a><\/td>\n<td><a style=\"color: #ff0000;\" href=\"https:\/\/mtb.online\/vn\/kinh-thanh\/nt20\/\">Gia-c\u01a1<\/a><\/td>\n<\/tr>\n<tr>\n<td>21<\/td>\n<td><a style=\"color: #0000ff;\" href=\"https:\/\/mtb.online\/vn\/kinh-thanh\/ot21\/\">Truy\u1ec1n \u0110\u1ea1o<\/a><\/td>\n<td><a style=\"color: #ff0000;\" href=\"https:\/\/mtb.online\/vn\/kinh-thanh\/nt21\/\">I Phi-e-r\u01a1<\/a><\/td>\n<\/tr>\n<tr>\n<td>22<\/td>\n<td><a style=\"color: #0000ff;\" href=\"https:\/\/mtb.online\/vn\/kinh-thanh\/ot22\/\">Nh\u00e3 Ca<\/a><\/td>\n<td><a style=\"color: #ff0000;\" href=\"https:\/\/mtb.online\/vn\/kinh-thanh\/nt22\/\">II Phi-e-r\u01a1<\/a><\/td>\n<\/tr>\n<tr>\n<td>23<\/td>\n<td><a style=\"color: #0000ff;\" href=\"https:\/\/mtb.online\/vn\/kinh-thanh\/ot23\/\">\u00ca-sai<\/a><\/td>\n<td><a style=\"color: #ff0000;\" href=\"https:\/\/mtb.online\/vn\/kinh-thanh\/nt23\/\">I Gi\u0103ng<\/a><\/td>\n<\/tr>\n<tr>\n<td>24<\/td>\n<td><a style=\"color: #0000ff;\" href=\"https:\/\/mtb.online\/vn\/kinh-thanh\/ot24\/\">Gi\u00ea-r\u00ea-mi<\/a><\/td>\n<td><a style=\"color: #ff0000;\" href=\"https:\/\/mtb.online\/vn\/kinh-thanh\/nt24\/\">II Gi\u0103ng<\/a><\/td>\n<\/tr>\n<tr>\n<td>25<\/td>\n<td><a style=\"color: #0000ff;\" href=\"https:\/\/mtb.online\/vn\/kinh-thanh\/ot25\/\">Ca Th\u01b0\u01a1ng<\/a><\/td>\n<td><a style=\"color: #ff0000;\" href=\"https:\/\/mtb.online\/vn\/kinh-thanh\/nt25\/\">III Gi\u0103ng<\/a><\/td>\n<\/tr>\n<tr>\n<td>26<\/td>\n<td><a style=\"color: #0000ff;\" href=\"https:\/\/mtb.online\/vn\/kinh-thanh\/ot26\/\">\u00ca-x\u00ea-chi-\u00ean<\/a><\/td>\n<td><a style=\"color: #ff0000;\" href=\"https:\/\/mtb.online\/vn\/kinh-thanh\/nt26\/\">Giu-\u0111e<\/a><\/td>\n<\/tr>\n<tr>\n<td>27<\/td>\n<td><a style=\"color: #0000ff;\" href=\"https:\/\/mtb.online\/vn\/kinh-thanh\/ot27\/\">\u0110a-ni-\u00ean<\/a><\/td>\n<td><a style=\"color: #ff0000;\" href=\"https:\/\/mtb.online\/vn\/kinh-thanh\/nt27\/\">M\u1eb7c Kh\u1ea3i<\/a><\/td>\n<\/tr>\n<tr>\n<td>28<\/td>\n<td><a style=\"color: #0000ff;\" href=\"https:\/\/mtb.online\/vn\/kinh-thanh\/ot28\/\">\u00d4-s\u00ea<\/a><\/td>\n<td><\/td>\n<\/tr>\n<tr>\n<td>29<\/td>\n<td><a style=\"color: #0000ff;\" href=\"https:\/\/mtb.online\/vn\/kinh-thanh\/ot29\/\">Gi\u00f4-\u00ean<\/a><\/td>\n<td><\/td>\n<\/tr>\n<tr>\n<td>30<\/td>\n<td><a style=\"color: #0000ff;\" href=\"https:\/\/mtb.online\/vn\/kinh-thanh\/ot30\/\">A-m\u1ed1t<\/a><\/td>\n<td><\/td>\n<\/tr>\n<tr>\n<td>31<\/td>\n<td><a style=\"color: #0000ff;\" href=\"https:\/\/mtb.online\/vn\/kinh-thanh\/ot31\/\">\u00c1p-\u0111ia<\/a><\/td>\n<td><\/td>\n<\/tr>\n<tr>\n<td>32<\/td>\n<td><a style=\"color: #0000ff;\" href=\"https:\/\/mtb.online\/vn\/kinh-thanh\/ot32\/\">Gi\u00f4-na<\/a><\/td>\n<td><\/td>\n<\/tr>\n<tr>\n<td>33<\/td>\n<td><a style=\"color: #0000ff;\" href=\"https:\/\/mtb.online\/vn\/kinh-thanh\/ot33\/\">Mi-ch\u00ea<\/a><\/td>\n<td><\/td>\n<\/tr>\n<tr>\n<td>34<\/td>\n<td><a style=\"color: #0000ff;\" href=\"https:\/\/mtb.online\/vn\/kinh-thanh\/ot34\/\">Na-hum<\/a><\/td>\n<td><\/td>\n<\/tr>\n<tr>\n<td>35<\/td>\n<td><a style=\"color: #0000ff;\" href=\"https:\/\/mtb.online\/vn\/kinh-thanh\/ot35\/\">Ha-ba-c\u00fac<\/a><\/td>\n<td><\/td>\n<\/tr>\n<tr>\n<td>36<\/td>\n<td><a style=\"color: #0000ff;\" href=\"https:\/\/mtb.online\/vn\/kinh-thanh\/ot36\/\">S\u00f4-ph\u00f4-ni<\/a><\/td>\n<td><\/td>\n<\/tr>\n<tr>\n<td>37<\/td>\n<td><a style=\"color: #0000ff;\" href=\"https:\/\/mtb.online\/vn\/kinh-thanh\/ot37\/\">A-gh\u00ea<\/a><\/td>\n<td><\/td>\n<\/tr>\n<tr>\n<td>38<\/td>\n<td><a style=\"color: #0000ff;\" href=\"https:\/\/mtb.online\/vn\/kinh-thanh\/ot38\/\">Xa-cha-ri<\/a><\/td>\n<td><\/td>\n<\/tr>\n<tr>\n<td>39<\/td>\n<td><a style=\"color: #0000ff;\" href=\"https:\/\/mtb.online\/vn\/kinh-thanh\/ot39\/\">Ma-la-chi<\/a><\/td>\n<td><\/td>\n<\/tr>\n<\/tbody>\n<\/table>\n<\/div>\n<\/div>\n<p><span style=\"font-weight: 400;\">1 V\u1ecb Th\u1ea7n b\u00e1o \u1ee9ng, YHWH,<\/span><\/p>\n<p><span style=\"font-weight: 400;\">V\u1ecb Th\u1ea7n b\u00e1o \u1ee9ng, h\u00e3y chi\u1ebfu t\u1ecfa!<\/span><\/p>\n<p><span style=\"font-weight: 400;\">2 H\u00e3y tr\u1ed7i d\u1eady, \u0110\u1ea5ng Th\u1ea9m Ph\u00e1n c\u1ee7a tr\u00e1i \u0111\u1ea5t,<\/span><\/p>\n<p><span style=\"font-weight: 400;\">H\u00e3y b\u00e1o tr\u1ea3 qu\u1ea3 b\u00e1o cho b\u1ecdn ki\u00eau ng\u1ea1o.<\/span><\/p>\n<p><span style=\"font-weight: 400;\">3 YHWH, b\u1ecdn gian \u00e1c s\u1ebd \u0111\u1ebfn bao gi\u1edd<\/span><\/p>\n<p><span style=\"font-weight: 400;\">B\u1ecdn gian \u00e1c s\u1ebd vui s\u01b0\u1edbng cho \u0111\u1ebfn bao gi\u1edd?<\/span><\/p>\n<p><span style=\"font-weight: 400;\">4 Ch\u00fang th\u1ed1t ra, n\u00f3i nh\u1eefng l\u1eddi x\u1ea5c l\u00e1o,<\/span><\/p>\n<p><span style=\"font-weight: 400;\">M\u1ecdi k\u1ebb l\u00e0m \u0111i\u1ec1u v\u00f4 ph\u00e1p v\u00eanh v\u00e1o m\u00ecnh.<\/span><\/p>\n<p><span style=\"font-weight: 400;\">5 YHWH, ch\u00fang nghi\u1ec1n n\u00e1t d\u00e2n Ng\u00e0i,<\/span><\/p>\n<p><span style=\"font-weight: 400;\">V\u00e0 h\u1ea1 nh\u1ee5c s\u1ea3n nghi\u1ec7p Ng\u00e0i.<\/span><\/p>\n<p><span style=\"font-weight: 400;\">6 Ch\u00fang gi\u1ebft ng\u01b0\u1eddi g\u00f3a b\u1ee5a v\u00e0 ki\u1ec1u d\u00e2n,<\/span><\/p>\n<p><span style=\"font-weight: 400;\">V\u00e0 s\u00e1t h\u1ea1i tr\u1ebb m\u1ed3 c\u00f4i.<\/span><\/p>\n<p><span style=\"font-weight: 400;\">7 V\u00e0 ch\u00fang n\u00f3i: \u201cYH s\u1ebd kh\u00f4ng th\u1ea5y \u0111\u00e2u,<\/span><\/p>\n<p><span style=\"font-weight: 400;\">\u0110\u1ee9c Ch\u00faa Tr\u1eddi c\u1ee7a Gia-c\u1ed1p c\u0169ng ch\u1eb3ng bi\u1ebft \u0111\u1ebfn!\u201d<\/span><\/p>\n<p><span style=\"font-weight: 400;\">8 H\u00e3y hi\u1ec3u l\u1ea5y, nh\u1eefng ng\u01b0\u1eddi ng\u1edd ngh\u1ec7ch trong d\u00e2n ch\u00fang,<\/span><\/p>\n<p><span style=\"font-weight: 400;\">V\u00e0 nh\u1eefng k\u1ebb ngu d\u1ea1i, khi n\u00e0o c\u00e1c ng\u01b0\u01a1i m\u1edbi kh\u00f4n ra?<\/span><\/p>\n<p><span style=\"font-weight: 400;\">9 \u0110\u1ea5ng \u0111\u00e3 tr\u1ed3ng l\u1ed7 tai s\u1ebd kh\u00f4ng nghe sao?<\/span><\/p>\n<p><span style=\"font-weight: 400;\">Hay \u0110\u1ea5ng \u0111\u00e3 n\u1eafn n\u00ean con m\u1eaft s\u1ebd kh\u00f4ng nh\u00ecn sao?<\/span><\/p>\n<p><span style=\"font-weight: 400;\">10 \u0110\u1ea5ng s\u1eeda tr\u1ecb c\u00e1c n\u01b0\u1edbc s\u1ebd kh\u00f4ng s\u1eeda ph\u1ea1t sao?<\/span><\/p>\n<p><span style=\"font-weight: 400;\">L\u00e0 \u0110\u1ea5ng d\u1ea1y tri th\u1ee9c cho lo\u00e0i ng\u01b0\u1eddi.<\/span><\/p>\n<p><span style=\"font-weight: 400;\">11 YHWH bi\u1ebft t\u01b0 t\u01b0\u1edfng lo\u00e0i ng\u01b0\u1eddi,<\/span><\/p>\n<p><span style=\"font-weight: 400;\">V\u00ec ch\u00fang l\u00e0 h\u01b0 kh\u00f4ng.<\/span><\/p>\n<p><span style=\"font-weight: 400;\">12 Ph\u01b0\u1edbc cho ng\u01b0\u1eddi m\u00e0 Ng\u00e0i s\u1eeda tr\u1ecb ng\u01b0\u1eddi, YHWH,<\/span><\/p>\n<p><span style=\"font-weight: 400;\">V\u00e0 d\u1ea1y d\u1ed7 ng\u01b0\u1eddi t\u1eeb lu\u1eadt ph\u00e1p Ng\u00e0i.<\/span><\/p>\n<p><span style=\"font-weight: 400;\">13 \u0110\u1ec3 ban an ngh\u1ec9 cho ng\u01b0\u1eddi kh\u1ecfi nh\u1eefng ng\u00e0y d\u1eef,<\/span><\/p>\n<p><span style=\"font-weight: 400;\">Cho \u0111\u1ebfn khi h\u1ed1 \u0111\u00e3 \u0111\u01b0\u1ee3c \u0111\u00e0o cho k\u1ebb \u00e1c.<\/span><\/p>\n<p><span style=\"font-weight: 400;\">14 V\u00ec YHWH s\u1ebd kh\u00f4ng t\u1eeb d\u00e2n Ng\u00e0i,<\/span><\/p>\n<p><span style=\"font-weight: 400;\">C\u0169ng s\u1ebd ch\u1eb3ng b\u1ecf c\u01a1 nghi\u1ec7p Ng\u00e0i.<\/span><\/p>\n<p><span style=\"font-weight: 400;\">15 Nh\u01b0ng s\u1ef1 ph\u00e1n x\u00e9t s\u1ebd tr\u1edf v\u1ec1 v\u1edbi s\u1ef1 c\u00f4ng ch\u00ednh,<\/span><\/p>\n<p><span style=\"font-weight: 400;\">V\u00e0 theo sau n\u00f3 l\u00e0 m\u1ecdi ng\u01b0\u1eddi tr\u00e1i tim ngay th\u1eb3ng.<\/span><\/p>\n<p><span style=\"font-weight: 400;\">16 Ai s\u1ebd tr\u1ed7i d\u1eady v\u00ec con, ch\u1ed1ng l\u1ea1i k\u1ebb l\u00e0m \u00e1c?<\/span><\/p>\n<p><span style=\"font-weight: 400;\">Ai s\u1ebd \u0111\u1ee9ng d\u1eady v\u00ec con, ch\u1ed1ng l\u1ea1i k\u1ebb l\u00e0m \u0111i\u1ec1u v\u00f4 ph\u00e1p?<\/span><\/p>\n<p><span style=\"font-weight: 400;\">17 N\u1ebfu YHWH kh\u00f4ng ph\u1ea3i l\u00e0 s\u1ef1 c\u1ee9u gi\u00fap con,<\/span><\/p>\n<p><span style=\"font-weight: 400;\">Linh h\u1ed3n con ch\u00fat n\u1eefa \u0111\u00e3 \u1edf trong c\u00f5i im l\u1eb7ng r\u1ed3i.<\/span><\/p>\n<p><span style=\"font-weight: 400;\">18 N\u1ebfu con n\u00f3i: \u201cCh\u00e2n con tr\u01b0\u1ee3t ng\u00e3\u201d,<\/span><\/p>\n<p><span style=\"font-weight: 400;\">L\u00f2ng nh\u00e2n t\u1eeb Ng\u00e0i n\u00e2ng \u0111\u1ee1 con, YHWH.<\/span><\/p>\n<p><span style=\"font-weight: 400;\">19 Trong bi\u1ebft bao suy t\u01b0 con trong con,<\/span><\/p>\n<p><span style=\"font-weight: 400;\">S\u1ef1 y\u00ean \u1ee7i Ng\u00e0i l\u00e0m t\u01b0\u01a1i vui linh h\u1ed3n con.<\/span><\/p>\n<p><span style=\"font-weight: 400;\">20 Ngai gian \u00e1c c\u00f3 hi\u1ec7p \u0111\u01b0\u1ee3c v\u1edbi Ng\u00e0i kh\u00f4ng,<\/span><\/p>\n<p><span style=\"font-weight: 400;\">Th\u1ee9 l\u1eadp \u0111i\u1ec1u b\u1ea1o ng\u01b0\u1ee3c b\u1eb1ng s\u1eafc lu\u1eadt?<\/span><\/p>\n<p><span style=\"font-weight: 400;\">21 Ch\u00fang li\u00ean hi\u1ec7p ch\u1ed1ng l\u1ea1i linh h\u1ed3n ng\u01b0\u1eddi c\u00f4ng ch\u00ednh,<\/span><\/p>\n<p><span style=\"font-weight: 400;\">V\u00e0 k\u1ebft \u00e1n m\u00e1u v\u00f4 t\u1ed9i.<\/span><\/p>\n<p><span style=\"font-weight: 400;\">22 Nh\u01b0ng YHWH l\u00e0 ph\u00e1o \u0111\u00e0i c\u1ee7a con,<\/span><\/p>\n<p><span style=\"font-weight: 400;\">V\u00e0 \u0110\u1ee9c Ch\u00faa Tr\u1eddi c\u1ee7a con l\u00e0 v\u1ea7ng \u0111\u00e1 n\u01b0\u01a1ng n\u00e1u con.<\/span><\/p>\n<p><span style=\"font-weight: 400;\">23 V\u00e0 Ng\u00e0i s\u1ebd tr\u1ea3 l\u1ea1i s\u1ef1 v\u00f4 ph\u00e1p ch\u00fang l\u00ean ch\u00fang,<\/span><\/p>\n<p><span style=\"font-weight: 400;\">V\u00e0 x\u00f3a b\u1ecf ch\u00fang v\u00ec s\u1ef1 \u00e1c \u0111\u1ed9c ch\u00fang,<\/span><\/p>\n<p><span style=\"font-weight: 400;\">YHWH \u0110\u1ee9c Ch\u00faa Tr\u1eddi ch\u00fang con s\u1ebd x\u00f3a b\u1ecf ch\u00fang.<\/span><\/p>\n<div class=\"previous\">\n<a href=\"https:\/\/mtb.online\/vn\/kinh-thanh\/ot19\/c93\/\"><\/p>\n<div class=\"flex\">\n<svg class=\"reader-arrow h-100 ma0 pa0\" width=\"24\" height=\"24\" viewBox=\"0 0 24 24\" version=\"1.1\" xmlns=\"http:\/\/www.w3.org\/2000\/svg\"><path transform=\"rotate(180, 12, 12)\" stroke=\"none\" stroke-width=\"0\" stroke-linecap=\"round\" stroke-linejoin=\"round\" stroke-miterlimit=\"10\" fill=\"#888888\" d=\"M 9.07,17.44 L 14.4,12.1 14.4,12.1 C 14.6,11.91 14.6,11.59 14.4,11.4 L 9.09,6.08 9.09,6.08 C 8.7,5.7 8.7,5.08 9.09,4.69 L 9.09,4.69 9.09,4.69 C 9.47,4.31 10.09,4.31 10.47,4.69 L 16.85,11.07 16.85,11.07 C 17.24,11.46 17.24,12.09 16.85,12.49 L 10.49,18.85 10.49,18.85 C 10.09,19.24 9.46,19.24 9.07,18.85 L 9.07,18.85 9.07,18.85 C 8.68,18.46 8.68,17.83 9.07,17.44 Z M 9.07,17.44\"><\/path><\/svg>\n<\/div>\n<p><\/a>\n<\/div>\n<div class=\"next\">\n<a href=\"https:\/\/mtb.online\/vn\/kinh-thanh\/ot19\/c95\/\"><\/p>\n<div class=\"flex\">\n<svg class=\"reader-arrow\" width=\"24\" height=\"24\" viewBox=\"0 0 24 24\" version=\"1.1\" xmlns=\"http:\/\/www.w3.org\/2000\/svg\"><path transform=\"rotate(0, 12, 12)\" stroke=\"none\" stroke-width=\"0\" stroke-linecap=\"round\" stroke-linejoin=\"round\" stroke-miterlimit=\"10\" fill=\"#888888\" d=\"M 9.07,17.44 L 14.4,12.1 14.4,12.1 C 14.6,11.91 14.6,11.59 14.4,11.4 L 9.09,6.08 9.09,6.08 C 8.7,5.7 8.7,5.08 9.09,4.69 L 9.09,4.69 9.09,4.69 C 9.47,4.31 10.09,4.31 10.47,4.69 L 16.85,11.07 16.85,11.07 C 17.24,11.46 17.24,12.09 16.85,12.49 L 10.49,18.85 10.49,18.85 C 10.09,19.24 9.46,19.24 9.07,18.85 L 9.07,18.85 9.07,18.85 C 8.68,18.46 8.68,17.83 9.07,17.44 Z M 9.07,17.44\"><\/path><\/svg>\n<\/div>\n<p><\/a>\n<\/div>\n","protected":false},"excerpt":{"rendered":"<p>[19] Thi Ca 94:1-23 STT C\u1ef1u \u01af\u1edbc T\u00e2n \u01af\u1edbc 01 Kh\u1edfi Nguy\u00ean Ma-thi-\u01a1 02 Xu\u1ea5t H\u00e0nh M\u00e1c 03 L\u00ea-vi Lu-ca 04 D\u00e2n S\u1ed1 Gi\u0103ng 05 Nh\u1ecb Lu\u1eadt C\u00f4ng V\u1ee5 06 Gi\u00f4-su\u00ea R\u00f4-ma 07 Th\u1ea9m Ph\u00e1n I C\u00f4-rinh-t\u00f4 08 Ru-t\u01a1 II C\u00f4-rinh-t\u00f4 09 I Sa-mu-\u00ean Ga-la-ti 10 II Sa-mu-\u00ean \u00ca-ph\u00ea-s\u00f4 11 I C\u00e1c Vua Phi-l\u00edp 12&#8230;<\/p>\n","protected":false},"author":1,"featured_media":0,"parent":3537,"menu_order":0,"comment_status":"closed","ping_status":"closed","template":"templates\/full-width.php","meta":{"_monsterinsights_skip_tracking":false,"_monsterinsights_sitenote_active":false,"_monsterinsights_sitenote_note":"","_monsterinsights_sitenote_category":0,"cybocfi_hide_featured_image":"","footnotes":""},"class_list":["post-5296","page","type-page","status-publish","hentry"],"yoast_head":"<!-- This site is optimized with the Yoast SEO plugin v27.2 - https:\/\/yoast.com\/product\/yoast-seo-wordpress\/ -->\n<title>Thi Ca - Ch\u01b0\u01a1ng 94 - Majority Text Bible<\/title>\n<meta name=\"robots\" content=\"index, follow, max-snippet:-1, max-image-preview:large, max-video-preview:-1\" \/>\n<link rel=\"canonical\" href=\"https:\/\/mtb.online\/vi\/kinh-thanh\/c94\/\" \/>\n<meta property=\"og:locale\" content=\"vi_VN\" \/>\n<meta property=\"og:type\" content=\"article\" \/>\n<meta property=\"og:title\" content=\"Thi Ca - Ch\u01b0\u01a1ng 94 - Majority Text Bible\" \/>\n<meta property=\"og:description\" content=\"[19] Thi Ca 94:1-23 STT C\u1ef1u \u01af\u1edbc T\u00e2n \u01af\u1edbc 01 Kh\u1edfi Nguy\u00ean Ma-thi-\u01a1 02 Xu\u1ea5t H\u00e0nh M\u00e1c 03 L\u00ea-vi Lu-ca 04 D\u00e2n S\u1ed1 Gi\u0103ng 05 Nh\u1ecb Lu\u1eadt C\u00f4ng V\u1ee5 06 Gi\u00f4-su\u00ea R\u00f4-ma 07 Th\u1ea9m Ph\u00e1n I C\u00f4-rinh-t\u00f4 08 Ru-t\u01a1 II C\u00f4-rinh-t\u00f4 09 I Sa-mu-\u00ean Ga-la-ti 10 II Sa-mu-\u00ean \u00ca-ph\u00ea-s\u00f4 11 I C\u00e1c Vua Phi-l\u00edp 12...\" \/>\n<meta property=\"og:url\" content=\"https:\/\/mtb.online\/vi\/kinh-thanh\/c94\/\" \/>\n<meta property=\"og:site_name\" content=\"Majority Text Bible\" \/>\n<meta property=\"article:modified_time\" content=\"2023-08-09T09:11:56+00:00\" \/>\n<meta name=\"twitter:card\" content=\"summary_large_image\" \/>\n<meta name=\"twitter:label1\" content=\"\u01af\u1edbc t\u00ednh th\u1eddi gian \u0111\u1ecdc\" \/>\n\t<meta name=\"twitter:data1\" content=\"4 ph\u00fat\" \/>\n<script type=\"application\/ld+json\" class=\"yoast-schema-graph\">{\"@context\":\"https:\/\/schema.org\",\"@graph\":[{\"@type\":\"WebPage\",\"@id\":\"https:\/\/mtb.online\/kinh-thanh\/c94\/\",\"url\":\"https:\/\/mtb.online\/kinh-thanh\/c94\/\",\"name\":\"Thi Ca - Ch\u01b0\u01a1ng 94 - Majority Text Bible\",\"isPartOf\":{\"@id\":\"https:\/\/mtb.online\/en\/#website\"},\"datePublished\":\"2020-11-23T13:12:23+00:00\",\"dateModified\":\"2023-08-09T09:11:56+00:00\",\"breadcrumb\":{\"@id\":\"https:\/\/mtb.online\/kinh-thanh\/c94\/#breadcrumb\"},\"inLanguage\":\"vi\",\"potentialAction\":[{\"@type\":\"ReadAction\",\"target\":[\"https:\/\/mtb.online\/kinh-thanh\/c94\/\"]}]},{\"@type\":\"BreadcrumbList\",\"@id\":\"https:\/\/mtb.online\/kinh-thanh\/c94\/#breadcrumb\",\"itemListElement\":[{\"@type\":\"ListItem\",\"position\":1,\"name\":\"Home\",\"item\":\"https:\/\/mtb.online\/en\/\"},{\"@type\":\"ListItem\",\"position\":2,\"name\":\"Kinh Th\u00e1nh \u0110a S\u1ed1 Vi\u1ec7t Ng\u1eef (VMTB)\",\"item\":\"https:\/\/mtb.online\/en\/kinh-thanh\/\"},{\"@type\":\"ListItem\",\"position\":3,\"name\":\"Thi Ca &#8211; Ch\u01b0\u01a1ng 94\"}]},{\"@type\":\"WebSite\",\"@id\":\"https:\/\/mtb.online\/en\/#website\",\"url\":\"https:\/\/mtb.online\/en\/\",\"name\":\"Majority Text Bible\",\"description\":\"\",\"publisher\":{\"@id\":\"https:\/\/mtb.online\/en\/#organization\"},\"potentialAction\":[{\"@type\":\"SearchAction\",\"target\":{\"@type\":\"EntryPoint\",\"urlTemplate\":\"https:\/\/mtb.online\/en\/?s={search_term_string}\"},\"query-input\":{\"@type\":\"PropertyValueSpecification\",\"valueRequired\":true,\"valueName\":\"search_term_string\"}}],\"inLanguage\":\"vi\"},{\"@type\":\"Organization\",\"@id\":\"https:\/\/mtb.online\/en\/#organization\",\"name\":\"Majority Text Bible\",\"url\":\"https:\/\/mtb.online\/en\/\",\"logo\":{\"@type\":\"ImageObject\",\"inLanguage\":\"vi\",\"@id\":\"https:\/\/mtb.online\/en\/#\/schema\/logo\/image\/\",\"url\":\"http:\/\/hangtotgiare.com\/wp-content\/uploads\/2021\/11\/logo-251x189-large.png\",\"contentUrl\":\"http:\/\/hangtotgiare.com\/wp-content\/uploads\/2021\/11\/logo-251x189-large.png\",\"width\":888,\"height\":669,\"caption\":\"Majority Text Bible\"},\"image\":{\"@id\":\"https:\/\/mtb.online\/en\/#\/schema\/logo\/image\/\"}}]}<\/script>\n<!-- \/ Yoast SEO plugin. -->","yoast_head_json":{"title":"Thi Ca - Ch\u01b0\u01a1ng 94 - Majority Text Bible","robots":{"index":"index","follow":"follow","max-snippet":"max-snippet:-1","max-image-preview":"max-image-preview:large","max-video-preview":"max-video-preview:-1"},"canonical":"https:\/\/mtb.online\/vi\/kinh-thanh\/c94\/","og_locale":"vi_VN","og_type":"article","og_title":"Thi Ca - Ch\u01b0\u01a1ng 94 - Majority Text Bible","og_description":"[19] Thi Ca 94:1-23 STT C\u1ef1u \u01af\u1edbc T\u00e2n \u01af\u1edbc 01 Kh\u1edfi Nguy\u00ean Ma-thi-\u01a1 02 Xu\u1ea5t H\u00e0nh M\u00e1c 03 L\u00ea-vi Lu-ca 04 D\u00e2n S\u1ed1 Gi\u0103ng 05 Nh\u1ecb Lu\u1eadt C\u00f4ng V\u1ee5 06 Gi\u00f4-su\u00ea R\u00f4-ma 07 Th\u1ea9m Ph\u00e1n I C\u00f4-rinh-t\u00f4 08 Ru-t\u01a1 II C\u00f4-rinh-t\u00f4 09 I Sa-mu-\u00ean Ga-la-ti 10 II Sa-mu-\u00ean \u00ca-ph\u00ea-s\u00f4 11 I C\u00e1c Vua Phi-l\u00edp 12...","og_url":"https:\/\/mtb.online\/vi\/kinh-thanh\/c94\/","og_site_name":"Majority Text Bible","article_modified_time":"2023-08-09T09:11:56+00:00","twitter_card":"summary_large_image","twitter_misc":{"\u01af\u1edbc t\u00ednh th\u1eddi gian \u0111\u1ecdc":"4 ph\u00fat"},"schema":{"@context":"https:\/\/schema.org","@graph":[{"@type":"WebPage","@id":"https:\/\/mtb.online\/kinh-thanh\/c94\/","url":"https:\/\/mtb.online\/kinh-thanh\/c94\/","name":"Thi Ca - Ch\u01b0\u01a1ng 94 - Majority Text Bible","isPartOf":{"@id":"https:\/\/mtb.online\/en\/#website"},"datePublished":"2020-11-23T13:12:23+00:00","dateModified":"2023-08-09T09:11:56+00:00","breadcrumb":{"@id":"https:\/\/mtb.online\/kinh-thanh\/c94\/#breadcrumb"},"inLanguage":"vi","potentialAction":[{"@type":"ReadAction","target":["https:\/\/mtb.online\/kinh-thanh\/c94\/"]}]},{"@type":"BreadcrumbList","@id":"https:\/\/mtb.online\/kinh-thanh\/c94\/#breadcrumb","itemListElement":[{"@type":"ListItem","position":1,"name":"Home","item":"https:\/\/mtb.online\/en\/"},{"@type":"ListItem","position":2,"name":"Kinh Th\u00e1nh \u0110a S\u1ed1 Vi\u1ec7t Ng\u1eef (VMTB)","item":"https:\/\/mtb.online\/en\/kinh-thanh\/"},{"@type":"ListItem","position":3,"name":"Thi Ca &#8211; Ch\u01b0\u01a1ng 94"}]},{"@type":"WebSite","@id":"https:\/\/mtb.online\/en\/#website","url":"https:\/\/mtb.online\/en\/","name":"Kinh Th\u00e1nh \u0110a S\u1ed1","description":"","publisher":{"@id":"https:\/\/mtb.online\/en\/#organization"},"potentialAction":[{"@type":"SearchAction","target":{"@type":"EntryPoint","urlTemplate":"https:\/\/mtb.online\/en\/?s={search_term_string}"},"query-input":{"@type":"PropertyValueSpecification","valueRequired":true,"valueName":"search_term_string"}}],"inLanguage":"vi"},{"@type":"Organization","@id":"https:\/\/mtb.online\/en\/#organization","name":"Kinh Th\u00e1nh \u0110a S\u1ed1","url":"https:\/\/mtb.online\/en\/","logo":{"@type":"ImageObject","inLanguage":"vi","@id":"https:\/\/mtb.online\/en\/#\/schema\/logo\/image\/","url":"http:\/\/hangtotgiare.com\/wp-content\/uploads\/2021\/11\/logo-251x189-large.png","contentUrl":"http:\/\/hangtotgiare.com\/wp-content\/uploads\/2021\/11\/logo-251x189-large.png","width":888,"height":669,"caption":"Majority Text Bible"},"image":{"@id":"https:\/\/mtb.online\/en\/#\/schema\/logo\/image\/"}}]}},"_links":{"self":[{"href":"http:\/\/mtb.online\/vi\/wp-json\/wp\/v2\/pages\/5296","targetHints":{"allow":["GET"]}}],"collection":[{"href":"http:\/\/mtb.online\/vi\/wp-json\/wp\/v2\/pages"}],"about":[{"href":"http:\/\/mtb.online\/vi\/wp-json\/wp\/v2\/types\/page"}],"author":[{"embeddable":true,"href":"http:\/\/mtb.online\/vi\/wp-json\/wp\/v2\/users\/1"}],"replies":[{"embeddable":true,"href":"http:\/\/mtb.online\/vi\/wp-json\/wp\/v2\/comments?post=5296"}],"version-history":[{"count":6,"href":"http:\/\/mtb.online\/vi\/wp-json\/wp\/v2\/pages\/5296\/revisions"}],"predecessor-version":[{"id":17420,"href":"http:\/\/mtb.online\/vi\/wp-json\/wp\/v2\/pages\/5296\/revisions\/17420"}],"up":[{"embeddable":true,"href":"http:\/\/mtb.online\/vi\/wp-json\/wp\/v2\/pages\/3537"}],"wp:attachment":[{"href":"http:\/\/mtb.online\/vi\/wp-json\/wp\/v2\/media?parent=5296"}],"curies":[{"name":"wp","href":"https:\/\/api.w.org\/{rel}","templated":true}]}}