{"id":5266,"date":"2020-11-23T01:12:56","date_gmt":"2020-11-22T18:12:56","guid":{"rendered":"https:\/\/hangtotgiare.com\/?page_id=5266"},"modified":"2023-04-02T13:34:33","modified_gmt":"2023-04-02T06:34:33","slug":"c79","status":"publish","type":"page","link":"http:\/\/mtb.online\/vi\/kinh-thanh\/c79\/","title":{"rendered":"Thi Ca &#8211; Ch\u01b0\u01a1ng 79"},"content":{"rendered":"<div class=\"dropdown\">\n<p><button onclick=\"myFunction()\" class=\"dropbtn\"><strong><span style=\"color: #0000ff;\">[19] Thi Ca 79:1-13<\/span><\/strong><\/button><\/p>\n<div id=\"myDropdown\" class=\"dropdown-content\">\n<table>\n<tbody>\n<tr>\n<th><strong>STT<\/strong><\/th>\n<th style=\"color: #0000ff;\"><strong>C\u1ef1u \u01af\u1edbc<\/strong><\/th>\n<th style=\"color: #ff0000;\"><strong>T\u00e2n \u01af\u1edbc<\/strong><\/th>\n<\/tr>\n<tr>\n<td>01<\/td>\n<td><a style=\"color: #0000ff;\" href=\"https:\/\/mtb.online\/vn\/kinh-thanh\/ot1\/\">Kh\u1edfi Nguy\u00ean<\/a><\/td>\n<td><a style=\"color: #ff0000;\" href=\"https:\/\/mtb.online\/vn\/kinh-thanh\/nt1\/\">Ma-thi-\u01a1<\/a><\/td>\n<\/tr>\n<tr>\n<td>02<\/td>\n<td><a style=\"color: #0000ff;\" href=\"https:\/\/mtb.online\/vn\/kinh-thanh\/ot2\/\">Xu\u1ea5t H\u00e0nh<\/a><\/td>\n<td><a style=\"color: #ff0000;\" href=\"https:\/\/mtb.online\/vn\/kinh-thanh\/nt2\/\">M\u00e1c<\/a><\/td>\n<\/tr>\n<tr>\n<td>03<\/td>\n<td><a style=\"color: #0000ff;\" href=\"https:\/\/mtb.online\/vn\/kinh-thanh\/ot3\/\">L\u00ea-vi<\/a><\/td>\n<td><a style=\"color: #ff0000;\" href=\"https:\/\/mtb.online\/vn\/kinh-thanh\/nt3\/\">Lu-ca<\/a><\/td>\n<\/tr>\n<tr>\n<td>04<\/td>\n<td><a style=\"color: #0000ff;\" href=\"https:\/\/mtb.online\/vn\/kinh-thanh\/ot4\/\">D\u00e2n S\u1ed1<\/a><\/td>\n<td><a style=\"color: #ff0000;\" href=\"https:\/\/mtb.online\/vn\/kinh-thanh\/nt4\/\">Gi\u0103ng<\/a><\/td>\n<\/tr>\n<tr>\n<td>05<\/td>\n<td><a style=\"color: #0000ff;\" href=\"https:\/\/mtb.online\/vn\/kinh-thanh\/ot5\/\">Nh\u1ecb Lu\u1eadt<\/a><\/td>\n<td><a style=\"color: #ff0000;\" href=\"https:\/\/mtb.online\/vn\/kinh-thanh\/nt5\/\">C\u00f4ng V\u1ee5<\/a><\/td>\n<\/tr>\n<tr>\n<td>06<\/td>\n<td><a style=\"color: #0000ff;\" href=\"https:\/\/mtb.online\/vn\/kinh-thanh\/ot6\/\">Gi\u00f4-su\u00ea<\/a><\/td>\n<td><a style=\"color: #ff0000;\" href=\"https:\/\/mtb.online\/vn\/kinh-thanh\/nt6\/\">R\u00f4-ma<\/a><\/td>\n<\/tr>\n<tr>\n<td>07<\/td>\n<td><a style=\"color: #0000ff;\" href=\"https:\/\/mtb.online\/vn\/kinh-thanh\/ot7\/\">Th\u1ea9m Ph\u00e1n<\/a><\/td>\n<td><a style=\"color: #ff0000;\" href=\"https:\/\/mtb.online\/vn\/kinh-thanh\/nt7\/\">I C\u00f4-rinh-t\u00f4<\/a><\/td>\n<\/tr>\n<tr>\n<td>08<\/td>\n<td><a style=\"color: #0000ff;\" href=\"https:\/\/mtb.online\/vn\/kinh-thanh\/ot8\/\">Ru-t\u01a1<\/a><\/td>\n<td><a style=\"color: #ff0000;\" href=\"https:\/\/mtb.online\/vn\/kinh-thanh\/nt8\/\">II C\u00f4-rinh-t\u00f4<\/a><\/td>\n<\/tr>\n<tr>\n<td>09<\/td>\n<td><a style=\"color: #0000ff;\" href=\"https:\/\/mtb.online\/vn\/kinh-thanh\/ot9\/\">I Sa-mu-\u00ean<\/a><\/td>\n<td><a style=\"color: #ff0000;\" href=\"https:\/\/mtb.online\/vn\/kinh-thanh\/nt9\/\">Ga-la-ti<\/a><\/td>\n<\/tr>\n<tr>\n<td>10<\/td>\n<td><a style=\"color: #0000ff;\" href=\"https:\/\/mtb.online\/vn\/kinh-thanh\/ot10\/\">II Sa-mu-\u00ean<\/a><\/td>\n<td><a style=\"color: #ff0000;\" href=\"https:\/\/mtb.online\/vn\/kinh-thanh\/nt10\/\">\u00ca-ph\u00ea-s\u00f4<\/a><\/td>\n<\/tr>\n<tr>\n<td>11<\/td>\n<td><a style=\"color: #0000ff;\" href=\"https:\/\/mtb.online\/vn\/kinh-thanh\/ot11\/\">I C\u00e1c Vua<\/a><\/td>\n<td><a style=\"color: #ff0000;\" href=\"https:\/\/mtb.online\/vn\/kinh-thanh\/nt11\/\">Phi-l\u00edp<\/a><\/td>\n<\/tr>\n<tr>\n<td>12<\/td>\n<td><a style=\"color: #0000ff;\" href=\"https:\/\/mtb.online\/vn\/kinh-thanh\/ot12\/\">II C\u00e1c Vua<\/a><\/td>\n<td><a style=\"color: #ff0000;\" href=\"https:\/\/mtb.online\/vn\/kinh-thanh\/nt12\/\">C\u00f4-l\u00f4-se<\/a><\/td>\n<\/tr>\n<tr>\n<td>13<\/td>\n<td><a style=\"color: #0000ff;\" href=\"https:\/\/mtb.online\/vn\/kinh-thanh\/ot13\/\">I S\u1eed K\u00fd<\/a><\/td>\n<td><a style=\"color: #ff0000;\" href=\"https:\/\/mtb.online\/vn\/kinh-thanh\/nt13\/\">I T\u00ea-sa-l\u00f4-ni-ca<\/a><\/td>\n<\/tr>\n<tr>\n<td>14<\/td>\n<td><a style=\"color: #0000ff;\" href=\"https:\/\/mtb.online\/vn\/kinh-thanh\/ot14\/\">II S\u1eed K\u00fd<\/a><\/td>\n<td><a style=\"color: #ff0000;\" href=\"https:\/\/mtb.online\/vn\/kinh-thanh\/nt14\/\">II T\u00ea-sa-l\u00f4-ni-ca<\/a><\/td>\n<\/tr>\n<tr>\n<td>15<\/td>\n<td><a style=\"color: #0000ff;\" href=\"https:\/\/mtb.online\/vn\/kinh-thanh\/ot15\/\">\u00ca-x\u01a1-ra<\/a><\/td>\n<td><a style=\"color: #ff0000;\" href=\"https:\/\/mtb.online\/vn\/kinh-thanh\/nt15\/\">I Ti-m\u00f4-th\u00ea<\/a><\/td>\n<\/tr>\n<tr>\n<td>16<\/td>\n<td><a style=\"color: #0000ff;\" href=\"https:\/\/mtb.online\/vn\/kinh-thanh\/ot16\/\">N\u00ea-h\u00ea-mi<\/a><\/td>\n<td><a style=\"color: #ff0000;\" href=\"https:\/\/mtb.online\/vn\/kinh-thanh\/nt16\/\">II Ti-m\u00f4-th\u00ea<\/a><\/td>\n<\/tr>\n<tr>\n<td>17<\/td>\n<td><a style=\"color: #0000ff;\" href=\"https:\/\/mtb.online\/vn\/kinh-thanh\/ot17\/\">\u00ca-x\u01a1-t\u00ea<\/a><\/td>\n<td><a style=\"color: #ff0000;\" href=\"https:\/\/mtb.online\/vn\/kinh-thanh\/nt17\/\">T\u00edt<\/a><\/td>\n<\/tr>\n<tr>\n<td>18<\/td>\n<td><a style=\"color: #0000ff;\" href=\"https:\/\/mtb.online\/vn\/kinh-thanh\/ot18\/\">Gi\u00f3p<\/a><\/td>\n<td><a style=\"color: #ff0000;\" href=\"https:\/\/mtb.online\/vn\/kinh-thanh\/nt18\/\">Phi-l\u00ea-m\u00f4n<\/a><\/td>\n<\/tr>\n<tr>\n<td>19<\/td>\n<td><a style=\"color: #0000ff;\" href=\"https:\/\/mtb.online\/vn\/kinh-thanh\/ot19\/\">Thi Ca<\/a><\/td>\n<td><a style=\"color: #ff0000;\" href=\"https:\/\/mtb.online\/vn\/kinh-thanh\/nt19\/\">H\u00ea-b\u01a1-r\u01a1<\/a><\/td>\n<\/tr>\n<tr>\n<td>20<\/td>\n<td><a style=\"color: #0000ff;\" href=\"https:\/\/mtb.online\/vn\/kinh-thanh\/ot20\/\">Ch\u00e2m Ng\u00f4n<\/a><\/td>\n<td><a style=\"color: #ff0000;\" href=\"https:\/\/mtb.online\/vn\/kinh-thanh\/nt20\/\">Gia-c\u01a1<\/a><\/td>\n<\/tr>\n<tr>\n<td>21<\/td>\n<td><a style=\"color: #0000ff;\" href=\"https:\/\/mtb.online\/vn\/kinh-thanh\/ot21\/\">Truy\u1ec1n \u0110\u1ea1o<\/a><\/td>\n<td><a style=\"color: #ff0000;\" href=\"https:\/\/mtb.online\/vn\/kinh-thanh\/nt21\/\">I Phi-e-r\u01a1<\/a><\/td>\n<\/tr>\n<tr>\n<td>22<\/td>\n<td><a style=\"color: #0000ff;\" href=\"https:\/\/mtb.online\/vn\/kinh-thanh\/ot22\/\">Nh\u00e3 Ca<\/a><\/td>\n<td><a style=\"color: #ff0000;\" href=\"https:\/\/mtb.online\/vn\/kinh-thanh\/nt22\/\">II Phi-e-r\u01a1<\/a><\/td>\n<\/tr>\n<tr>\n<td>23<\/td>\n<td><a style=\"color: #0000ff;\" href=\"https:\/\/mtb.online\/vn\/kinh-thanh\/ot23\/\">\u00ca-sai<\/a><\/td>\n<td><a style=\"color: #ff0000;\" href=\"https:\/\/mtb.online\/vn\/kinh-thanh\/nt23\/\">I Gi\u0103ng<\/a><\/td>\n<\/tr>\n<tr>\n<td>24<\/td>\n<td><a style=\"color: #0000ff;\" href=\"https:\/\/mtb.online\/vn\/kinh-thanh\/ot24\/\">Gi\u00ea-r\u00ea-mi<\/a><\/td>\n<td><a style=\"color: #ff0000;\" href=\"https:\/\/mtb.online\/vn\/kinh-thanh\/nt24\/\">II Gi\u0103ng<\/a><\/td>\n<\/tr>\n<tr>\n<td>25<\/td>\n<td><a style=\"color: #0000ff;\" href=\"https:\/\/mtb.online\/vn\/kinh-thanh\/ot25\/\">Ca Th\u01b0\u01a1ng<\/a><\/td>\n<td><a style=\"color: #ff0000;\" href=\"https:\/\/mtb.online\/vn\/kinh-thanh\/nt25\/\">III Gi\u0103ng<\/a><\/td>\n<\/tr>\n<tr>\n<td>26<\/td>\n<td><a style=\"color: #0000ff;\" href=\"https:\/\/mtb.online\/vn\/kinh-thanh\/ot26\/\">\u00ca-x\u00ea-chi-\u00ean<\/a><\/td>\n<td><a style=\"color: #ff0000;\" href=\"https:\/\/mtb.online\/vn\/kinh-thanh\/nt26\/\">Giu-\u0111e<\/a><\/td>\n<\/tr>\n<tr>\n<td>27<\/td>\n<td><a style=\"color: #0000ff;\" href=\"https:\/\/mtb.online\/vn\/kinh-thanh\/ot27\/\">\u0110a-ni-\u00ean<\/a><\/td>\n<td><a style=\"color: #ff0000;\" href=\"https:\/\/mtb.online\/vn\/kinh-thanh\/nt27\/\">M\u1eb7c Kh\u1ea3i<\/a><\/td>\n<\/tr>\n<tr>\n<td>28<\/td>\n<td><a style=\"color: #0000ff;\" href=\"https:\/\/mtb.online\/vn\/kinh-thanh\/ot28\/\">\u00d4-s\u00ea<\/a><\/td>\n<td><\/td>\n<\/tr>\n<tr>\n<td>29<\/td>\n<td><a style=\"color: #0000ff;\" href=\"https:\/\/mtb.online\/vn\/kinh-thanh\/ot29\/\">Gi\u00f4-\u00ean<\/a><\/td>\n<td><\/td>\n<\/tr>\n<tr>\n<td>30<\/td>\n<td><a style=\"color: #0000ff;\" href=\"https:\/\/mtb.online\/vn\/kinh-thanh\/ot30\/\">A-m\u1ed1t<\/a><\/td>\n<td><\/td>\n<\/tr>\n<tr>\n<td>31<\/td>\n<td><a style=\"color: #0000ff;\" href=\"https:\/\/mtb.online\/vn\/kinh-thanh\/ot31\/\">\u00c1p-\u0111ia<\/a><\/td>\n<td><\/td>\n<\/tr>\n<tr>\n<td>32<\/td>\n<td><a style=\"color: #0000ff;\" href=\"https:\/\/mtb.online\/vn\/kinh-thanh\/ot32\/\">Gi\u00f4-na<\/a><\/td>\n<td><\/td>\n<\/tr>\n<tr>\n<td>33<\/td>\n<td><a style=\"color: #0000ff;\" href=\"https:\/\/mtb.online\/vn\/kinh-thanh\/ot33\/\">Mi-ch\u00ea<\/a><\/td>\n<td><\/td>\n<\/tr>\n<tr>\n<td>34<\/td>\n<td><a style=\"color: #0000ff;\" href=\"https:\/\/mtb.online\/vn\/kinh-thanh\/ot34\/\">Na-hum<\/a><\/td>\n<td><\/td>\n<\/tr>\n<tr>\n<td>35<\/td>\n<td><a style=\"color: #0000ff;\" href=\"https:\/\/mtb.online\/vn\/kinh-thanh\/ot35\/\">Ha-ba-c\u00fac<\/a><\/td>\n<td><\/td>\n<\/tr>\n<tr>\n<td>36<\/td>\n<td><a style=\"color: #0000ff;\" href=\"https:\/\/mtb.online\/vn\/kinh-thanh\/ot36\/\">S\u00f4-ph\u00f4-ni<\/a><\/td>\n<td><\/td>\n<\/tr>\n<tr>\n<td>37<\/td>\n<td><a style=\"color: #0000ff;\" href=\"https:\/\/mtb.online\/vn\/kinh-thanh\/ot37\/\">A-gh\u00ea<\/a><\/td>\n<td><\/td>\n<\/tr>\n<tr>\n<td>38<\/td>\n<td><a style=\"color: #0000ff;\" href=\"https:\/\/mtb.online\/vn\/kinh-thanh\/ot38\/\">Xa-cha-ri<\/a><\/td>\n<td><\/td>\n<\/tr>\n<tr>\n<td>39<\/td>\n<td><a style=\"color: #0000ff;\" href=\"https:\/\/mtb.online\/vn\/kinh-thanh\/ot39\/\">Ma-la-chi<\/a><\/td>\n<td><\/td>\n<\/tr>\n<\/tbody>\n<\/table>\n<\/div>\n<\/div>\n<p><i><span style=\"font-weight: 400;\">(Thi Ca c\u1ee7a A-s\u00e1p)<\/span><\/i><\/p>\n<p><span style=\"font-weight: 400;\">1 \u0110\u1ee9c Ch\u00faa Tr\u1eddi! C\u00e1c n\u01b0\u1edbc \u0111\u00e3 ti\u1ebfn v\u00e0o trong s\u1ea3n nghi\u1ec7p Ng\u00e0i,<\/span><\/p>\n<p><span style=\"font-weight: 400;\">L\u00e0m \u00f4 u\u1ebf \u0111\u1ec1n th\u00e1nh Ng\u00e0i;<\/span><\/p>\n<p><span style=\"font-weight: 400;\">L\u00e0m cho Gi\u00ea-ru-sa-lem th\u00e0nh \u0111\u1ed1ng \u0111\u1ed5 n\u00e1t.<\/span><\/p>\n<p><span style=\"font-weight: 400;\">2 Ch\u00fang \u0111\u00e3 ban th\u00e2y c\u00e1c \u0111\u1ea7y t\u1edb Ng\u00e0i<\/span><\/p>\n<p><span style=\"font-weight: 400;\">L\u00e0m th\u1ee9c \u0103n cho chim tr\u1eddi,<\/span><\/p>\n<p><span style=\"font-weight: 400;\">Th\u1ecbt c\u1ee7a c\u00e1c th\u00e1nh \u0111\u1ed3 Ng\u00e0i cho th\u00fa \u0111\u1ea5t.<\/span><\/p>\n<p><span style=\"font-weight: 400;\">3 Ch\u00fang \u0111\u00e3 \u0111\u1ed5 m\u00e1u h\u1ecd ra nh\u01b0 n\u01b0\u1edbc<\/span><\/p>\n<p><span style=\"font-weight: 400;\">Chung quanh Gi\u00ea-ru-sa-lem,<\/span><\/p>\n<p><span style=\"font-weight: 400;\">V\u00e0 kh\u00f4ng ng\u01b0\u1eddi ch\u00f4n c\u1ea5t.<\/span><\/p>\n<p><span style=\"font-weight: 400;\">4 Ch\u00fang con l\u00e0 \u0111i\u1ec1u s\u1ec9 nh\u1ee5c v\u1edbi nh\u1eefng l\u00e2n bang ch\u00fang con,<\/span><\/p>\n<p><span style=\"font-weight: 400;\">S\u1ef1 ch\u1ebf gi\u1ec5u v\u00e0 nh\u1ea1o b\u00e1ng v\u1edbi nh\u1eefng k\u1ebb chung quanh ch\u00fang con.<\/span><\/p>\n<p><span style=\"font-weight: 400;\">5 Cho \u0111\u1ebfn bao gi\u1edd, YHWH? Ng\u00e0i s\u1ebd gi\u1eadn m\u00e3i sao?<\/span><\/p>\n<p><span style=\"font-weight: 400;\">L\u00f2ng ghen tu\u00f4ng Ng\u00e0i s\u1ebd thi\u00eau nu\u1ed1t nh\u01b0 l\u1eeda sao?<\/span><\/p>\n<p><span style=\"font-weight: 400;\">6 H\u00e3y \u0111\u1ed5 c\u01a1n th\u1ecbnh n\u1ed9 Ng\u00e0i l\u00ean c\u00e1c d\u00e2n kh\u00f4ng nh\u1eadn bi\u1ebft Ng\u00e0i,<\/span><\/p>\n<p><span style=\"font-weight: 400;\">V\u00e0 l\u00ean c\u00e1c v\u01b0\u01a1ng qu\u1ed1c kh\u00f4ng k\u00eau c\u1ea7u danh Ng\u00e0i.<\/span><\/p>\n<p><span style=\"font-weight: 400;\">7 V\u00ec ch\u00fang \u0111\u00e3 \u0103n nu\u1ed1t Gia-c\u1ed1p,<\/span><\/p>\n<p><span style=\"font-weight: 400;\">V\u00e0 ph\u00e1 h\u1ee7y ch\u1ed7 \u1edf c\u1ee7a ng\u01b0\u1eddi.<\/span><\/p>\n<p><span style=\"font-weight: 400;\">8 \u0110\u1eebng nh\u1edb nh\u1eefng t\u1ed9i \u00e1c tr\u01b0\u1edbc c\u1ee7a ch\u00fang con,<\/span><\/p>\n<p><span style=\"font-weight: 400;\">S\u1ef1 th\u01b0\u01a1ng x\u00f3t Ng\u00e0i h\u00e3y mau \u0111\u00f3n ch\u00fang con,<\/span><\/p>\n<p><span style=\"font-weight: 400;\">V\u00ec ch\u00fang con b\u1ecb kh\u1ed5 nh\u1ee5c v\u00f4 c\u00f9ng.<\/span><\/p>\n<p><span style=\"font-weight: 400;\">9 H\u00e3y gi\u00fap \u0111\u1ee1 ch\u00fang con, v\u1ecb Th\u1ea7n c\u1ee7a s\u1ef1 c\u1ee9u r\u1ed7i ch\u00fang con,<\/span><\/p>\n<p><span style=\"font-weight: 400;\">V\u00ec vinh quang c\u1ee7a danh Ng\u00e0i,<\/span><\/p>\n<p><span style=\"font-weight: 400;\">V\u00e0 gi\u1ea3i c\u1ee9u ch\u00fang con, v\u00e0 \u0111\u1ec1n chu\u1ed9c tr\u00ean t\u1ed9i l\u1ed7i ch\u00fang con,<\/span><\/p>\n<p><span style=\"font-weight: 400;\">V\u00ec c\u1edb danh Ng\u00e0i.<\/span><\/p>\n<p><span style=\"font-weight: 400;\">10 Sao c\u00e1c d\u00e2n n\u00f3i: \u201c\u0110\u1ee9c Ch\u00faa Tr\u1eddi ch\u00fang n\u00f3 \u0111\u00e2u?\u201d<\/span><\/p>\n<p><span style=\"font-weight: 400;\">Ng\u00e0i h\u00e3y \u0111\u01b0\u1ee3c bi\u1ebft \u0111\u1ebfn gi\u1eefa c\u00e1c d\u00e2n tr\u01b0\u1edbc m\u1eaft ch\u00fang con:<\/span><\/p>\n<p><span style=\"font-weight: 400;\">V\u1edbi s\u1ef1 b\u00e1o th\u00f9 m\u00e1u c\u1ee7a c\u00e1c \u0111\u1ea7y t\u1edb Ng\u00e0i \u0111\u00e3 \u0111\u1ed5 ra.<\/span><\/p>\n<p><span style=\"font-weight: 400;\">11 Ti\u1ebfng r\u00ean xi\u1ebft c\u1ee7a t\u00f9 nh\u00e2n h\u00e3y l\u00ean \u0111\u1ebfn tr\u01b0\u1edbc m\u1eb7t Ng\u00e0i;<\/span><\/p>\n<p><span style=\"font-weight: 400;\">Theo c\u00e1nh tay v\u0129 \u0111\u1ea1i c\u1ee7a Ng\u00e0i,<\/span><\/p>\n<p><span style=\"font-weight: 400;\">H\u00e3y g\u00ecn gi\u1eef nh\u1eefng k\u1ebb ph\u1ea3i ch\u1ebft.<\/span><\/p>\n<p><span style=\"font-weight: 400;\">12 V\u00e0 tr\u1ea3 l\u1ea1i cho c\u00e1c l\u00e2n bang ch\u00fang con<\/span><\/p>\n<p><span style=\"font-weight: 400;\">B\u1ea3y l\u1ea7n s\u1ef1 s\u1ec9 nh\u1ee5c ch\u00fang v\u00e0o l\u00f2ng ch\u00fang,<\/span><\/p>\n<p><span style=\"font-weight: 400;\">M\u00e0 ch\u00fang \u0111\u00e3 s\u1ec9 nh\u1ee5c Ng\u00e0i, th\u01b0a Ch\u00faa.<\/span><\/p>\n<p><span style=\"font-weight: 400;\">13 C\u00f2n ch\u00fang con l\u00e0 d\u00e2n Ng\u00e0i,<\/span><\/p>\n<p><span style=\"font-weight: 400;\">V\u00e0 b\u1ea7y chi\u00ean c\u1ee7a \u0111\u1ed3ng c\u1ecf Ng\u00e0i,<\/span><\/p>\n<p><span style=\"font-weight: 400;\">Ch\u00fang con s\u1ebd ch\u00fac t\u1ea1 Ng\u00e0i m\u00e3i m\u00e3i;<\/span><\/p>\n<p><span style=\"font-weight: 400;\">Ch\u00fang con s\u1ebd thu\u1eadt l\u1ea1i s\u1ef1 ca ng\u1ee3i Ng\u00e0i \u0111\u1eddi \u0111\u1eddi.<\/span><\/p>\n<div class=\"previous\">\n<a href=\"https:\/\/mtb.online\/vn\/kinh-thanh\/ot19\/c78\/\"><\/p>\n<div class=\"flex\">\n<svg class=\"reader-arrow h-100 ma0 pa0\" width=\"24\" height=\"24\" viewBox=\"0 0 24 24\" version=\"1.1\" xmlns=\"http:\/\/www.w3.org\/2000\/svg\"><path transform=\"rotate(180, 12, 12)\" stroke=\"none\" stroke-width=\"0\" stroke-linecap=\"round\" stroke-linejoin=\"round\" stroke-miterlimit=\"10\" fill=\"#888888\" d=\"M 9.07,17.44 L 14.4,12.1 14.4,12.1 C 14.6,11.91 14.6,11.59 14.4,11.4 L 9.09,6.08 9.09,6.08 C 8.7,5.7 8.7,5.08 9.09,4.69 L 9.09,4.69 9.09,4.69 C 9.47,4.31 10.09,4.31 10.47,4.69 L 16.85,11.07 16.85,11.07 C 17.24,11.46 17.24,12.09 16.85,12.49 L 10.49,18.85 10.49,18.85 C 10.09,19.24 9.46,19.24 9.07,18.85 L 9.07,18.85 9.07,18.85 C 8.68,18.46 8.68,17.83 9.07,17.44 Z M 9.07,17.44\"><\/path><\/svg>\n<\/div>\n<p><\/a>\n<\/div>\n<div class=\"next\">\n<a href=\"https:\/\/mtb.online\/vn\/kinh-thanh\/ot19\/c80\/\"><\/p>\n<div class=\"flex\">\n<svg class=\"reader-arrow\" width=\"24\" height=\"24\" viewBox=\"0 0 24 24\" version=\"1.1\" xmlns=\"http:\/\/www.w3.org\/2000\/svg\"><path transform=\"rotate(0, 12, 12)\" stroke=\"none\" stroke-width=\"0\" stroke-linecap=\"round\" stroke-linejoin=\"round\" stroke-miterlimit=\"10\" fill=\"#888888\" d=\"M 9.07,17.44 L 14.4,12.1 14.4,12.1 C 14.6,11.91 14.6,11.59 14.4,11.4 L 9.09,6.08 9.09,6.08 C 8.7,5.7 8.7,5.08 9.09,4.69 L 9.09,4.69 9.09,4.69 C 9.47,4.31 10.09,4.31 10.47,4.69 L 16.85,11.07 16.85,11.07 C 17.24,11.46 17.24,12.09 16.85,12.49 L 10.49,18.85 10.49,18.85 C 10.09,19.24 9.46,19.24 9.07,18.85 L 9.07,18.85 9.07,18.85 C 8.68,18.46 8.68,17.83 9.07,17.44 Z M 9.07,17.44\"><\/path><\/svg>\n<\/div>\n<p><\/a>\n<\/div>\n","protected":false},"excerpt":{"rendered":"<p>[19] Thi Ca 79:1-13 STT C\u1ef1u \u01af\u1edbc T\u00e2n \u01af\u1edbc 01 Kh\u1edfi Nguy\u00ean Ma-thi-\u01a1 02 Xu\u1ea5t H\u00e0nh M\u00e1c 03 L\u00ea-vi Lu-ca 04 D\u00e2n S\u1ed1 Gi\u0103ng 05 Nh\u1ecb Lu\u1eadt C\u00f4ng V\u1ee5 06 Gi\u00f4-su\u00ea R\u00f4-ma 07 Th\u1ea9m Ph\u00e1n I C\u00f4-rinh-t\u00f4 08 Ru-t\u01a1 II C\u00f4-rinh-t\u00f4 09 I Sa-mu-\u00ean Ga-la-ti 10 II Sa-mu-\u00ean \u00ca-ph\u00ea-s\u00f4 11 I C\u00e1c Vua Phi-l\u00edp 12&#8230;<\/p>\n","protected":false},"author":1,"featured_media":0,"parent":3537,"menu_order":0,"comment_status":"closed","ping_status":"closed","template":"templates\/full-width.php","meta":{"_monsterinsights_skip_tracking":false,"_monsterinsights_sitenote_active":false,"_monsterinsights_sitenote_note":"","_monsterinsights_sitenote_category":0,"cybocfi_hide_featured_image":"","footnotes":""},"class_list":["post-5266","page","type-page","status-publish","hentry"],"yoast_head":"<!-- This site is optimized with the Yoast SEO plugin v27.2 - https:\/\/yoast.com\/product\/yoast-seo-wordpress\/ -->\n<title>Thi Ca - Ch\u01b0\u01a1ng 79 - Majority Text Bible<\/title>\n<meta name=\"robots\" content=\"index, follow, max-snippet:-1, max-image-preview:large, max-video-preview:-1\" \/>\n<link rel=\"canonical\" href=\"https:\/\/mtb.online\/vi\/kinh-thanh\/c79\/\" \/>\n<meta property=\"og:locale\" content=\"vi_VN\" \/>\n<meta property=\"og:type\" content=\"article\" \/>\n<meta property=\"og:title\" content=\"Thi Ca - Ch\u01b0\u01a1ng 79 - Majority Text Bible\" \/>\n<meta property=\"og:description\" content=\"[19] Thi Ca 79:1-13 STT C\u1ef1u \u01af\u1edbc T\u00e2n \u01af\u1edbc 01 Kh\u1edfi Nguy\u00ean Ma-thi-\u01a1 02 Xu\u1ea5t H\u00e0nh M\u00e1c 03 L\u00ea-vi Lu-ca 04 D\u00e2n S\u1ed1 Gi\u0103ng 05 Nh\u1ecb Lu\u1eadt C\u00f4ng V\u1ee5 06 Gi\u00f4-su\u00ea R\u00f4-ma 07 Th\u1ea9m Ph\u00e1n I C\u00f4-rinh-t\u00f4 08 Ru-t\u01a1 II C\u00f4-rinh-t\u00f4 09 I Sa-mu-\u00ean Ga-la-ti 10 II Sa-mu-\u00ean \u00ca-ph\u00ea-s\u00f4 11 I C\u00e1c Vua Phi-l\u00edp 12...\" \/>\n<meta property=\"og:url\" content=\"https:\/\/mtb.online\/vi\/kinh-thanh\/c79\/\" \/>\n<meta property=\"og:site_name\" content=\"Majority Text Bible\" \/>\n<meta property=\"article:modified_time\" content=\"2023-04-02T06:34:33+00:00\" \/>\n<meta name=\"twitter:card\" content=\"summary_large_image\" \/>\n<meta name=\"twitter:label1\" content=\"\u01af\u1edbc t\u00ednh th\u1eddi gian \u0111\u1ecdc\" \/>\n\t<meta name=\"twitter:data1\" content=\"3 ph\u00fat\" \/>\n<script type=\"application\/ld+json\" class=\"yoast-schema-graph\">{\"@context\":\"https:\/\/schema.org\",\"@graph\":[{\"@type\":\"WebPage\",\"@id\":\"https:\/\/mtb.online\/kinh-thanh\/c79\/\",\"url\":\"https:\/\/mtb.online\/kinh-thanh\/c79\/\",\"name\":\"Thi Ca - Ch\u01b0\u01a1ng 79 - Majority Text Bible\",\"isPartOf\":{\"@id\":\"https:\/\/mtb.online\/en\/#website\"},\"datePublished\":\"2020-11-22T18:12:56+00:00\",\"dateModified\":\"2023-04-02T06:34:33+00:00\",\"breadcrumb\":{\"@id\":\"https:\/\/mtb.online\/kinh-thanh\/c79\/#breadcrumb\"},\"inLanguage\":\"vi\",\"potentialAction\":[{\"@type\":\"ReadAction\",\"target\":[\"https:\/\/mtb.online\/kinh-thanh\/c79\/\"]}]},{\"@type\":\"BreadcrumbList\",\"@id\":\"https:\/\/mtb.online\/kinh-thanh\/c79\/#breadcrumb\",\"itemListElement\":[{\"@type\":\"ListItem\",\"position\":1,\"name\":\"Home\",\"item\":\"https:\/\/mtb.online\/en\/\"},{\"@type\":\"ListItem\",\"position\":2,\"name\":\"Kinh Th\u00e1nh \u0110a S\u1ed1 Vi\u1ec7t Ng\u1eef (VMTB)\",\"item\":\"https:\/\/mtb.online\/en\/kinh-thanh\/\"},{\"@type\":\"ListItem\",\"position\":3,\"name\":\"Thi Ca &#8211; Ch\u01b0\u01a1ng 79\"}]},{\"@type\":\"WebSite\",\"@id\":\"https:\/\/mtb.online\/en\/#website\",\"url\":\"https:\/\/mtb.online\/en\/\",\"name\":\"Majority Text Bible\",\"description\":\"\",\"publisher\":{\"@id\":\"https:\/\/mtb.online\/en\/#organization\"},\"potentialAction\":[{\"@type\":\"SearchAction\",\"target\":{\"@type\":\"EntryPoint\",\"urlTemplate\":\"https:\/\/mtb.online\/en\/?s={search_term_string}\"},\"query-input\":{\"@type\":\"PropertyValueSpecification\",\"valueRequired\":true,\"valueName\":\"search_term_string\"}}],\"inLanguage\":\"vi\"},{\"@type\":\"Organization\",\"@id\":\"https:\/\/mtb.online\/en\/#organization\",\"name\":\"Majority Text Bible\",\"url\":\"https:\/\/mtb.online\/en\/\",\"logo\":{\"@type\":\"ImageObject\",\"inLanguage\":\"vi\",\"@id\":\"https:\/\/mtb.online\/en\/#\/schema\/logo\/image\/\",\"url\":\"http:\/\/hangtotgiare.com\/wp-content\/uploads\/2021\/11\/logo-251x189-large.png\",\"contentUrl\":\"http:\/\/hangtotgiare.com\/wp-content\/uploads\/2021\/11\/logo-251x189-large.png\",\"width\":888,\"height\":669,\"caption\":\"Majority Text Bible\"},\"image\":{\"@id\":\"https:\/\/mtb.online\/en\/#\/schema\/logo\/image\/\"}}]}<\/script>\n<!-- \/ Yoast SEO plugin. -->","yoast_head_json":{"title":"Thi Ca - Ch\u01b0\u01a1ng 79 - Majority Text Bible","robots":{"index":"index","follow":"follow","max-snippet":"max-snippet:-1","max-image-preview":"max-image-preview:large","max-video-preview":"max-video-preview:-1"},"canonical":"https:\/\/mtb.online\/vi\/kinh-thanh\/c79\/","og_locale":"vi_VN","og_type":"article","og_title":"Thi Ca - Ch\u01b0\u01a1ng 79 - Majority Text Bible","og_description":"[19] Thi Ca 79:1-13 STT C\u1ef1u \u01af\u1edbc T\u00e2n \u01af\u1edbc 01 Kh\u1edfi Nguy\u00ean Ma-thi-\u01a1 02 Xu\u1ea5t H\u00e0nh M\u00e1c 03 L\u00ea-vi Lu-ca 04 D\u00e2n S\u1ed1 Gi\u0103ng 05 Nh\u1ecb Lu\u1eadt C\u00f4ng V\u1ee5 06 Gi\u00f4-su\u00ea R\u00f4-ma 07 Th\u1ea9m Ph\u00e1n I C\u00f4-rinh-t\u00f4 08 Ru-t\u01a1 II C\u00f4-rinh-t\u00f4 09 I Sa-mu-\u00ean Ga-la-ti 10 II Sa-mu-\u00ean \u00ca-ph\u00ea-s\u00f4 11 I C\u00e1c Vua Phi-l\u00edp 12...","og_url":"https:\/\/mtb.online\/vi\/kinh-thanh\/c79\/","og_site_name":"Majority Text Bible","article_modified_time":"2023-04-02T06:34:33+00:00","twitter_card":"summary_large_image","twitter_misc":{"\u01af\u1edbc t\u00ednh th\u1eddi gian \u0111\u1ecdc":"3 ph\u00fat"},"schema":{"@context":"https:\/\/schema.org","@graph":[{"@type":"WebPage","@id":"https:\/\/mtb.online\/kinh-thanh\/c79\/","url":"https:\/\/mtb.online\/kinh-thanh\/c79\/","name":"Thi Ca - Ch\u01b0\u01a1ng 79 - Majority Text Bible","isPartOf":{"@id":"https:\/\/mtb.online\/en\/#website"},"datePublished":"2020-11-22T18:12:56+00:00","dateModified":"2023-04-02T06:34:33+00:00","breadcrumb":{"@id":"https:\/\/mtb.online\/kinh-thanh\/c79\/#breadcrumb"},"inLanguage":"vi","potentialAction":[{"@type":"ReadAction","target":["https:\/\/mtb.online\/kinh-thanh\/c79\/"]}]},{"@type":"BreadcrumbList","@id":"https:\/\/mtb.online\/kinh-thanh\/c79\/#breadcrumb","itemListElement":[{"@type":"ListItem","position":1,"name":"Home","item":"https:\/\/mtb.online\/en\/"},{"@type":"ListItem","position":2,"name":"Kinh Th\u00e1nh \u0110a S\u1ed1 Vi\u1ec7t Ng\u1eef (VMTB)","item":"https:\/\/mtb.online\/en\/kinh-thanh\/"},{"@type":"ListItem","position":3,"name":"Thi Ca &#8211; Ch\u01b0\u01a1ng 79"}]},{"@type":"WebSite","@id":"https:\/\/mtb.online\/en\/#website","url":"https:\/\/mtb.online\/en\/","name":"Kinh Th\u00e1nh \u0110a S\u1ed1","description":"","publisher":{"@id":"https:\/\/mtb.online\/en\/#organization"},"potentialAction":[{"@type":"SearchAction","target":{"@type":"EntryPoint","urlTemplate":"https:\/\/mtb.online\/en\/?s={search_term_string}"},"query-input":{"@type":"PropertyValueSpecification","valueRequired":true,"valueName":"search_term_string"}}],"inLanguage":"vi"},{"@type":"Organization","@id":"https:\/\/mtb.online\/en\/#organization","name":"Kinh Th\u00e1nh \u0110a S\u1ed1","url":"https:\/\/mtb.online\/en\/","logo":{"@type":"ImageObject","inLanguage":"vi","@id":"https:\/\/mtb.online\/en\/#\/schema\/logo\/image\/","url":"http:\/\/hangtotgiare.com\/wp-content\/uploads\/2021\/11\/logo-251x189-large.png","contentUrl":"http:\/\/hangtotgiare.com\/wp-content\/uploads\/2021\/11\/logo-251x189-large.png","width":888,"height":669,"caption":"Majority Text Bible"},"image":{"@id":"https:\/\/mtb.online\/en\/#\/schema\/logo\/image\/"}}]}},"_links":{"self":[{"href":"http:\/\/mtb.online\/vi\/wp-json\/wp\/v2\/pages\/5266","targetHints":{"allow":["GET"]}}],"collection":[{"href":"http:\/\/mtb.online\/vi\/wp-json\/wp\/v2\/pages"}],"about":[{"href":"http:\/\/mtb.online\/vi\/wp-json\/wp\/v2\/types\/page"}],"author":[{"embeddable":true,"href":"http:\/\/mtb.online\/vi\/wp-json\/wp\/v2\/users\/1"}],"replies":[{"embeddable":true,"href":"http:\/\/mtb.online\/vi\/wp-json\/wp\/v2\/comments?post=5266"}],"version-history":[{"count":3,"href":"http:\/\/mtb.online\/vi\/wp-json\/wp\/v2\/pages\/5266\/revisions"}],"predecessor-version":[{"id":13548,"href":"http:\/\/mtb.online\/vi\/wp-json\/wp\/v2\/pages\/5266\/revisions\/13548"}],"up":[{"embeddable":true,"href":"http:\/\/mtb.online\/vi\/wp-json\/wp\/v2\/pages\/3537"}],"wp:attachment":[{"href":"http:\/\/mtb.online\/vi\/wp-json\/wp\/v2\/media?parent=5266"}],"curies":[{"name":"wp","href":"https:\/\/api.w.org\/{rel}","templated":true}]}}