{"id":16459,"date":"2023-07-06T18:26:00","date_gmt":"2023-07-06T11:26:00","guid":{"rendered":"https:\/\/hangtotgiare.com\/?page_id=16459"},"modified":"2023-07-06T18:26:00","modified_gmt":"2023-07-06T11:26:00","slug":"c22","status":"publish","type":"page","link":"http:\/\/mtb.online\/vi\/bible\/ot26\/c22\/","title":{"rendered":"\u00ca-x\u00ea-chi-\u00ean \u2013 Ch\u01b0\u01a1ng 22"},"content":{"rendered":"<div class=\"dropdown\">\n<p><button onclick=\"myFunction()\" class=\"dropbtn\"><strong><span style=\"color: #0000ff;\">[26] Ezekiel 22:1-31<\/span><\/strong><\/button><\/p>\n<div id=\"myDropdown\" class=\"dropdown-content\">\n<table>\n<tbody>\n<tr>\n<th><strong>No.<\/strong><\/th>\n<th style=\"color: #0000ff;\"><strong>Old Testament<\/strong><\/th>\n<th style=\"color: #ff0000;\"><strong>New Testament<\/strong><\/th>\n<\/tr>\n<tr>\n<td>01<\/td>\n<td><a style=\"color: #0000ff;\" href=\"https:\/\/mtb.online\/bible\/ot1\/\">Genesis<\/a><\/td>\n<td><a style=\"color: #ff0000;\" href=\"https:\/\/mtb.online\/bible\/nt1\/\">Matthew<\/a><\/td>\n<\/tr>\n<tr>\n<td>02<\/td>\n<td><a style=\"color: #0000ff;\" href=\"https:\/\/mtb.online\/bible\/ot2\/\">Exodus<\/a><\/td>\n<td><a style=\"color: #ff0000;\" href=\"https:\/\/mtb.online\/bible\/nt2\/\">Mark<\/a><\/td>\n<\/tr>\n<tr>\n<td>03<\/td>\n<td><a style=\"color: #0000ff;\" href=\"https:\/\/mtb.online\/bible\/ot3\/\">Leviticus<\/a><\/td>\n<td><a style=\"color: #ff0000;\" href=\"https:\/\/mtb.online\/bible\/nt3\/\">Luke<\/a><\/td>\n<\/tr>\n<tr>\n<td>04<\/td>\n<td><a style=\"color: #0000ff;\" href=\"https:\/\/mtb.online\/bible\/ot4\/\">Numbers<\/a><\/td>\n<td><a style=\"color: #ff0000;\" href=\"https:\/\/mtb.online\/bible\/nt4\/\">John<\/a><\/td>\n<\/tr>\n<tr>\n<td>05<\/td>\n<td><a style=\"color: #0000ff;\" href=\"https:\/\/mtb.online\/bible\/ot5\/\">Deuteronomy<\/a><\/td>\n<td><a style=\"color: #ff0000;\" href=\"https:\/\/mtb.online\/bible\/nt5\/\">Acts<\/a><\/td>\n<\/tr>\n<tr>\n<td>06<\/td>\n<td><a style=\"color: #0000ff;\" href=\"https:\/\/mtb.online\/bible\/ot6\/\">Joshua<\/a><\/td>\n<td><a style=\"color: #ff0000;\" href=\"https:\/\/mtb.online\/bible\/nt6\/\">Romans<\/a><\/td>\n<\/tr>\n<tr>\n<td>07<\/td>\n<td><a style=\"color: #0000ff;\" href=\"https:\/\/mtb.online\/bible\/ot7\/\">Judges<\/a><\/td>\n<td><a style=\"color: #ff0000;\" href=\"https:\/\/mtb.online\/bible\/nt7\/\">I Corinthians<\/a><\/td>\n<\/tr>\n<tr>\n<td>08<\/td>\n<td><a style=\"color: #0000ff;\" href=\"https:\/\/mtb.online\/bible\/ot8\/\">Ruth<\/a><\/td>\n<td><a style=\"color: #ff0000;\" href=\"https:\/\/mtb.online\/bible\/nt8\/\">II Corinthians<\/a><\/td>\n<\/tr>\n<tr>\n<td>09<\/td>\n<td><a style=\"color: #0000ff;\" href=\"https:\/\/mtb.online\/bible\/ot9\/\">I Samuel<\/a><\/td>\n<td><a style=\"color: #ff0000;\" href=\"https:\/\/mtb.online\/bible\/nt9\/\">Galatians<\/a><\/td>\n<\/tr>\n<tr>\n<td>10<\/td>\n<td><a style=\"color: #0000ff;\" href=\"https:\/\/mtb.online\/bible\/ot10\/\">II Samuel<\/a><\/td>\n<td><a style=\"color: #ff0000;\" href=\"https:\/\/mtb.online\/bible\/nt10\/\">Ephesians<\/a><\/td>\n<\/tr>\n<tr>\n<td>11<\/td>\n<td><a style=\"color: #0000ff;\" href=\"https:\/\/mtb.online\/bible\/ot11\/\">I Kings<\/a><\/td>\n<td><a style=\"color: #ff0000;\" href=\"https:\/\/mtb.online\/bible\/nt11\/\">Philippians<\/a><\/td>\n<\/tr>\n<tr>\n<td>12<\/td>\n<td><a style=\"color: #0000ff;\" href=\"https:\/\/mtb.online\/bible\/ot12\/\">II Kings<\/a><\/td>\n<td><a style=\"color: #ff0000;\" href=\"https:\/\/mtb.online\/bible\/nt12\/\">Colossians<\/a><\/td>\n<\/tr>\n<tr>\n<td>13<\/td>\n<td><a style=\"color: #0000ff;\" href=\"https:\/\/mtb.online\/bible\/ot13\/\">I Chronicles<\/a><\/td>\n<td><a style=\"color: #ff0000;\" href=\"https:\/\/mtb.online\/bible\/nt13\/\">I Thessalonians<\/a><\/td>\n<\/tr>\n<tr>\n<td>14<\/td>\n<td><a style=\"color: #0000ff;\" href=\"https:\/\/mtb.online\/bible\/ot14\/\">II Chronicles<\/a><\/td>\n<td><a style=\"color: #ff0000;\" href=\"https:\/\/mtb.online\/bible\/nt14\/\">II Thessalonians<\/a><\/td>\n<\/tr>\n<tr>\n<td>15<\/td>\n<td><a style=\"color: #0000ff;\" href=\"https:\/\/mtb.online\/bible\/ot15\/\">Ezra<\/a><\/td>\n<td><a style=\"color: #ff0000;\" href=\"https:\/\/mtb.online\/bible\/nt15\/\">I Timothy<\/a><\/td>\n<\/tr>\n<tr>\n<td>16<\/td>\n<td><a style=\"color: #0000ff;\" href=\"https:\/\/mtb.online\/bible\/ot16\/\">Nehemiah<\/a><\/td>\n<td><a style=\"color: #ff0000;\" href=\"https:\/\/mtb.online\/bible\/nt16\/\">II Timothy<\/a><\/td>\n<\/tr>\n<tr>\n<td>17<\/td>\n<td><a style=\"color: #0000ff;\" href=\"https:\/\/mtb.online\/bible\/ot17\/\">Esther<\/a><\/td>\n<td><a style=\"color: #ff0000;\" href=\"https:\/\/mtb.online\/bible\/nt17\/\">Titus<\/a><\/td>\n<\/tr>\n<tr>\n<td>18<\/td>\n<td><a style=\"color: #0000ff;\" href=\"https:\/\/mtb.online\/bible\/ot18\/\">Job<\/a><\/td>\n<td><a style=\"color: #ff0000;\" href=\"https:\/\/mtb.online\/bible\/nt18\/\">Philemon<\/a><\/td>\n<\/tr>\n<tr>\n<td>19<\/td>\n<td><a style=\"color: #0000ff;\" href=\"https:\/\/mtb.online\/bible\/ot19\/\">Psalm<\/a><\/td>\n<td><a style=\"color: #ff0000;\" href=\"https:\/\/mtb.online\/bible\/nt19\/\">Hebrews<\/a><\/td>\n<\/tr>\n<tr>\n<td>20<\/td>\n<td><a style=\"color: #0000ff;\" href=\"https:\/\/mtb.online\/bible\/ot20\/\">Proverbs<\/a><\/td>\n<td><a style=\"color: #ff0000;\" href=\"https:\/\/mtb.online\/bible\/nt20\/\">James<\/a><\/td>\n<\/tr>\n<tr>\n<td>21<\/td>\n<td><a style=\"color: #0000ff;\" href=\"https:\/\/mtb.online\/bible\/ot21\/\">Ecclesiastes<\/a><\/td>\n<td><a style=\"color: #ff0000;\" href=\"https:\/\/mtb.online\/bible\/nt21\/\">I Peter<\/a><\/td>\n<\/tr>\n<tr>\n<td>22<\/td>\n<td><a style=\"color: #0000ff;\" href=\"https:\/\/mtb.online\/bible\/ot22\/\">Song of Solomon<\/a><\/td>\n<td><a style=\"color: #ff0000;\" href=\"https:\/\/mtb.online\/bible\/nt22\/\">II Peter<\/a><\/td>\n<\/tr>\n<tr>\n<td>23<\/td>\n<td><a style=\"color: #0000ff;\" href=\"https:\/\/mtb.online\/bible\/ot23\/\">Isaiah<\/a><\/td>\n<td><a style=\"color: #ff0000;\" href=\"https:\/\/mtb.online\/bible\/nt23\/\">I John<\/a><\/td>\n<\/tr>\n<tr>\n<td>24<\/td>\n<td><a style=\"color: #0000ff;\" href=\"https:\/\/mtb.online\/bible\/ot24\/\">Jeremiah<\/a><\/td>\n<td><a style=\"color: #ff0000;\" href=\"https:\/\/mtb.online\/bible\/nt24\/\">II John<\/a><\/td>\n<\/tr>\n<tr>\n<td>25<\/td>\n<td><a style=\"color: #0000ff;\" href=\"https:\/\/mtb.online\/bible\/ot25\/\">Lamentations<\/a><\/td>\n<td><a style=\"color: #ff0000;\" href=\"https:\/\/mtb.online\/bible\/nt25\/\">III John<\/a><\/td>\n<\/tr>\n<tr>\n<td>26<\/td>\n<td><a style=\"color: #0000ff;\" href=\"https:\/\/mtb.online\/bible\/ot26\/\">Ezekiel<\/a><\/td>\n<td><a style=\"color: #ff0000;\" href=\"https:\/\/mtb.online\/bible\/nt26\/\">Jude<\/a><\/td>\n<\/tr>\n<tr>\n<td>27<\/td>\n<td><a style=\"color: #0000ff;\" href=\"https:\/\/mtb.online\/bible\/ot27\/\">Daniel<\/a><\/td>\n<td><a style=\"color: #ff0000;\" href=\"https:\/\/mtb.online\/bible\/nt27\/\">Revelation<\/a><\/td>\n<\/tr>\n<tr>\n<td>28<\/td>\n<td><a style=\"color: #0000ff;\" href=\"https:\/\/mtb.online\/bible\/ot28\/\">Hosea<\/a><\/td>\n<td><\/td>\n<\/tr>\n<tr>\n<td>29<\/td>\n<td><a style=\"color: #0000ff;\" href=\"https:\/\/mtb.online\/bible\/ot29\/\">Joel<\/a><\/td>\n<td><\/td>\n<\/tr>\n<tr>\n<td>30<\/td>\n<td><a style=\"color: #0000ff;\" href=\"https:\/\/mtb.online\/bible\/ot30\/\">Amos<\/a><\/td>\n<td><\/td>\n<\/tr>\n<tr>\n<td>31<\/td>\n<td><a style=\"color: #0000ff;\" href=\"https:\/\/mtb.online\/bible\/ot31\/\">Obadiah<\/a><\/td>\n<td><\/td>\n<\/tr>\n<tr>\n<td>32<\/td>\n<td><a style=\"color: #0000ff;\" href=\"https:\/\/mtb.online\/bible\/ot32\/\">Jonah<\/a><\/td>\n<td><\/td>\n<\/tr>\n<tr>\n<td>33<\/td>\n<td><a style=\"color: #0000ff;\" href=\"https:\/\/mtb.online\/bible\/ot33\/\">Micah<\/a><\/td>\n<td><\/td>\n<\/tr>\n<tr>\n<td>34<\/td>\n<td><a style=\"color: #0000ff;\" href=\"https:\/\/mtb.online\/bible\/ot34\/\">Nahum<\/a><\/td>\n<td><\/td>\n<\/tr>\n<tr>\n<td>35<\/td>\n<td><a style=\"color: #0000ff;\" href=\"https:\/\/mtb.online\/bible\/ot35\/\">Habakkuk<\/a><\/td>\n<td><\/td>\n<\/tr>\n<tr>\n<td>36<\/td>\n<td><a style=\"color: #0000ff;\" href=\"https:\/\/mtb.online\/bible\/ot36\/\">Zephaniah<\/a><\/td>\n<td><\/td>\n<\/tr>\n<tr>\n<td>37<\/td>\n<td><a style=\"color: #0000ff;\" href=\"https:\/\/mtb.online\/bible\/ot37\/\">Haggai<\/a><\/td>\n<td><\/td>\n<\/tr>\n<tr>\n<td>38<\/td>\n<td><a style=\"color: #0000ff;\" href=\"https:\/\/mtb.online\/bible\/ot38\/\">Zechariah<\/a><\/td>\n<td><\/td>\n<\/tr>\n<tr>\n<td>39<\/td>\n<td><a style=\"color: #0000ff;\" href=\"https:\/\/mtb.online\/bible\/ot39\/\">Malachi<\/a><\/td>\n<td><\/td>\n<\/tr>\n<\/tbody>\n<\/table>\n<\/div>\n<\/div>\n<p>1 Moreover the word of the Lord came unto me, saying,<\/p>\n<p>2 Now, thou son of man, wilt thou judge, wilt thou judge the bloody city? yea, thou shalt shew her all her abominations.<\/p>\n<p>3 Then say thou, Thus saith the Lord God, The city sheddeth blood in the midst of it, that her time may come, and maketh idols against herself to defile herself.<\/p>\n<p>4 Thou art become guilty in thy blood that thou hast shed; and hast defiled thyself in thine idols which thou hast made; and thou hast caused thy days to draw near, and art come even unto thy years: therefore have I made thee a reproach unto the heathen, and a mocking to all countries.<\/p>\n<p>5 Those that be near, and those that be far from thee, shall mock thee, which art infamous and much vexed.<\/p>\n<p>6 Behold, the princes of Israel, every one were in thee to their power to shed blood.<\/p>\n<p>7 In thee have they set light by father and mother: in the midst of thee have they dealt by oppression with the stranger: in thee have they vexed the fatherless and the widow.<\/p>\n<p>8 Thou hast despised mine holy things, and hast profaned my sabbaths.<\/p>\n<p>9 In thee are men that carry tales to shed blood: and in thee they eat upon the mountains: in the midst of thee they commit lewdness.<\/p>\n<p>10 In thee have they discovered their fathers&#8217; nakedness: in thee have they humbled her that was set apart for pollution.<\/p>\n<p>11 And one hath committed abomination with his neighbour&#8217;s wife; and another hath lewdly defiled his daughter in law; and another in thee hath humbled his sister, his father&#8217;s daughter.<\/p>\n<p>12 In thee have they taken gifts to shed blood; thou hast taken usury and increase, and thou hast greedily gained of thy neighbours by extortion, and hast forgotten me, saith the Lord God.<\/p>\n<p>13 Behold, therefore I have smitten mine hand at thy dishonest gain which thou hast made, and at thy blood which hath been in the midst of thee.<\/p>\n<p>14 Can thine heart endure, or can thine hands be strong, in the days that I shall deal with thee? I the Lord have spoken it, and will do it.<\/p>\n<p>15 And I will scatter thee among the heathen, and disperse thee in the countries, and will consume thy filthiness out of thee.<\/p>\n<p>16 And thou shalt take thine inheritance in thyself (*) in the sight of the heathen, and thou shalt know that I am the Lord.<\/p>\n<p>(*) Before that they took their inheritance in the Lord. This verse means they will receive their just punishment: the exile.<\/p>\n<p>17 And the word of the Lord came unto me, saying,<\/p>\n<p>18 Son of man, the house of Israel is to me become dross: all they are brass, and tin, and iron, and lead, in the midst of the furnace; they are even the dross of silver.<\/p>\n<p>19 Therefore thus saith the Lord God; Because ye are all become dross, behold, therefore I will gather you into the midst of Jerusalem.<\/p>\n<p>20 As they gather silver, and brass, and iron, and lead, and tin, into the midst of the furnace, to blow the fire upon it, to melt it; so will I gather you in mine anger and in my fury, and I will leave you there, and melt you.<\/p>\n<p>21 Yea, I will gather you, and blow upon you in the fire of my wrath, and ye shall be melted in the midst therof.<\/p>\n<p>22 As silver is melted in the midst of the furnace, so shall ye be melted in the midst thereof; and ye shall know that I the Lord have poured out my fury upon you.<\/p>\n<p>23 And the word of the Lord came unto me, saying,<\/p>\n<p>24 Son of man, say unto her, Thou art the land that is not cleansed, nor rained upon in the day of indignation.<\/p>\n<p>25 There is a conspiracy of her prophets in the midst thereof, like a roaring lion ravening the prey; they have devoured souls; they have taken the treasure and precious things; they have made her many widows in the midst thereof.<\/p>\n<p>26 Her priests have violated my law, and have profaned mine holy things: they have put no difference between the holy and profane, neither have they shewed difference between the unclean and the clean, and have hid their eyes from my sabbaths, and I am profaned among them.<\/p>\n<p>27 Her princes in the midst thereof are like wolves ravening the prey, to shed blood, and to destroy souls, to get dishonest gain.<\/p>\n<p>28 And her prophets have daubed them with untempered morter, seeing vanity, and divining lies unto them, saying, Thus saith the Lord God, when the Lord hath not spoken.<\/p>\n<p>29 The people of the land have used oppression, and exercised robbery, and have vexed the poor and needy: yea, they have oppressed the stranger wrongfully.<\/p>\n<p>30 And I sought for a man among them, that should make up the hedge, and stand in the gap before me for the land, that I should not destroy it: but I found none.<\/p>\n<p>31 Therefore have I poured out mine indignation upon them; I have consumed them with the fire of my wrath: their own way have I recompensed upon their heads, saith the Lord God.<\/p>\n<div class=\"previous\">\n<a href=\"https:\/\/mtb.online\/bible\/ot26\/c21\/\"><\/p>\n<div class=\"flex\">\n<svg class=\"reader-arrow h-100 ma0 pa0\" width=\"24\" height=\"24\" viewBox=\"0 0 24 24\" version=\"1.1\" xmlns=\"http:\/\/www.w3.org\/2000\/svg\"><path transform=\"rotate(180, 12, 12)\" stroke=\"none\" stroke-width=\"0\" stroke-linecap=\"round\" stroke-linejoin=\"round\" stroke-miterlimit=\"10\" fill=\"#888888\" d=\"M 9.07,17.44 L 14.4,12.1 14.4,12.1 C 14.6,11.91 14.6,11.59 14.4,11.4 L 9.09,6.08 9.09,6.08 C 8.7,5.7 8.7,5.08 9.09,4.69 L 9.09,4.69 9.09,4.69 C 9.47,4.31 10.09,4.31 10.47,4.69 L 16.85,11.07 16.85,11.07 C 17.24,11.46 17.24,12.09 16.85,12.49 L 10.49,18.85 10.49,18.85 C 10.09,19.24 9.46,19.24 9.07,18.85 L 9.07,18.85 9.07,18.85 C 8.68,18.46 8.68,17.83 9.07,17.44 Z M 9.07,17.44\"><\/path><\/svg>\n<\/div>\n<p><\/a>\n<\/div>\n<div class=\"next\">\n<a href=\"https:\/\/mtb.online\/bible\/ot26\/c23\/\"><\/p>\n<div class=\"flex\">\n<svg class=\"reader-arrow\" width=\"24\" height=\"24\" viewBox=\"0 0 24 24\" version=\"1.1\" xmlns=\"http:\/\/www.w3.org\/2000\/svg\"><path transform=\"rotate(0, 12, 12)\" stroke=\"none\" stroke-width=\"0\" stroke-linecap=\"round\" stroke-linejoin=\"round\" stroke-miterlimit=\"10\" fill=\"#888888\" d=\"M 9.07,17.44 L 14.4,12.1 14.4,12.1 C 14.6,11.91 14.6,11.59 14.4,11.4 L 9.09,6.08 9.09,6.08 C 8.7,5.7 8.7,5.08 9.09,4.69 L 9.09,4.69 9.09,4.69 C 9.47,4.31 10.09,4.31 10.47,4.69 L 16.85,11.07 16.85,11.07 C 17.24,11.46 17.24,12.09 16.85,12.49 L 10.49,18.85 10.49,18.85 C 10.09,19.24 9.46,19.24 9.07,18.85 L 9.07,18.85 9.07,18.85 C 8.68,18.46 8.68,17.83 9.07,17.44 Z M 9.07,17.44\"><\/path><\/svg>\n<\/div>\n<p><\/a>\n<\/div>\n","protected":false},"excerpt":{"rendered":"<p>[26] Ezekiel 22:1-31 No. Old Testament New Testament 01 Genesis Matthew 02 Exodus Mark 03 Leviticus Luke 04 Numbers John 05 Deuteronomy Acts 06 Joshua Romans 07 Judges I Corinthians 08 Ruth II Corinthians 09 I Samuel Galatians 10 II Samuel Ephesians 11 I Kings Philippians 12 II Kings Colossians 13 I Chronicles I Thessalonians&#8230;<\/p>\n","protected":false},"author":1,"featured_media":0,"parent":13832,"menu_order":0,"comment_status":"closed","ping_status":"closed","template":"templates\/full-width.php","meta":{"_monsterinsights_skip_tracking":false,"_monsterinsights_sitenote_active":false,"_monsterinsights_sitenote_note":"","_monsterinsights_sitenote_category":0,"cybocfi_hide_featured_image":"","footnotes":""},"class_list":["post-16459","page","type-page","status-publish","hentry"],"yoast_head":"<!-- This site is optimized with the Yoast SEO plugin v27.2 - https:\/\/yoast.com\/product\/yoast-seo-wordpress\/ -->\n<title>Ezekiel - Chapter 22 - Majority Text Bible<\/title>\n<meta name=\"robots\" content=\"index, follow, max-snippet:-1, max-image-preview:large, max-video-preview:-1\" \/>\n<link rel=\"canonical\" href=\"http:\/\/mtb.online\/vi\/bible\/ot26\/c22\/\" \/>\n<meta property=\"og:locale\" content=\"vi_VN\" \/>\n<meta property=\"og:type\" content=\"article\" \/>\n<meta property=\"og:title\" content=\"Ezekiel - Chapter 22 - Majority Text Bible\" \/>\n<meta property=\"og:description\" content=\"[26] Ezekiel 22:1-31 No. Old Testament New Testament 01 Genesis Matthew 02 Exodus Mark 03 Leviticus Luke 04 Numbers John 05 Deuteronomy Acts 06 Joshua Romans 07 Judges I Corinthians 08 Ruth II Corinthians 09 I Samuel Galatians 10 II Samuel Ephesians 11 I Kings Philippians 12 II Kings Colossians 13 I Chronicles I Thessalonians...\" \/>\n<meta property=\"og:url\" content=\"http:\/\/mtb.online\/vi\/bible\/ot26\/c22\/\" \/>\n<meta property=\"og:site_name\" content=\"Majority Text Bible\" \/>\n<meta name=\"twitter:card\" content=\"summary_large_image\" \/>\n<meta name=\"twitter:label1\" content=\"\u01af\u1edbc t\u00ednh th\u1eddi gian \u0111\u1ecdc\" \/>\n\t<meta name=\"twitter:data1\" content=\"5 ph\u00fat\" \/>\n<script type=\"application\/ld+json\" class=\"yoast-schema-graph\">{\"@context\":\"https:\/\/schema.org\",\"@graph\":[{\"@type\":\"WebPage\",\"@id\":\"http:\/\/mtb.online\/en\/bible\/ot26\/c22\/\",\"url\":\"http:\/\/mtb.online\/en\/bible\/ot26\/c22\/\",\"name\":\"Ezekiel - Chapter 22 - Majority Text Bible\",\"isPartOf\":{\"@id\":\"https:\/\/mtb.online\/en\/#website\"},\"datePublished\":\"2023-07-06T11:26:00+00:00\",\"breadcrumb\":{\"@id\":\"http:\/\/mtb.online\/en\/bible\/ot26\/c22\/#breadcrumb\"},\"inLanguage\":\"vi\",\"potentialAction\":[{\"@type\":\"ReadAction\",\"target\":[\"http:\/\/mtb.online\/en\/bible\/ot26\/c22\/\"]}]},{\"@type\":\"BreadcrumbList\",\"@id\":\"http:\/\/mtb.online\/en\/bible\/ot26\/c22\/#breadcrumb\",\"itemListElement\":[{\"@type\":\"ListItem\",\"position\":1,\"name\":\"Home\",\"item\":\"https:\/\/mtb.online\/en\/\"},{\"@type\":\"ListItem\",\"position\":2,\"name\":\"English Majority Text Bible\",\"item\":\"https:\/\/mtb.online\/ja\/bible\/\"},{\"@type\":\"ListItem\",\"position\":3,\"name\":\"Ezekiel\",\"item\":\"https:\/\/mtb.online\/en\/bible\/ot26\/\"},{\"@type\":\"ListItem\",\"position\":4,\"name\":\"Ezekiel &#8211; Chapter 22\"}]},{\"@type\":\"WebSite\",\"@id\":\"https:\/\/mtb.online\/en\/#website\",\"url\":\"https:\/\/mtb.online\/en\/\",\"name\":\"Majority Text Bible\",\"description\":\"\",\"publisher\":{\"@id\":\"https:\/\/mtb.online\/en\/#organization\"},\"potentialAction\":[{\"@type\":\"SearchAction\",\"target\":{\"@type\":\"EntryPoint\",\"urlTemplate\":\"https:\/\/mtb.online\/en\/?s={search_term_string}\"},\"query-input\":{\"@type\":\"PropertyValueSpecification\",\"valueRequired\":true,\"valueName\":\"search_term_string\"}}],\"inLanguage\":\"vi\"},{\"@type\":\"Organization\",\"@id\":\"https:\/\/mtb.online\/en\/#organization\",\"name\":\"Majority Text Bible\",\"url\":\"https:\/\/mtb.online\/en\/\",\"logo\":{\"@type\":\"ImageObject\",\"inLanguage\":\"vi\",\"@id\":\"https:\/\/mtb.online\/en\/#\/schema\/logo\/image\/\",\"url\":\"http:\/\/hangtotgiare.com\/wp-content\/uploads\/2021\/11\/logo-251x189-large.png\",\"contentUrl\":\"http:\/\/hangtotgiare.com\/wp-content\/uploads\/2021\/11\/logo-251x189-large.png\",\"width\":888,\"height\":669,\"caption\":\"Majority Text Bible\"},\"image\":{\"@id\":\"https:\/\/mtb.online\/en\/#\/schema\/logo\/image\/\"}}]}<\/script>\n<!-- \/ Yoast SEO plugin. -->","yoast_head_json":{"title":"Ezekiel - Chapter 22 - Majority Text Bible","robots":{"index":"index","follow":"follow","max-snippet":"max-snippet:-1","max-image-preview":"max-image-preview:large","max-video-preview":"max-video-preview:-1"},"canonical":"http:\/\/mtb.online\/vi\/bible\/ot26\/c22\/","og_locale":"vi_VN","og_type":"article","og_title":"Ezekiel - Chapter 22 - Majority Text Bible","og_description":"[26] Ezekiel 22:1-31 No. Old Testament New Testament 01 Genesis Matthew 02 Exodus Mark 03 Leviticus Luke 04 Numbers John 05 Deuteronomy Acts 06 Joshua Romans 07 Judges I Corinthians 08 Ruth II Corinthians 09 I Samuel Galatians 10 II Samuel Ephesians 11 I Kings Philippians 12 II Kings Colossians 13 I Chronicles I Thessalonians...","og_url":"http:\/\/mtb.online\/vi\/bible\/ot26\/c22\/","og_site_name":"Majority Text Bible","twitter_card":"summary_large_image","twitter_misc":{"\u01af\u1edbc t\u00ednh th\u1eddi gian \u0111\u1ecdc":"5 ph\u00fat"},"schema":{"@context":"https:\/\/schema.org","@graph":[{"@type":"WebPage","@id":"http:\/\/mtb.online\/en\/bible\/ot26\/c22\/","url":"http:\/\/mtb.online\/en\/bible\/ot26\/c22\/","name":"Ezekiel - Chapter 22 - Majority Text Bible","isPartOf":{"@id":"https:\/\/mtb.online\/en\/#website"},"datePublished":"2023-07-06T11:26:00+00:00","breadcrumb":{"@id":"http:\/\/mtb.online\/en\/bible\/ot26\/c22\/#breadcrumb"},"inLanguage":"vi","potentialAction":[{"@type":"ReadAction","target":["http:\/\/mtb.online\/en\/bible\/ot26\/c22\/"]}]},{"@type":"BreadcrumbList","@id":"http:\/\/mtb.online\/en\/bible\/ot26\/c22\/#breadcrumb","itemListElement":[{"@type":"ListItem","position":1,"name":"Home","item":"https:\/\/mtb.online\/en\/"},{"@type":"ListItem","position":2,"name":"English Majority Text Bible","item":"https:\/\/mtb.online\/ja\/bible\/"},{"@type":"ListItem","position":3,"name":"Ezekiel","item":"https:\/\/mtb.online\/en\/bible\/ot26\/"},{"@type":"ListItem","position":4,"name":"Ezekiel &#8211; Chapter 22"}]},{"@type":"WebSite","@id":"https:\/\/mtb.online\/en\/#website","url":"https:\/\/mtb.online\/en\/","name":"Kinh Th\u00e1nh \u0110a S\u1ed1","description":"","publisher":{"@id":"https:\/\/mtb.online\/en\/#organization"},"potentialAction":[{"@type":"SearchAction","target":{"@type":"EntryPoint","urlTemplate":"https:\/\/mtb.online\/en\/?s={search_term_string}"},"query-input":{"@type":"PropertyValueSpecification","valueRequired":true,"valueName":"search_term_string"}}],"inLanguage":"vi"},{"@type":"Organization","@id":"https:\/\/mtb.online\/en\/#organization","name":"Kinh Th\u00e1nh \u0110a S\u1ed1","url":"https:\/\/mtb.online\/en\/","logo":{"@type":"ImageObject","inLanguage":"vi","@id":"https:\/\/mtb.online\/en\/#\/schema\/logo\/image\/","url":"http:\/\/hangtotgiare.com\/wp-content\/uploads\/2021\/11\/logo-251x189-large.png","contentUrl":"http:\/\/hangtotgiare.com\/wp-content\/uploads\/2021\/11\/logo-251x189-large.png","width":888,"height":669,"caption":"Majority Text Bible"},"image":{"@id":"https:\/\/mtb.online\/en\/#\/schema\/logo\/image\/"}}]}},"_links":{"self":[{"href":"http:\/\/mtb.online\/vi\/wp-json\/wp\/v2\/pages\/16459","targetHints":{"allow":["GET"]}}],"collection":[{"href":"http:\/\/mtb.online\/vi\/wp-json\/wp\/v2\/pages"}],"about":[{"href":"http:\/\/mtb.online\/vi\/wp-json\/wp\/v2\/types\/page"}],"author":[{"embeddable":true,"href":"http:\/\/mtb.online\/vi\/wp-json\/wp\/v2\/users\/1"}],"replies":[{"embeddable":true,"href":"http:\/\/mtb.online\/vi\/wp-json\/wp\/v2\/comments?post=16459"}],"version-history":[{"count":1,"href":"http:\/\/mtb.online\/vi\/wp-json\/wp\/v2\/pages\/16459\/revisions"}],"predecessor-version":[{"id":16460,"href":"http:\/\/mtb.online\/vi\/wp-json\/wp\/v2\/pages\/16459\/revisions\/16460"}],"up":[{"embeddable":true,"href":"http:\/\/mtb.online\/vi\/wp-json\/wp\/v2\/pages\/13832"}],"wp:attachment":[{"href":"http:\/\/mtb.online\/vi\/wp-json\/wp\/v2\/media?parent=16459"}],"curies":[{"name":"wp","href":"https:\/\/api.w.org\/{rel}","templated":true}]}}