{"id":5270,"date":"2020-11-23T01:16:20","date_gmt":"2020-11-22T18:16:20","guid":{"rendered":"https:\/\/hangtotgiare.com\/?page_id=5270"},"modified":"2023-04-02T13:35:55","modified_gmt":"2023-04-02T06:35:55","slug":"c81","status":"publish","type":"page","link":"http:\/\/mtb.online\/ja\/kinh-thanh\/c81\/","title":{"rendered":"Thi Ca &#8211; Ch\u01b0\u01a1ng 81"},"content":{"rendered":"<div class=\"dropdown\">\n<p><button onclick=\"myFunction()\" class=\"dropbtn\"><strong><span style=\"color: #0000ff;\">[19] Thi Ca 81:1-16<\/span><\/strong><\/button><\/p>\n<div id=\"myDropdown\" class=\"dropdown-content\">\n<table>\n<tbody>\n<tr>\n<th><strong>STT<\/strong><\/th>\n<th style=\"color: #0000ff;\"><strong>C\u1ef1u \u01af\u1edbc<\/strong><\/th>\n<th style=\"color: #ff0000;\"><strong>T\u00e2n \u01af\u1edbc<\/strong><\/th>\n<\/tr>\n<tr>\n<td>01<\/td>\n<td><a style=\"color: #0000ff;\" href=\"https:\/\/mtb.online\/vn\/kinh-thanh\/ot1\/\">Kh\u1edfi Nguy\u00ean<\/a><\/td>\n<td><a style=\"color: #ff0000;\" href=\"https:\/\/mtb.online\/vn\/kinh-thanh\/nt1\/\">Ma-thi-\u01a1<\/a><\/td>\n<\/tr>\n<tr>\n<td>02<\/td>\n<td><a style=\"color: #0000ff;\" href=\"https:\/\/mtb.online\/vn\/kinh-thanh\/ot2\/\">Xu\u1ea5t H\u00e0nh<\/a><\/td>\n<td><a style=\"color: #ff0000;\" href=\"https:\/\/mtb.online\/vn\/kinh-thanh\/nt2\/\">M\u00e1c<\/a><\/td>\n<\/tr>\n<tr>\n<td>03<\/td>\n<td><a style=\"color: #0000ff;\" href=\"https:\/\/mtb.online\/vn\/kinh-thanh\/ot3\/\">L\u00ea-vi<\/a><\/td>\n<td><a style=\"color: #ff0000;\" href=\"https:\/\/mtb.online\/vn\/kinh-thanh\/nt3\/\">Lu-ca<\/a><\/td>\n<\/tr>\n<tr>\n<td>04<\/td>\n<td><a style=\"color: #0000ff;\" href=\"https:\/\/mtb.online\/vn\/kinh-thanh\/ot4\/\">D\u00e2n S\u1ed1<\/a><\/td>\n<td><a style=\"color: #ff0000;\" href=\"https:\/\/mtb.online\/vn\/kinh-thanh\/nt4\/\">Gi\u0103ng<\/a><\/td>\n<\/tr>\n<tr>\n<td>05<\/td>\n<td><a style=\"color: #0000ff;\" href=\"https:\/\/mtb.online\/vn\/kinh-thanh\/ot5\/\">Nh\u1ecb Lu\u1eadt<\/a><\/td>\n<td><a style=\"color: #ff0000;\" href=\"https:\/\/mtb.online\/vn\/kinh-thanh\/nt5\/\">C\u00f4ng V\u1ee5<\/a><\/td>\n<\/tr>\n<tr>\n<td>06<\/td>\n<td><a style=\"color: #0000ff;\" href=\"https:\/\/mtb.online\/vn\/kinh-thanh\/ot6\/\">Gi\u00f4-su\u00ea<\/a><\/td>\n<td><a style=\"color: #ff0000;\" href=\"https:\/\/mtb.online\/vn\/kinh-thanh\/nt6\/\">R\u00f4-ma<\/a><\/td>\n<\/tr>\n<tr>\n<td>07<\/td>\n<td><a style=\"color: #0000ff;\" href=\"https:\/\/mtb.online\/vn\/kinh-thanh\/ot7\/\">Th\u1ea9m Ph\u00e1n<\/a><\/td>\n<td><a style=\"color: #ff0000;\" href=\"https:\/\/mtb.online\/vn\/kinh-thanh\/nt7\/\">I C\u00f4-rinh-t\u00f4<\/a><\/td>\n<\/tr>\n<tr>\n<td>08<\/td>\n<td><a style=\"color: #0000ff;\" href=\"https:\/\/mtb.online\/vn\/kinh-thanh\/ot8\/\">Ru-t\u01a1<\/a><\/td>\n<td><a style=\"color: #ff0000;\" href=\"https:\/\/mtb.online\/vn\/kinh-thanh\/nt8\/\">II C\u00f4-rinh-t\u00f4<\/a><\/td>\n<\/tr>\n<tr>\n<td>09<\/td>\n<td><a style=\"color: #0000ff;\" href=\"https:\/\/mtb.online\/vn\/kinh-thanh\/ot9\/\">I Sa-mu-\u00ean<\/a><\/td>\n<td><a style=\"color: #ff0000;\" href=\"https:\/\/mtb.online\/vn\/kinh-thanh\/nt9\/\">Ga-la-ti<\/a><\/td>\n<\/tr>\n<tr>\n<td>10<\/td>\n<td><a style=\"color: #0000ff;\" href=\"https:\/\/mtb.online\/vn\/kinh-thanh\/ot10\/\">II Sa-mu-\u00ean<\/a><\/td>\n<td><a style=\"color: #ff0000;\" href=\"https:\/\/mtb.online\/vn\/kinh-thanh\/nt10\/\">\u00ca-ph\u00ea-s\u00f4<\/a><\/td>\n<\/tr>\n<tr>\n<td>11<\/td>\n<td><a style=\"color: #0000ff;\" href=\"https:\/\/mtb.online\/vn\/kinh-thanh\/ot11\/\">I C\u00e1c Vua<\/a><\/td>\n<td><a style=\"color: #ff0000;\" href=\"https:\/\/mtb.online\/vn\/kinh-thanh\/nt11\/\">Phi-l\u00edp<\/a><\/td>\n<\/tr>\n<tr>\n<td>12<\/td>\n<td><a style=\"color: #0000ff;\" href=\"https:\/\/mtb.online\/vn\/kinh-thanh\/ot12\/\">II C\u00e1c Vua<\/a><\/td>\n<td><a style=\"color: #ff0000;\" href=\"https:\/\/mtb.online\/vn\/kinh-thanh\/nt12\/\">C\u00f4-l\u00f4-se<\/a><\/td>\n<\/tr>\n<tr>\n<td>13<\/td>\n<td><a style=\"color: #0000ff;\" href=\"https:\/\/mtb.online\/vn\/kinh-thanh\/ot13\/\">I S\u1eed K\u00fd<\/a><\/td>\n<td><a style=\"color: #ff0000;\" href=\"https:\/\/mtb.online\/vn\/kinh-thanh\/nt13\/\">I T\u00ea-sa-l\u00f4-ni-ca<\/a><\/td>\n<\/tr>\n<tr>\n<td>14<\/td>\n<td><a style=\"color: #0000ff;\" href=\"https:\/\/mtb.online\/vn\/kinh-thanh\/ot14\/\">II S\u1eed K\u00fd<\/a><\/td>\n<td><a style=\"color: #ff0000;\" href=\"https:\/\/mtb.online\/vn\/kinh-thanh\/nt14\/\">II T\u00ea-sa-l\u00f4-ni-ca<\/a><\/td>\n<\/tr>\n<tr>\n<td>15<\/td>\n<td><a style=\"color: #0000ff;\" href=\"https:\/\/mtb.online\/vn\/kinh-thanh\/ot15\/\">\u00ca-x\u01a1-ra<\/a><\/td>\n<td><a style=\"color: #ff0000;\" href=\"https:\/\/mtb.online\/vn\/kinh-thanh\/nt15\/\">I Ti-m\u00f4-th\u00ea<\/a><\/td>\n<\/tr>\n<tr>\n<td>16<\/td>\n<td><a style=\"color: #0000ff;\" href=\"https:\/\/mtb.online\/vn\/kinh-thanh\/ot16\/\">N\u00ea-h\u00ea-mi<\/a><\/td>\n<td><a style=\"color: #ff0000;\" href=\"https:\/\/mtb.online\/vn\/kinh-thanh\/nt16\/\">II Ti-m\u00f4-th\u00ea<\/a><\/td>\n<\/tr>\n<tr>\n<td>17<\/td>\n<td><a style=\"color: #0000ff;\" href=\"https:\/\/mtb.online\/vn\/kinh-thanh\/ot17\/\">\u00ca-x\u01a1-t\u00ea<\/a><\/td>\n<td><a style=\"color: #ff0000;\" href=\"https:\/\/mtb.online\/vn\/kinh-thanh\/nt17\/\">T\u00edt<\/a><\/td>\n<\/tr>\n<tr>\n<td>18<\/td>\n<td><a style=\"color: #0000ff;\" href=\"https:\/\/mtb.online\/vn\/kinh-thanh\/ot18\/\">Gi\u00f3p<\/a><\/td>\n<td><a style=\"color: #ff0000;\" href=\"https:\/\/mtb.online\/vn\/kinh-thanh\/nt18\/\">Phi-l\u00ea-m\u00f4n<\/a><\/td>\n<\/tr>\n<tr>\n<td>19<\/td>\n<td><a style=\"color: #0000ff;\" href=\"https:\/\/mtb.online\/vn\/kinh-thanh\/ot19\/\">Thi Ca<\/a><\/td>\n<td><a style=\"color: #ff0000;\" href=\"https:\/\/mtb.online\/vn\/kinh-thanh\/nt19\/\">H\u00ea-b\u01a1-r\u01a1<\/a><\/td>\n<\/tr>\n<tr>\n<td>20<\/td>\n<td><a style=\"color: #0000ff;\" href=\"https:\/\/mtb.online\/vn\/kinh-thanh\/ot20\/\">Ch\u00e2m Ng\u00f4n<\/a><\/td>\n<td><a style=\"color: #ff0000;\" href=\"https:\/\/mtb.online\/vn\/kinh-thanh\/nt20\/\">Gia-c\u01a1<\/a><\/td>\n<\/tr>\n<tr>\n<td>21<\/td>\n<td><a style=\"color: #0000ff;\" href=\"https:\/\/mtb.online\/vn\/kinh-thanh\/ot21\/\">Truy\u1ec1n \u0110\u1ea1o<\/a><\/td>\n<td><a style=\"color: #ff0000;\" href=\"https:\/\/mtb.online\/vn\/kinh-thanh\/nt21\/\">I Phi-e-r\u01a1<\/a><\/td>\n<\/tr>\n<tr>\n<td>22<\/td>\n<td><a style=\"color: #0000ff;\" href=\"https:\/\/mtb.online\/vn\/kinh-thanh\/ot22\/\">Nh\u00e3 Ca<\/a><\/td>\n<td><a style=\"color: #ff0000;\" href=\"https:\/\/mtb.online\/vn\/kinh-thanh\/nt22\/\">II Phi-e-r\u01a1<\/a><\/td>\n<\/tr>\n<tr>\n<td>23<\/td>\n<td><a style=\"color: #0000ff;\" href=\"https:\/\/mtb.online\/vn\/kinh-thanh\/ot23\/\">\u00ca-sai<\/a><\/td>\n<td><a style=\"color: #ff0000;\" href=\"https:\/\/mtb.online\/vn\/kinh-thanh\/nt23\/\">I Gi\u0103ng<\/a><\/td>\n<\/tr>\n<tr>\n<td>24<\/td>\n<td><a style=\"color: #0000ff;\" href=\"https:\/\/mtb.online\/vn\/kinh-thanh\/ot24\/\">Gi\u00ea-r\u00ea-mi<\/a><\/td>\n<td><a style=\"color: #ff0000;\" href=\"https:\/\/mtb.online\/vn\/kinh-thanh\/nt24\/\">II Gi\u0103ng<\/a><\/td>\n<\/tr>\n<tr>\n<td>25<\/td>\n<td><a style=\"color: #0000ff;\" href=\"https:\/\/mtb.online\/vn\/kinh-thanh\/ot25\/\">Ca Th\u01b0\u01a1ng<\/a><\/td>\n<td><a style=\"color: #ff0000;\" href=\"https:\/\/mtb.online\/vn\/kinh-thanh\/nt25\/\">III Gi\u0103ng<\/a><\/td>\n<\/tr>\n<tr>\n<td>26<\/td>\n<td><a style=\"color: #0000ff;\" href=\"https:\/\/mtb.online\/vn\/kinh-thanh\/ot26\/\">\u00ca-x\u00ea-chi-\u00ean<\/a><\/td>\n<td><a style=\"color: #ff0000;\" href=\"https:\/\/mtb.online\/vn\/kinh-thanh\/nt26\/\">Giu-\u0111e<\/a><\/td>\n<\/tr>\n<tr>\n<td>27<\/td>\n<td><a style=\"color: #0000ff;\" href=\"https:\/\/mtb.online\/vn\/kinh-thanh\/ot27\/\">\u0110a-ni-\u00ean<\/a><\/td>\n<td><a style=\"color: #ff0000;\" href=\"https:\/\/mtb.online\/vn\/kinh-thanh\/nt27\/\">M\u1eb7c Kh\u1ea3i<\/a><\/td>\n<\/tr>\n<tr>\n<td>28<\/td>\n<td><a style=\"color: #0000ff;\" href=\"https:\/\/mtb.online\/vn\/kinh-thanh\/ot28\/\">\u00d4-s\u00ea<\/a><\/td>\n<td><\/td>\n<\/tr>\n<tr>\n<td>29<\/td>\n<td><a style=\"color: #0000ff;\" href=\"https:\/\/mtb.online\/vn\/kinh-thanh\/ot29\/\">Gi\u00f4-\u00ean<\/a><\/td>\n<td><\/td>\n<\/tr>\n<tr>\n<td>30<\/td>\n<td><a style=\"color: #0000ff;\" href=\"https:\/\/mtb.online\/vn\/kinh-thanh\/ot30\/\">A-m\u1ed1t<\/a><\/td>\n<td><\/td>\n<\/tr>\n<tr>\n<td>31<\/td>\n<td><a style=\"color: #0000ff;\" href=\"https:\/\/mtb.online\/vn\/kinh-thanh\/ot31\/\">\u00c1p-\u0111ia<\/a><\/td>\n<td><\/td>\n<\/tr>\n<tr>\n<td>32<\/td>\n<td><a style=\"color: #0000ff;\" href=\"https:\/\/mtb.online\/vn\/kinh-thanh\/ot32\/\">Gi\u00f4-na<\/a><\/td>\n<td><\/td>\n<\/tr>\n<tr>\n<td>33<\/td>\n<td><a style=\"color: #0000ff;\" href=\"https:\/\/mtb.online\/vn\/kinh-thanh\/ot33\/\">Mi-ch\u00ea<\/a><\/td>\n<td><\/td>\n<\/tr>\n<tr>\n<td>34<\/td>\n<td><a style=\"color: #0000ff;\" href=\"https:\/\/mtb.online\/vn\/kinh-thanh\/ot34\/\">Na-hum<\/a><\/td>\n<td><\/td>\n<\/tr>\n<tr>\n<td>35<\/td>\n<td><a style=\"color: #0000ff;\" href=\"https:\/\/mtb.online\/vn\/kinh-thanh\/ot35\/\">Ha-ba-c\u00fac<\/a><\/td>\n<td><\/td>\n<\/tr>\n<tr>\n<td>36<\/td>\n<td><a style=\"color: #0000ff;\" href=\"https:\/\/mtb.online\/vn\/kinh-thanh\/ot36\/\">S\u00f4-ph\u00f4-ni<\/a><\/td>\n<td><\/td>\n<\/tr>\n<tr>\n<td>37<\/td>\n<td><a style=\"color: #0000ff;\" href=\"https:\/\/mtb.online\/vn\/kinh-thanh\/ot37\/\">A-gh\u00ea<\/a><\/td>\n<td><\/td>\n<\/tr>\n<tr>\n<td>38<\/td>\n<td><a style=\"color: #0000ff;\" href=\"https:\/\/mtb.online\/vn\/kinh-thanh\/ot38\/\">Xa-cha-ri<\/a><\/td>\n<td><\/td>\n<\/tr>\n<tr>\n<td>39<\/td>\n<td><a style=\"color: #0000ff;\" href=\"https:\/\/mtb.online\/vn\/kinh-thanh\/ot39\/\">Ma-la-chi<\/a><\/td>\n<td><\/td>\n<\/tr>\n<\/tbody>\n<\/table>\n<\/div>\n<\/div>\n<p><i><span style=\"font-weight: 400;\">(C\u1ee7a A-s\u00e1p cho nh\u1ea1c tr\u01b0\u1edfng tr\u00ean \u201cGhi-t\u00edt\u201d)<\/span><\/i><\/p>\n<p><span style=\"font-weight: 400;\">1 H\u00e3y reo m\u1eebng l\u00ean \u0110\u1ee9c Ch\u00faa Tr\u1eddi, s\u1ee9c m\u1ea1nh c\u1ee7a ch\u00fang ta;<\/span><\/p>\n<p><span style=\"font-weight: 400;\">H\u00e3y reo h\u00f2 l\u00ean \u0110\u1ee9c Ch\u00faa Tr\u1eddi c\u1ee7a Gia-c\u1ed1p.<\/span><\/p>\n<p><span style=\"font-weight: 400;\">2 H\u00e3y c\u1ea5t nh\u1ea1c ca v\u00e0 gi\u00f3ng tr\u1ed1ng c\u01a1m,<\/span><\/p>\n<p><span style=\"font-weight: 400;\">\u0110\u00e0n h\u1ea1c du d\u01b0\u01a1ng v\u1edbi \u0111\u00e0n lia,<\/span><\/p>\n<p><span style=\"font-weight: 400;\">3 H\u00e3y th\u1ed5i k\u00e8n v\u00e0o tr\u0103ng non,<\/span><\/p>\n<p><span style=\"font-weight: 400;\">L\u00fac tr\u0103ng r\u1eb1m, v\u00e0o ng\u00e0y l\u1ec5 ch\u00fang ta.<\/span><\/p>\n<p><span style=\"font-weight: 400;\">4 V\u00ec \u1ea5y l\u00e0 lu\u1eadt cho Is-ra-\u00ean,<\/span><\/p>\n<p><span style=\"font-weight: 400;\">L\u1ec7 c\u1ee7a \u0110\u1ee9c Ch\u00faa Tr\u1eddi c\u1ee7a Gia-c\u1ed1p.<\/span><\/p>\n<p><span style=\"font-weight: 400;\">5 Ng\u00e0i \u0111\u00e3 l\u1eadp n\u00f3 l\u00e0m l\u1eddi ch\u1ee9ng trong Gi\u00f4-s\u00e9p<\/span><\/p>\n<p><span style=\"font-weight: 400;\">Khi Ng\u00e0i x\u00f4ng pha tr\u00ean \u0111\u1ea5t Ai C\u1eadp,<\/span><\/p>\n<p><span style=\"font-weight: 400;\">T\u00f4i nghe m\u1ed9t ng\u00f4n ng\u1eef m\u00e0 t\u00f4i kh\u00f4ng bi\u1ebft,<\/span><\/p>\n<p><span style=\"font-weight: 400;\">6 \u201cTa \u0111\u00e3 r\u00fat vai ng\u01b0\u1eddi kh\u1ecfi g\u00e1nh n\u1eb7ng;<\/span><\/p>\n<p><span style=\"font-weight: 400;\">V\u00e0 b\u00e0n tay ng\u01b0\u1eddi qua kh\u1ecfi v\u1ea1c (*).\u201d<\/span><\/p>\n<p><span style=\"font-weight: 400;\">(*) L\u00f2 l\u1eeda hay v\u1ea1c d\u1ea7u s\u00f4i l\u00e0 c\u00e1ch n\u00f3i ngh\u0129a b\u00f3ng c\u1ee7a kh\u00f3 kh\u0103n th\u1eed th\u00e1ch, c\u1ea3nh nguy c\u1ea5p.<\/span><\/p>\n<p><span style=\"font-weight: 400;\">7 \u201cTrong c\u01a1n gian tru\u00e2n, con \u0111\u00e3 k\u00eau c\u1ea7u, v\u00e0 Ta \u0111\u00e3 gi\u1ea3i c\u1ee9u con.<\/span><\/p>\n<p><span style=\"font-weight: 400;\">Ta \u0111\u00e3 \u0111\u00e1p l\u1eddi con t\u1eeb n\u01a1i k\u00edn \u0111\u00e1o c\u1ee7a s\u1ea5m s\u00e9t,<\/span><\/p>\n<p><span style=\"font-weight: 400;\">Ta th\u1eed con n\u01a1i n\u01b0\u1edbc c\u1ee7a M\u00ea-ri-ba.&#8221;<\/span><\/p>\n<p><i><span style=\"font-weight: 400;\">(S\u00ea-la)<\/span><\/i><\/p>\n<p><span style=\"font-weight: 400;\">8 &#8220;D\u00e2n Ta, h\u00e3y nghe, v\u00e0 Ta s\u1ebd l\u00e0m ch\u1ee9ng v\u1edbi c\u00e1c con,<\/span><\/p>\n<p><span style=\"font-weight: 400;\">Is-ra-\u00ean, con li\u1ec7u h\u00e3y l\u1eafng nghe Ta!<\/span><\/p>\n<p><span style=\"font-weight: 400;\">9 Th\u1ea7n l\u1ea1 kh\u00f4ng \u0111\u01b0\u1ee3c c\u00f3 \u1edf n\u01a1i con,<\/span><\/p>\n<p><span style=\"font-weight: 400;\">Con c\u0169ng kh\u00f4ng \u0111\u01b0\u1ee3c s\u1ea5p m\u00ecnh xu\u1ed1ng v\u1edbi th\u1ea7n ngo\u1ea1i.<\/span><\/p>\n<p><span style=\"font-weight: 400;\">10 Ta l\u00e0 YHWH \u0110\u1ee9c Ch\u00faa Tr\u1eddi c\u1ee7a con,<\/span><\/p>\n<p><span style=\"font-weight: 400;\">\u0110\u1ea5ng \u0111\u00e3 \u0111em con l\u00ean kh\u1ecfi \u0111\u1ea5t Ai C\u1eadp.<\/span><\/p>\n<p><span style=\"font-weight: 400;\">H\u00e3y h\u00e1 to mi\u1ec7ng con, v\u00e0 Ta s\u1ebd \u0111\u1ed5 \u0111\u1ea7y n\u00f3.<\/span><\/p>\n<p><span style=\"font-weight: 400;\">11 Nh\u01b0ng d\u00e2n Ta kh\u00f4ng l\u1eafng nghe ti\u1ebfng Ta,<\/span><\/p>\n<p><span style=\"font-weight: 400;\">V\u00e0 Is-ra-\u00ean kh\u00f4ng ch\u1ecbu Ta.<\/span><\/p>\n<p><span style=\"font-weight: 400;\">12 V\u00e0 Ta ph\u00f3 m\u1eb7c n\u00f3 cho t\u00e0 \u00fd c\u1ee7a t\u00e2m m\u00ecnh,<\/span><\/p>\n<p><span style=\"font-weight: 400;\">Ch\u00fang \u0111i theo m\u01b0u k\u1ebf c\u1ee7a ch\u00fang.<\/span><\/p>\n<p><span style=\"font-weight: 400;\">13 Gi\u00e1 m\u00e0 d\u00e2n Ta l\u1eafng nghe Ta!<\/span><\/p>\n<p><span style=\"font-weight: 400;\">Is-ra-\u00ean \u0111i trong \u0111\u01b0\u1eddng l\u1ed1i Ta!<\/span><\/p>\n<p><span style=\"font-weight: 400;\">14 Ch\u1ed1c l\u00e1t l\u00e0 Ta khu\u1ea5t ph\u1ee5c c\u00e1c k\u1ebb th\u00f9 ch\u00fang,<\/span><\/p>\n<p><span style=\"font-weight: 400;\">V\u00e0 tr\u1edf tay Ta ch\u1ed1ng l\u1ea1i c\u00e1c k\u1ebb \u0111\u1ecbch ch\u00fang.<\/span><\/p>\n<p><span style=\"font-weight: 400;\">15 Nh\u1eefng k\u1ebb gh\u00e9t YHWH s\u1ebd kh\u00fam n\u00fam v\u1edbi Ng\u00e0i,<\/span><\/p>\n<p><span style=\"font-weight: 400;\">V\u00e0 th\u1eddi \u0111\u1ea1i c\u1ee7a ch\u00fang s\u1ebd c\u00f2n m\u00e3i.<\/span><\/p>\n<p><span style=\"font-weight: 400;\">16 V\u00e0 Ng\u00e0i s\u1ebd nu\u00f4i ng\u01b0\u1eddi b\u1eb1ng l\u00faa m\u00ec b\u00e9o b\u1edf nh\u1ea5t.<\/span><\/p>\n<p><span style=\"font-weight: 400;\">Ta c\u0169ng s\u1ebd th\u1ecfa m\u00e3n con b\u1eb1ng m\u1eadt ong t\u1eeb v\u1ea7ng \u0111\u00e1.\u201d<\/span><\/p>\n<div class=\"previous\">\n<a href=\"https:\/\/mtb.online\/vn\/kinh-thanh\/ot19\/c80\/\"><\/p>\n<div class=\"flex\">\n<svg class=\"reader-arrow h-100 ma0 pa0\" width=\"24\" height=\"24\" viewBox=\"0 0 24 24\" version=\"1.1\" xmlns=\"http:\/\/www.w3.org\/2000\/svg\"><path transform=\"rotate(180, 12, 12)\" stroke=\"none\" stroke-width=\"0\" stroke-linecap=\"round\" stroke-linejoin=\"round\" stroke-miterlimit=\"10\" fill=\"#888888\" d=\"M 9.07,17.44 L 14.4,12.1 14.4,12.1 C 14.6,11.91 14.6,11.59 14.4,11.4 L 9.09,6.08 9.09,6.08 C 8.7,5.7 8.7,5.08 9.09,4.69 L 9.09,4.69 9.09,4.69 C 9.47,4.31 10.09,4.31 10.47,4.69 L 16.85,11.07 16.85,11.07 C 17.24,11.46 17.24,12.09 16.85,12.49 L 10.49,18.85 10.49,18.85 C 10.09,19.24 9.46,19.24 9.07,18.85 L 9.07,18.85 9.07,18.85 C 8.68,18.46 8.68,17.83 9.07,17.44 Z M 9.07,17.44\"><\/path><\/svg>\n<\/div>\n<p><\/a>\n<\/div>\n<div class=\"next\">\n<a href=\"https:\/\/mtb.online\/vn\/kinh-thanh\/ot19\/c82\/\"><\/p>\n<div class=\"flex\">\n<svg class=\"reader-arrow\" width=\"24\" height=\"24\" viewBox=\"0 0 24 24\" version=\"1.1\" xmlns=\"http:\/\/www.w3.org\/2000\/svg\"><path transform=\"rotate(0, 12, 12)\" stroke=\"none\" stroke-width=\"0\" stroke-linecap=\"round\" stroke-linejoin=\"round\" stroke-miterlimit=\"10\" fill=\"#888888\" d=\"M 9.07,17.44 L 14.4,12.1 14.4,12.1 C 14.6,11.91 14.6,11.59 14.4,11.4 L 9.09,6.08 9.09,6.08 C 8.7,5.7 8.7,5.08 9.09,4.69 L 9.09,4.69 9.09,4.69 C 9.47,4.31 10.09,4.31 10.47,4.69 L 16.85,11.07 16.85,11.07 C 17.24,11.46 17.24,12.09 16.85,12.49 L 10.49,18.85 10.49,18.85 C 10.09,19.24 9.46,19.24 9.07,18.85 L 9.07,18.85 9.07,18.85 C 8.68,18.46 8.68,17.83 9.07,17.44 Z M 9.07,17.44\"><\/path><\/svg>\n<\/div>\n<p><\/a>\n<\/div>\n","protected":false},"excerpt":{"rendered":"<p>[19] Thi Ca 81:1-16 STT C\u1ef1u \u01af\u1edbc T\u00e2n \u01af\u1edbc 01 Kh\u1edfi Nguy\u00ean Ma-thi-\u01a1 02 Xu\u1ea5t H\u00e0nh M\u00e1c 03 L\u00ea-vi Lu-ca 04 D\u00e2n S\u1ed1 Gi\u0103ng 05 Nh\u1ecb Lu\u1eadt C\u00f4ng V\u1ee5 06 Gi\u00f4-su\u00ea R\u00f4-ma 07 Th\u1ea9m Ph\u00e1n I C\u00f4-rinh-t\u00f4 08 Ru-t\u01a1 II C\u00f4-rinh-t\u00f4 09 I Sa-mu-\u00ean Ga-la-ti 10 II Sa-mu-\u00ean \u00ca-ph\u00ea-s\u00f4 11 I C\u00e1c Vua Phi-l\u00edp 12 II C\u00e1c Vua C\u00f4-l\u00f4-se 13 I S\u1eed K\u00fd I T\u00ea-sa-l\u00f4-ni-ca 14 II S\u1eed K\u00fd II T\u00ea-sa-l\u00f4-ni-ca 15 \u00ca-x\u01a1-ra I Ti-m\u00f4-th\u00ea 16 N\u00ea-h\u00ea-mi II Ti-m\u00f4-th\u00ea 17 \u00ca-x\u01a1-t\u00ea T\u00edt 18 Gi\u00f3p Phi-l\u00ea-m\u00f4n 19 Thi Ca H\u00ea-b\u01a1-r\u01a1 20 Ch\u00e2m Ng\u00f4n Gia-c\u01a1 21 Truy\u1ec1n \u0110\u1ea1o I Phi-e-r\u01a1 22 Nh\u00e3 Ca II Phi-e-r\u01a1 23 \u00ca-sai I Gi\u0103ng 24 Gi\u00ea-r\u00ea-mi II&#8230;<\/p>\n","protected":false},"author":1,"featured_media":0,"parent":3537,"menu_order":0,"comment_status":"closed","ping_status":"closed","template":"templates\/full-width.php","meta":{"_monsterinsights_skip_tracking":false,"_monsterinsights_sitenote_active":false,"_monsterinsights_sitenote_note":"","_monsterinsights_sitenote_category":0,"cybocfi_hide_featured_image":"","footnotes":""},"class_list":["post-5270","page","type-page","status-publish","hentry"],"yoast_head":"<!-- This site is optimized with the Yoast SEO plugin v27.2 - https:\/\/yoast.com\/product\/yoast-seo-wordpress\/ -->\n<title>Thi Ca - Ch\u01b0\u01a1ng 81 - Majority Text Bible<\/title>\n<meta name=\"robots\" content=\"index, follow, max-snippet:-1, max-image-preview:large, max-video-preview:-1\" \/>\n<link rel=\"canonical\" href=\"https:\/\/mtb.online\/ja\/kinh-thanh\/c81\/\" \/>\n<meta property=\"og:locale\" content=\"ja_JP\" \/>\n<meta property=\"og:type\" content=\"article\" \/>\n<meta property=\"og:title\" content=\"Thi Ca - Ch\u01b0\u01a1ng 81 - Majority Text Bible\" \/>\n<meta property=\"og:description\" content=\"[19] Thi Ca 81:1-16 STT C\u1ef1u \u01af\u1edbc T\u00e2n \u01af\u1edbc 01 Kh\u1edfi Nguy\u00ean Ma-thi-\u01a1 02 Xu\u1ea5t H\u00e0nh M\u00e1c 03 L\u00ea-vi Lu-ca 04 D\u00e2n S\u1ed1 Gi\u0103ng 05 Nh\u1ecb Lu\u1eadt C\u00f4ng V\u1ee5 06 Gi\u00f4-su\u00ea R\u00f4-ma 07 Th\u1ea9m Ph\u00e1n I C\u00f4-rinh-t\u00f4 08 Ru-t\u01a1 II C\u00f4-rinh-t\u00f4 09 I Sa-mu-\u00ean Ga-la-ti 10 II Sa-mu-\u00ean \u00ca-ph\u00ea-s\u00f4 11 I C\u00e1c Vua Phi-l\u00edp 12 II C\u00e1c Vua C\u00f4-l\u00f4-se 13 I S\u1eed K\u00fd I T\u00ea-sa-l\u00f4-ni-ca 14 II S\u1eed K\u00fd II T\u00ea-sa-l\u00f4-ni-ca 15 \u00ca-x\u01a1-ra I Ti-m\u00f4-th\u00ea 16 N\u00ea-h\u00ea-mi II Ti-m\u00f4-th\u00ea 17 \u00ca-x\u01a1-t\u00ea T\u00edt 18 Gi\u00f3p Phi-l\u00ea-m\u00f4n 19 Thi Ca H\u00ea-b\u01a1-r\u01a1 20 Ch\u00e2m Ng\u00f4n Gia-c\u01a1 21 Truy\u1ec1n \u0110\u1ea1o I Phi-e-r\u01a1 22 Nh\u00e3 Ca II Phi-e-r\u01a1 23 \u00ca-sai I Gi\u0103ng 24 Gi\u00ea-r\u00ea-mi II...\" \/>\n<meta property=\"og:url\" content=\"https:\/\/mtb.online\/ja\/kinh-thanh\/c81\/\" \/>\n<meta property=\"og:site_name\" content=\"Majority Text Bible\" \/>\n<meta property=\"article:modified_time\" content=\"2023-04-02T06:35:55+00:00\" \/>\n<meta name=\"twitter:card\" content=\"summary_large_image\" \/>\n<meta name=\"twitter:label1\" content=\"\u63a8\u5b9a\u8aad\u307f\u53d6\u308a\u6642\u9593\" \/>\n\t<meta name=\"twitter:data1\" content=\"3\u5206\" \/>\n<script type=\"application\/ld+json\" class=\"yoast-schema-graph\">{\"@context\":\"https:\/\/schema.org\",\"@graph\":[{\"@type\":\"WebPage\",\"@id\":\"https:\/\/mtb.online\/kinh-thanh\/c81\/\",\"url\":\"https:\/\/mtb.online\/kinh-thanh\/c81\/\",\"name\":\"Thi Ca - Ch\u01b0\u01a1ng 81 - Majority Text Bible\",\"isPartOf\":{\"@id\":\"https:\/\/mtb.online\/en\/#website\"},\"datePublished\":\"2020-11-22T18:16:20+00:00\",\"dateModified\":\"2023-04-02T06:35:55+00:00\",\"breadcrumb\":{\"@id\":\"https:\/\/mtb.online\/kinh-thanh\/c81\/#breadcrumb\"},\"inLanguage\":\"ja\",\"potentialAction\":[{\"@type\":\"ReadAction\",\"target\":[\"https:\/\/mtb.online\/kinh-thanh\/c81\/\"]}]},{\"@type\":\"BreadcrumbList\",\"@id\":\"https:\/\/mtb.online\/kinh-thanh\/c81\/#breadcrumb\",\"itemListElement\":[{\"@type\":\"ListItem\",\"position\":1,\"name\":\"Home\",\"item\":\"https:\/\/mtb.online\/en\/\"},{\"@type\":\"ListItem\",\"position\":2,\"name\":\"Kinh Th\u00e1nh \u0110a S\u1ed1 Vi\u1ec7t Ng\u1eef (VMTB)\",\"item\":\"https:\/\/mtb.online\/en\/kinh-thanh\/\"},{\"@type\":\"ListItem\",\"position\":3,\"name\":\"Thi Ca &#8211; Ch\u01b0\u01a1ng 81\"}]},{\"@type\":\"WebSite\",\"@id\":\"https:\/\/mtb.online\/en\/#website\",\"url\":\"https:\/\/mtb.online\/en\/\",\"name\":\"Majority Text Bible\",\"description\":\"\",\"publisher\":{\"@id\":\"https:\/\/mtb.online\/en\/#organization\"},\"potentialAction\":[{\"@type\":\"SearchAction\",\"target\":{\"@type\":\"EntryPoint\",\"urlTemplate\":\"https:\/\/mtb.online\/en\/?s={search_term_string}\"},\"query-input\":{\"@type\":\"PropertyValueSpecification\",\"valueRequired\":true,\"valueName\":\"search_term_string\"}}],\"inLanguage\":\"ja\"},{\"@type\":\"Organization\",\"@id\":\"https:\/\/mtb.online\/en\/#organization\",\"name\":\"Majority Text Bible\",\"url\":\"https:\/\/mtb.online\/en\/\",\"logo\":{\"@type\":\"ImageObject\",\"inLanguage\":\"ja\",\"@id\":\"https:\/\/mtb.online\/en\/#\/schema\/logo\/image\/\",\"url\":\"http:\/\/hangtotgiare.com\/wp-content\/uploads\/2021\/11\/logo-251x189-large.png\",\"contentUrl\":\"http:\/\/hangtotgiare.com\/wp-content\/uploads\/2021\/11\/logo-251x189-large.png\",\"width\":888,\"height\":669,\"caption\":\"Majority Text Bible\"},\"image\":{\"@id\":\"https:\/\/mtb.online\/en\/#\/schema\/logo\/image\/\"}}]}<\/script>\n<!-- \/ Yoast SEO plugin. -->","yoast_head_json":{"title":"Thi Ca - Ch\u01b0\u01a1ng 81 - Majority Text Bible","robots":{"index":"index","follow":"follow","max-snippet":"max-snippet:-1","max-image-preview":"max-image-preview:large","max-video-preview":"max-video-preview:-1"},"canonical":"https:\/\/mtb.online\/ja\/kinh-thanh\/c81\/","og_locale":"ja_JP","og_type":"article","og_title":"Thi Ca - Ch\u01b0\u01a1ng 81 - Majority Text Bible","og_description":"[19] Thi Ca 81:1-16 STT C\u1ef1u \u01af\u1edbc T\u00e2n \u01af\u1edbc 01 Kh\u1edfi Nguy\u00ean Ma-thi-\u01a1 02 Xu\u1ea5t H\u00e0nh M\u00e1c 03 L\u00ea-vi Lu-ca 04 D\u00e2n S\u1ed1 Gi\u0103ng 05 Nh\u1ecb Lu\u1eadt C\u00f4ng V\u1ee5 06 Gi\u00f4-su\u00ea R\u00f4-ma 07 Th\u1ea9m Ph\u00e1n I C\u00f4-rinh-t\u00f4 08 Ru-t\u01a1 II C\u00f4-rinh-t\u00f4 09 I Sa-mu-\u00ean Ga-la-ti 10 II Sa-mu-\u00ean \u00ca-ph\u00ea-s\u00f4 11 I C\u00e1c Vua Phi-l\u00edp 12 II C\u00e1c Vua C\u00f4-l\u00f4-se 13 I S\u1eed K\u00fd I T\u00ea-sa-l\u00f4-ni-ca 14 II S\u1eed K\u00fd II T\u00ea-sa-l\u00f4-ni-ca 15 \u00ca-x\u01a1-ra I Ti-m\u00f4-th\u00ea 16 N\u00ea-h\u00ea-mi II Ti-m\u00f4-th\u00ea 17 \u00ca-x\u01a1-t\u00ea T\u00edt 18 Gi\u00f3p Phi-l\u00ea-m\u00f4n 19 Thi Ca H\u00ea-b\u01a1-r\u01a1 20 Ch\u00e2m Ng\u00f4n Gia-c\u01a1 21 Truy\u1ec1n \u0110\u1ea1o I Phi-e-r\u01a1 22 Nh\u00e3 Ca II Phi-e-r\u01a1 23 \u00ca-sai I Gi\u0103ng 24 Gi\u00ea-r\u00ea-mi II...","og_url":"https:\/\/mtb.online\/ja\/kinh-thanh\/c81\/","og_site_name":"Majority Text Bible","article_modified_time":"2023-04-02T06:35:55+00:00","twitter_card":"summary_large_image","twitter_misc":{"\u63a8\u5b9a\u8aad\u307f\u53d6\u308a\u6642\u9593":"3\u5206"},"schema":{"@context":"https:\/\/schema.org","@graph":[{"@type":"WebPage","@id":"https:\/\/mtb.online\/kinh-thanh\/c81\/","url":"https:\/\/mtb.online\/kinh-thanh\/c81\/","name":"Thi Ca - Ch\u01b0\u01a1ng 81 - Majority Text Bible","isPartOf":{"@id":"https:\/\/mtb.online\/en\/#website"},"datePublished":"2020-11-22T18:16:20+00:00","dateModified":"2023-04-02T06:35:55+00:00","breadcrumb":{"@id":"https:\/\/mtb.online\/kinh-thanh\/c81\/#breadcrumb"},"inLanguage":"ja","potentialAction":[{"@type":"ReadAction","target":["https:\/\/mtb.online\/kinh-thanh\/c81\/"]}]},{"@type":"BreadcrumbList","@id":"https:\/\/mtb.online\/kinh-thanh\/c81\/#breadcrumb","itemListElement":[{"@type":"ListItem","position":1,"name":"Home","item":"https:\/\/mtb.online\/en\/"},{"@type":"ListItem","position":2,"name":"Kinh Th\u00e1nh \u0110a S\u1ed1 Vi\u1ec7t Ng\u1eef (VMTB)","item":"https:\/\/mtb.online\/en\/kinh-thanh\/"},{"@type":"ListItem","position":3,"name":"Thi Ca &#8211; Ch\u01b0\u01a1ng 81"}]},{"@type":"WebSite","@id":"https:\/\/mtb.online\/en\/#website","url":"https:\/\/mtb.online\/en\/","name":"Majority Text Bible","description":"","publisher":{"@id":"https:\/\/mtb.online\/en\/#organization"},"potentialAction":[{"@type":"SearchAction","target":{"@type":"EntryPoint","urlTemplate":"https:\/\/mtb.online\/en\/?s={search_term_string}"},"query-input":{"@type":"PropertyValueSpecification","valueRequired":true,"valueName":"search_term_string"}}],"inLanguage":"ja"},{"@type":"Organization","@id":"https:\/\/mtb.online\/en\/#organization","name":"Majority Text Bible","url":"https:\/\/mtb.online\/en\/","logo":{"@type":"ImageObject","inLanguage":"ja","@id":"https:\/\/mtb.online\/en\/#\/schema\/logo\/image\/","url":"http:\/\/hangtotgiare.com\/wp-content\/uploads\/2021\/11\/logo-251x189-large.png","contentUrl":"http:\/\/hangtotgiare.com\/wp-content\/uploads\/2021\/11\/logo-251x189-large.png","width":888,"height":669,"caption":"Majority Text Bible"},"image":{"@id":"https:\/\/mtb.online\/en\/#\/schema\/logo\/image\/"}}]}},"_links":{"self":[{"href":"http:\/\/mtb.online\/ja\/wp-json\/wp\/v2\/pages\/5270","targetHints":{"allow":["GET"]}}],"collection":[{"href":"http:\/\/mtb.online\/ja\/wp-json\/wp\/v2\/pages"}],"about":[{"href":"http:\/\/mtb.online\/ja\/wp-json\/wp\/v2\/types\/page"}],"author":[{"embeddable":true,"href":"http:\/\/mtb.online\/ja\/wp-json\/wp\/v2\/users\/1"}],"replies":[{"embeddable":true,"href":"http:\/\/mtb.online\/ja\/wp-json\/wp\/v2\/comments?post=5270"}],"version-history":[{"count":7,"href":"http:\/\/mtb.online\/ja\/wp-json\/wp\/v2\/pages\/5270\/revisions"}],"predecessor-version":[{"id":13550,"href":"http:\/\/mtb.online\/ja\/wp-json\/wp\/v2\/pages\/5270\/revisions\/13550"}],"up":[{"embeddable":true,"href":"http:\/\/mtb.online\/ja\/wp-json\/wp\/v2\/pages\/3537"}],"wp:attachment":[{"href":"http:\/\/mtb.online\/ja\/wp-json\/wp\/v2\/media?parent=5270"}],"curies":[{"name":"wp","href":"https:\/\/api.w.org\/{rel}","templated":true}]}}