{"id":5246,"date":"2020-11-19T23:56:30","date_gmt":"2020-11-19T16:56:30","guid":{"rendered":"https:\/\/hangtotgiare.com\/?page_id=5246"},"modified":"2023-04-02T13:29:16","modified_gmt":"2023-04-02T06:29:16","slug":"c72","status":"publish","type":"page","link":"http:\/\/mtb.online\/en\/kinh-thanh\/c72\/","title":{"rendered":"Thi Ca &#8211; Ch\u01b0\u01a1ng 72"},"content":{"rendered":"<div class=\"dropdown\">\n<p><button onclick=\"myFunction()\" class=\"dropbtn\"><strong><span style=\"color: #0000ff;\">[19] Thi Ca 72:1-20<\/span><\/strong><\/button><\/p>\n<div id=\"myDropdown\" class=\"dropdown-content\">\n<table>\n<tbody>\n<tr>\n<th><strong>STT<\/strong><\/th>\n<th style=\"color: #0000ff;\"><strong>C\u1ef1u \u01af\u1edbc<\/strong><\/th>\n<th style=\"color: #ff0000;\"><strong>T\u00e2n \u01af\u1edbc<\/strong><\/th>\n<\/tr>\n<tr>\n<td>01<\/td>\n<td><a style=\"color: #0000ff;\" href=\"https:\/\/mtb.online\/vn\/kinh-thanh\/ot1\/\">Kh\u1edfi Nguy\u00ean<\/a><\/td>\n<td><a style=\"color: #ff0000;\" href=\"https:\/\/mtb.online\/vn\/kinh-thanh\/nt1\/\">Ma-thi-\u01a1<\/a><\/td>\n<\/tr>\n<tr>\n<td>02<\/td>\n<td><a style=\"color: #0000ff;\" href=\"https:\/\/mtb.online\/vn\/kinh-thanh\/ot2\/\">Xu\u1ea5t H\u00e0nh<\/a><\/td>\n<td><a style=\"color: #ff0000;\" href=\"https:\/\/mtb.online\/vn\/kinh-thanh\/nt2\/\">M\u00e1c<\/a><\/td>\n<\/tr>\n<tr>\n<td>03<\/td>\n<td><a style=\"color: #0000ff;\" href=\"https:\/\/mtb.online\/vn\/kinh-thanh\/ot3\/\">L\u00ea-vi<\/a><\/td>\n<td><a style=\"color: #ff0000;\" href=\"https:\/\/mtb.online\/vn\/kinh-thanh\/nt3\/\">Lu-ca<\/a><\/td>\n<\/tr>\n<tr>\n<td>04<\/td>\n<td><a style=\"color: #0000ff;\" href=\"https:\/\/mtb.online\/vn\/kinh-thanh\/ot4\/\">D\u00e2n S\u1ed1<\/a><\/td>\n<td><a style=\"color: #ff0000;\" href=\"https:\/\/mtb.online\/vn\/kinh-thanh\/nt4\/\">Gi\u0103ng<\/a><\/td>\n<\/tr>\n<tr>\n<td>05<\/td>\n<td><a style=\"color: #0000ff;\" href=\"https:\/\/mtb.online\/vn\/kinh-thanh\/ot5\/\">Nh\u1ecb Lu\u1eadt<\/a><\/td>\n<td><a style=\"color: #ff0000;\" href=\"https:\/\/mtb.online\/vn\/kinh-thanh\/nt5\/\">C\u00f4ng V\u1ee5<\/a><\/td>\n<\/tr>\n<tr>\n<td>06<\/td>\n<td><a style=\"color: #0000ff;\" href=\"https:\/\/mtb.online\/vn\/kinh-thanh\/ot6\/\">Gi\u00f4-su\u00ea<\/a><\/td>\n<td><a style=\"color: #ff0000;\" href=\"https:\/\/mtb.online\/vn\/kinh-thanh\/nt6\/\">R\u00f4-ma<\/a><\/td>\n<\/tr>\n<tr>\n<td>07<\/td>\n<td><a style=\"color: #0000ff;\" href=\"https:\/\/mtb.online\/vn\/kinh-thanh\/ot7\/\">Th\u1ea9m Ph\u00e1n<\/a><\/td>\n<td><a style=\"color: #ff0000;\" href=\"https:\/\/mtb.online\/vn\/kinh-thanh\/nt7\/\">I C\u00f4-rinh-t\u00f4<\/a><\/td>\n<\/tr>\n<tr>\n<td>08<\/td>\n<td><a style=\"color: #0000ff;\" href=\"https:\/\/mtb.online\/vn\/kinh-thanh\/ot8\/\">Ru-t\u01a1<\/a><\/td>\n<td><a style=\"color: #ff0000;\" href=\"https:\/\/mtb.online\/vn\/kinh-thanh\/nt8\/\">II C\u00f4-rinh-t\u00f4<\/a><\/td>\n<\/tr>\n<tr>\n<td>09<\/td>\n<td><a style=\"color: #0000ff;\" href=\"https:\/\/mtb.online\/vn\/kinh-thanh\/ot9\/\">I Sa-mu-\u00ean<\/a><\/td>\n<td><a style=\"color: #ff0000;\" href=\"https:\/\/mtb.online\/vn\/kinh-thanh\/nt9\/\">Ga-la-ti<\/a><\/td>\n<\/tr>\n<tr>\n<td>10<\/td>\n<td><a style=\"color: #0000ff;\" href=\"https:\/\/mtb.online\/vn\/kinh-thanh\/ot10\/\">II Sa-mu-\u00ean<\/a><\/td>\n<td><a style=\"color: #ff0000;\" href=\"https:\/\/mtb.online\/vn\/kinh-thanh\/nt10\/\">\u00ca-ph\u00ea-s\u00f4<\/a><\/td>\n<\/tr>\n<tr>\n<td>11<\/td>\n<td><a style=\"color: #0000ff;\" href=\"https:\/\/mtb.online\/vn\/kinh-thanh\/ot11\/\">I C\u00e1c Vua<\/a><\/td>\n<td><a style=\"color: #ff0000;\" href=\"https:\/\/mtb.online\/vn\/kinh-thanh\/nt11\/\">Phi-l\u00edp<\/a><\/td>\n<\/tr>\n<tr>\n<td>12<\/td>\n<td><a style=\"color: #0000ff;\" href=\"https:\/\/mtb.online\/vn\/kinh-thanh\/ot12\/\">II C\u00e1c Vua<\/a><\/td>\n<td><a style=\"color: #ff0000;\" href=\"https:\/\/mtb.online\/vn\/kinh-thanh\/nt12\/\">C\u00f4-l\u00f4-se<\/a><\/td>\n<\/tr>\n<tr>\n<td>13<\/td>\n<td><a style=\"color: #0000ff;\" href=\"https:\/\/mtb.online\/vn\/kinh-thanh\/ot13\/\">I S\u1eed K\u00fd<\/a><\/td>\n<td><a style=\"color: #ff0000;\" href=\"https:\/\/mtb.online\/vn\/kinh-thanh\/nt13\/\">I T\u00ea-sa-l\u00f4-ni-ca<\/a><\/td>\n<\/tr>\n<tr>\n<td>14<\/td>\n<td><a style=\"color: #0000ff;\" href=\"https:\/\/mtb.online\/vn\/kinh-thanh\/ot14\/\">II S\u1eed K\u00fd<\/a><\/td>\n<td><a style=\"color: #ff0000;\" href=\"https:\/\/mtb.online\/vn\/kinh-thanh\/nt14\/\">II T\u00ea-sa-l\u00f4-ni-ca<\/a><\/td>\n<\/tr>\n<tr>\n<td>15<\/td>\n<td><a style=\"color: #0000ff;\" href=\"https:\/\/mtb.online\/vn\/kinh-thanh\/ot15\/\">\u00ca-x\u01a1-ra<\/a><\/td>\n<td><a style=\"color: #ff0000;\" href=\"https:\/\/mtb.online\/vn\/kinh-thanh\/nt15\/\">I Ti-m\u00f4-th\u00ea<\/a><\/td>\n<\/tr>\n<tr>\n<td>16<\/td>\n<td><a style=\"color: #0000ff;\" href=\"https:\/\/mtb.online\/vn\/kinh-thanh\/ot16\/\">N\u00ea-h\u00ea-mi<\/a><\/td>\n<td><a style=\"color: #ff0000;\" href=\"https:\/\/mtb.online\/vn\/kinh-thanh\/nt16\/\">II Ti-m\u00f4-th\u00ea<\/a><\/td>\n<\/tr>\n<tr>\n<td>17<\/td>\n<td><a style=\"color: #0000ff;\" href=\"https:\/\/mtb.online\/vn\/kinh-thanh\/ot17\/\">\u00ca-x\u01a1-t\u00ea<\/a><\/td>\n<td><a style=\"color: #ff0000;\" href=\"https:\/\/mtb.online\/vn\/kinh-thanh\/nt17\/\">T\u00edt<\/a><\/td>\n<\/tr>\n<tr>\n<td>18<\/td>\n<td><a style=\"color: #0000ff;\" href=\"https:\/\/mtb.online\/vn\/kinh-thanh\/ot18\/\">Gi\u00f3p<\/a><\/td>\n<td><a style=\"color: #ff0000;\" href=\"https:\/\/mtb.online\/vn\/kinh-thanh\/nt18\/\">Phi-l\u00ea-m\u00f4n<\/a><\/td>\n<\/tr>\n<tr>\n<td>19<\/td>\n<td><a style=\"color: #0000ff;\" href=\"https:\/\/mtb.online\/vn\/kinh-thanh\/ot19\/\">Thi Ca<\/a><\/td>\n<td><a style=\"color: #ff0000;\" href=\"https:\/\/mtb.online\/vn\/kinh-thanh\/nt19\/\">H\u00ea-b\u01a1-r\u01a1<\/a><\/td>\n<\/tr>\n<tr>\n<td>20<\/td>\n<td><a style=\"color: #0000ff;\" href=\"https:\/\/mtb.online\/vn\/kinh-thanh\/ot20\/\">Ch\u00e2m Ng\u00f4n<\/a><\/td>\n<td><a style=\"color: #ff0000;\" href=\"https:\/\/mtb.online\/vn\/kinh-thanh\/nt20\/\">Gia-c\u01a1<\/a><\/td>\n<\/tr>\n<tr>\n<td>21<\/td>\n<td><a style=\"color: #0000ff;\" href=\"https:\/\/mtb.online\/vn\/kinh-thanh\/ot21\/\">Truy\u1ec1n \u0110\u1ea1o<\/a><\/td>\n<td><a style=\"color: #ff0000;\" href=\"https:\/\/mtb.online\/vn\/kinh-thanh\/nt21\/\">I Phi-e-r\u01a1<\/a><\/td>\n<\/tr>\n<tr>\n<td>22<\/td>\n<td><a style=\"color: #0000ff;\" href=\"https:\/\/mtb.online\/vn\/kinh-thanh\/ot22\/\">Nh\u00e3 Ca<\/a><\/td>\n<td><a style=\"color: #ff0000;\" href=\"https:\/\/mtb.online\/vn\/kinh-thanh\/nt22\/\">II Phi-e-r\u01a1<\/a><\/td>\n<\/tr>\n<tr>\n<td>23<\/td>\n<td><a style=\"color: #0000ff;\" href=\"https:\/\/mtb.online\/vn\/kinh-thanh\/ot23\/\">\u00ca-sai<\/a><\/td>\n<td><a style=\"color: #ff0000;\" href=\"https:\/\/mtb.online\/vn\/kinh-thanh\/nt23\/\">I Gi\u0103ng<\/a><\/td>\n<\/tr>\n<tr>\n<td>24<\/td>\n<td><a style=\"color: #0000ff;\" href=\"https:\/\/mtb.online\/vn\/kinh-thanh\/ot24\/\">Gi\u00ea-r\u00ea-mi<\/a><\/td>\n<td><a style=\"color: #ff0000;\" href=\"https:\/\/mtb.online\/vn\/kinh-thanh\/nt24\/\">II Gi\u0103ng<\/a><\/td>\n<\/tr>\n<tr>\n<td>25<\/td>\n<td><a style=\"color: #0000ff;\" href=\"https:\/\/mtb.online\/vn\/kinh-thanh\/ot25\/\">Ca Th\u01b0\u01a1ng<\/a><\/td>\n<td><a style=\"color: #ff0000;\" href=\"https:\/\/mtb.online\/vn\/kinh-thanh\/nt25\/\">III Gi\u0103ng<\/a><\/td>\n<\/tr>\n<tr>\n<td>26<\/td>\n<td><a style=\"color: #0000ff;\" href=\"https:\/\/mtb.online\/vn\/kinh-thanh\/ot26\/\">\u00ca-x\u00ea-chi-\u00ean<\/a><\/td>\n<td><a style=\"color: #ff0000;\" href=\"https:\/\/mtb.online\/vn\/kinh-thanh\/nt26\/\">Giu-\u0111e<\/a><\/td>\n<\/tr>\n<tr>\n<td>27<\/td>\n<td><a style=\"color: #0000ff;\" href=\"https:\/\/mtb.online\/vn\/kinh-thanh\/ot27\/\">\u0110a-ni-\u00ean<\/a><\/td>\n<td><a style=\"color: #ff0000;\" href=\"https:\/\/mtb.online\/vn\/kinh-thanh\/nt27\/\">M\u1eb7c Kh\u1ea3i<\/a><\/td>\n<\/tr>\n<tr>\n<td>28<\/td>\n<td><a style=\"color: #0000ff;\" href=\"https:\/\/mtb.online\/vn\/kinh-thanh\/ot28\/\">\u00d4-s\u00ea<\/a><\/td>\n<td><\/td>\n<\/tr>\n<tr>\n<td>29<\/td>\n<td><a style=\"color: #0000ff;\" href=\"https:\/\/mtb.online\/vn\/kinh-thanh\/ot29\/\">Gi\u00f4-\u00ean<\/a><\/td>\n<td><\/td>\n<\/tr>\n<tr>\n<td>30<\/td>\n<td><a style=\"color: #0000ff;\" href=\"https:\/\/mtb.online\/vn\/kinh-thanh\/ot30\/\">A-m\u1ed1t<\/a><\/td>\n<td><\/td>\n<\/tr>\n<tr>\n<td>31<\/td>\n<td><a style=\"color: #0000ff;\" href=\"https:\/\/mtb.online\/vn\/kinh-thanh\/ot31\/\">\u00c1p-\u0111ia<\/a><\/td>\n<td><\/td>\n<\/tr>\n<tr>\n<td>32<\/td>\n<td><a style=\"color: #0000ff;\" href=\"https:\/\/mtb.online\/vn\/kinh-thanh\/ot32\/\">Gi\u00f4-na<\/a><\/td>\n<td><\/td>\n<\/tr>\n<tr>\n<td>33<\/td>\n<td><a style=\"color: #0000ff;\" href=\"https:\/\/mtb.online\/vn\/kinh-thanh\/ot33\/\">Mi-ch\u00ea<\/a><\/td>\n<td><\/td>\n<\/tr>\n<tr>\n<td>34<\/td>\n<td><a style=\"color: #0000ff;\" href=\"https:\/\/mtb.online\/vn\/kinh-thanh\/ot34\/\">Na-hum<\/a><\/td>\n<td><\/td>\n<\/tr>\n<tr>\n<td>35<\/td>\n<td><a style=\"color: #0000ff;\" href=\"https:\/\/mtb.online\/vn\/kinh-thanh\/ot35\/\">Ha-ba-c\u00fac<\/a><\/td>\n<td><\/td>\n<\/tr>\n<tr>\n<td>36<\/td>\n<td><a style=\"color: #0000ff;\" href=\"https:\/\/mtb.online\/vn\/kinh-thanh\/ot36\/\">S\u00f4-ph\u00f4-ni<\/a><\/td>\n<td><\/td>\n<\/tr>\n<tr>\n<td>37<\/td>\n<td><a style=\"color: #0000ff;\" href=\"https:\/\/mtb.online\/vn\/kinh-thanh\/ot37\/\">A-gh\u00ea<\/a><\/td>\n<td><\/td>\n<\/tr>\n<tr>\n<td>38<\/td>\n<td><a style=\"color: #0000ff;\" href=\"https:\/\/mtb.online\/vn\/kinh-thanh\/ot38\/\">Xa-cha-ri<\/a><\/td>\n<td><\/td>\n<\/tr>\n<tr>\n<td>39<\/td>\n<td><a style=\"color: #0000ff;\" href=\"https:\/\/mtb.online\/vn\/kinh-thanh\/ot39\/\">Ma-la-chi<\/a><\/td>\n<td><\/td>\n<\/tr>\n<\/tbody>\n<\/table>\n<\/div>\n<\/div>\n<p><i><span style=\"font-weight: 400;\">(Cho Sa-l\u00f4-m\u00f4n)<\/span><\/i><\/p>\n<p><span style=\"font-weight: 400;\">1 \u0110\u1ee9c Ch\u00faa Tr\u1eddi, h\u00e3y ban cho vua c\u00e1c ph\u00e1n quy\u1ebft Ng\u00e0i,<\/span><\/p>\n<p><span style=\"font-weight: 400;\">V\u00e0 s\u1ef1 c\u00f4ng ch\u00ednh Ng\u00e0i cho con trai vua.<\/span><\/p>\n<p><span style=\"font-weight: 400;\">2 Ng\u01b0\u1eddi s\u1ebd x\u00e9t x\u1eed d\u00e2n Ng\u00e0i trong s\u1ef1 c\u00f4ng ch\u00ednh,<\/span><\/p>\n<p><span style=\"font-weight: 400;\">V\u00e0 nh\u1eefng ng\u01b0\u1eddi ngh\u00e8o h\u00e8n c\u1ee7a Ng\u00e0i trong c\u00f4ng l\u00fd.<\/span><\/p>\n<p><span style=\"font-weight: 400;\">3 C\u00e1c n\u00fai s\u1ebd \u0111em b\u00ecnh an cho d\u00e2n ch\u00fang,<\/span><\/p>\n<p><span style=\"font-weight: 400;\">V\u00e0 c\u00e1c \u0111\u1ed3i, trong s\u1ef1 c\u00f4ng ch\u00ednh.<\/span><\/p>\n<p><span style=\"font-weight: 400;\">4 Ng\u01b0\u1eddi s\u1ebd ph\u00e1n x\u00e9t nh\u1eefng ng\u01b0\u1eddi ngh\u00e8o h\u00e8n c\u1ee7a d\u00e2n ch\u00fang,<\/span><\/p>\n<p><span style=\"font-weight: 400;\">Ng\u01b0\u1eddi s\u1ebd gi\u1ea3i c\u1ee9u con c\u00e1i ng\u01b0\u1eddi thi\u1ebfu th\u1ed1n,<\/span><\/p>\n<p><span style=\"font-weight: 400;\">V\u00e0 s\u1ebd nghi\u1ec1n n\u00e1t k\u1ebb \u00e1p b\u1ee9c.<\/span><\/p>\n<p><span style=\"font-weight: 400;\">5 Ng\u01b0\u1eddi ta s\u1ebd k\u00ednh s\u1ee3 Ng\u00e0i,<\/span><\/p>\n<p><span style=\"font-weight: 400;\">C\u00f9ng v\u1edbi m\u1eb7t tr\u1eddi v\u00e0 tr\u01b0\u1edbc m\u1eb7t tr\u0103ng (*), \u0111\u1eddi \u0111\u1eddi.<\/span><\/p>\n<p><span style=\"font-weight: 400;\">(*) C\u00e1ch n\u00f3i n\u00e0y trong ti\u1ebfng H\u00ea-b\u01a1-r\u01a1 c\u00f3 ngh\u0129a l\u00e0 \u201cch\u1eebng n\u00e0o m\u1eb7t tr\u1eddi v\u00e0 m\u1eb7t tr\u0103ng c\u00f2n t\u1ed3n t\u1ea1i\u201d. D\u1ecbch gi\u1ea3 \u0111\u1ec3 nguy\u00ean v\u0103n phong H\u00ea-b\u01a1-r\u01a1.<\/span><\/p>\n<p><span style=\"font-weight: 400;\">6 Ng\u01b0\u1eddi s\u1ebd ng\u1ef1 xu\u1ed1ng nh\u01b0 m\u01b0a tr\u00ean c\u1ecf ph\u00e1t,<\/span><\/p>\n<p><span style=\"font-weight: 400;\">Nh\u01b0 m\u01b0a r\u00e0o nhu\u1ea7n t\u01b0\u1edbi \u0111\u1ea5t.<\/span><\/p>\n<p><span style=\"font-weight: 400;\">7 Ng\u01b0\u1eddi c\u00f4ng ch\u00ednh s\u1ebd n\u1edf r\u1ed9 trong nh\u1eefng ng\u00e0y c\u1ee7a Ng\u01b0\u1eddi,<\/span><\/p>\n<p><span style=\"font-weight: 400;\">V\u00e0 b\u00ecnh an d\u1ed3i d\u00e0o cho \u0111\u1ebfn khi kh\u00f4ng c\u00f2n m\u1eb7t tr\u0103ng.<\/span><\/p>\n<p><span style=\"font-weight: 400;\">8 V\u00e0 Ng\u01b0\u1eddi s\u1ebd cai tr\u1ecb t\u1eeb bi\u1ec3n t\u1edbi bi\u1ec3n,<\/span><\/p>\n<p><span style=\"font-weight: 400;\">V\u00e0 t\u1eeb S\u00f4ng cho \u0111\u1ebfn c\u00e1c t\u1eadn c\u00f9ng tr\u00e1i \u0111\u1ea5t.<\/span><\/p>\n<p><span style=\"font-weight: 400;\">9 D\u00e2n sa m\u1ea1c s\u1ebd qu\u1ef3 tr\u01b0\u1edbc m\u1eb7t Ng\u01b0\u1eddi,<\/span><\/p>\n<p><span style=\"font-weight: 400;\">V\u00e0 nh\u1eefng k\u1ebb th\u00f9 Ng\u01b0\u1eddi s\u1ebd li\u1ebfm b\u1ee5i \u0111\u1ea5t.<\/span><\/p>\n<p><span style=\"font-weight: 400;\">10 C\u00e1c vua Ta-r\u00ea-si v\u00e0 c\u00e1c \u0111\u1ea3o s\u1ebd d\u00e2ng c\u1ed1ng v\u1eadt,<\/span><\/p>\n<p><span style=\"font-weight: 400;\">C\u00e1c vua S\u00ea-ba v\u00e0 X\u00ea-ba s\u1ebd \u0111em t\u1eb7ng v\u1eadt.<\/span><\/p>\n<p><span style=\"font-weight: 400;\">11 V\u00e0 t\u1ea5t c\u1ea3 c\u00e1c vua s\u1ebd qu\u1ef3 xu\u1ed1ng v\u1edbi Ng\u01b0\u1eddi;<\/span><\/p>\n<p><span style=\"font-weight: 400;\">M\u1ecdi n\u01b0\u1edbc s\u1ebd ph\u1ee5c v\u1ee5 Ng\u01b0\u1eddi.<\/span><\/p>\n<p><span style=\"font-weight: 400;\">12 V\u00ec Ng\u01b0\u1eddi s\u1ebd gi\u1ea3i c\u1ee9u k\u1ebb thi\u1ebfu th\u1ed1n \u0111ang k\u00eau g\u00e0o,<\/span><\/p>\n<p><span style=\"font-weight: 400;\">V\u00e0 k\u1ebb ngh\u00e8o h\u00e8n,<\/span><\/p>\n<p><span style=\"font-weight: 400;\">V\u00e0 k\u1ebb kh\u00f4ng c\u00f3 ng\u01b0\u1eddi gi\u00fap \u0111\u1ee1 cho m\u00ecnh.<\/span><\/p>\n<p><span style=\"font-weight: 400;\">13 Ng\u01b0\u1eddi s\u1ebd cho k\u1ebb ngh\u00e8o kh\u1ed5 v\u00e0 ng\u01b0\u1eddi t\u00fang thi\u1ebfu n\u01b0\u01a1ng n\u00e1u,<\/span><\/p>\n<p><span style=\"font-weight: 400;\">V\u00e0 Ng\u01b0\u1eddi s\u1ebd c\u1ee9u linh h\u1ed3n c\u1ee7a nh\u1eefng ng\u01b0\u1eddi thi\u1ebfu th\u1ed1n.<\/span><\/p>\n<p><span style=\"font-weight: 400;\">14 Ng\u01b0\u1eddi s\u1ebd c\u1ee9u chu\u1ed9c linh h\u1ed3n h\u1ecd kh\u1ecfi l\u1eeba \u0111\u1ea3o v\u00e0 kh\u1ecfi b\u1ea1o l\u1ef1c,<\/span><\/p>\n<p><span style=\"font-weight: 400;\">V\u00e0 m\u00e1u c\u1ee7a h\u1ecd s\u1ebd l\u00e0 qu\u00fd gi\u00e1 trong m\u1eaft Ng\u01b0\u1eddi.<\/span><\/p>\n<p><span style=\"font-weight: 400;\">15 V\u00e0 Ng\u01b0\u1eddi s\u1ebd s\u1ed1ng,<\/span><\/p>\n<p><span style=\"font-weight: 400;\">V\u00e0 ng\u01b0\u1eddi ta s\u1ebd \u0111em cho Ng\u01b0\u1eddi t\u1eeb v\u00e0ng S\u00ea-ba,<\/span><\/p>\n<p><span style=\"font-weight: 400;\">V\u00e0 s\u1ebd h\u1eb1ng c\u1ea7u nguy\u1ec7n v\u1ec1 Ng\u01b0\u1eddi,<\/span><\/p>\n<p><span style=\"font-weight: 400;\">C\u1ea3 ng\u00e0y s\u1ebd ch\u00fac t\u1ee5ng Ng\u01b0\u1eddi.<\/span><\/p>\n<p><span style=\"font-weight: 400;\">16 S\u1ebd c\u00f3 b\u1ea1t ng\u00e0n ng\u0169 c\u1ed1c tr\u00ean \u0111\u1ea5t, tr\u00ean \u0111\u1ec9nh c\u00e1c n\u00fai,<\/span><\/p>\n<p><span style=\"font-weight: 400;\">B\u00f4ng tr\u00e1i Ng\u01b0\u1eddi s\u1ebd x\u00e0o x\u1ea1c nh\u01b0 L\u00ea-ba-non,<\/span><\/p>\n<p><span style=\"font-weight: 400;\">V\u00e0 t\u1eeb th\u00e0nh, h\u1ecd s\u1ebd n\u1edf r\u1ed9 nh\u01b0 c\u1ecf \u0111\u1ea5t.<\/span><\/p>\n<p><span style=\"font-weight: 400;\">17 Danh Ng\u01b0\u1eddi s\u1ebd l\u00e0 v\u0129nh c\u1eedu,<\/span><\/p>\n<p><span style=\"font-weight: 400;\">Tr\u01b0\u1edbc m\u1eb7t tr\u1eddi danh Ng\u01b0\u1eddi s\u1ebd ti\u1ebfp di\u1ec5n,<\/span><\/p>\n<p><span style=\"font-weight: 400;\">V\u00e0 ng\u01b0\u1eddi ta s\u1ebd ch\u00fac ph\u01b0\u1edbc m\u00ecnh b\u1edfi Ng\u01b0\u1eddi,<\/span><\/p>\n<p><span style=\"font-weight: 400;\">M\u1ecdi n\u01b0\u1edbc \u0111\u1ec1u s\u1ebd g\u1ecdi Ng\u01b0\u1eddi l\u00e0 ph\u01b0\u1edbc h\u1ea1nh.<\/span><\/p>\n<p><span style=\"font-weight: 400;\">18 Ch\u00fac t\u1ee5ng YHWH \u0110\u1ee9c Ch\u00faa Tr\u1eddi<\/span><\/p>\n<p><span style=\"font-weight: 400;\">L\u00e0 \u0110\u1ee9c Ch\u00faa Tr\u1eddi c\u1ee7a Is-ra-\u00ean.<\/span><\/p>\n<p><span style=\"font-weight: 400;\">\u0110\u1ea5ng l\u00e0m nh\u1eefng \u0111i\u1ec1u k\u1ef3 di\u1ec7u, duy Ng\u00e0i m\u00e0 th\u00f4i.<\/span><\/p>\n<p><span style=\"font-weight: 400;\">19 V\u00e0 ch\u00fac t\u1ee5ng danh vinh quang Ng\u00e0i m\u00e3i m\u00e3i!<\/span><\/p>\n<p><span style=\"font-weight: 400;\">V\u00e0 vinh quang Ng\u00e0i s\u1ebd \u0111\u1ed5 \u0111\u1ea7y c\u1ea3 tr\u00e1i \u0111\u1ea5t!<\/span><\/p>\n<p><span style=\"font-weight: 400;\">A-men, v\u00e0 A-men!<\/span><\/p>\n<p><span style=\"font-weight: 400;\">20 Nh\u1eefng b\u00e0i c\u1ea7u nguy\u1ec7n c\u1ee7a \u0110a-v\u00edt, con trai Gie-s\u00ea, k\u1ebft th\u00fac.<\/span><\/p>\n<div class=\"previous\">\n<a href=\"https:\/\/mtb.online\/vn\/kinh-thanh\/ot19\/c71\/\"><\/p>\n<div class=\"flex\">\n<svg class=\"reader-arrow h-100 ma0 pa0\" width=\"24\" height=\"24\" viewBox=\"0 0 24 24\" version=\"1.1\" xmlns=\"http:\/\/www.w3.org\/2000\/svg\"><path transform=\"rotate(180, 12, 12)\" stroke=\"none\" stroke-width=\"0\" stroke-linecap=\"round\" stroke-linejoin=\"round\" stroke-miterlimit=\"10\" fill=\"#888888\" d=\"M 9.07,17.44 L 14.4,12.1 14.4,12.1 C 14.6,11.91 14.6,11.59 14.4,11.4 L 9.09,6.08 9.09,6.08 C 8.7,5.7 8.7,5.08 9.09,4.69 L 9.09,4.69 9.09,4.69 C 9.47,4.31 10.09,4.31 10.47,4.69 L 16.85,11.07 16.85,11.07 C 17.24,11.46 17.24,12.09 16.85,12.49 L 10.49,18.85 10.49,18.85 C 10.09,19.24 9.46,19.24 9.07,18.85 L 9.07,18.85 9.07,18.85 C 8.68,18.46 8.68,17.83 9.07,17.44 Z M 9.07,17.44\"><\/path><\/svg>\n<\/div>\n<p><\/a>\n<\/div>\n<div class=\"next\">\n<a href=\"https:\/\/mtb.online\/vn\/kinh-thanh\/ot19\/c73\/\"><\/p>\n<div class=\"flex\">\n<svg class=\"reader-arrow\" width=\"24\" height=\"24\" viewBox=\"0 0 24 24\" version=\"1.1\" xmlns=\"http:\/\/www.w3.org\/2000\/svg\"><path transform=\"rotate(0, 12, 12)\" stroke=\"none\" stroke-width=\"0\" stroke-linecap=\"round\" stroke-linejoin=\"round\" stroke-miterlimit=\"10\" fill=\"#888888\" d=\"M 9.07,17.44 L 14.4,12.1 14.4,12.1 C 14.6,11.91 14.6,11.59 14.4,11.4 L 9.09,6.08 9.09,6.08 C 8.7,5.7 8.7,5.08 9.09,4.69 L 9.09,4.69 9.09,4.69 C 9.47,4.31 10.09,4.31 10.47,4.69 L 16.85,11.07 16.85,11.07 C 17.24,11.46 17.24,12.09 16.85,12.49 L 10.49,18.85 10.49,18.85 C 10.09,19.24 9.46,19.24 9.07,18.85 L 9.07,18.85 9.07,18.85 C 8.68,18.46 8.68,17.83 9.07,17.44 Z M 9.07,17.44\"><\/path><\/svg>\n<\/div>\n<p><\/a>\n<\/div>\n","protected":false},"excerpt":{"rendered":"<p>[19] Thi Ca 72:1-20 STT C\u1ef1u \u01af\u1edbc T\u00e2n \u01af\u1edbc 01 Kh\u1edfi Nguy\u00ean Ma-thi-\u01a1 02 Xu\u1ea5t H\u00e0nh M\u00e1c 03 L\u00ea-vi Lu-ca 04 D\u00e2n S\u1ed1 Gi\u0103ng 05 Nh\u1ecb Lu\u1eadt C\u00f4ng V\u1ee5 06 Gi\u00f4-su\u00ea R\u00f4-ma 07 Th\u1ea9m Ph\u00e1n I C\u00f4-rinh-t\u00f4 08 Ru-t\u01a1 II C\u00f4-rinh-t\u00f4 09 I Sa-mu-\u00ean Ga-la-ti 10 II Sa-mu-\u00ean \u00ca-ph\u00ea-s\u00f4 11 I C\u00e1c Vua Phi-l\u00edp 12&#8230;<\/p>\n","protected":false},"author":1,"featured_media":0,"parent":3537,"menu_order":0,"comment_status":"closed","ping_status":"closed","template":"templates\/full-width.php","meta":{"_monsterinsights_skip_tracking":false,"_monsterinsights_sitenote_active":false,"_monsterinsights_sitenote_note":"","_monsterinsights_sitenote_category":0,"cybocfi_hide_featured_image":"","footnotes":""},"class_list":["post-5246","page","type-page","status-publish","hentry"],"yoast_head":"<!-- This site is optimized with the Yoast SEO plugin v27.2 - https:\/\/yoast.com\/product\/yoast-seo-wordpress\/ -->\n<title>Thi Ca - Ch\u01b0\u01a1ng 72 - Majority Text Bible<\/title>\n<meta name=\"robots\" content=\"index, follow, max-snippet:-1, max-image-preview:large, max-video-preview:-1\" \/>\n<link rel=\"canonical\" href=\"http:\/\/mtb.online\/en\/kinh-thanh\/c72\/\" \/>\n<meta property=\"og:locale\" content=\"en_US\" \/>\n<meta property=\"og:type\" content=\"article\" \/>\n<meta property=\"og:title\" content=\"Thi Ca - Ch\u01b0\u01a1ng 72 - Majority Text Bible\" \/>\n<meta property=\"og:description\" content=\"[19] Thi Ca 72:1-20 STT C\u1ef1u \u01af\u1edbc T\u00e2n \u01af\u1edbc 01 Kh\u1edfi Nguy\u00ean Ma-thi-\u01a1 02 Xu\u1ea5t H\u00e0nh M\u00e1c 03 L\u00ea-vi Lu-ca 04 D\u00e2n S\u1ed1 Gi\u0103ng 05 Nh\u1ecb Lu\u1eadt C\u00f4ng V\u1ee5 06 Gi\u00f4-su\u00ea R\u00f4-ma 07 Th\u1ea9m Ph\u00e1n I C\u00f4-rinh-t\u00f4 08 Ru-t\u01a1 II C\u00f4-rinh-t\u00f4 09 I Sa-mu-\u00ean Ga-la-ti 10 II Sa-mu-\u00ean \u00ca-ph\u00ea-s\u00f4 11 I C\u00e1c Vua Phi-l\u00edp 12...\" \/>\n<meta property=\"og:url\" content=\"http:\/\/mtb.online\/en\/kinh-thanh\/c72\/\" \/>\n<meta property=\"og:site_name\" content=\"Majority Text Bible\" \/>\n<meta property=\"article:modified_time\" content=\"2023-04-02T06:29:16+00:00\" \/>\n<meta name=\"twitter:card\" content=\"summary_large_image\" \/>\n<meta name=\"twitter:label1\" content=\"Est. reading time\" \/>\n\t<meta name=\"twitter:data1\" content=\"4 minutes\" \/>\n<script type=\"application\/ld+json\" class=\"yoast-schema-graph\">{\"@context\":\"https:\/\/schema.org\",\"@graph\":[{\"@type\":\"WebPage\",\"@id\":\"http:\/\/mtb.online\/de\/kinh-thanh\/c72\/\",\"url\":\"http:\/\/mtb.online\/de\/kinh-thanh\/c72\/\",\"name\":\"Thi Ca - Ch\u01b0\u01a1ng 72 - Majority Text Bible\",\"isPartOf\":{\"@id\":\"https:\/\/mtb.online\/en\/#website\"},\"datePublished\":\"2020-11-19T16:56:30+00:00\",\"dateModified\":\"2023-04-02T06:29:16+00:00\",\"breadcrumb\":{\"@id\":\"http:\/\/mtb.online\/de\/kinh-thanh\/c72\/#breadcrumb\"},\"inLanguage\":\"en-US\",\"potentialAction\":[{\"@type\":\"ReadAction\",\"target\":[\"http:\/\/mtb.online\/de\/kinh-thanh\/c72\/\"]}]},{\"@type\":\"BreadcrumbList\",\"@id\":\"http:\/\/mtb.online\/de\/kinh-thanh\/c72\/#breadcrumb\",\"itemListElement\":[{\"@type\":\"ListItem\",\"position\":1,\"name\":\"Home\",\"item\":\"https:\/\/mtb.online\/en\/\"},{\"@type\":\"ListItem\",\"position\":2,\"name\":\"Kinh Th\u00e1nh \u0110a S\u1ed1 Vi\u1ec7t Ng\u1eef (VMTB)\",\"item\":\"https:\/\/mtb.online\/en\/kinh-thanh\/\"},{\"@type\":\"ListItem\",\"position\":3,\"name\":\"Thi Ca &#8211; Ch\u01b0\u01a1ng 72\"}]},{\"@type\":\"WebSite\",\"@id\":\"https:\/\/mtb.online\/en\/#website\",\"url\":\"https:\/\/mtb.online\/en\/\",\"name\":\"Majority Text Bible\",\"description\":\"\",\"publisher\":{\"@id\":\"https:\/\/mtb.online\/en\/#organization\"},\"potentialAction\":[{\"@type\":\"SearchAction\",\"target\":{\"@type\":\"EntryPoint\",\"urlTemplate\":\"https:\/\/mtb.online\/en\/?s={search_term_string}\"},\"query-input\":{\"@type\":\"PropertyValueSpecification\",\"valueRequired\":true,\"valueName\":\"search_term_string\"}}],\"inLanguage\":\"en-US\"},{\"@type\":\"Organization\",\"@id\":\"https:\/\/mtb.online\/en\/#organization\",\"name\":\"Majority Text Bible\",\"url\":\"https:\/\/mtb.online\/en\/\",\"logo\":{\"@type\":\"ImageObject\",\"inLanguage\":\"en-US\",\"@id\":\"https:\/\/mtb.online\/en\/#\/schema\/logo\/image\/\",\"url\":\"http:\/\/hangtotgiare.com\/wp-content\/uploads\/2021\/11\/logo-251x189-large.png\",\"contentUrl\":\"http:\/\/hangtotgiare.com\/wp-content\/uploads\/2021\/11\/logo-251x189-large.png\",\"width\":888,\"height\":669,\"caption\":\"Majority Text Bible\"},\"image\":{\"@id\":\"https:\/\/mtb.online\/en\/#\/schema\/logo\/image\/\"}}]}<\/script>\n<!-- \/ Yoast SEO plugin. -->","yoast_head_json":{"title":"Thi Ca - Ch\u01b0\u01a1ng 72 - Majority Text Bible","robots":{"index":"index","follow":"follow","max-snippet":"max-snippet:-1","max-image-preview":"max-image-preview:large","max-video-preview":"max-video-preview:-1"},"canonical":"http:\/\/mtb.online\/en\/kinh-thanh\/c72\/","og_locale":"en_US","og_type":"article","og_title":"Thi Ca - Ch\u01b0\u01a1ng 72 - Majority Text Bible","og_description":"[19] Thi Ca 72:1-20 STT C\u1ef1u \u01af\u1edbc T\u00e2n \u01af\u1edbc 01 Kh\u1edfi Nguy\u00ean Ma-thi-\u01a1 02 Xu\u1ea5t H\u00e0nh M\u00e1c 03 L\u00ea-vi Lu-ca 04 D\u00e2n S\u1ed1 Gi\u0103ng 05 Nh\u1ecb Lu\u1eadt C\u00f4ng V\u1ee5 06 Gi\u00f4-su\u00ea R\u00f4-ma 07 Th\u1ea9m Ph\u00e1n I C\u00f4-rinh-t\u00f4 08 Ru-t\u01a1 II C\u00f4-rinh-t\u00f4 09 I Sa-mu-\u00ean Ga-la-ti 10 II Sa-mu-\u00ean \u00ca-ph\u00ea-s\u00f4 11 I C\u00e1c Vua Phi-l\u00edp 12...","og_url":"http:\/\/mtb.online\/en\/kinh-thanh\/c72\/","og_site_name":"Majority Text Bible","article_modified_time":"2023-04-02T06:29:16+00:00","twitter_card":"summary_large_image","twitter_misc":{"Est. reading time":"4 minutes"},"schema":{"@context":"https:\/\/schema.org","@graph":[{"@type":"WebPage","@id":"http:\/\/mtb.online\/de\/kinh-thanh\/c72\/","url":"http:\/\/mtb.online\/de\/kinh-thanh\/c72\/","name":"Thi Ca - Ch\u01b0\u01a1ng 72 - Majority Text Bible","isPartOf":{"@id":"https:\/\/mtb.online\/en\/#website"},"datePublished":"2020-11-19T16:56:30+00:00","dateModified":"2023-04-02T06:29:16+00:00","breadcrumb":{"@id":"http:\/\/mtb.online\/de\/kinh-thanh\/c72\/#breadcrumb"},"inLanguage":"en-US","potentialAction":[{"@type":"ReadAction","target":["http:\/\/mtb.online\/de\/kinh-thanh\/c72\/"]}]},{"@type":"BreadcrumbList","@id":"http:\/\/mtb.online\/de\/kinh-thanh\/c72\/#breadcrumb","itemListElement":[{"@type":"ListItem","position":1,"name":"Home","item":"https:\/\/mtb.online\/en\/"},{"@type":"ListItem","position":2,"name":"Kinh Th\u00e1nh \u0110a S\u1ed1 Vi\u1ec7t Ng\u1eef (VMTB)","item":"https:\/\/mtb.online\/en\/kinh-thanh\/"},{"@type":"ListItem","position":3,"name":"Thi Ca &#8211; Ch\u01b0\u01a1ng 72"}]},{"@type":"WebSite","@id":"https:\/\/mtb.online\/en\/#website","url":"https:\/\/mtb.online\/en\/","name":"Majority Text Bible","description":"","publisher":{"@id":"https:\/\/mtb.online\/en\/#organization"},"potentialAction":[{"@type":"SearchAction","target":{"@type":"EntryPoint","urlTemplate":"https:\/\/mtb.online\/en\/?s={search_term_string}"},"query-input":{"@type":"PropertyValueSpecification","valueRequired":true,"valueName":"search_term_string"}}],"inLanguage":"en-US"},{"@type":"Organization","@id":"https:\/\/mtb.online\/en\/#organization","name":"Majority Text Bible","url":"https:\/\/mtb.online\/en\/","logo":{"@type":"ImageObject","inLanguage":"en-US","@id":"https:\/\/mtb.online\/en\/#\/schema\/logo\/image\/","url":"http:\/\/hangtotgiare.com\/wp-content\/uploads\/2021\/11\/logo-251x189-large.png","contentUrl":"http:\/\/hangtotgiare.com\/wp-content\/uploads\/2021\/11\/logo-251x189-large.png","width":888,"height":669,"caption":"Majority Text Bible"},"image":{"@id":"https:\/\/mtb.online\/en\/#\/schema\/logo\/image\/"}}]}},"_links":{"self":[{"href":"http:\/\/mtb.online\/en\/wp-json\/wp\/v2\/pages\/5246","targetHints":{"allow":["GET"]}}],"collection":[{"href":"http:\/\/mtb.online\/en\/wp-json\/wp\/v2\/pages"}],"about":[{"href":"http:\/\/mtb.online\/en\/wp-json\/wp\/v2\/types\/page"}],"author":[{"embeddable":true,"href":"http:\/\/mtb.online\/en\/wp-json\/wp\/v2\/users\/1"}],"replies":[{"embeddable":true,"href":"http:\/\/mtb.online\/en\/wp-json\/wp\/v2\/comments?post=5246"}],"version-history":[{"count":4,"href":"http:\/\/mtb.online\/en\/wp-json\/wp\/v2\/pages\/5246\/revisions"}],"predecessor-version":[{"id":13541,"href":"http:\/\/mtb.online\/en\/wp-json\/wp\/v2\/pages\/5246\/revisions\/13541"}],"up":[{"embeddable":true,"href":"http:\/\/mtb.online\/en\/wp-json\/wp\/v2\/pages\/3537"}],"wp:attachment":[{"href":"http:\/\/mtb.online\/en\/wp-json\/wp\/v2\/media?parent=5246"}],"curies":[{"name":"wp","href":"https:\/\/api.w.org\/{rel}","templated":true}]}}