{"id":3969,"date":"2020-08-04T15:40:22","date_gmt":"2020-08-04T08:40:22","guid":{"rendered":"https:\/\/hangtotgiare.com\/?page_id=3969"},"modified":"2023-03-20T17:01:07","modified_gmt":"2023-03-20T10:01:07","slug":"c33","status":"publish","type":"page","link":"http:\/\/mtb.online\/en\/kinh-thanh\/c33\/","title":{"rendered":"Kh\u1edfi Nguy\u00ean &#8211; Ch\u01b0\u01a1ng 33"},"content":{"rendered":"<div class=\"dropdown\">\n<p><button onclick=\"myFunction()\" class=\"dropbtn\"><strong><span style=\"color: #0000ff;\">[01] Kh\u1edfi Nguy\u00ean 33:1-20<\/span><\/strong><\/button><\/p>\n<div id=\"myDropdown\" class=\"dropdown-content\">\n<table>\n<tbody>\n<tr>\n<th><strong>STT<\/strong><\/th>\n<th style=\"color: #0000ff;\"><strong>C\u1ef1u \u01af\u1edbc<\/strong><\/th>\n<th style=\"color: #ff0000;\"><strong>T\u00e2n \u01af\u1edbc<\/strong><\/th>\n<\/tr>\n<tr>\n<td>01<\/td>\n<td><a style=\"color: #0000ff;\" href=\"https:\/\/mtb.online\/vn\/kinh-thanh\/ot1\/\">Kh\u1edfi Nguy\u00ean<\/a><\/td>\n<td><a style=\"color: #ff0000;\" href=\"https:\/\/mtb.online\/vn\/kinh-thanh\/nt1\/\">Ma-thi-\u01a1<\/a><\/td>\n<\/tr>\n<tr>\n<td>02<\/td>\n<td><a style=\"color: #0000ff;\" href=\"https:\/\/mtb.online\/vn\/kinh-thanh\/ot2\/\">Xu\u1ea5t H\u00e0nh<\/a><\/td>\n<td><a style=\"color: #ff0000;\" href=\"https:\/\/mtb.online\/vn\/kinh-thanh\/nt2\/\">M\u00e1c<\/a><\/td>\n<\/tr>\n<tr>\n<td>03<\/td>\n<td><a style=\"color: #0000ff;\" href=\"https:\/\/mtb.online\/vn\/kinh-thanh\/ot3\/\">L\u00ea-vi<\/a><\/td>\n<td><a style=\"color: #ff0000;\" href=\"https:\/\/mtb.online\/vn\/kinh-thanh\/nt3\/\">Lu-ca<\/a><\/td>\n<\/tr>\n<tr>\n<td>04<\/td>\n<td><a style=\"color: #0000ff;\" href=\"https:\/\/mtb.online\/vn\/kinh-thanh\/ot4\/\">D\u00e2n S\u1ed1<\/a><\/td>\n<td><a style=\"color: #ff0000;\" href=\"https:\/\/mtb.online\/vn\/kinh-thanh\/nt4\/\">Gi\u0103ng<\/a><\/td>\n<\/tr>\n<tr>\n<td>05<\/td>\n<td><a style=\"color: #0000ff;\" href=\"https:\/\/mtb.online\/vn\/kinh-thanh\/ot5\/\">Nh\u1ecb Lu\u1eadt<\/a><\/td>\n<td><a style=\"color: #ff0000;\" href=\"https:\/\/mtb.online\/vn\/kinh-thanh\/nt5\/\">C\u00f4ng V\u1ee5<\/a><\/td>\n<\/tr>\n<tr>\n<td>06<\/td>\n<td><a style=\"color: #0000ff;\" href=\"https:\/\/mtb.online\/vn\/kinh-thanh\/ot6\/\">Gi\u00f4-su\u00ea<\/a><\/td>\n<td><a style=\"color: #ff0000;\" href=\"https:\/\/mtb.online\/vn\/kinh-thanh\/nt6\/\">R\u00f4-ma<\/a><\/td>\n<\/tr>\n<tr>\n<td>07<\/td>\n<td><a style=\"color: #0000ff;\" href=\"https:\/\/mtb.online\/vn\/kinh-thanh\/ot7\/\">Th\u1ea9m Ph\u00e1n<\/a><\/td>\n<td><a style=\"color: #ff0000;\" href=\"https:\/\/mtb.online\/vn\/kinh-thanh\/nt7\/\">I C\u00f4-rinh-t\u00f4<\/a><\/td>\n<\/tr>\n<tr>\n<td>08<\/td>\n<td><a style=\"color: #0000ff;\" href=\"https:\/\/mtb.online\/vn\/kinh-thanh\/ot8\/\">Ru-t\u01a1<\/a><\/td>\n<td><a style=\"color: #ff0000;\" href=\"https:\/\/mtb.online\/vn\/kinh-thanh\/nt8\/\">II C\u00f4-rinh-t\u00f4<\/a><\/td>\n<\/tr>\n<tr>\n<td>09<\/td>\n<td><a style=\"color: #0000ff;\" href=\"https:\/\/mtb.online\/vn\/kinh-thanh\/ot9\/\">I Sa-mu-\u00ean<\/a><\/td>\n<td><a style=\"color: #ff0000;\" href=\"https:\/\/mtb.online\/vn\/kinh-thanh\/nt9\/\">Ga-la-ti<\/a><\/td>\n<\/tr>\n<tr>\n<td>10<\/td>\n<td><a style=\"color: #0000ff;\" href=\"https:\/\/mtb.online\/vn\/kinh-thanh\/ot10\/\">II Sa-mu-\u00ean<\/a><\/td>\n<td><a style=\"color: #ff0000;\" href=\"https:\/\/mtb.online\/vn\/kinh-thanh\/nt10\/\">\u00ca-ph\u00ea-s\u00f4<\/a><\/td>\n<\/tr>\n<tr>\n<td>11<\/td>\n<td><a style=\"color: #0000ff;\" href=\"https:\/\/mtb.online\/vn\/kinh-thanh\/ot11\/\">I C\u00e1c Vua<\/a><\/td>\n<td><a style=\"color: #ff0000;\" href=\"https:\/\/mtb.online\/vn\/kinh-thanh\/nt11\/\">Phi-l\u00edp<\/a><\/td>\n<\/tr>\n<tr>\n<td>12<\/td>\n<td><a style=\"color: #0000ff;\" href=\"https:\/\/mtb.online\/vn\/kinh-thanh\/ot12\/\">II C\u00e1c Vua<\/a><\/td>\n<td><a style=\"color: #ff0000;\" href=\"https:\/\/mtb.online\/vn\/kinh-thanh\/nt12\/\">C\u00f4-l\u00f4-se<\/a><\/td>\n<\/tr>\n<tr>\n<td>13<\/td>\n<td><a style=\"color: #0000ff;\" href=\"https:\/\/mtb.online\/vn\/kinh-thanh\/ot13\/\">I S\u1eed K\u00fd<\/a><\/td>\n<td><a style=\"color: #ff0000;\" href=\"https:\/\/mtb.online\/vn\/kinh-thanh\/nt13\/\">I T\u00ea-sa-l\u00f4-ni-ca<\/a><\/td>\n<\/tr>\n<tr>\n<td>14<\/td>\n<td><a style=\"color: #0000ff;\" href=\"https:\/\/mtb.online\/vn\/kinh-thanh\/ot14\/\">II S\u1eed K\u00fd<\/a><\/td>\n<td><a style=\"color: #ff0000;\" href=\"https:\/\/mtb.online\/vn\/kinh-thanh\/nt14\/\">II T\u00ea-sa-l\u00f4-ni-ca<\/a><\/td>\n<\/tr>\n<tr>\n<td>15<\/td>\n<td><a style=\"color: #0000ff;\" href=\"https:\/\/mtb.online\/vn\/kinh-thanh\/ot15\/\">\u00ca-x\u01a1-ra<\/a><\/td>\n<td><a style=\"color: #ff0000;\" href=\"https:\/\/mtb.online\/vn\/kinh-thanh\/nt15\/\">I Ti-m\u00f4-th\u00ea<\/a><\/td>\n<\/tr>\n<tr>\n<td>16<\/td>\n<td><a style=\"color: #0000ff;\" href=\"https:\/\/mtb.online\/vn\/kinh-thanh\/ot16\/\">N\u00ea-h\u00ea-mi<\/a><\/td>\n<td><a style=\"color: #ff0000;\" href=\"https:\/\/mtb.online\/vn\/kinh-thanh\/nt16\/\">II Ti-m\u00f4-th\u00ea<\/a><\/td>\n<\/tr>\n<tr>\n<td>17<\/td>\n<td><a style=\"color: #0000ff;\" href=\"https:\/\/mtb.online\/vn\/kinh-thanh\/ot17\/\">\u00ca-x\u01a1-t\u00ea<\/a><\/td>\n<td><a style=\"color: #ff0000;\" href=\"https:\/\/mtb.online\/vn\/kinh-thanh\/nt17\/\">T\u00edt<\/a><\/td>\n<\/tr>\n<tr>\n<td>18<\/td>\n<td><a style=\"color: #0000ff;\" href=\"https:\/\/mtb.online\/vn\/kinh-thanh\/ot18\/\">Gi\u00f3p<\/a><\/td>\n<td><a style=\"color: #ff0000;\" href=\"https:\/\/mtb.online\/vn\/kinh-thanh\/nt18\/\">Phi-l\u00ea-m\u00f4n<\/a><\/td>\n<\/tr>\n<tr>\n<td>19<\/td>\n<td><a style=\"color: #0000ff;\" href=\"https:\/\/mtb.online\/vn\/kinh-thanh\/ot19\/\">Thi Ca<\/a><\/td>\n<td><a style=\"color: #ff0000;\" href=\"https:\/\/mtb.online\/vn\/kinh-thanh\/nt19\/\">H\u00ea-b\u01a1-r\u01a1<\/a><\/td>\n<\/tr>\n<tr>\n<td>20<\/td>\n<td><a style=\"color: #0000ff;\" href=\"https:\/\/mtb.online\/vn\/kinh-thanh\/ot20\/\">Ch\u00e2m Ng\u00f4n<\/a><\/td>\n<td><a style=\"color: #ff0000;\" href=\"https:\/\/mtb.online\/vn\/kinh-thanh\/nt20\/\">Gia-c\u01a1<\/a><\/td>\n<\/tr>\n<tr>\n<td>21<\/td>\n<td><a style=\"color: #0000ff;\" href=\"https:\/\/mtb.online\/vn\/kinh-thanh\/ot21\/\">Truy\u1ec1n \u0110\u1ea1o<\/a><\/td>\n<td><a style=\"color: #ff0000;\" href=\"https:\/\/mtb.online\/vn\/kinh-thanh\/nt21\/\">I Phi-e-r\u01a1<\/a><\/td>\n<\/tr>\n<tr>\n<td>22<\/td>\n<td><a style=\"color: #0000ff;\" href=\"https:\/\/mtb.online\/vn\/kinh-thanh\/ot22\/\">Nh\u00e3 Ca<\/a><\/td>\n<td><a style=\"color: #ff0000;\" href=\"https:\/\/mtb.online\/vn\/kinh-thanh\/nt22\/\">II Phi-e-r\u01a1<\/a><\/td>\n<\/tr>\n<tr>\n<td>23<\/td>\n<td><a style=\"color: #0000ff;\" href=\"https:\/\/mtb.online\/vn\/kinh-thanh\/ot23\/\">\u00ca-sai<\/a><\/td>\n<td><a style=\"color: #ff0000;\" href=\"https:\/\/mtb.online\/vn\/kinh-thanh\/nt23\/\">I Gi\u0103ng<\/a><\/td>\n<\/tr>\n<tr>\n<td>24<\/td>\n<td><a style=\"color: #0000ff;\" href=\"https:\/\/mtb.online\/vn\/kinh-thanh\/ot24\/\">Gi\u00ea-r\u00ea-mi<\/a><\/td>\n<td><a style=\"color: #ff0000;\" href=\"https:\/\/mtb.online\/vn\/kinh-thanh\/nt24\/\">II Gi\u0103ng<\/a><\/td>\n<\/tr>\n<tr>\n<td>25<\/td>\n<td><a style=\"color: #0000ff;\" href=\"https:\/\/mtb.online\/vn\/kinh-thanh\/ot25\/\">Ca Th\u01b0\u01a1ng<\/a><\/td>\n<td><a style=\"color: #ff0000;\" href=\"https:\/\/mtb.online\/vn\/kinh-thanh\/nt25\/\">III Gi\u0103ng<\/a><\/td>\n<\/tr>\n<tr>\n<td>26<\/td>\n<td><a style=\"color: #0000ff;\" href=\"https:\/\/mtb.online\/vn\/kinh-thanh\/ot26\/\">\u00ca-x\u00ea-chi-\u00ean<\/a><\/td>\n<td><a style=\"color: #ff0000;\" href=\"https:\/\/mtb.online\/vn\/kinh-thanh\/nt26\/\">Giu-\u0111e<\/a><\/td>\n<\/tr>\n<tr>\n<td>27<\/td>\n<td><a style=\"color: #0000ff;\" href=\"https:\/\/mtb.online\/vn\/kinh-thanh\/ot27\/\">\u0110a-ni-\u00ean<\/a><\/td>\n<td><a style=\"color: #ff0000;\" href=\"https:\/\/mtb.online\/vn\/kinh-thanh\/nt27\/\">M\u1eb7c Kh\u1ea3i<\/a><\/td>\n<\/tr>\n<tr>\n<td>28<\/td>\n<td><a style=\"color: #0000ff;\" href=\"https:\/\/mtb.online\/vn\/kinh-thanh\/ot28\/\">\u00d4-s\u00ea<\/a><\/td>\n<td><\/td>\n<\/tr>\n<tr>\n<td>29<\/td>\n<td><a style=\"color: #0000ff;\" href=\"https:\/\/mtb.online\/vn\/kinh-thanh\/ot29\/\">Gi\u00f4-\u00ean<\/a><\/td>\n<td><\/td>\n<\/tr>\n<tr>\n<td>30<\/td>\n<td><a style=\"color: #0000ff;\" href=\"https:\/\/mtb.online\/vn\/kinh-thanh\/ot30\/\">A-m\u1ed1t<\/a><\/td>\n<td><\/td>\n<\/tr>\n<tr>\n<td>31<\/td>\n<td><a style=\"color: #0000ff;\" href=\"https:\/\/mtb.online\/vn\/kinh-thanh\/ot31\/\">\u00c1p-\u0111ia<\/a><\/td>\n<td><\/td>\n<\/tr>\n<tr>\n<td>32<\/td>\n<td><a style=\"color: #0000ff;\" href=\"https:\/\/mtb.online\/vn\/kinh-thanh\/ot32\/\">Gi\u00f4-na<\/a><\/td>\n<td><\/td>\n<\/tr>\n<tr>\n<td>33<\/td>\n<td><a style=\"color: #0000ff;\" href=\"https:\/\/mtb.online\/vn\/kinh-thanh\/ot33\/\">Mi-ch\u00ea<\/a><\/td>\n<td><\/td>\n<\/tr>\n<tr>\n<td>34<\/td>\n<td><a style=\"color: #0000ff;\" href=\"https:\/\/mtb.online\/vn\/kinh-thanh\/ot34\/\">Na-hum<\/a><\/td>\n<td><\/td>\n<\/tr>\n<tr>\n<td>35<\/td>\n<td><a style=\"color: #0000ff;\" href=\"https:\/\/mtb.online\/vn\/kinh-thanh\/ot35\/\">Ha-ba-c\u00fac<\/a><\/td>\n<td><\/td>\n<\/tr>\n<tr>\n<td>36<\/td>\n<td><a style=\"color: #0000ff;\" href=\"https:\/\/mtb.online\/vn\/kinh-thanh\/ot36\/\">S\u00f4-ph\u00f4-ni<\/a><\/td>\n<td><\/td>\n<\/tr>\n<tr>\n<td>37<\/td>\n<td><a style=\"color: #0000ff;\" href=\"https:\/\/mtb.online\/vn\/kinh-thanh\/ot37\/\">A-gh\u00ea<\/a><\/td>\n<td><\/td>\n<\/tr>\n<tr>\n<td>38<\/td>\n<td><a style=\"color: #0000ff;\" href=\"https:\/\/mtb.online\/vn\/kinh-thanh\/ot38\/\">Xa-cha-ri<\/a><\/td>\n<td><\/td>\n<\/tr>\n<tr>\n<td>39<\/td>\n<td><a style=\"color: #0000ff;\" href=\"https:\/\/mtb.online\/vn\/kinh-thanh\/ot39\/\">Ma-la-chi<\/a><\/td>\n<td><\/td>\n<\/tr>\n<\/tbody>\n<\/table>\n<\/div>\n<\/div>\n<p><span style=\"font-weight: 400;\">1 V\u00e0 Gia-c\u1ed1p ng\u01b0\u1edbc m\u1eaft m\u00ecnh l\u00ean v\u00e0 nh\u00ecn. V\u00e0 k\u00eca: \u00ca-sau \u0111ang \u0111\u1ebfn, v\u00e0 c\u00f9ng \u00f4ng \u1ea5y l\u00e0 b\u1ed1n tr\u0103m ng\u01b0\u1eddi! V\u00e0 \u00f4ng chia c\u00e1c con cho L\u00ea-a, v\u00e0 cho Ra-ch\u00ean, v\u00e0 cho hai n\u1eef t\u00ec.<\/span><\/p>\n<p><span style=\"font-weight: 400;\">2 \u00d4ng \u0111\u1eb7t c\u00e1c n\u1eef t\u00ec v\u00e0 c\u00e1c con c\u1ee7a h\u1ecd tr\u01b0\u1edbc, v\u00e0 L\u00ea-a v\u00e0 c\u00e1c con c\u1ee7a b\u00e0 sau, v\u00e0 Ra-ch\u00ean v\u00e0 Gi\u00f4-s\u00e9p sau c\u00f9ng.<\/span><\/p>\n<p><span style=\"font-weight: 400;\">3 C\u00f2n \u00f4ng v\u01b0\u1ee3t l\u00ean tr\u01b0\u1edbc m\u1eb7t h\u1ecd, v\u00e0 s\u1ea5p m\u00ecnh xu\u1ed1ng \u0111\u1ea5t b\u1ea3y l\u1ea7n, cho t\u1edbi khi \u00f4ng \u0111\u1ebfn g\u1ea7n anh m\u00ecnh.<\/span><\/p>\n<p><span style=\"font-weight: 400;\">4 Nh\u01b0ng \u00ca-sau ch\u1ea1y \u0111\u1ebfn \u0111\u00f3n \u00f4ng v\u00e0 \u00f4m ch\u1ea7m l\u1ea5y \u00f4ng, v\u00e0 g\u1ee5c xu\u1ed1ng c\u1ed5 \u00f4ng v\u00e0 h\u00f4n \u00f4ng, v\u00e0 h\u1ecd kh\u00f3c.<\/span><\/p>\n<p><span style=\"font-weight: 400;\">5 V\u00e0 \u00f4ng \u1ea5y ng\u01b0\u1edbc m\u1eaft m\u00ecnh l\u00ean v\u00e0 th\u1ea5y c\u00e1c ph\u1ee5 n\u1eef v\u00e0 nh\u1eefng \u0111\u1ee9a tr\u1ebb th\u00ec n\u00f3i: \u201cNh\u1eefng ng\u01b0\u1eddi \u1edf v\u1edbi em n\u00e0y l\u00e0 ai?\u201d V\u00e0 \u00f4ng n\u00f3i: \u201cL\u00e0 nh\u1eefng \u0111\u1ee9a con m\u00e0 \u0110\u1ee9c Ch\u00faa Tr\u1eddi \u0111\u00e3 \u0111o\u00e1i ban cho \u0111\u1ea7y t\u1edb anh.\u201d<\/span><\/p>\n<p><span style=\"font-weight: 400;\">6 V\u00e0 c\u00e1c n\u1eef t\u00ec \u0111\u1ebfn g\u1ea7n: h\u1ecd v\u00e0 con c\u00e1i h\u1ecd, v\u00e0 s\u1ea5p m\u00ecnh xu\u1ed1ng.<\/span><\/p>\n<p><span style=\"font-weight: 400;\">7 V\u00e0 L\u00ea-a v\u00e0 c\u00e1c con c\u00e1i b\u00e0 c\u0169ng \u0111\u1ebfn g\u1ea7n, v\u00e0 s\u1ea5p m\u00ecnh xu\u1ed1ng; v\u00e0 sau \u0111\u00f3, Gi\u00f4-s\u00e9p v\u00e0 Ra-ch\u00ean \u0111\u1ebfn g\u1ea7n, v\u00e0 s\u1ea5p m\u00ecnh xu\u1ed1ng.<\/span><\/p>\n<p><span style=\"font-weight: 400;\">8 V\u00e0 \u00f4ng \u1ea5y h\u1ecfi: \u201cEm c\u00f3 \u00fd g\u00ec v\u1ec1 m\u1ecdi b\u1ea7y n\u00e0y m\u00e0 anh \u0111\u00e3 g\u1eb7p?\u201d V\u00e0 \u00f4ng \u0111\u00e1p: \u201cL\u00e0 \u0111\u1ec3 t\u00ecm \u01a1n trong m\u1eaft anh.\u201d<\/span><\/p>\n<p><span style=\"font-weight: 400;\">9 V\u00e0 \u00ca-sau n\u00f3i: \u201cAnh c\u00f3 nhi\u1ec1u r\u1ed3i, em trai c\u1ee7a anh. C\u00e1i g\u00ec \u0111\u00e3 l\u00e0 c\u1ee7a em th\u00ec s\u1ebd l\u00e0 c\u1ee7a em.\u201d<\/span><\/p>\n<p><span style=\"font-weight: 400;\">10 V\u00e0 Gia-c\u1ed1p n\u00f3i: \u201cXin \u0111\u1eebng! N\u1ebfu em \u0111\u00e3 t\u00ecm \u0111\u01b0\u1ee3c \u01a1n trong m\u1eaft anh th\u00ec xin anh nh\u1eadn l\u1ea5y qu\u00e0 bi\u1ebfu c\u1ee7a em t\u1eeb tay em. V\u00ec b\u1edfi v\u1eady em \u0111\u01b0\u1ee3c th\u1ea5y m\u1eb7t anh nh\u01b0 \u0111\u01b0\u1ee3c th\u1ea5y m\u1eb7t \u0110\u1ee9c Ch\u00faa Tr\u1eddi, v\u00e0 anh \u0111\u00e3 ch\u1ea5p nh\u1eadn em.<\/span><\/p>\n<p><span style=\"font-weight: 400;\">11 Xin anh nh\u1eadn l\u1ea5y ph\u01b0\u1edbc c\u1ee7a em \u0111\u00e3 \u0111\u01b0\u1ee3c \u0111em \u0111\u1ebfn anh, v\u00ec \u0110\u1ee9c Ch\u00faa Tr\u1eddi \u0111\u00e3 ban \u01a1n em, v\u00e0 v\u00ec em \u0111\u00e3 c\u00f3 t\u1ea5t c\u1ea3.\u201d V\u00e0 \u00f4ng n\u00e0i \u00e9p \u00f4ng \u1ea5y, v\u00e0 \u00f4ng \u1ea5y nh\u1eadn.<\/span><\/p>\n<p><span style=\"font-weight: 400;\">12 V\u00e0 \u00f4ng \u1ea5y n\u00f3i: \u201cCh\u00fang ta h\u00e3y kh\u1edfi h\u00e0nh v\u00e0 \u0111i, v\u00e0 anh s\u1ebd \u0111i tr\u01b0\u1edbc em.\u201d<\/span><\/p>\n<p><span style=\"font-weight: 400;\">13 V\u00e0 \u00f4ng n\u00f3i v\u1edbi \u00f4ng \u1ea5y: \u201cCh\u00faa c\u1ee7a em bi\u1ebft r\u1eb1ng m\u1ea5y \u0111\u1ee9a tr\u1ebb th\u00ec y\u1ebfu \u1edbt, c\u00f2n b\u1ea7y gia s\u00fac v\u00e0 \u0111\u00e0n th\u00fa v\u1eadt \u1edf v\u1edbi em c\u00f2n \u0111ang cho con b\u00fa, n\u00ean th\u00fac ch\u00fang ch\u1ea1y m\u1ed9t ng\u00e0y th\u00f4i th\u00ec c\u1ea3 b\u1ea7y gia s\u00fac s\u1ebd ch\u1ebft h\u1ebft m\u1ea5t.<\/span><\/p>\n<p><span style=\"font-weight: 400;\">14 Xin ch\u00faa c\u1ee7a em c\u1ee9 \u0111i tr\u01b0\u1edbc m\u1eb7t \u0111\u1ea7y t\u1edb ng\u01b0\u1eddi, c\u00f2n em s\u1ebd d\u1eabn nh\u1eb9 nh\u00e0ng theo ch\u00e2n c\u00f4ng vi\u1ec7c \u1edf tr\u01b0\u1edbc m\u1eb7t em, v\u00e0 theo ch\u00e2n \u0111\u00e1m tr\u1ebb con cho \u0111\u1ebfn khi m\u00e0 em \u0111\u1ebfn v\u1edbi ch\u00faa c\u1ee7a em t\u1ea1i S\u00ea-i-r\u01a1.\u201d<\/span><\/p>\n<p><span style=\"font-weight: 400;\">15 V\u00e0 \u00ca-sau n\u00f3i: \u201cAnh s\u1ebd \u0111\u1eb7t \u0111\u1ec3 \u1edf c\u00f9ng em t\u1eeb nh\u1eefng ng\u01b0\u1eddi \u0111ang \u1edf v\u1edbi anh.\u201d V\u00e0 \u00f4ng n\u00f3i: \u201cV\u1eady \u0111\u1ec3 l\u00e0m g\u00ec? Em t\u00ecm \u01a1n trong m\u1eaft ch\u00faa c\u1ee7a em.\u201d<\/span><\/p>\n<p><span style=\"font-weight: 400;\">16 V\u00e0 \u00ca-sau tr\u1edf v\u1ec1 ch\u00ednh h\u00f4m \u1ea5y theo \u0111\u01b0\u1eddng m\u00ecnh v\u1ec1 S\u00ea-i-r\u01a1.<\/span><\/p>\n<p><span style=\"font-weight: 400;\">17 C\u00f2n Gia-c\u1ed1p \u0111i \u0111\u1ebfn Su-c\u1ed1t (*), v\u00e0 x\u00e2y cho m\u00ecnh m\u1ed9t c\u00e1i nh\u00e0 v\u00e0 l\u00e0m c\u00e1c t\u00fap l\u1ec1u cho s\u00fac v\u1eadt c\u1ee7a \u00f4ng. V\u00ec v\u1eady, \u00f4ng g\u1ecdi t\u00ean ch\u1ed7 \u1ea5y l\u00e0 Su-c\u1ed1t.<\/span><\/p>\n<p><span style=\"font-weight: 400;\">(*) Ngh\u0129a l\u00e0 \u201cl\u1ec1u\u201d.<\/span><\/p>\n<p><span style=\"font-weight: 400;\">18 V\u00e0 Gia-c\u1ed1p b\u00ecnh an \u0111\u1ebfn m\u1ed9t th\u00e0nh c\u1ee7a Si-chem, \u1edf trong \u0111\u1ea5t Ca-na-an, khi \u00f4ng \u0111\u1ebfn t\u1eeb Pha-\u0111an A-ram. \u00d4ng \u0111\u00f3ng tr\u1ea1i tr\u01b0\u1edbc m\u1eb7t th\u00e0nh,<\/span><\/p>\n<p><span style=\"font-weight: 400;\">19 v\u00e0 mua l\u1ea1i m\u1ed9t ph\u1ea7n c\u00e1nh \u0111\u1ed3ng m\u00e0 \u1edf \u0111\u00f3 \u00f4ng \u0111\u00f3ng tr\u1ea1i c\u1ee7a m\u00ecnh t\u1eeb tay c\u00e1c con trai c\u1ee7a H\u00ea-m\u00f4 cha Si-chem b\u1eb1ng m\u1ed9t tr\u0103m mi\u1ebfng b\u1ea1c.<\/span><\/p>\n<p><span style=\"font-weight: 400;\">20 V\u00e0 \u00f4ng d\u1ef1ng l\u00ean \u1edf \u0111\u00f3 m\u1ed9t b\u00e0n th\u1edd, v\u00e0 g\u1ecdi n\u00f3 l\u00e0 \u00can \u00can-l\u00f4-h\u00ea Is-ra-\u00ean (*).<\/span><\/p>\n<p><span style=\"font-weight: 400;\">(*) Ngh\u0129a l\u00e0 \u201c\u0110\u1ee9c Ch\u00faa Tr\u1eddi l\u00e0 v\u1ecb th\u1ea7n c\u1ee7a Is-ra-\u00ean\u201d.<\/span><\/p>\n<div class=\"previous\">\n<a href=\"https:\/\/mtb.online\/vn\/kinh-thanh\/ot1\/c32\/\"><\/p>\n<div class=\"flex\">\n<svg class=\"reader-arrow h-100 ma0 pa0\" width=\"24\" height=\"24\" viewBox=\"0 0 24 24\" version=\"1.1\" xmlns=\"http:\/\/www.w3.org\/2000\/svg\"><path transform=\"rotate(180, 12, 12)\" stroke=\"none\" stroke-width=\"0\" stroke-linecap=\"round\" stroke-linejoin=\"round\" stroke-miterlimit=\"10\" fill=\"#888888\" d=\"M 9.07,17.44 L 14.4,12.1 14.4,12.1 C 14.6,11.91 14.6,11.59 14.4,11.4 L 9.09,6.08 9.09,6.08 C 8.7,5.7 8.7,5.08 9.09,4.69 L 9.09,4.69 9.09,4.69 C 9.47,4.31 10.09,4.31 10.47,4.69 L 16.85,11.07 16.85,11.07 C 17.24,11.46 17.24,12.09 16.85,12.49 L 10.49,18.85 10.49,18.85 C 10.09,19.24 9.46,19.24 9.07,18.85 L 9.07,18.85 9.07,18.85 C 8.68,18.46 8.68,17.83 9.07,17.44 Z M 9.07,17.44\"><\/path><\/svg>\n<\/div>\n<p><\/a>\n<\/div>\n<div class=\"next\">\n<a href=\"https:\/\/mtb.online\/vn\/kinh-thanh\/ot1\/c34\/\"><\/p>\n<div class=\"flex\">\n<svg class=\"reader-arrow\" width=\"24\" height=\"24\" viewBox=\"0 0 24 24\" version=\"1.1\" xmlns=\"http:\/\/www.w3.org\/2000\/svg\"><path transform=\"rotate(0, 12, 12)\" stroke=\"none\" stroke-width=\"0\" stroke-linecap=\"round\" stroke-linejoin=\"round\" stroke-miterlimit=\"10\" fill=\"#888888\" d=\"M 9.07,17.44 L 14.4,12.1 14.4,12.1 C 14.6,11.91 14.6,11.59 14.4,11.4 L 9.09,6.08 9.09,6.08 C 8.7,5.7 8.7,5.08 9.09,4.69 L 9.09,4.69 9.09,4.69 C 9.47,4.31 10.09,4.31 10.47,4.69 L 16.85,11.07 16.85,11.07 C 17.24,11.46 17.24,12.09 16.85,12.49 L 10.49,18.85 10.49,18.85 C 10.09,19.24 9.46,19.24 9.07,18.85 L 9.07,18.85 9.07,18.85 C 8.68,18.46 8.68,17.83 9.07,17.44 Z M 9.07,17.44\"><\/path><\/svg>\n<\/div>\n<p><\/a>\n<\/div>\n","protected":false},"excerpt":{"rendered":"<p>[01] Kh\u1edfi Nguy\u00ean 33:1-20 STT C\u1ef1u \u01af\u1edbc T\u00e2n \u01af\u1edbc 01 Kh\u1edfi Nguy\u00ean Ma-thi-\u01a1 02 Xu\u1ea5t H\u00e0nh M\u00e1c 03 L\u00ea-vi Lu-ca 04 D\u00e2n S\u1ed1 Gi\u0103ng 05 Nh\u1ecb Lu\u1eadt C\u00f4ng V\u1ee5 06 Gi\u00f4-su\u00ea R\u00f4-ma 07 Th\u1ea9m Ph\u00e1n I C\u00f4-rinh-t\u00f4 08 Ru-t\u01a1 II C\u00f4-rinh-t\u00f4 09 I Sa-mu-\u00ean Ga-la-ti 10 II Sa-mu-\u00ean \u00ca-ph\u00ea-s\u00f4 11 I C\u00e1c Vua Phi-l\u00edp 12&#8230;<\/p>\n","protected":false},"author":1,"featured_media":0,"parent":3537,"menu_order":0,"comment_status":"closed","ping_status":"closed","template":"templates\/full-width.php","meta":{"_monsterinsights_skip_tracking":false,"_monsterinsights_sitenote_active":false,"_monsterinsights_sitenote_note":"","_monsterinsights_sitenote_category":0,"cybocfi_hide_featured_image":"","footnotes":""},"class_list":["post-3969","page","type-page","status-publish","hentry"],"yoast_head":"<!-- This site is optimized with the Yoast SEO plugin v27.2 - https:\/\/yoast.com\/product\/yoast-seo-wordpress\/ -->\n<title>Kh\u1edfi Nguy\u00ean - Ch\u01b0\u01a1ng 33 - Majority Text Bible<\/title>\n<meta name=\"robots\" content=\"index, follow, max-snippet:-1, max-image-preview:large, max-video-preview:-1\" \/>\n<link rel=\"canonical\" href=\"https:\/\/mtb.online\/en\/kinh-thanh\/c33\/\" \/>\n<meta property=\"og:locale\" content=\"en_US\" \/>\n<meta property=\"og:type\" content=\"article\" \/>\n<meta property=\"og:title\" content=\"Kh\u1edfi Nguy\u00ean - Ch\u01b0\u01a1ng 33 - Majority Text Bible\" \/>\n<meta property=\"og:description\" content=\"[01] Kh\u1edfi Nguy\u00ean 33:1-20 STT C\u1ef1u \u01af\u1edbc T\u00e2n \u01af\u1edbc 01 Kh\u1edfi Nguy\u00ean Ma-thi-\u01a1 02 Xu\u1ea5t H\u00e0nh M\u00e1c 03 L\u00ea-vi Lu-ca 04 D\u00e2n S\u1ed1 Gi\u0103ng 05 Nh\u1ecb Lu\u1eadt C\u00f4ng V\u1ee5 06 Gi\u00f4-su\u00ea R\u00f4-ma 07 Th\u1ea9m Ph\u00e1n I C\u00f4-rinh-t\u00f4 08 Ru-t\u01a1 II C\u00f4-rinh-t\u00f4 09 I Sa-mu-\u00ean Ga-la-ti 10 II Sa-mu-\u00ean \u00ca-ph\u00ea-s\u00f4 11 I C\u00e1c Vua Phi-l\u00edp 12...\" \/>\n<meta property=\"og:url\" content=\"https:\/\/mtb.online\/en\/kinh-thanh\/c33\/\" \/>\n<meta property=\"og:site_name\" content=\"Majority Text Bible\" \/>\n<meta property=\"article:modified_time\" content=\"2023-03-20T10:01:07+00:00\" \/>\n<meta name=\"twitter:card\" content=\"summary_large_image\" \/>\n<meta name=\"twitter:label1\" content=\"Est. reading time\" \/>\n\t<meta name=\"twitter:data1\" content=\"5 minutes\" \/>\n<script type=\"application\/ld+json\" class=\"yoast-schema-graph\">{\"@context\":\"https:\/\/schema.org\",\"@graph\":[{\"@type\":\"WebPage\",\"@id\":\"https:\/\/mtb.online\/kinh-thanh\/c33\/\",\"url\":\"https:\/\/mtb.online\/kinh-thanh\/c33\/\",\"name\":\"Kh\u1edfi Nguy\u00ean - Ch\u01b0\u01a1ng 33 - Majority Text Bible\",\"isPartOf\":{\"@id\":\"https:\/\/mtb.online\/en\/#website\"},\"datePublished\":\"2020-08-04T08:40:22+00:00\",\"dateModified\":\"2023-03-20T10:01:07+00:00\",\"breadcrumb\":{\"@id\":\"https:\/\/mtb.online\/kinh-thanh\/c33\/#breadcrumb\"},\"inLanguage\":\"en-US\",\"potentialAction\":[{\"@type\":\"ReadAction\",\"target\":[\"https:\/\/mtb.online\/kinh-thanh\/c33\/\"]}]},{\"@type\":\"BreadcrumbList\",\"@id\":\"https:\/\/mtb.online\/kinh-thanh\/c33\/#breadcrumb\",\"itemListElement\":[{\"@type\":\"ListItem\",\"position\":1,\"name\":\"Home\",\"item\":\"https:\/\/mtb.online\/en\/\"},{\"@type\":\"ListItem\",\"position\":2,\"name\":\"Kinh Th\u00e1nh \u0110a S\u1ed1 Vi\u1ec7t Ng\u1eef (VMTB)\",\"item\":\"https:\/\/mtb.online\/en\/kinh-thanh\/\"},{\"@type\":\"ListItem\",\"position\":3,\"name\":\"Kh\u1edfi Nguy\u00ean &#8211; Ch\u01b0\u01a1ng 33\"}]},{\"@type\":\"WebSite\",\"@id\":\"https:\/\/mtb.online\/en\/#website\",\"url\":\"https:\/\/mtb.online\/en\/\",\"name\":\"Majority Text Bible\",\"description\":\"\",\"publisher\":{\"@id\":\"https:\/\/mtb.online\/en\/#organization\"},\"potentialAction\":[{\"@type\":\"SearchAction\",\"target\":{\"@type\":\"EntryPoint\",\"urlTemplate\":\"https:\/\/mtb.online\/en\/?s={search_term_string}\"},\"query-input\":{\"@type\":\"PropertyValueSpecification\",\"valueRequired\":true,\"valueName\":\"search_term_string\"}}],\"inLanguage\":\"en-US\"},{\"@type\":\"Organization\",\"@id\":\"https:\/\/mtb.online\/en\/#organization\",\"name\":\"Majority Text Bible\",\"url\":\"https:\/\/mtb.online\/en\/\",\"logo\":{\"@type\":\"ImageObject\",\"inLanguage\":\"en-US\",\"@id\":\"https:\/\/mtb.online\/en\/#\/schema\/logo\/image\/\",\"url\":\"http:\/\/hangtotgiare.com\/wp-content\/uploads\/2021\/11\/logo-251x189-large.png\",\"contentUrl\":\"http:\/\/hangtotgiare.com\/wp-content\/uploads\/2021\/11\/logo-251x189-large.png\",\"width\":888,\"height\":669,\"caption\":\"Majority Text Bible\"},\"image\":{\"@id\":\"https:\/\/mtb.online\/en\/#\/schema\/logo\/image\/\"}}]}<\/script>\n<!-- \/ Yoast SEO plugin. -->","yoast_head_json":{"title":"Kh\u1edfi Nguy\u00ean - Ch\u01b0\u01a1ng 33 - Majority Text Bible","robots":{"index":"index","follow":"follow","max-snippet":"max-snippet:-1","max-image-preview":"max-image-preview:large","max-video-preview":"max-video-preview:-1"},"canonical":"https:\/\/mtb.online\/en\/kinh-thanh\/c33\/","og_locale":"en_US","og_type":"article","og_title":"Kh\u1edfi Nguy\u00ean - Ch\u01b0\u01a1ng 33 - Majority Text Bible","og_description":"[01] Kh\u1edfi Nguy\u00ean 33:1-20 STT C\u1ef1u \u01af\u1edbc T\u00e2n \u01af\u1edbc 01 Kh\u1edfi Nguy\u00ean Ma-thi-\u01a1 02 Xu\u1ea5t H\u00e0nh M\u00e1c 03 L\u00ea-vi Lu-ca 04 D\u00e2n S\u1ed1 Gi\u0103ng 05 Nh\u1ecb Lu\u1eadt C\u00f4ng V\u1ee5 06 Gi\u00f4-su\u00ea R\u00f4-ma 07 Th\u1ea9m Ph\u00e1n I C\u00f4-rinh-t\u00f4 08 Ru-t\u01a1 II C\u00f4-rinh-t\u00f4 09 I Sa-mu-\u00ean Ga-la-ti 10 II Sa-mu-\u00ean \u00ca-ph\u00ea-s\u00f4 11 I C\u00e1c Vua Phi-l\u00edp 12...","og_url":"https:\/\/mtb.online\/en\/kinh-thanh\/c33\/","og_site_name":"Majority Text Bible","article_modified_time":"2023-03-20T10:01:07+00:00","twitter_card":"summary_large_image","twitter_misc":{"Est. reading time":"5 minutes"},"schema":{"@context":"https:\/\/schema.org","@graph":[{"@type":"WebPage","@id":"https:\/\/mtb.online\/kinh-thanh\/c33\/","url":"https:\/\/mtb.online\/kinh-thanh\/c33\/","name":"Kh\u1edfi Nguy\u00ean - Ch\u01b0\u01a1ng 33 - Majority Text Bible","isPartOf":{"@id":"https:\/\/mtb.online\/en\/#website"},"datePublished":"2020-08-04T08:40:22+00:00","dateModified":"2023-03-20T10:01:07+00:00","breadcrumb":{"@id":"https:\/\/mtb.online\/kinh-thanh\/c33\/#breadcrumb"},"inLanguage":"en-US","potentialAction":[{"@type":"ReadAction","target":["https:\/\/mtb.online\/kinh-thanh\/c33\/"]}]},{"@type":"BreadcrumbList","@id":"https:\/\/mtb.online\/kinh-thanh\/c33\/#breadcrumb","itemListElement":[{"@type":"ListItem","position":1,"name":"Home","item":"https:\/\/mtb.online\/en\/"},{"@type":"ListItem","position":2,"name":"Kinh Th\u00e1nh \u0110a S\u1ed1 Vi\u1ec7t Ng\u1eef (VMTB)","item":"https:\/\/mtb.online\/en\/kinh-thanh\/"},{"@type":"ListItem","position":3,"name":"Kh\u1edfi Nguy\u00ean &#8211; Ch\u01b0\u01a1ng 33"}]},{"@type":"WebSite","@id":"https:\/\/mtb.online\/en\/#website","url":"https:\/\/mtb.online\/en\/","name":"Majority Text Bible","description":"","publisher":{"@id":"https:\/\/mtb.online\/en\/#organization"},"potentialAction":[{"@type":"SearchAction","target":{"@type":"EntryPoint","urlTemplate":"https:\/\/mtb.online\/en\/?s={search_term_string}"},"query-input":{"@type":"PropertyValueSpecification","valueRequired":true,"valueName":"search_term_string"}}],"inLanguage":"en-US"},{"@type":"Organization","@id":"https:\/\/mtb.online\/en\/#organization","name":"Majority Text Bible","url":"https:\/\/mtb.online\/en\/","logo":{"@type":"ImageObject","inLanguage":"en-US","@id":"https:\/\/mtb.online\/en\/#\/schema\/logo\/image\/","url":"http:\/\/hangtotgiare.com\/wp-content\/uploads\/2021\/11\/logo-251x189-large.png","contentUrl":"http:\/\/hangtotgiare.com\/wp-content\/uploads\/2021\/11\/logo-251x189-large.png","width":888,"height":669,"caption":"Majority Text Bible"},"image":{"@id":"https:\/\/mtb.online\/en\/#\/schema\/logo\/image\/"}}]}},"_links":{"self":[{"href":"http:\/\/mtb.online\/en\/wp-json\/wp\/v2\/pages\/3969","targetHints":{"allow":["GET"]}}],"collection":[{"href":"http:\/\/mtb.online\/en\/wp-json\/wp\/v2\/pages"}],"about":[{"href":"http:\/\/mtb.online\/en\/wp-json\/wp\/v2\/types\/page"}],"author":[{"embeddable":true,"href":"http:\/\/mtb.online\/en\/wp-json\/wp\/v2\/users\/1"}],"replies":[{"embeddable":true,"href":"http:\/\/mtb.online\/en\/wp-json\/wp\/v2\/comments?post=3969"}],"version-history":[{"count":3,"href":"http:\/\/mtb.online\/en\/wp-json\/wp\/v2\/pages\/3969\/revisions"}],"predecessor-version":[{"id":12871,"href":"http:\/\/mtb.online\/en\/wp-json\/wp\/v2\/pages\/3969\/revisions\/12871"}],"up":[{"embeddable":true,"href":"http:\/\/mtb.online\/en\/wp-json\/wp\/v2\/pages\/3537"}],"wp:attachment":[{"href":"http:\/\/mtb.online\/en\/wp-json\/wp\/v2\/media?parent=3969"}],"curies":[{"name":"wp","href":"https:\/\/api.w.org\/{rel}","templated":true}]}}