{"id":3091,"date":"2019-12-06T19:03:34","date_gmt":"2019-12-06T12:03:34","guid":{"rendered":"https:\/\/hangtotgiare.com\/?page_id=3091"},"modified":"2019-12-06T21:15:22","modified_gmt":"2019-12-06T14:15:22","slug":"thong-tri","status":"publish","type":"page","link":"http:\/\/mtb.online\/en\/thong-tri\/","title":{"rendered":"Th\u1ed1ng Tr\u1ecb"},"content":{"rendered":"<h1 class=\"t2-42\">Ph\u1ee5 l\u1ee5c<\/h1>\n<p><span style=\"text-decoration: underline;\"><em><strong>C\u00f4ng th\u1ee9c cho s\u1ee9 m\u1ec7nh th\u1ed1ng tr\u1ecb<\/strong><\/em><\/span><\/p>\n<p>Ngay t\u1eeb \u0111\u1ea7u Kinh Th\u00e1nh, \u0110\u1ee9c Ch\u00faa Tr\u1eddi \u0111\u00e3 t\u1ea1o d\u1ef1ng lo\u00e0i ng\u01b0\u1eddi v\u1edbi s\u1ee9 m\u1ec7nh th\u1ed1ng tr\u1ecb tr\u00e1i \u0111\u1ea5t (<strong>Kh\u1edfi Nguy\u00ean 1:26<\/strong>). Ch\u00fang ta kh\u00f4ng \u0111\u01b0\u1ee3c t\u1ea1o d\u1ef1ng \u0111\u1ec3 th\u1ed1ng tr\u1ecb nhau, m\u00e0 \u0111\u1ec3 th\u1ed1ng tr\u1ecb c\u00e1c t\u00e0i nguy\u00ean, ngu\u1ed3n l\u1ef1c v\u00e0 ph\u1ea1m vi \u00e2n t\u1ee9 kh\u00e1c nhau.<\/p>\n<p>V\u00e0 ngay sau \u0111\u00f3, \u0110\u1ee9c Ch\u00faa Tr\u1eddi \u0111\u00e3 ph\u00e1n cho lo\u00e0i ng\u01b0\u1eddi c\u00f4ng th\u1ee9c \u0111\u1ec3 h\u1ecd th\u1ef1c hi\u1ec7n s\u1ee9 m\u1ec7nh th\u1ed1ng tr\u1ecb c\u1ee7a m\u00ecnh, trong c\u00e2u 28:<\/p>\n<ol>\n<li>H\u00e3y n\u1ea3y n\u1edf (sinh b\u00f4ng tr\u00e1i)<\/li>\n<li>V\u00e0 gia t\u0103ng (c\u1ea5p s\u1ed1 nh\u00e2n l\u00ean)<\/li>\n<li>L\u00e0m cho \u0111\u1ea7y r\u1eaby \u0111\u1ea5t.<\/li>\n<li>V\u00e0 th\u1ed1ng tr\u1ecb n\u00f3.<\/li>\n<\/ol>\n<p>\u0110\u00e2y ch\u00ednh l\u00e0 c\u00f4ng th\u1ee9c m\u00e0 c\u00e1c doanh nghi\u1ec7p th\u00e0nh c\u00f4ng nh\u1ea5t th\u1ebf gi\u1edbi \u0111\u00e3 l\u1ea5y t\u1eeb \u0110\u1ee9c Ch\u00faa Tr\u1eddi.<\/p>\n<p>B\u01b0\u1edbc 1: sinh b\u00f4ng tr\u00e1i. T\u1ea1o ra m\u1ed9t s\u1ea3n ph\u1ea9m g\u00ec \u0111\u00f3. V\u00ed d\u1ee5, Microsoft t\u1ea1o ra h\u1ec7 \u0111i\u1ec1u h\u00e0nh window, hay McDonald t\u1ea1o ra b\u00e1nh m\u1ef3 k\u1eb9p B\u00ecgMac.<\/p>\n<p>B\u01b0\u1edbc 2: c\u1ea5p s\u1ed1 nh\u00e2n. T\u1ea1o ra m\u1ed9t h\u1ec7 th\u1ed1ng n\u00e0o \u0111\u00f3 \u0111\u1ec3 s\u1ea3n xu\u1ea5t h\u00e0ng lo\u1ea1t b\u00f4ng tr\u00e1i \u0111\u1eb7c tr\u01b0ng c\u1ee7a m\u00ecnh v\u1edbi ch\u1ea5t l\u01b0\u1ee3ng y h\u1ec7t nhau. Ch\u00fang ta c\u00f3 th\u1ec3 th\u1ea5y chu\u1ed7i c\u00e1c c\u1eeda h\u00e0ng c\u1ee7a McDonald hay KFC gi\u1ed1ng h\u1ec7t nhau c\u1ea3 v\u1ec1 trang tr\u00ed l\u1eabn h\u01b0\u01a1ng v\u1ecb m\u00f3n \u0103n nh\u01b0 th\u1ebf n\u00e0o.<\/p>\n<p>B\u01b0\u1edbc 3: lan tr\u00e0n m\u1eb7t \u0111\u1ea5t. L\u00e0m sao \u0111\u1ec3 ph\u1ed5 bi\u1ebfn s\u1ea3n ph\u1ea9m c\u1ee7a m\u00ecnh r\u1ed9ng kh\u1eafp. \u0110\u0129a c\u00e0i ph\u1ea7n m\u1ec1m Windows c\u1ee7a Microsoft \u0111\u00e3 c\u00f3 h\u1ec7 th\u1ed1ng b\u1ea3o v\u1ec7 \u0111\u01b0\u1ee3c thi\u1ebft k\u1ebf v\u00f4 c\u00f9ng y\u1ebfu k\u00e9m, d\u1ec5 d\u00e0ng b\u1ecb hack, v\u00e0 ph\u1ea7n m\u1ec1m Windows c\u1ee7a h\u1ecd \u0111\u00e3 \u0111\u01b0\u1ee3c ph\u1ed5 bi\u1ebfn kh\u1eafp to\u00e0n c\u1ea7u m\u00e0 b\u1ea3n th\u00e2n c\u00f4ng ty kh\u00f4ng th\u1ec3 b\u1ecb ki\u1ec7n \u0111\u1ed9c quy\u1ec1n hay ph\u00e1 gi\u00e1, th\u1eadm ch\u00ed c\u00f2n c\u00f3 th\u1ec3 \u0111\u00f3ng vai n\u1ea1n nh\u00e2n \u0111ang b\u1ecb c\u01b0\u1edbp n\u1eefa.<\/p>\n<p>B\u01b0\u1edbc 4: th\u1ed1ng tr\u1ecb. \u0110\u00e1nh b\u1ea1i t\u1ea5t c\u1ea3 c\u00e1c \u0111\u1ed1i th\u1ee7 c\u1ea1nh tranh b\u1eb1ng c\u00e1ch ph\u00e1t tri\u1ec3n s\u1ea3n ph\u1ea9m c\u1ee7a m\u00ecnh tr\u1edf th\u00e0nh s\u1ed1 m\u1ed9t v\u1ec1 m\u1ed9t ho\u1eb7c v\u00e0i t\u00ednh n\u0103ng nh\u1ea5t \u0111\u1ecbnh n\u00e0o \u0111\u00f3 (g\u1ecdi l\u00e0 USP &#8211; Unique Selling Proposition &#8211; L\u1ee3i \u0111i\u1ec3m b\u00e1n h\u00e0ng \u0111\u1ed9c nh\u1ea5t), qua \u0111\u00f3 x\u00e2y d\u1ef1ng th\u1ecb tr\u01b0\u1eddng ng\u00e1ch \u0111\u1eb7c tr\u01b0ng. V\u00ed d\u1ee5: n\u00fai Phan-xi-p\u0103ng l\u00e0 CAO NH\u1ea4T Vi\u1ec7t Nam, v\u00e0 ch\u1eb3ng kh\u00e1ch du l\u1ecbch n\u00e0o quan t\u00e2m ng\u1ecdn n\u00fai cao nh\u00ec l\u00e0 n\u00fai n\u00e0o khi h\u1ecd \u0111\u00e3 c\u00f3 Phan-xi-p\u0103ng \u0111\u1ec3 \u0111i c\u1ea3. T\u01b0\u01a1ng t\u1ef1, b\u1ea3n Kinh Th\u00e1nh \u0110a S\u1ed1\u00a0 l\u00e0 b\u1ea3n Kinh Th\u00e1nh d\u1ecbch t\u1eeb b\u1ea3n th\u1ea3o g\u1ed1c CH\u00cdNH X\u00c1C NH\u1ea4T, v\u00e0 ch\u1eb3ng ng\u01b0\u1eddi \u0111\u1ecdc Kinh Th\u00e1nh n\u00e0o c\u00f2n quan t\u00e2m \u0111\u1ebfn c\u00e1c b\u1ea3n d\u1ecbch Kinh Th\u00e1nh d\u1ecbch t\u1eeb c\u00e1c b\u1ea3n th\u1ea3o l\u1ed7i c\u1ea3, m\u1ed9t khi h\u1ecd \u0111\u00e3 c\u00f3 b\u1ea3n d\u1ecbch \u0110a S\u1ed1 \u0111\u01b0\u1ee3c cung c\u1ea5p mi\u1ec5n ph\u00ed trong tay.<\/p>\n<p>B\u1ed1n b\u01b0\u1edbc n\u00e0y ch\u00fang l\u00e0 c\u00f4ng th\u1ee9c \u0111\u1ec3 \u0111\u01b0a s\u1ea3n ph\u1ea9m hay gi\u00e1 tr\u1ecb m\u00ecnh sinh ra \u0111\u1ec3 c\u1ed1ng hi\u1ebfn, \u0111\u1ebfn v\u1ecb tr\u00ed th\u1ed1ng tr\u1ecb c\u1ee7a n\u00f3.<\/p>\n","protected":false},"excerpt":{"rendered":"<p>Ph\u1ee5 l\u1ee5c C\u00f4ng th\u1ee9c cho s\u1ee9 m\u1ec7nh th\u1ed1ng tr\u1ecb Ngay t\u1eeb \u0111\u1ea7u Kinh Th\u00e1nh, \u0110\u1ee9c Ch\u00faa Tr\u1eddi \u0111\u00e3 t\u1ea1o d\u1ef1ng lo\u00e0i ng\u01b0\u1eddi v\u1edbi s\u1ee9 m\u1ec7nh th\u1ed1ng tr\u1ecb tr\u00e1i \u0111\u1ea5t (Kh\u1edfi Nguy\u00ean 1:26). Ch\u00fang ta kh\u00f4ng \u0111\u01b0\u1ee3c t\u1ea1o d\u1ef1ng \u0111\u1ec3 th\u1ed1ng tr\u1ecb nhau, m\u00e0 \u0111\u1ec3 th\u1ed1ng tr\u1ecb c\u00e1c t\u00e0i nguy\u00ean, ngu\u1ed3n l\u1ef1c v\u00e0 ph\u1ea1m vi \u00e2n&#8230;<\/p>\n","protected":false},"author":1,"featured_media":0,"parent":0,"menu_order":0,"comment_status":"closed","ping_status":"closed","template":"templates\/full-width.php","meta":{"_monsterinsights_skip_tracking":false,"_monsterinsights_sitenote_active":false,"_monsterinsights_sitenote_note":"","_monsterinsights_sitenote_category":0,"cybocfi_hide_featured_image":"","footnotes":""},"class_list":["post-3091","page","type-page","status-publish","hentry"],"yoast_head":"<!-- This site is optimized with the Yoast SEO plugin v27.2 - https:\/\/yoast.com\/product\/yoast-seo-wordpress\/ -->\n<title>Th\u1ed1ng Tr\u1ecb - Majority Text Bible<\/title>\n<meta name=\"robots\" content=\"index, follow, max-snippet:-1, max-image-preview:large, max-video-preview:-1\" \/>\n<link rel=\"canonical\" href=\"https:\/\/mtb.online\/en\/thong-tri\/\" \/>\n<meta property=\"og:locale\" content=\"en_US\" \/>\n<meta property=\"og:type\" content=\"article\" \/>\n<meta property=\"og:title\" content=\"Th\u1ed1ng Tr\u1ecb - Majority Text Bible\" \/>\n<meta property=\"og:description\" content=\"Ph\u1ee5 l\u1ee5c C\u00f4ng th\u1ee9c cho s\u1ee9 m\u1ec7nh th\u1ed1ng tr\u1ecb Ngay t\u1eeb \u0111\u1ea7u Kinh Th\u00e1nh, \u0110\u1ee9c Ch\u00faa Tr\u1eddi \u0111\u00e3 t\u1ea1o d\u1ef1ng lo\u00e0i ng\u01b0\u1eddi v\u1edbi s\u1ee9 m\u1ec7nh th\u1ed1ng tr\u1ecb tr\u00e1i \u0111\u1ea5t (Kh\u1edfi Nguy\u00ean 1:26). Ch\u00fang ta kh\u00f4ng \u0111\u01b0\u1ee3c t\u1ea1o d\u1ef1ng \u0111\u1ec3 th\u1ed1ng tr\u1ecb nhau, m\u00e0 \u0111\u1ec3 th\u1ed1ng tr\u1ecb c\u00e1c t\u00e0i nguy\u00ean, ngu\u1ed3n l\u1ef1c v\u00e0 ph\u1ea1m vi \u00e2n...\" \/>\n<meta property=\"og:url\" content=\"https:\/\/mtb.online\/en\/thong-tri\/\" \/>\n<meta property=\"og:site_name\" content=\"Majority Text Bible\" \/>\n<meta property=\"article:modified_time\" content=\"2019-12-06T14:15:22+00:00\" \/>\n<meta name=\"twitter:card\" content=\"summary_large_image\" \/>\n<meta name=\"twitter:label1\" content=\"Est. reading time\" \/>\n\t<meta name=\"twitter:data1\" content=\"3 minutes\" \/>\n<script type=\"application\/ld+json\" class=\"yoast-schema-graph\">{\"@context\":\"https:\/\/schema.org\",\"@graph\":[{\"@type\":\"WebPage\",\"@id\":\"https:\/\/mtb.online\/thong-tri\/\",\"url\":\"https:\/\/mtb.online\/thong-tri\/\",\"name\":\"Th\u1ed1ng Tr\u1ecb - Majority Text Bible\",\"isPartOf\":{\"@id\":\"https:\/\/mtb.online\/en\/#website\"},\"datePublished\":\"2019-12-06T12:03:34+00:00\",\"dateModified\":\"2019-12-06T14:15:22+00:00\",\"breadcrumb\":{\"@id\":\"https:\/\/mtb.online\/thong-tri\/#breadcrumb\"},\"inLanguage\":\"en-US\",\"potentialAction\":[{\"@type\":\"ReadAction\",\"target\":[\"https:\/\/mtb.online\/thong-tri\/\"]}]},{\"@type\":\"BreadcrumbList\",\"@id\":\"https:\/\/mtb.online\/thong-tri\/#breadcrumb\",\"itemListElement\":[{\"@type\":\"ListItem\",\"position\":1,\"name\":\"Home\",\"item\":\"https:\/\/mtb.online\/en\/\"},{\"@type\":\"ListItem\",\"position\":2,\"name\":\"Th\u1ed1ng Tr\u1ecb\"}]},{\"@type\":\"WebSite\",\"@id\":\"https:\/\/mtb.online\/en\/#website\",\"url\":\"https:\/\/mtb.online\/en\/\",\"name\":\"Majority Text Bible\",\"description\":\"\",\"publisher\":{\"@id\":\"https:\/\/mtb.online\/en\/#organization\"},\"potentialAction\":[{\"@type\":\"SearchAction\",\"target\":{\"@type\":\"EntryPoint\",\"urlTemplate\":\"https:\/\/mtb.online\/en\/?s={search_term_string}\"},\"query-input\":{\"@type\":\"PropertyValueSpecification\",\"valueRequired\":true,\"valueName\":\"search_term_string\"}}],\"inLanguage\":\"en-US\"},{\"@type\":\"Organization\",\"@id\":\"https:\/\/mtb.online\/en\/#organization\",\"name\":\"Majority Text Bible\",\"url\":\"https:\/\/mtb.online\/en\/\",\"logo\":{\"@type\":\"ImageObject\",\"inLanguage\":\"en-US\",\"@id\":\"https:\/\/mtb.online\/en\/#\/schema\/logo\/image\/\",\"url\":\"http:\/\/hangtotgiare.com\/wp-content\/uploads\/2021\/11\/logo-251x189-large.png\",\"contentUrl\":\"http:\/\/hangtotgiare.com\/wp-content\/uploads\/2021\/11\/logo-251x189-large.png\",\"width\":888,\"height\":669,\"caption\":\"Majority Text Bible\"},\"image\":{\"@id\":\"https:\/\/mtb.online\/en\/#\/schema\/logo\/image\/\"}}]}<\/script>\n<!-- \/ Yoast SEO plugin. -->","yoast_head_json":{"title":"Th\u1ed1ng Tr\u1ecb - Majority Text Bible","robots":{"index":"index","follow":"follow","max-snippet":"max-snippet:-1","max-image-preview":"max-image-preview:large","max-video-preview":"max-video-preview:-1"},"canonical":"https:\/\/mtb.online\/en\/thong-tri\/","og_locale":"en_US","og_type":"article","og_title":"Th\u1ed1ng Tr\u1ecb - Majority Text Bible","og_description":"Ph\u1ee5 l\u1ee5c C\u00f4ng th\u1ee9c cho s\u1ee9 m\u1ec7nh th\u1ed1ng tr\u1ecb Ngay t\u1eeb \u0111\u1ea7u Kinh Th\u00e1nh, \u0110\u1ee9c Ch\u00faa Tr\u1eddi \u0111\u00e3 t\u1ea1o d\u1ef1ng lo\u00e0i ng\u01b0\u1eddi v\u1edbi s\u1ee9 m\u1ec7nh th\u1ed1ng tr\u1ecb tr\u00e1i \u0111\u1ea5t (Kh\u1edfi Nguy\u00ean 1:26). Ch\u00fang ta kh\u00f4ng \u0111\u01b0\u1ee3c t\u1ea1o d\u1ef1ng \u0111\u1ec3 th\u1ed1ng tr\u1ecb nhau, m\u00e0 \u0111\u1ec3 th\u1ed1ng tr\u1ecb c\u00e1c t\u00e0i nguy\u00ean, ngu\u1ed3n l\u1ef1c v\u00e0 ph\u1ea1m vi \u00e2n...","og_url":"https:\/\/mtb.online\/en\/thong-tri\/","og_site_name":"Majority Text Bible","article_modified_time":"2019-12-06T14:15:22+00:00","twitter_card":"summary_large_image","twitter_misc":{"Est. reading time":"3 minutes"},"schema":{"@context":"https:\/\/schema.org","@graph":[{"@type":"WebPage","@id":"https:\/\/mtb.online\/thong-tri\/","url":"https:\/\/mtb.online\/thong-tri\/","name":"Th\u1ed1ng Tr\u1ecb - Majority Text Bible","isPartOf":{"@id":"https:\/\/mtb.online\/en\/#website"},"datePublished":"2019-12-06T12:03:34+00:00","dateModified":"2019-12-06T14:15:22+00:00","breadcrumb":{"@id":"https:\/\/mtb.online\/thong-tri\/#breadcrumb"},"inLanguage":"en-US","potentialAction":[{"@type":"ReadAction","target":["https:\/\/mtb.online\/thong-tri\/"]}]},{"@type":"BreadcrumbList","@id":"https:\/\/mtb.online\/thong-tri\/#breadcrumb","itemListElement":[{"@type":"ListItem","position":1,"name":"Home","item":"https:\/\/mtb.online\/en\/"},{"@type":"ListItem","position":2,"name":"Th\u1ed1ng Tr\u1ecb"}]},{"@type":"WebSite","@id":"https:\/\/mtb.online\/en\/#website","url":"https:\/\/mtb.online\/en\/","name":"Majority Text Bible","description":"","publisher":{"@id":"https:\/\/mtb.online\/en\/#organization"},"potentialAction":[{"@type":"SearchAction","target":{"@type":"EntryPoint","urlTemplate":"https:\/\/mtb.online\/en\/?s={search_term_string}"},"query-input":{"@type":"PropertyValueSpecification","valueRequired":true,"valueName":"search_term_string"}}],"inLanguage":"en-US"},{"@type":"Organization","@id":"https:\/\/mtb.online\/en\/#organization","name":"Majority Text Bible","url":"https:\/\/mtb.online\/en\/","logo":{"@type":"ImageObject","inLanguage":"en-US","@id":"https:\/\/mtb.online\/en\/#\/schema\/logo\/image\/","url":"http:\/\/hangtotgiare.com\/wp-content\/uploads\/2021\/11\/logo-251x189-large.png","contentUrl":"http:\/\/hangtotgiare.com\/wp-content\/uploads\/2021\/11\/logo-251x189-large.png","width":888,"height":669,"caption":"Majority Text Bible"},"image":{"@id":"https:\/\/mtb.online\/en\/#\/schema\/logo\/image\/"}}]}},"_links":{"self":[{"href":"http:\/\/mtb.online\/en\/wp-json\/wp\/v2\/pages\/3091","targetHints":{"allow":["GET"]}}],"collection":[{"href":"http:\/\/mtb.online\/en\/wp-json\/wp\/v2\/pages"}],"about":[{"href":"http:\/\/mtb.online\/en\/wp-json\/wp\/v2\/types\/page"}],"author":[{"embeddable":true,"href":"http:\/\/mtb.online\/en\/wp-json\/wp\/v2\/users\/1"}],"replies":[{"embeddable":true,"href":"http:\/\/mtb.online\/en\/wp-json\/wp\/v2\/comments?post=3091"}],"version-history":[{"count":3,"href":"http:\/\/mtb.online\/en\/wp-json\/wp\/v2\/pages\/3091\/revisions"}],"predecessor-version":[{"id":3094,"href":"http:\/\/mtb.online\/en\/wp-json\/wp\/v2\/pages\/3091\/revisions\/3094"}],"wp:attachment":[{"href":"http:\/\/mtb.online\/en\/wp-json\/wp\/v2\/media?parent=3091"}],"curies":[{"name":"wp","href":"https:\/\/api.w.org\/{rel}","templated":true}]}}