{"id":19446,"date":"2024-06-25T21:39:02","date_gmt":"2024-06-25T14:39:02","guid":{"rendered":"https:\/\/hangtotgiare.com\/?page_id=19446"},"modified":"2024-06-26T18:23:52","modified_gmt":"2024-06-26T11:23:52","slug":"tu-duy","status":"publish","type":"page","link":"http:\/\/mtb.online\/en\/copywriting\/tu-duy\/","title":{"rendered":"T\u01b0 duy"},"content":{"rendered":"<p>I) Ph\u00e1 h\u1ee7y c\u00e1c n\u1ebfp t\u01b0 duy loser.<\/p>\n<p>1) Ng\u01b0\u1eddi tin r\u1eb1ng m\u00ecnh c\u00f3 th\u1ec3 th\u00e0nh c\u00f4ng, v\u00e0 ng\u01b0\u1eddi tin r\u1eb1ng m\u00ecnh KH\u00d4NG TH\u1ec2 th\u00e0nh c\u00f4ng, \u0110\u1ec0U \u0110\u00daNG.<\/p>\n<p>&#8220;Ng\u01b0\u01a1i tin th\u1ebf n\u00e0o th\u00ec s\u1ebd \u0111\u01b0\u1ee3c \u0111\u00fang nh\u01b0 th\u1ebf.&#8221;<\/p>\n<p>2) Ngo\u00e0i kia c\u00f3 C\u1ef0C K\u1ef2 NHI\u1ec0U kh\u00e1ch h\u00e0ng. Ch\u1eb3ng qua l\u00e0 h\u1ecd kh\u00f4ng mu\u1ed1n l\u00e0m vi\u1ec7c v\u1edbi m\u1ed9t copywriter k\u00e9m c\u1ecfi s\u1ebd l\u00e0m h\u1ecfng vi\u1ec7c c\u1ee7a h\u1ecd m\u00e0 th\u00f4i. Cho n\u00ean \u0111\u1eebng l\u1ea5y l\u00fd do &#8220;th\u1ecb tr\u01b0\u1eddng \u0111\u00e3 b\u00e3o h\u00f2a&#8221; \u0111\u1ec3 ng\u1ee5y bi\u1ec7n cho k\u1ebft qu\u1ea3 k\u00e9m c\u1ecfi c\u1ee7a b\u1ea1n.<\/p>\n<p>H\u00e3y master nghi\u1ec7p v\u1ee5 c\u1ee7a m\u00ecnh, v\u00e0 ng\u01b0\u1eddi ta s\u1ebd tranh nhau \u0111\u1ec3 l\u00e0m vi\u1ec7c v\u1edbi b\u1ea1n th\u00f4i.<\/p>\n<p>3) B\u1ea1n kh\u00f4ng c\u1ea7n ph\u1ea3i xu\u1ea5t s\u1eafc \u0111\u1ec3 b\u1eaft \u0111\u1ea7u, nh\u01b0ng b\u1ea1n ph\u1ea3i b\u1eaft \u0111\u1ea7u \u0111\u1ec3 tr\u1edf n\u00ean xu\u1ea5t s\u1eafc.<\/p>\n<p>S\u1ef1 nghi\u1ec7p c\u1ee7a m\u1ed9t copywriter th\u00f4ng th\u01b0\u1eddng g\u1ed3m 3 giai \u0111o\u1ea1n.<\/p>\n<ol>\n<li>\u0110\u1ed5i th\u1eddi gian l\u1ea5y l\u1eddi ch\u1ee9ng kh\u00e1ch h\u00e0ng: b\u1ea1n c\u00f2n m\u1edbi toe trong ngh\u1ec1, ch\u1ec9 nh\u1eefng ng\u01b0\u1eddi quen m\u1edbi s\u1eb5n s\u00e0ng l\u00e0m vi\u1ec7c v\u1edbi b\u1ea1n, v\u00e0 h\u1ecd c\u0169ng ch\u1ec9 s\u1eb5n s\u00e0ng l\u00e0m vi\u1ec7c v\u1edbi b\u1ea1n n\u1ebfu b\u1ea1n l\u00e0m mi\u1ec5n ph\u00ed cho h\u1ecd m\u00e0 th\u00f4i.<br \/>\nNh\u1eefng kh\u00e1ch h\u00e0ng \u0111\u1ea7u ti\u00ean c\u1ee7a b\u1ea1n, b\u1ea1n s\u1ebd c\u00f3 \u0111\u01b0\u1ee3c th\u00f4ng qua vi\u1ec7c g\u1ecdi \u0111i\u1ec7n cho b\u1ea1n b\u00e8, ng\u01b0\u1eddi th\u00e2n, ng\u01b0\u1eddi quen \u0111ang l\u00e0m kinh doanh, v\u00e0 n\u00f3i v\u1edbi h\u1ecd th\u1ebf n\u00e0y:<br \/>\n&#8220;Anh \u00e0, c\u00f3 ai \u0111ang \u0111\u1ea3m nhi\u1ec7m vi\u1ec7c x\u00e2y d\u1ef1ng h\u1ec7 th\u1ed1ng b\u00e1n h\u00e0ng online v\u00e0 email marketing cho anh kh\u00f4ng?<br \/>\nEm \u0111ang l\u00e0m c\u00e1i \u0111\u1ea5y cho c\u00e1c ch\u1ee7 doanh nghi\u1ec7p, v\u00e0 \u0111ang t\u00ecm c\u00e1ch m\u1edf r\u1ed9ng th\u01b0 vi\u1ec7n l\u1eddi ch\u1ee9ng kh\u00e1ch h\u00e0ng cho d\u1ecbch v\u1ee5 c\u1ee7a em.<br \/>\nAnh c\u00f3 th\u1ec3 cho ph\u00e9p em l\u00e0m cho anh MI\u1ec4N PH\u00cd \u0111\u01b0\u1ee3c kh\u00f4ng?<br \/>\nT\u1ea5t c\u1ea3 nh\u1eefng g\u00ec em xin l\u00e0 n\u1ebfu anh th\u1ea5y em l\u00e0m t\u1ed1t, th\u00ec cho em m\u1ed9t c\u00e1i review ho\u1eb7c l\u1eddi ch\u1ee9ng (testimonial).<br \/>\nC\u00f2n n\u1ebfu anh th\u1ea5y em l\u00e0m kh\u00f4ng t\u1ed1t th\u00ec cho em m\u1ed9t c\u00e1i feedback \u0111\u1ec3 em c\u1ea3i thi\u1ec7n.<br \/>\nV\u1eady th\u00f4i \u1ea1. Th\u1ebf l\u00e0 anh \u0111ang gi\u00fap em r\u1ed3i \u0111\u1ea5y. C\u1ea3m \u01a1n anh \u1ea1!&#8221;<\/li>\n<li>\u0110\u1ed5i th\u1eddi gian l\u1ea5y thu nh\u1eadp: b\u1ea1n \u0111\u00e3 l\u00e0m cho 2-3 kh\u00e1ch h\u00e0ng, v\u00e0 gi\u1edd \u0111\u00e3 c\u00f3 tr\u00ecnh \u0111\u1ed9 nghi\u1ec7p v\u1ee5 nh\u1ea5t \u0111\u1ecbnh, c\u00f9ng 4-6 l\u1eddi ch\u1ee9ng t\u1eeb h\u1ecd, h\u00e0i l\u00f2ng v\u1ec1 c\u00e1c d\u1ecbch v\u1ee5 kh\u00e1c nhau m\u00e0 b\u1ea1n cung c\u1ea5p.<br \/>\nV\u00e0i ng\u01b0\u1eddi trong s\u1ed1 h\u1ecd s\u1ebd s\u1eb5n s\u00e0ng b\u1eaft \u0111\u1ea7u tr\u1ea3 ti\u1ec1n cho b\u1ea1n \u0111\u1ec3 b\u1ea1n ti\u1ebfp t\u1ee5c l\u00e0m cho h\u1ecd.<br \/>\nV\u00e0 gi\u1edd, b\u1ea1n c\u00f3 th\u1ec3 b\u1eaft \u0111\u1ea7u s\u1eed d\u1ee5ng nh\u1eefng l\u1eddi ch\u1ee9ng n\u00e0y \u0111\u1ec3 x\u00e2y d\u1ef1ng uy t\u00edn cho profile c\u1ee7a m\u00ecnh (Instagram ch\u1eb3ng h\u1ea1n) v\u00e0 ti\u1ebfn h\u00e0nh \u0111\u1ea9y thu nh\u1eadp c\u1ee7a m\u00ecnh l\u00ean 10.000$\/th\u00e1ng b\u1eb1ng c\u00e1ch v\u01b0\u01a1n \u0111\u1ebfn nh\u1eefng kh\u00e1ch h\u00e0ng s\u1ed9p h\u01a1n l\u00e0 nh\u1eefng ng\u01b0\u1eddi l\u1ea1 m\u1eb7t (cold leads), nh\u01b0ng s\u1ebd tin t\u01b0\u1edfng v\u00e0 \u0111\u1ed3ng \u00fd l\u00e0m vi\u1ec7c v\u1edbi b\u1ea1n khi trao \u0111\u1ed5i v\u00e0 th\u1ea5y b\u1ea1n c\u00f3 tr\u00ecnh \u0111\u1ed9 nghi\u1ec7p v\u1ee5 v\u00e0 l\u1ecbch s\u1eed l\u00e0m h\u00e0i l\u00f2ng nhi\u1ec1u kh\u00e1ch h\u00e0ng tr\u01b0\u1edbc h\u1ecd.<\/li>\n<li>S\u1edf h\u1eefu c\u00e1c doanh nghi\u1ec7p ho\u1eb7c m\u1ed9t ph\u1ea7n c\u00e1c ho\u1ea1t \u0111\u1ed9ng kinh doanh. B\u1ea1n \u0111\u1ea9y thu nh\u1eadp c\u1ee7a m\u00ecnh l\u00ean cao h\u01a1n n\u1eefa b\u1eb1ng vi\u1ec7c x\u00e2y d\u1ef1ng h\u1ec7 th\u1ed1ng b\u00e1n h\u00e0ng v\u00e0 email marketing cho doanh nghi\u1ec7p c\u1ee7a m\u00ecnh, ho\u1eb7c h\u1ee3p t\u00e1c v\u1edbi nh\u1eefng doanh nghi\u1ec7p c\u00f3 s\u1ea3n ph\u1ea9m t\u1ed1t, x\u00e2y d\u1ef1ng h\u1ec7 th\u1ed1ng cho h\u1ecd v\u00e0 \u0103n chia l\u1ee3i nhu\u1eadn b\u00e1n h\u00e0ng v\u1edbi h\u1ecd.<\/li>\n<\/ol>\n<p>4) B\u1ea1n kh\u00f4ng c\u00f3 \u0111\u1ee7 th\u1eddi gian ch\u1ee7 y\u1ebfu l\u00e0 v\u00ec nh\u1eefng l\u00e3ng ph\u00ed c\u1ee7a b\u1ea1n \u0111\u1ed1i v\u1edbi th\u1eddi gian. 5 ph\u00fat \u0111i toilet bi\u1ebfn th\u00e0nh 30 ph\u00fat check \u0111i\u1ec7n tho\u1ea1i ch\u1eb3ng h\u1ea1n. Th\u00eam v\u00e0o \u0111\u00f3, nh\u1eefng xao nh\u00e3ng nh\u1ecf s\u1ebd ph\u00e1 v\u1ee1 s\u1ef1 t\u1eadp trung c\u1ee7a b\u1ea1n trong c\u00e1c kho\u1ea3ng th\u1eddi gian l\u00e0m vi\u1ec7c deep-work.<\/p>\n<p>5) Ng\u01b0\u1eddi th\u00e0nh c\u00f4ng t\u00ecm c\u00e1ch \u0111\u1ec3 chi\u1ebfn th\u1eafng, b\u1ecdn loser t\u00ecm l\u00fd do \u0111\u1ec3 b\u00e0o ch\u1eefa cho th\u1ea5t b\u1ea1i.<\/p>\n<p>6) \u0110\u1eebng l\u00e0m vi\u1ec7c b\u1eb1ng c\u1ea3m x\u00fac. H\u00e3y l\u00e0m vi\u1ec7c b\u1eb1ng k\u1ef7 lu\u1eadt v\u00e0 s\u1ef1 b\u1ec1n b\u1ec9. Ng\u01b0\u1eddi s\u1ebd ch\u1ec9 \u0111\u1ebfn luy\u1ec7n t\u1eadp \u1edf ph\u00f2ng gym khi c\u1ea3m th\u1ea5y &#8220;th\u00edch&#8221;, s\u1ebd ph\u1ea3i thua ng\u01b0\u1eddi lu\u00f4n c\u00f3 m\u1eb7t \u1edf ph\u00f2ng gym \u0111\u1ec3 luy\u1ec7n t\u1eadp b\u1ea5t k\u1ec3 m\u00ecnh c\u00f3 th\u00edch hay kh\u00f4ng. V\u00e0 n\u1ebfu b\u1ea1n thua, th\u00ec b\u1edfi \u0111\u1ecbnh ngh\u0129a c\u1ee7a ch\u00ednh t\u1eeb \u1ea5y, b\u1ea1n l\u00e0 m\u1ed9t&#8230; loser.<\/p>\n<p>N\u1ebfu b\u1ea1n ch\u1ec9 l\u00e0m vi\u1ec7c khi b\u1ea1n c\u1ea3m th\u1ea5y th\u00edch, th\u00ec b\u1ea1n ch\u00ednh \u0111ang c\u00e0i \u0111\u1eb7t b\u1ea3n th\u00e2n m\u00ecnh cho th\u1ea5t b\u1ea1i.<\/p>\n<p>II) Dopamine<\/p>\n<p>1) Dopamine l\u00e0 ch\u1ea5t h\u00f3a h\u1ecdc &#8220;s\u01b0\u1edbng&#8221; m\u00e0 n\u00e3o b\u1ed9 ti\u1ebft ra m\u1ed7i khi b\u1ea1n l\u00e0m m\u1ed9t vi\u1ec7c g\u00ec \u0111\u00f3 m\u00e0 b\u1ea1n \u0111\u1eb7c bi\u1ec7t th\u00edch.<\/p>\n<p>V\u00e0 nh\u1eefng th\u1ee9 m\u00e0 b\u1ea1n th\u00edch th\u00ec g\u1ea7n nh\u01b0 to\u00e0n l\u00e0 nh\u1eefng th\u1ee9 \u0111\u1ed9c h\u1ea1i: \u0103n \u0111\u1ed3 \u0103n nhanh, th\u1ee7 d\u00e2m, l\u01b0\u1edbt facebook, xem video shorts gi\u1ea3i tr\u00ed, ch\u01a1i game, v.v&#8230; nh\u1eefng th\u1ee9 m\u00e0 sau khi cai \u0111\u01b0\u1ee3c m\u1ed9t th\u1eddi gian v\u00e0 nh\u00ecn l\u1ea1i, b\u1ea1n c\u00f2n ch\u1eb3ng c\u1ea3m th\u1ea5y vui th\u00edch g\u00ec n\u1eefa c\u1ea3.<\/p>\n<p>B\u1ea1n c\u00e0ng tham d\u1ef1 v\u00e0o nh\u1eefng v\u00f2ng xo\u00e1y b\u1ea5t t\u1eadn c\u1ee7a l\u1ea1c th\u00fa, b\u1ea1n s\u1ebd c\u00e0ng &#8220;nghi\u1ec7n&#8221; n\u1eb7ng dopamine, bu\u1ed9c b\u1ea1n ph\u1ea3i duy tr\u00ec s\u1ef1 ph\u1ea5n kh\u00edch li\u00ean t\u1ee5c \u1edf m\u1ee9c cao ho\u1eb7c s\u1ebd c\u1ea3m th\u1ea5y bu\u1ed3n ch\u00e1n v\u00e0 kh\u1ed1n kh\u1ed5.<\/p>\n<p>2) Cai nghi\u1ec7n dopamine.<\/p>\n<p>\u0110\u1ec3 c\u00f3 th\u1ec3 t\u00ecm \u0111\u01b0\u1ee3c ni\u1ec1m vui v\u00e0 s\u1ef1 to\u1ea1i nguy\u1ec7n trong nh\u1eefng ho\u1ea1t \u0111\u1ed9ng gi\u1ea3n \u0111\u01a1n c\u1ee7a \u0111\u1eddi s\u1ed1ng h\u1eefu \u00edch v\u00e0 c\u00f4ng vi\u1ec7c lao \u0111\u1ed9ng, b\u1ea1n ph\u1ea3i cai nghi\u1ec7n dopamine.<\/p>\n<p>C\u00e1ch cai nghi\u1ec7n th\u00ec v\u00f4 c\u00f9ng \u0111\u01a1n gi\u1ea3n: h\u00e3y b\u1ecf \u0111\u00f3i ch\u00ednh m\u00ecnh kh\u1ecfi n\u00f3.<\/p>\n<p>Khi b\u1ea1n d\u1eebng l\u1ea1i c\u00e1c l\u1ea1c th\u00fa c\u1ee7a x\u00e1c th\u1ecbt, dopamine s\u1ebd s\u1ee5t gi\u1ea3m m\u1ea1nh v\u00e0 khi\u1ec3n cho b\u1ea1n c\u1ea3m th\u1ea5y kh\u1ed1n kh\u1ed5 v\u00e0 bu\u1ed3n ch\u00e1n. Nh\u01b0ng m\u1ee9c \u0111\u00f2i h\u1ecfi c\u1ee7a c\u01a1 th\u1ec3 \u0111\u1ed1i v\u1edbi dopamine s\u1ebd b\u1eaft \u0111\u1ea7u gi\u1ea3m \u0111i. V\u00e0 b\u1ea1n s\u1ebd b\u1eaft \u0111\u1ea7u &#8220;cai&#8221; \u0111\u01b0\u1ee3c nghi\u1ec7n li\u1ec1n!<\/p>\n<p>Th\u1eed m\u1ed9t tu\u1ea7n th\u00f4i xem, s\u1ed1ng m\u1ed9t \u0111\u1eddi s\u1ed1ng c\u00e0ng &#8220;nh\u00e0m ch\u00e1n&#8221; c\u00e0ng t\u1ed1t, kh\u00f4ng c\u00f3 b\u1ea5t c\u1ee9 tr\u00f2 gi\u1ea3i tr\u00ed hay l\u01b0\u1edbt \u0111i\u1ec7n tho\u1ea1i n\u00e0o, ch\u1ec9 c\u00f3 c\u1eafm m\u1eb7t v\u00e0o l\u00e0m vi\u1ec7c v\u00e0 t\u1eadp gym. Khi c\u01a1 th\u1ec3 \u0111\u00e3 \u0111\u01b0\u1ee3c gi\u1ea3i \u0111\u1ed9c dopamine r\u1ed3i, b\u1ea1n s\u1ebd t\u00ecm l\u1ea1i \u0111\u01b0\u1ee3c c\u1ea3m gi\u00e1c vui th\u00edch v\u00e0 m\u00e3n nguy\u1ec7n t\u1eeb nh\u1eefng vi\u1ec7c gi\u1ea3n \u0111\u01a1n c\u1ee7a \u0111\u1eddi s\u1ed1ng th\u01b0\u1eddng nh\u1eadt.<\/p>\n<p>Sau \u0111\u00e2y l\u00e0 nh\u1eefng th\u1ee9 gi\u1ea3i ph\u00f3ng dopamine nhi\u1ec1u kinh \u0111i\u1ec3n c\u1ea7n ph\u1ea3i cai:<\/p>\n<ol>\n<li>Phim khi\u00eau d\u00e2m v\u00e0 ho\u1ea1t \u0111\u1ed9ng th\u1ee7 d\u00e2m. (c\u00e1i n\u00e0y c\u00f2n r\u00fat m\u1ea5t c\u1ea3 k\u1ebdm kh\u1ecfi t\u1ee7y n\u00e3o, khi\u1ebfn ng\u01b0\u1eddi ng\u00e0y c\u00e0ng \u0111\u1ea7n \u0111\u1ed9n \u0111i v\u00e0 g\u00e2y ra c\u1ea3 ch\u1ee9ng b\u1ea5t l\u1ef1c y\u1ebfu sinh l\u00fd \u1edf nam gi\u1edbi)<br \/>\n<span class=\"fontstyle0\">Download <a href=\"https:\/\/accounts.blockerx.net\/\">blocker X<\/a>.<\/span><\/li>\n<li>C\u00e1c ch\u1ea5t k\u00edch th\u00edch (c\u1ed3n, nicotine, c\u00e1c ch\u1ea5t d\u1eabn truy\u1ec1n th\u1ea7n kinh v\u00e0 ma t\u00fay).<\/li>\n<li>L\u01b0\u1edbt \u0111i\u1ec7n tho\u1ea1i: k\u1ebb gi\u1ebft th\u1eddi gian th\u1ea7m l\u1eb7ng.<br \/>\nC\u00e1ch hi\u1ec7u qu\u1ea3 nh\u1ea5t \u0111\u1ec3 cai c\u00e1i n\u00e0y l\u00e0 CH\u1ec8 S\u1eec D\u1ee4NG \u0110I\u1ec6N THO\u1ea0I v\u00e0o m\u1ed9t th\u1eddi gian c\u1ed1 \u0111\u1ecbnh trong ng\u00e0y, xa kh\u1ecfi gi\u1edd l\u00e0m vi\u1ec7c deep-work v\u00e0 t\u1ea5t c\u1ea3 c\u00e1c ho\u1ea1t \u0111\u1ed9ng c\u1ea7n s\u1ef1 t\u1eadp trung. V\u00e0o nh\u1eefng l\u00fac \u1ea5y, h\u00e3y c\u1ea5t \u0111i\u1ec7n tho\u1ea1i ra ph\u00f2ng kh\u00e1c, v\u00e0 \u0111\u1eebng \u0111em theo m\u00ecnh.<\/li>\n<li>Ti\u00eau th\u1ee5 nh\u1eefng th\u1ee9 gi\u1ea3i tr\u00ed.<br \/>\nKh\u00f4ng ph\u1ea3i content n\u00e0o c\u0169ng x\u1ea5u. B\u1ea1n kh\u00f4ng c\u1ea7n ph\u1ea3i x\u00f3a t\u00e0i kho\u1ea3n youtube c\u1ee7a m\u00ecnh, nh\u01b0ng h\u00e3y h\u1ecdc c\u00e1ch gi\u1edbi h\u1ea1n b\u1ea3n th\u00e2n ch\u1ec9 xem nh\u1eefng content h\u1eefu \u00edch m\u00e0 th\u00f4i.<br \/>\nDownload <a href=\"https:\/\/chromewebstore.google.com\/detail\/unhook-remove-youtube-rec\/khncfooichmfjbepaaaebmommgaepoid?hl=en\">Unhooked<\/a>.<\/li>\n<li>Tr\u00f2 ch\u01a1i \u0111i\u1ec7n t\u1eed.<br \/>\nH\u00e3y coi cu\u1ed9c \u0111\u1eddi l\u00e0 m\u1ed9t tr\u00f2 ch\u01a1i \u0111i\u1ec7n t\u1eed, v\u00e0 h\u00e3y ch\u01a1i tr\u00f2 ch\u01a1i c\u1ee7a cu\u1ed9c \u0111\u1eddi m\u00ecnh.<br \/>\nH\u00e3y n\u1ed7 l\u1ef1c \u0111\u1ec3 l\u00ean level ch\u00ednh b\u1ea3n th\u00e2n m\u00ecnh, t\u0103ng c\u01b0\u1eddng s\u1ee9c m\u1ea1nh \u00fd ch\u00ed, t\u00e2m linh, c\u01a1 b\u1eafp, tr\u00ecnh \u0111\u1ed9 n\u0103ng l\u1ef1c, xuy\u00ean ph\u00e1 c\u00e1c m\u00e0n kh\u00e1c nhau v\u00e0 \u0111\u00e1nh b\u1ea1i c\u00e1c con tr\u00f9m kh\u00e1c nhau.<br \/>\n\u0110\u01a1n c\u1eed, anh \u0111ang \u1edf trong m\u00e0n c\u00f4ng ph\u00e1 h\u1ed9i \u0111\u1ee9c ch\u00faa tr\u1eddi m\u1eb9, v\u00e0 \u0111\u00e1nh b\u1ea1i con tr\u00f9m jang gil-ja \u0111\u00e2y, khi vi\u1ebft b\u00e0i h\u1ecdc n\u00e0y cho c\u00e1c em.<\/li>\n<li>\u0102n \u0111\u1ed3 \u0103n c\u00f3 h\u1ea1i cho s\u1ee9c kh\u1ecfe.<\/li>\n<li>T\u00ecm ki\u1ebfm s\u1ef1 ch\u00fa \u00fd hay m\u1ebfn m\u1ed9 c\u1ee7a lo\u00e0i ng\u01b0\u1eddi.<br \/>\nPh\u1ee5 n\u1eef hay b\u1ecb c\u00e1i b\u1ec7nh attention addict (con nghi\u1ec7n c\u1ee7a s\u1ef1 ch\u00fa \u00fd) n\u00e0y.<br \/>\nPost b\u00e0i facebook \u0111\u01a1n thu\u1ea7n ch\u1ec9 \u0111\u1ec3 t\u00ecm ki\u1ebfm l\u01b0\u1ee3t like l\u00e0 m\u1ed9t \u0111i\u1ec1u kh\u00e1 ngu ng\u1ed1c v\u00e0 v\u00f4 \u00edch \u0111\u1ec3 l\u00e0m \u0111\u1ea5y.<\/li>\n<li>T\u00e1n t\u1ec9nh giai g\u00e1i.<br \/>\n\u0110\u1ed1i v\u1edbi \u0111\u00e0n \u00f4ng, c\u00f3 l\u1ebd ch\u1eb3ng c\u00f3 th\u1ee9 g\u00ec khi\u1ebfn cho ch\u00fang ta ph\u1ea3i tr\u1ea3 gi\u00e1 \u0111\u1eaft b\u1eb1ng g\u00e1i \u0111\u00e2u c\u00e1c em \u1ea1.<br \/>\nPh\u1ee5 n\u1eef l\u00e0 c\u1ef1c k\u1ef3 \u0111\u1eaft \u0111\u1ecf c\u1ea3 v\u1ec1 th\u1eddi gian, ti\u1ec1n b\u1ea1c, s\u1ee9c l\u1ef1c l\u00e2n t\u00e2m l\u1ef1c.<br \/>\nH\u1ecd \u0111\u01b0\u1ee3c thi\u1ebft k\u1ebf \u0111\u1ec3 b\u00f2n r\u00fat ngu\u1ed3n l\u1ef1c t\u1eeb \u0111\u00e0n \u00f4ng, v\u00ec v\u1ec1 m\u1eb7t sinh h\u1ecdc, h\u1ecd ph\u1ea3i sinh con v\u00e0 nu\u00f4i con, \u1edf trong v\u1ecb tr\u00ed r\u1ea5t d\u1ec5 b\u1ecb t\u1ed5n th\u01b0\u01a1ng.<br \/>\nTrong khi \u0111\u00f3 th\u00ec \u0111\u1ec3 th\u00e0nh c\u00f4ng, c\u00e1c em c\u1ea7n ph\u1ea3i gi\u1eef l\u1ea1i \u0111\u01b0\u1ee3c t\u1ea5t c\u1ea3 nh\u1eefng ngu\u1ed3n l\u1ef1c \u1ea5y, v\u00e0 \u0111\u1ea7u t\u01b0 v\u00e0o ch\u00ednh b\u1ea3n th\u00e2n m\u00ecnh.<br \/>\nH\u00e3y chuy\u00ean t\u00e2m trong \u00edt nh\u1ea5t l\u00e0 v\u00e0i ba n\u0103m v\u00e0o, cho \u0111\u1ebfn khi m\u00ecnh th\u00e0nh c\u00f4ng h\u1eb3n \u0111\u00e3, r\u1ed3i khi \u1ea5y Ch\u00faa s\u1ebd t\u1ef1 \u0111\u01b0a ng\u01b0\u1eddi ph\u1ee5 n\u1eef c\u1ee7a c\u00e1c em \u0111\u1ebfn cho c\u00e1c em. V\u00e0 v\u00ec khi \u1ea5y c\u00e1c em \u0111\u00e3 th\u00e0nh \u0111\u1ea1t, c\u00e1c em s\u1ebd c\u00f3 \u0111\u01b0\u1ee3c s\u1ef1 y\u00eau m\u1ebfn v\u00e0 ng\u01b0\u1ee1ng m\u1ed9 c\u1ee7a n\u00e0ng.<\/li>\n<\/ol>\n<p>H\u00e3y thay th\u1ebf c\u00e1c th\u00f3i quen x\u1ea5u b\u1eb1ng nh\u1eefng th\u00f3i quen t\u1ed1t:<\/p>\n<ol>\n<li>C\u1ea7u nguy\u1ec7n, \u0111\u1ecdc Kinh Th\u00e1nh, h\u00e1t th\u00e1nh ca v\u00e0 l\u00e0m ch\u1ee9ng v\u1ec1 Ch\u00faa.<\/li>\n<li>\u0110i d\u1ea1o v\u00e0 ngh\u1ec9 ng\u01a1i gi\u1eefa thi\u00ean nhi\u00ean c\u00f4ng vi\u1ec7c c\u1ee7a b\u00e0n tay Ng\u00e0i.<\/li>\n<li>Vi\u1ebft l\u1ea1i nh\u1eadt k\u00fd t\u0103ng tr\u01b0\u1edfng c\u1ee7a b\u1ea3n th\u00e2n. C\u00f3 th\u1ec3 b\u1eb1ng video ho\u1eb7c b\u1ea3n th\u1ea3o, nh\u01b0ng kh\u00f4ng ph\u1ea3i \u0111\u1ec3 \u0111\u0103ng facebook nh\u00e9, m\u00e0 \u0111\u1ec3 nh\u00ecn l\u1ea1i v\u00e0 x\u00e1c \u0111\u1ecbnh xem m\u00ecnh \u0111\u00e3 \u0111i \u0111\u01b0\u1ee3c \u0111\u1ebfn \u0111\u00e2u.<\/li>\n<li>Xem c\u00e1c video v\u00e0 podcast v\u1ec1 Ch\u00faa, v\u1ec1 business, v\u1ec1 nh\u1eefng th\u1ee9 h\u1eefu \u00edch, \u0111\u1ec3 H\u1eccC v\u00e0 n\u00e2ng cao ki\u1ebfn th\u1ee9c v\u1ec1 nh\u1eefng m\u1ea3ng m\u00e0 m\u00ecnh \u0111ang tr\u1ef1c ti\u1ebfp l\u00e0m.<\/li>\n<li>Download Tooggl v\u00e0 l\u1eadp th\u1eddi gian bi\u1ec3u tr\u00ean app (google calendar ch\u1eb3ng h\u1ea1n), r\u1ed3i d\u00f9ng Toogle \u0111\u1ec3 track th\u1eddi gian bi\u1ec3u \u1ea5y.<\/li>\n<\/ol>\n","protected":false},"excerpt":{"rendered":"<p>I) Ph\u00e1 h\u1ee7y c\u00e1c n\u1ebfp t\u01b0 duy loser. 1) Ng\u01b0\u1eddi tin r\u1eb1ng m\u00ecnh c\u00f3 th\u1ec3 th\u00e0nh c\u00f4ng, v\u00e0 ng\u01b0\u1eddi tin r\u1eb1ng m\u00ecnh KH\u00d4NG TH\u1ec2 th\u00e0nh c\u00f4ng, \u0110\u1ec0U \u0110\u00daNG. &#8220;Ng\u01b0\u01a1i tin th\u1ebf n\u00e0o th\u00ec s\u1ebd \u0111\u01b0\u1ee3c \u0111\u00fang nh\u01b0 th\u1ebf.&#8221; 2) Ngo\u00e0i kia c\u00f3 C\u1ef0C K\u1ef2 NHI\u1ec0U kh\u00e1ch h\u00e0ng. Ch\u1eb3ng qua l\u00e0 h\u1ecd kh\u00f4ng mu\u1ed1n l\u00e0m vi\u1ec7c&#8230;<\/p>\n","protected":false},"author":1,"featured_media":0,"parent":19450,"menu_order":0,"comment_status":"closed","ping_status":"closed","template":"templates\/full-width.php","meta":{"_monsterinsights_skip_tracking":false,"_monsterinsights_sitenote_active":false,"_monsterinsights_sitenote_note":"","_monsterinsights_sitenote_category":0,"cybocfi_hide_featured_image":"","footnotes":""},"class_list":["post-19446","page","type-page","status-publish","hentry"],"yoast_head":"<!-- This site is optimized with the Yoast SEO plugin v27.2 - https:\/\/yoast.com\/product\/yoast-seo-wordpress\/ -->\n<title>T\u01b0 duy - Majority Text Bible<\/title>\n<meta name=\"robots\" content=\"index, follow, max-snippet:-1, max-image-preview:large, max-video-preview:-1\" \/>\n<link rel=\"canonical\" href=\"http:\/\/mtb.online\/en\/copywriting\/tu-duy\/\" \/>\n<meta property=\"og:locale\" content=\"en_US\" \/>\n<meta property=\"og:type\" content=\"article\" \/>\n<meta property=\"og:title\" content=\"T\u01b0 duy - Majority Text Bible\" \/>\n<meta property=\"og:description\" content=\"I) Ph\u00e1 h\u1ee7y c\u00e1c n\u1ebfp t\u01b0 duy loser. 1) Ng\u01b0\u1eddi tin r\u1eb1ng m\u00ecnh c\u00f3 th\u1ec3 th\u00e0nh c\u00f4ng, v\u00e0 ng\u01b0\u1eddi tin r\u1eb1ng m\u00ecnh KH\u00d4NG TH\u1ec2 th\u00e0nh c\u00f4ng, \u0110\u1ec0U \u0110\u00daNG. &#8220;Ng\u01b0\u01a1i tin th\u1ebf n\u00e0o th\u00ec s\u1ebd \u0111\u01b0\u1ee3c \u0111\u00fang nh\u01b0 th\u1ebf.&#8221; 2) Ngo\u00e0i kia c\u00f3 C\u1ef0C K\u1ef2 NHI\u1ec0U kh\u00e1ch h\u00e0ng. Ch\u1eb3ng qua l\u00e0 h\u1ecd kh\u00f4ng mu\u1ed1n l\u00e0m vi\u1ec7c...\" \/>\n<meta property=\"og:url\" content=\"http:\/\/mtb.online\/en\/copywriting\/tu-duy\/\" \/>\n<meta property=\"og:site_name\" content=\"Majority Text Bible\" \/>\n<meta property=\"article:modified_time\" content=\"2024-06-26T11:23:52+00:00\" \/>\n<meta name=\"twitter:card\" content=\"summary_large_image\" \/>\n<meta name=\"twitter:label1\" content=\"Est. reading time\" \/>\n\t<meta name=\"twitter:data1\" content=\"12 minutes\" \/>\n<script type=\"application\/ld+json\" class=\"yoast-schema-graph\">{\"@context\":\"https:\/\/schema.org\",\"@graph\":[{\"@type\":\"WebPage\",\"@id\":\"http:\/\/mtb.online\/en\/copywriting\/tu-duy\/\",\"url\":\"http:\/\/mtb.online\/en\/copywriting\/tu-duy\/\",\"name\":\"T\u01b0 duy - Majority Text Bible\",\"isPartOf\":{\"@id\":\"https:\/\/mtb.online\/en\/#website\"},\"datePublished\":\"2024-06-25T14:39:02+00:00\",\"dateModified\":\"2024-06-26T11:23:52+00:00\",\"breadcrumb\":{\"@id\":\"http:\/\/mtb.online\/en\/copywriting\/tu-duy\/#breadcrumb\"},\"inLanguage\":\"en-US\",\"potentialAction\":[{\"@type\":\"ReadAction\",\"target\":[\"http:\/\/mtb.online\/en\/copywriting\/tu-duy\/\"]}]},{\"@type\":\"BreadcrumbList\",\"@id\":\"http:\/\/mtb.online\/en\/copywriting\/tu-duy\/#breadcrumb\",\"itemListElement\":[{\"@type\":\"ListItem\",\"position\":1,\"name\":\"Home\",\"item\":\"https:\/\/mtb.online\/en\/\"},{\"@type\":\"ListItem\",\"position\":2,\"name\":\"Copywriting\",\"item\":\"http:\/\/mtb.online\/en\/copywriting\/\"},{\"@type\":\"ListItem\",\"position\":3,\"name\":\"T\u01b0 duy\"}]},{\"@type\":\"WebSite\",\"@id\":\"https:\/\/mtb.online\/en\/#website\",\"url\":\"https:\/\/mtb.online\/en\/\",\"name\":\"Majority Text Bible\",\"description\":\"\",\"publisher\":{\"@id\":\"https:\/\/mtb.online\/en\/#organization\"},\"potentialAction\":[{\"@type\":\"SearchAction\",\"target\":{\"@type\":\"EntryPoint\",\"urlTemplate\":\"https:\/\/mtb.online\/en\/?s={search_term_string}\"},\"query-input\":{\"@type\":\"PropertyValueSpecification\",\"valueRequired\":true,\"valueName\":\"search_term_string\"}}],\"inLanguage\":\"en-US\"},{\"@type\":\"Organization\",\"@id\":\"https:\/\/mtb.online\/en\/#organization\",\"name\":\"Majority Text Bible\",\"url\":\"https:\/\/mtb.online\/en\/\",\"logo\":{\"@type\":\"ImageObject\",\"inLanguage\":\"en-US\",\"@id\":\"https:\/\/mtb.online\/en\/#\/schema\/logo\/image\/\",\"url\":\"http:\/\/hangtotgiare.com\/wp-content\/uploads\/2021\/11\/logo-251x189-large.png\",\"contentUrl\":\"http:\/\/hangtotgiare.com\/wp-content\/uploads\/2021\/11\/logo-251x189-large.png\",\"width\":888,\"height\":669,\"caption\":\"Majority Text Bible\"},\"image\":{\"@id\":\"https:\/\/mtb.online\/en\/#\/schema\/logo\/image\/\"}}]}<\/script>\n<!-- \/ Yoast SEO plugin. -->","yoast_head_json":{"title":"T\u01b0 duy - Majority Text Bible","robots":{"index":"index","follow":"follow","max-snippet":"max-snippet:-1","max-image-preview":"max-image-preview:large","max-video-preview":"max-video-preview:-1"},"canonical":"http:\/\/mtb.online\/en\/copywriting\/tu-duy\/","og_locale":"en_US","og_type":"article","og_title":"T\u01b0 duy - Majority Text Bible","og_description":"I) Ph\u00e1 h\u1ee7y c\u00e1c n\u1ebfp t\u01b0 duy loser. 1) Ng\u01b0\u1eddi tin r\u1eb1ng m\u00ecnh c\u00f3 th\u1ec3 th\u00e0nh c\u00f4ng, v\u00e0 ng\u01b0\u1eddi tin r\u1eb1ng m\u00ecnh KH\u00d4NG TH\u1ec2 th\u00e0nh c\u00f4ng, \u0110\u1ec0U \u0110\u00daNG. &#8220;Ng\u01b0\u01a1i tin th\u1ebf n\u00e0o th\u00ec s\u1ebd \u0111\u01b0\u1ee3c \u0111\u00fang nh\u01b0 th\u1ebf.&#8221; 2) Ngo\u00e0i kia c\u00f3 C\u1ef0C K\u1ef2 NHI\u1ec0U kh\u00e1ch h\u00e0ng. Ch\u1eb3ng qua l\u00e0 h\u1ecd kh\u00f4ng mu\u1ed1n l\u00e0m vi\u1ec7c...","og_url":"http:\/\/mtb.online\/en\/copywriting\/tu-duy\/","og_site_name":"Majority Text Bible","article_modified_time":"2024-06-26T11:23:52+00:00","twitter_card":"summary_large_image","twitter_misc":{"Est. reading time":"12 minutes"},"schema":{"@context":"https:\/\/schema.org","@graph":[{"@type":"WebPage","@id":"http:\/\/mtb.online\/en\/copywriting\/tu-duy\/","url":"http:\/\/mtb.online\/en\/copywriting\/tu-duy\/","name":"T\u01b0 duy - Majority Text Bible","isPartOf":{"@id":"https:\/\/mtb.online\/en\/#website"},"datePublished":"2024-06-25T14:39:02+00:00","dateModified":"2024-06-26T11:23:52+00:00","breadcrumb":{"@id":"http:\/\/mtb.online\/en\/copywriting\/tu-duy\/#breadcrumb"},"inLanguage":"en-US","potentialAction":[{"@type":"ReadAction","target":["http:\/\/mtb.online\/en\/copywriting\/tu-duy\/"]}]},{"@type":"BreadcrumbList","@id":"http:\/\/mtb.online\/en\/copywriting\/tu-duy\/#breadcrumb","itemListElement":[{"@type":"ListItem","position":1,"name":"Home","item":"https:\/\/mtb.online\/en\/"},{"@type":"ListItem","position":2,"name":"Copywriting","item":"http:\/\/mtb.online\/en\/copywriting\/"},{"@type":"ListItem","position":3,"name":"T\u01b0 duy"}]},{"@type":"WebSite","@id":"https:\/\/mtb.online\/en\/#website","url":"https:\/\/mtb.online\/en\/","name":"Majority Text Bible","description":"","publisher":{"@id":"https:\/\/mtb.online\/en\/#organization"},"potentialAction":[{"@type":"SearchAction","target":{"@type":"EntryPoint","urlTemplate":"https:\/\/mtb.online\/en\/?s={search_term_string}"},"query-input":{"@type":"PropertyValueSpecification","valueRequired":true,"valueName":"search_term_string"}}],"inLanguage":"en-US"},{"@type":"Organization","@id":"https:\/\/mtb.online\/en\/#organization","name":"Majority Text Bible","url":"https:\/\/mtb.online\/en\/","logo":{"@type":"ImageObject","inLanguage":"en-US","@id":"https:\/\/mtb.online\/en\/#\/schema\/logo\/image\/","url":"http:\/\/hangtotgiare.com\/wp-content\/uploads\/2021\/11\/logo-251x189-large.png","contentUrl":"http:\/\/hangtotgiare.com\/wp-content\/uploads\/2021\/11\/logo-251x189-large.png","width":888,"height":669,"caption":"Majority Text Bible"},"image":{"@id":"https:\/\/mtb.online\/en\/#\/schema\/logo\/image\/"}}]}},"_links":{"self":[{"href":"http:\/\/mtb.online\/en\/wp-json\/wp\/v2\/pages\/19446","targetHints":{"allow":["GET"]}}],"collection":[{"href":"http:\/\/mtb.online\/en\/wp-json\/wp\/v2\/pages"}],"about":[{"href":"http:\/\/mtb.online\/en\/wp-json\/wp\/v2\/types\/page"}],"author":[{"embeddable":true,"href":"http:\/\/mtb.online\/en\/wp-json\/wp\/v2\/users\/1"}],"replies":[{"embeddable":true,"href":"http:\/\/mtb.online\/en\/wp-json\/wp\/v2\/comments?post=19446"}],"version-history":[{"count":3,"href":"http:\/\/mtb.online\/en\/wp-json\/wp\/v2\/pages\/19446\/revisions"}],"predecessor-version":[{"id":19452,"href":"http:\/\/mtb.online\/en\/wp-json\/wp\/v2\/pages\/19446\/revisions\/19452"}],"up":[{"embeddable":true,"href":"http:\/\/mtb.online\/en\/wp-json\/wp\/v2\/pages\/19450"}],"wp:attachment":[{"href":"http:\/\/mtb.online\/en\/wp-json\/wp\/v2\/media?parent=19446"}],"curies":[{"name":"wp","href":"https:\/\/api.w.org\/{rel}","templated":true}]}}