{"id":3828,"date":"2020-07-26T12:08:02","date_gmt":"2020-07-26T05:08:02","guid":{"rendered":"https:\/\/hangtotgiare.com\/?page_id=3828"},"modified":"2023-04-29T11:41:14","modified_gmt":"2023-04-29T04:41:14","slug":"hoi-thanh-online","status":"publish","type":"page","link":"http:\/\/mtb.online\/de\/hoi-thanh-online\/","title":{"rendered":"H\u1ed9i Th\u00e1nh Online"},"content":{"rendered":"<p>&nbsp;<\/p>\n<h1 style=\"text-align: center;\">Chi nh\u00e1nh online Vi\u1ec7t Nam c\u1ee7a h\u1ed9i th\u00e1nh SDA Ti\u00ean Phong<\/h1>\n<p>&#8211; Gi\u1edd th\u1edd ph\u01b0\u1ee3ng: 10h-12h s\u00e1ng th\u1ee9 7 h\u00e0ng tu\u1ea7n (theo gi\u1edd Vi\u1ec7t Nam)<\/p>\n<p>&#8211; Gi\u1edd c\u1ea7u nguy\u1ec7n chung: 5h &#8211; kho\u1ea3ng 6h s\u00e1ng h\u00e0ng ng\u00e0y (theo gi\u1edd Vi\u1ec7t Nam)<\/p>\n<p>&#8211; H\u1ed9i th\u00e1nh th\u01b0\u1eddng nh\u00f3m tr\u00ean facebook messenger ho\u1eb7c Skype. Xin h\u00e3y li\u00ean h\u1ec7 v\u1edbi Ki\u1ec1u H\u01b0ng \u0111\u1ec3 \u0111\u01b0\u1ee3c th\u00eam v\u00e0o nh\u00f3m.<\/p>\n<p>T\u00ean Skype c\u1ee7a m\u00ecnh l\u00e0\u00a0live:kieuq.hung_1<br \/>\nC\u00f2n \u0111\u00e2y l\u00e0 facebook c\u1ee7a m\u00ecnh: https:\/\/www.facebook.com\/kieuquochung<\/p>\n<div class=\"fb-customerchat\"><img loading=\"lazy\" decoding=\"async\" class=\"size-medium wp-image-10856 aligncenter\" src=\"http:\/\/mtb.online\/wp-content\/uploads\/2022\/06\/avatar-298x300.jpg\" alt=\"\" width=\"298\" height=\"300\" srcset=\"http:\/\/mtb.online\/wp-content\/uploads\/2022\/06\/avatar-298x300.jpg 298w, http:\/\/mtb.online\/wp-content\/uploads\/2022\/06\/avatar-150x150.jpg 150w, http:\/\/mtb.online\/wp-content\/uploads\/2022\/06\/avatar-768x772.jpg 768w, http:\/\/mtb.online\/wp-content\/uploads\/2022\/06\/avatar-370x372.jpg 370w, http:\/\/mtb.online\/wp-content\/uploads\/2022\/06\/avatar.jpg 955w\" sizes=\"auto, (max-width: 298px) 100vw, 298px\" \/><\/div>","protected":false},"excerpt":{"rendered":"<p>&nbsp; Chi nh\u00e1nh online Vi\u1ec7t Nam c\u1ee7a h\u1ed9i th\u00e1nh SDA Ti\u00ean Phong &#8211; Gi\u1edd th\u1edd ph\u01b0\u1ee3ng: 10h-12h s\u00e1ng th\u1ee9 7 h\u00e0ng tu\u1ea7n (theo gi\u1edd Vi\u1ec7t Nam) &#8211; Gi\u1edd c\u1ea7u nguy\u1ec7n chung: 5h &#8211; kho\u1ea3ng 6h s\u00e1ng h\u00e0ng ng\u00e0y (theo gi\u1edd Vi\u1ec7t Nam) &#8211; H\u1ed9i th\u00e1nh th\u01b0\u1eddng nh\u00f3m tr\u00ean facebook messenger ho\u1eb7c Skype. Xin h\u00e3y li\u00ean&#8230;<\/p>","protected":false},"author":1,"featured_media":0,"parent":0,"menu_order":0,"comment_status":"closed","ping_status":"closed","template":"templates\/full-width.php","meta":{"_monsterinsights_skip_tracking":false,"_monsterinsights_sitenote_active":false,"_monsterinsights_sitenote_note":"","_monsterinsights_sitenote_category":0,"cybocfi_hide_featured_image":"","footnotes":""},"class_list":["post-3828","page","type-page","status-publish","hentry"],"yoast_head":"<!-- This site is optimized with the Yoast SEO plugin v27.2 - https:\/\/yoast.com\/product\/yoast-seo-wordpress\/ -->\n<title>H\u1ed9i Th\u00e1nh Online - Majority Text Bible<\/title>\n<meta name=\"robots\" content=\"index, follow, max-snippet:-1, max-image-preview:large, max-video-preview:-1\" \/>\n<link rel=\"canonical\" href=\"http:\/\/mtb.online\/de\/hoi-thanh-online\/\" \/>\n<meta property=\"og:locale\" content=\"de_DE\" \/>\n<meta property=\"og:type\" content=\"article\" \/>\n<meta property=\"og:title\" content=\"H\u1ed9i Th\u00e1nh Online - Majority Text Bible\" \/>\n<meta property=\"og:description\" content=\"&nbsp; Chi nh\u00e1nh online Vi\u1ec7t Nam c\u1ee7a h\u1ed9i th\u00e1nh SDA Ti\u00ean Phong &#8211; Gi\u1edd th\u1edd ph\u01b0\u1ee3ng: 10h-12h s\u00e1ng th\u1ee9 7 h\u00e0ng tu\u1ea7n (theo gi\u1edd Vi\u1ec7t Nam) &#8211; Gi\u1edd c\u1ea7u nguy\u1ec7n chung: 5h &#8211; kho\u1ea3ng 6h s\u00e1ng h\u00e0ng ng\u00e0y (theo gi\u1edd Vi\u1ec7t Nam) &#8211; H\u1ed9i th\u00e1nh th\u01b0\u1eddng nh\u00f3m tr\u00ean facebook messenger ho\u1eb7c Skype. Xin h\u00e3y li\u00ean...\" \/>\n<meta property=\"og:url\" content=\"http:\/\/mtb.online\/de\/hoi-thanh-online\/\" \/>\n<meta property=\"og:site_name\" content=\"Majority Text Bible\" \/>\n<meta property=\"article:modified_time\" content=\"2023-04-29T04:41:14+00:00\" \/>\n<meta property=\"og:image\" content=\"http:\/\/mtb.online\/wp-content\/uploads\/2022\/06\/avatar-298x300.jpg\" \/>\n<meta name=\"twitter:card\" content=\"summary_large_image\" \/>\n<meta name=\"twitter:label1\" content=\"Gesch\u00e4tzte Lesezeit\" \/>\n\t<meta name=\"twitter:data1\" content=\"1\u00a0Minute\" \/>\n<script type=\"application\/ld+json\" class=\"yoast-schema-graph\">{\"@context\":\"https:\/\/schema.org\",\"@graph\":[{\"@type\":\"WebPage\",\"@id\":\"http:\/\/mtb.online\/en\/hoi-thanh-online\/\",\"url\":\"http:\/\/mtb.online\/en\/hoi-thanh-online\/\",\"name\":\"H\u1ed9i Th\u00e1nh Online - Majority Text Bible\",\"isPartOf\":{\"@id\":\"http:\/\/mtb.online\/ar\/#website\"},\"primaryImageOfPage\":{\"@id\":\"http:\/\/mtb.online\/en\/hoi-thanh-online\/#primaryimage\"},\"image\":{\"@id\":\"http:\/\/mtb.online\/en\/hoi-thanh-online\/#primaryimage\"},\"thumbnailUrl\":\"http:\/\/mtb.online\/wp-content\/uploads\/2022\/06\/avatar-298x300.jpg\",\"datePublished\":\"2020-07-26T05:08:02+00:00\",\"dateModified\":\"2023-04-29T04:41:14+00:00\",\"breadcrumb\":{\"@id\":\"http:\/\/mtb.online\/en\/hoi-thanh-online\/#breadcrumb\"},\"inLanguage\":\"de\",\"potentialAction\":[{\"@type\":\"ReadAction\",\"target\":[\"http:\/\/mtb.online\/en\/hoi-thanh-online\/\"]}]},{\"@type\":\"ImageObject\",\"inLanguage\":\"de\",\"@id\":\"http:\/\/mtb.online\/en\/hoi-thanh-online\/#primaryimage\",\"url\":\"http:\/\/mtb.online\/wp-content\/uploads\/2022\/06\/avatar-298x300.jpg\",\"contentUrl\":\"http:\/\/mtb.online\/wp-content\/uploads\/2022\/06\/avatar-298x300.jpg\"},{\"@type\":\"BreadcrumbList\",\"@id\":\"http:\/\/mtb.online\/en\/hoi-thanh-online\/#breadcrumb\",\"itemListElement\":[{\"@type\":\"ListItem\",\"position\":1,\"name\":\"Home\",\"item\":\"http:\/\/mtb.online\/ar\/\"},{\"@type\":\"ListItem\",\"position\":2,\"name\":\"H\u1ed9i Th\u00e1nh Online\"}]},{\"@type\":\"WebSite\",\"@id\":\"http:\/\/mtb.online\/ar\/#website\",\"url\":\"http:\/\/mtb.online\/ar\/\",\"name\":\"Majority Text Bible\",\"description\":\"\",\"publisher\":{\"@id\":\"http:\/\/mtb.online\/ar\/#organization\"},\"potentialAction\":[{\"@type\":\"SearchAction\",\"target\":{\"@type\":\"EntryPoint\",\"urlTemplate\":\"http:\/\/mtb.online\/ar\/?s={search_term_string}\"},\"query-input\":{\"@type\":\"PropertyValueSpecification\",\"valueRequired\":true,\"valueName\":\"search_term_string\"}}],\"inLanguage\":\"de\"},{\"@type\":\"Organization\",\"@id\":\"http:\/\/mtb.online\/ar\/#organization\",\"name\":\"Majority Text Bible\",\"url\":\"http:\/\/mtb.online\/ar\/\",\"logo\":{\"@type\":\"ImageObject\",\"inLanguage\":\"de\",\"@id\":\"http:\/\/mtb.online\/ar\/#\/schema\/logo\/image\/\",\"url\":\"http:\/\/hangtotgiare.com\/wp-content\/uploads\/2021\/11\/logo-251x189-large.png\",\"contentUrl\":\"http:\/\/hangtotgiare.com\/wp-content\/uploads\/2021\/11\/logo-251x189-large.png\",\"width\":888,\"height\":669,\"caption\":\"Majority Text Bible\"},\"image\":{\"@id\":\"http:\/\/mtb.online\/ar\/#\/schema\/logo\/image\/\"}}]}<\/script>\n<!-- \/ Yoast SEO plugin. -->","yoast_head_json":{"title":"H\u1ed9i Th\u00e1nh Online - Majority Text Bible","robots":{"index":"index","follow":"follow","max-snippet":"max-snippet:-1","max-image-preview":"max-image-preview:large","max-video-preview":"max-video-preview:-1"},"canonical":"http:\/\/mtb.online\/de\/hoi-thanh-online\/","og_locale":"de_DE","og_type":"article","og_title":"H\u1ed9i Th\u00e1nh Online - Majority Text Bible","og_description":"&nbsp; Chi nh\u00e1nh online Vi\u1ec7t Nam c\u1ee7a h\u1ed9i th\u00e1nh SDA Ti\u00ean Phong &#8211; Gi\u1edd th\u1edd ph\u01b0\u1ee3ng: 10h-12h s\u00e1ng th\u1ee9 7 h\u00e0ng tu\u1ea7n (theo gi\u1edd Vi\u1ec7t Nam) &#8211; Gi\u1edd c\u1ea7u nguy\u1ec7n chung: 5h &#8211; kho\u1ea3ng 6h s\u00e1ng h\u00e0ng ng\u00e0y (theo gi\u1edd Vi\u1ec7t Nam) &#8211; H\u1ed9i th\u00e1nh th\u01b0\u1eddng nh\u00f3m tr\u00ean facebook messenger ho\u1eb7c Skype. Xin h\u00e3y li\u00ean...","og_url":"http:\/\/mtb.online\/de\/hoi-thanh-online\/","og_site_name":"Majority Text Bible","article_modified_time":"2023-04-29T04:41:14+00:00","og_image":[{"url":"http:\/\/mtb.online\/wp-content\/uploads\/2022\/06\/avatar-298x300.jpg","type":"","width":"","height":""}],"twitter_card":"summary_large_image","twitter_misc":{"Gesch\u00e4tzte Lesezeit":"1\u00a0Minute"},"schema":{"@context":"https:\/\/schema.org","@graph":[{"@type":"WebPage","@id":"http:\/\/mtb.online\/en\/hoi-thanh-online\/","url":"http:\/\/mtb.online\/en\/hoi-thanh-online\/","name":"H\u1ed9i Th\u00e1nh Online - Majority Text Bible","isPartOf":{"@id":"http:\/\/mtb.online\/ar\/#website"},"primaryImageOfPage":{"@id":"http:\/\/mtb.online\/en\/hoi-thanh-online\/#primaryimage"},"image":{"@id":"http:\/\/mtb.online\/en\/hoi-thanh-online\/#primaryimage"},"thumbnailUrl":"http:\/\/mtb.online\/wp-content\/uploads\/2022\/06\/avatar-298x300.jpg","datePublished":"2020-07-26T05:08:02+00:00","dateModified":"2023-04-29T04:41:14+00:00","breadcrumb":{"@id":"http:\/\/mtb.online\/en\/hoi-thanh-online\/#breadcrumb"},"inLanguage":"de","potentialAction":[{"@type":"ReadAction","target":["http:\/\/mtb.online\/en\/hoi-thanh-online\/"]}]},{"@type":"ImageObject","inLanguage":"de","@id":"http:\/\/mtb.online\/en\/hoi-thanh-online\/#primaryimage","url":"http:\/\/mtb.online\/wp-content\/uploads\/2022\/06\/avatar-298x300.jpg","contentUrl":"http:\/\/mtb.online\/wp-content\/uploads\/2022\/06\/avatar-298x300.jpg"},{"@type":"BreadcrumbList","@id":"http:\/\/mtb.online\/en\/hoi-thanh-online\/#breadcrumb","itemListElement":[{"@type":"ListItem","position":1,"name":"Home","item":"http:\/\/mtb.online\/ar\/"},{"@type":"ListItem","position":2,"name":"H\u1ed9i Th\u00e1nh Online"}]},{"@type":"WebSite","@id":"http:\/\/mtb.online\/ar\/#website","url":"http:\/\/mtb.online\/ar\/","name":"Majority Text Bible","description":"","publisher":{"@id":"http:\/\/mtb.online\/ar\/#organization"},"potentialAction":[{"@type":"SearchAction","target":{"@type":"EntryPoint","urlTemplate":"http:\/\/mtb.online\/ar\/?s={search_term_string}"},"query-input":{"@type":"PropertyValueSpecification","valueRequired":true,"valueName":"search_term_string"}}],"inLanguage":"de"},{"@type":"Organization","@id":"http:\/\/mtb.online\/ar\/#organization","name":"Majority Text Bible","url":"http:\/\/mtb.online\/ar\/","logo":{"@type":"ImageObject","inLanguage":"de","@id":"http:\/\/mtb.online\/ar\/#\/schema\/logo\/image\/","url":"http:\/\/hangtotgiare.com\/wp-content\/uploads\/2021\/11\/logo-251x189-large.png","contentUrl":"http:\/\/hangtotgiare.com\/wp-content\/uploads\/2021\/11\/logo-251x189-large.png","width":888,"height":669,"caption":"Majority Text Bible"},"image":{"@id":"http:\/\/mtb.online\/ar\/#\/schema\/logo\/image\/"}}]}},"_links":{"self":[{"href":"http:\/\/mtb.online\/de\/wp-json\/wp\/v2\/pages\/3828","targetHints":{"allow":["GET"]}}],"collection":[{"href":"http:\/\/mtb.online\/de\/wp-json\/wp\/v2\/pages"}],"about":[{"href":"http:\/\/mtb.online\/de\/wp-json\/wp\/v2\/types\/page"}],"author":[{"embeddable":true,"href":"http:\/\/mtb.online\/de\/wp-json\/wp\/v2\/users\/1"}],"replies":[{"embeddable":true,"href":"http:\/\/mtb.online\/de\/wp-json\/wp\/v2\/comments?post=3828"}],"version-history":[{"count":26,"href":"http:\/\/mtb.online\/de\/wp-json\/wp\/v2\/pages\/3828\/revisions"}],"predecessor-version":[{"id":14487,"href":"http:\/\/mtb.online\/de\/wp-json\/wp\/v2\/pages\/3828\/revisions\/14487"}],"wp:attachment":[{"href":"http:\/\/mtb.online\/de\/wp-json\/wp\/v2\/media?parent=3828"}],"curies":[{"name":"wp","href":"https:\/\/api.w.org\/{rel}","templated":true}]}}