{"id":5252,"date":"2020-11-20T00:02:25","date_gmt":"2020-11-19T17:02:25","guid":{"rendered":"https:\/\/hangtotgiare.com\/?page_id=5252"},"modified":"2023-04-02T13:31:30","modified_gmt":"2023-04-02T06:31:30","slug":"c75","status":"publish","type":"page","link":"http:\/\/mtb.online\/ar\/kinh-thanh\/c75\/","title":{"rendered":"Thi Ca &#8211; Ch\u01b0\u01a1ng 75"},"content":{"rendered":"<div class=\"dropdown\">\n<p><button onclick=\"myFunction()\" class=\"dropbtn\"><strong><span style=\"color: #0000ff;\">[19] Thi Ca 75:1-10<\/span><\/strong><\/button><\/p>\n<div id=\"myDropdown\" class=\"dropdown-content\">\n<table>\n<tbody>\n<tr>\n<th><strong>STT<\/strong><\/th>\n<th style=\"color: #0000ff;\"><strong>C\u1ef1u \u01af\u1edbc<\/strong><\/th>\n<th style=\"color: #ff0000;\"><strong>T\u00e2n \u01af\u1edbc<\/strong><\/th>\n<\/tr>\n<tr>\n<td>01<\/td>\n<td><a style=\"color: #0000ff;\" href=\"https:\/\/mtb.online\/vn\/kinh-thanh\/ot1\/\">Kh\u1edfi Nguy\u00ean<\/a><\/td>\n<td><a style=\"color: #ff0000;\" href=\"https:\/\/mtb.online\/vn\/kinh-thanh\/nt1\/\">Ma-thi-\u01a1<\/a><\/td>\n<\/tr>\n<tr>\n<td>02<\/td>\n<td><a style=\"color: #0000ff;\" href=\"https:\/\/mtb.online\/vn\/kinh-thanh\/ot2\/\">Xu\u1ea5t H\u00e0nh<\/a><\/td>\n<td><a style=\"color: #ff0000;\" href=\"https:\/\/mtb.online\/vn\/kinh-thanh\/nt2\/\">M\u00e1c<\/a><\/td>\n<\/tr>\n<tr>\n<td>03<\/td>\n<td><a style=\"color: #0000ff;\" href=\"https:\/\/mtb.online\/vn\/kinh-thanh\/ot3\/\">L\u00ea-vi<\/a><\/td>\n<td><a style=\"color: #ff0000;\" href=\"https:\/\/mtb.online\/vn\/kinh-thanh\/nt3\/\">Lu-ca<\/a><\/td>\n<\/tr>\n<tr>\n<td>04<\/td>\n<td><a style=\"color: #0000ff;\" href=\"https:\/\/mtb.online\/vn\/kinh-thanh\/ot4\/\">D\u00e2n S\u1ed1<\/a><\/td>\n<td><a style=\"color: #ff0000;\" href=\"https:\/\/mtb.online\/vn\/kinh-thanh\/nt4\/\">Gi\u0103ng<\/a><\/td>\n<\/tr>\n<tr>\n<td>05<\/td>\n<td><a style=\"color: #0000ff;\" href=\"https:\/\/mtb.online\/vn\/kinh-thanh\/ot5\/\">Nh\u1ecb Lu\u1eadt<\/a><\/td>\n<td><a style=\"color: #ff0000;\" href=\"https:\/\/mtb.online\/vn\/kinh-thanh\/nt5\/\">C\u00f4ng V\u1ee5<\/a><\/td>\n<\/tr>\n<tr>\n<td>06<\/td>\n<td><a style=\"color: #0000ff;\" href=\"https:\/\/mtb.online\/vn\/kinh-thanh\/ot6\/\">Gi\u00f4-su\u00ea<\/a><\/td>\n<td><a style=\"color: #ff0000;\" href=\"https:\/\/mtb.online\/vn\/kinh-thanh\/nt6\/\">R\u00f4-ma<\/a><\/td>\n<\/tr>\n<tr>\n<td>07<\/td>\n<td><a style=\"color: #0000ff;\" href=\"https:\/\/mtb.online\/vn\/kinh-thanh\/ot7\/\">Th\u1ea9m Ph\u00e1n<\/a><\/td>\n<td><a style=\"color: #ff0000;\" href=\"https:\/\/mtb.online\/vn\/kinh-thanh\/nt7\/\">I C\u00f4-rinh-t\u00f4<\/a><\/td>\n<\/tr>\n<tr>\n<td>08<\/td>\n<td><a style=\"color: #0000ff;\" href=\"https:\/\/mtb.online\/vn\/kinh-thanh\/ot8\/\">Ru-t\u01a1<\/a><\/td>\n<td><a style=\"color: #ff0000;\" href=\"https:\/\/mtb.online\/vn\/kinh-thanh\/nt8\/\">II C\u00f4-rinh-t\u00f4<\/a><\/td>\n<\/tr>\n<tr>\n<td>09<\/td>\n<td><a style=\"color: #0000ff;\" href=\"https:\/\/mtb.online\/vn\/kinh-thanh\/ot9\/\">I Sa-mu-\u00ean<\/a><\/td>\n<td><a style=\"color: #ff0000;\" href=\"https:\/\/mtb.online\/vn\/kinh-thanh\/nt9\/\">Ga-la-ti<\/a><\/td>\n<\/tr>\n<tr>\n<td>10<\/td>\n<td><a style=\"color: #0000ff;\" href=\"https:\/\/mtb.online\/vn\/kinh-thanh\/ot10\/\">II Sa-mu-\u00ean<\/a><\/td>\n<td><a style=\"color: #ff0000;\" href=\"https:\/\/mtb.online\/vn\/kinh-thanh\/nt10\/\">\u00ca-ph\u00ea-s\u00f4<\/a><\/td>\n<\/tr>\n<tr>\n<td>11<\/td>\n<td><a style=\"color: #0000ff;\" href=\"https:\/\/mtb.online\/vn\/kinh-thanh\/ot11\/\">I C\u00e1c Vua<\/a><\/td>\n<td><a style=\"color: #ff0000;\" href=\"https:\/\/mtb.online\/vn\/kinh-thanh\/nt11\/\">Phi-l\u00edp<\/a><\/td>\n<\/tr>\n<tr>\n<td>12<\/td>\n<td><a style=\"color: #0000ff;\" href=\"https:\/\/mtb.online\/vn\/kinh-thanh\/ot12\/\">II C\u00e1c Vua<\/a><\/td>\n<td><a style=\"color: #ff0000;\" href=\"https:\/\/mtb.online\/vn\/kinh-thanh\/nt12\/\">C\u00f4-l\u00f4-se<\/a><\/td>\n<\/tr>\n<tr>\n<td>13<\/td>\n<td><a style=\"color: #0000ff;\" href=\"https:\/\/mtb.online\/vn\/kinh-thanh\/ot13\/\">I S\u1eed K\u00fd<\/a><\/td>\n<td><a style=\"color: #ff0000;\" href=\"https:\/\/mtb.online\/vn\/kinh-thanh\/nt13\/\">I T\u00ea-sa-l\u00f4-ni-ca<\/a><\/td>\n<\/tr>\n<tr>\n<td>14<\/td>\n<td><a style=\"color: #0000ff;\" href=\"https:\/\/mtb.online\/vn\/kinh-thanh\/ot14\/\">II S\u1eed K\u00fd<\/a><\/td>\n<td><a style=\"color: #ff0000;\" href=\"https:\/\/mtb.online\/vn\/kinh-thanh\/nt14\/\">II T\u00ea-sa-l\u00f4-ni-ca<\/a><\/td>\n<\/tr>\n<tr>\n<td>15<\/td>\n<td><a style=\"color: #0000ff;\" href=\"https:\/\/mtb.online\/vn\/kinh-thanh\/ot15\/\">\u00ca-x\u01a1-ra<\/a><\/td>\n<td><a style=\"color: #ff0000;\" href=\"https:\/\/mtb.online\/vn\/kinh-thanh\/nt15\/\">I Ti-m\u00f4-th\u00ea<\/a><\/td>\n<\/tr>\n<tr>\n<td>16<\/td>\n<td><a style=\"color: #0000ff;\" href=\"https:\/\/mtb.online\/vn\/kinh-thanh\/ot16\/\">N\u00ea-h\u00ea-mi<\/a><\/td>\n<td><a style=\"color: #ff0000;\" href=\"https:\/\/mtb.online\/vn\/kinh-thanh\/nt16\/\">II Ti-m\u00f4-th\u00ea<\/a><\/td>\n<\/tr>\n<tr>\n<td>17<\/td>\n<td><a style=\"color: #0000ff;\" href=\"https:\/\/mtb.online\/vn\/kinh-thanh\/ot17\/\">\u00ca-x\u01a1-t\u00ea<\/a><\/td>\n<td><a style=\"color: #ff0000;\" href=\"https:\/\/mtb.online\/vn\/kinh-thanh\/nt17\/\">T\u00edt<\/a><\/td>\n<\/tr>\n<tr>\n<td>18<\/td>\n<td><a style=\"color: #0000ff;\" href=\"https:\/\/mtb.online\/vn\/kinh-thanh\/ot18\/\">Gi\u00f3p<\/a><\/td>\n<td><a style=\"color: #ff0000;\" href=\"https:\/\/mtb.online\/vn\/kinh-thanh\/nt18\/\">Phi-l\u00ea-m\u00f4n<\/a><\/td>\n<\/tr>\n<tr>\n<td>19<\/td>\n<td><a style=\"color: #0000ff;\" href=\"https:\/\/mtb.online\/vn\/kinh-thanh\/ot19\/\">Thi Ca<\/a><\/td>\n<td><a style=\"color: #ff0000;\" href=\"https:\/\/mtb.online\/vn\/kinh-thanh\/nt19\/\">H\u00ea-b\u01a1-r\u01a1<\/a><\/td>\n<\/tr>\n<tr>\n<td>20<\/td>\n<td><a style=\"color: #0000ff;\" href=\"https:\/\/mtb.online\/vn\/kinh-thanh\/ot20\/\">Ch\u00e2m Ng\u00f4n<\/a><\/td>\n<td><a style=\"color: #ff0000;\" href=\"https:\/\/mtb.online\/vn\/kinh-thanh\/nt20\/\">Gia-c\u01a1<\/a><\/td>\n<\/tr>\n<tr>\n<td>21<\/td>\n<td><a style=\"color: #0000ff;\" href=\"https:\/\/mtb.online\/vn\/kinh-thanh\/ot21\/\">Truy\u1ec1n \u0110\u1ea1o<\/a><\/td>\n<td><a style=\"color: #ff0000;\" href=\"https:\/\/mtb.online\/vn\/kinh-thanh\/nt21\/\">I Phi-e-r\u01a1<\/a><\/td>\n<\/tr>\n<tr>\n<td>22<\/td>\n<td><a style=\"color: #0000ff;\" href=\"https:\/\/mtb.online\/vn\/kinh-thanh\/ot22\/\">Nh\u00e3 Ca<\/a><\/td>\n<td><a style=\"color: #ff0000;\" href=\"https:\/\/mtb.online\/vn\/kinh-thanh\/nt22\/\">II Phi-e-r\u01a1<\/a><\/td>\n<\/tr>\n<tr>\n<td>23<\/td>\n<td><a style=\"color: #0000ff;\" href=\"https:\/\/mtb.online\/vn\/kinh-thanh\/ot23\/\">\u00ca-sai<\/a><\/td>\n<td><a style=\"color: #ff0000;\" href=\"https:\/\/mtb.online\/vn\/kinh-thanh\/nt23\/\">I Gi\u0103ng<\/a><\/td>\n<\/tr>\n<tr>\n<td>24<\/td>\n<td><a style=\"color: #0000ff;\" href=\"https:\/\/mtb.online\/vn\/kinh-thanh\/ot24\/\">Gi\u00ea-r\u00ea-mi<\/a><\/td>\n<td><a style=\"color: #ff0000;\" href=\"https:\/\/mtb.online\/vn\/kinh-thanh\/nt24\/\">II Gi\u0103ng<\/a><\/td>\n<\/tr>\n<tr>\n<td>25<\/td>\n<td><a style=\"color: #0000ff;\" href=\"https:\/\/mtb.online\/vn\/kinh-thanh\/ot25\/\">Ca Th\u01b0\u01a1ng<\/a><\/td>\n<td><a style=\"color: #ff0000;\" href=\"https:\/\/mtb.online\/vn\/kinh-thanh\/nt25\/\">III Gi\u0103ng<\/a><\/td>\n<\/tr>\n<tr>\n<td>26<\/td>\n<td><a style=\"color: #0000ff;\" href=\"https:\/\/mtb.online\/vn\/kinh-thanh\/ot26\/\">\u00ca-x\u00ea-chi-\u00ean<\/a><\/td>\n<td><a style=\"color: #ff0000;\" href=\"https:\/\/mtb.online\/vn\/kinh-thanh\/nt26\/\">Giu-\u0111e<\/a><\/td>\n<\/tr>\n<tr>\n<td>27<\/td>\n<td><a style=\"color: #0000ff;\" href=\"https:\/\/mtb.online\/vn\/kinh-thanh\/ot27\/\">\u0110a-ni-\u00ean<\/a><\/td>\n<td><a style=\"color: #ff0000;\" href=\"https:\/\/mtb.online\/vn\/kinh-thanh\/nt27\/\">M\u1eb7c Kh\u1ea3i<\/a><\/td>\n<\/tr>\n<tr>\n<td>28<\/td>\n<td><a style=\"color: #0000ff;\" href=\"https:\/\/mtb.online\/vn\/kinh-thanh\/ot28\/\">\u00d4-s\u00ea<\/a><\/td>\n<td><\/td>\n<\/tr>\n<tr>\n<td>29<\/td>\n<td><a style=\"color: #0000ff;\" href=\"https:\/\/mtb.online\/vn\/kinh-thanh\/ot29\/\">Gi\u00f4-\u00ean<\/a><\/td>\n<td><\/td>\n<\/tr>\n<tr>\n<td>30<\/td>\n<td><a style=\"color: #0000ff;\" href=\"https:\/\/mtb.online\/vn\/kinh-thanh\/ot30\/\">A-m\u1ed1t<\/a><\/td>\n<td><\/td>\n<\/tr>\n<tr>\n<td>31<\/td>\n<td><a style=\"color: #0000ff;\" href=\"https:\/\/mtb.online\/vn\/kinh-thanh\/ot31\/\">\u00c1p-\u0111ia<\/a><\/td>\n<td><\/td>\n<\/tr>\n<tr>\n<td>32<\/td>\n<td><a style=\"color: #0000ff;\" href=\"https:\/\/mtb.online\/vn\/kinh-thanh\/ot32\/\">Gi\u00f4-na<\/a><\/td>\n<td><\/td>\n<\/tr>\n<tr>\n<td>33<\/td>\n<td><a style=\"color: #0000ff;\" href=\"https:\/\/mtb.online\/vn\/kinh-thanh\/ot33\/\">Mi-ch\u00ea<\/a><\/td>\n<td><\/td>\n<\/tr>\n<tr>\n<td>34<\/td>\n<td><a style=\"color: #0000ff;\" href=\"https:\/\/mtb.online\/vn\/kinh-thanh\/ot34\/\">Na-hum<\/a><\/td>\n<td><\/td>\n<\/tr>\n<tr>\n<td>35<\/td>\n<td><a style=\"color: #0000ff;\" href=\"https:\/\/mtb.online\/vn\/kinh-thanh\/ot35\/\">Ha-ba-c\u00fac<\/a><\/td>\n<td><\/td>\n<\/tr>\n<tr>\n<td>36<\/td>\n<td><a style=\"color: #0000ff;\" href=\"https:\/\/mtb.online\/vn\/kinh-thanh\/ot36\/\">S\u00f4-ph\u00f4-ni<\/a><\/td>\n<td><\/td>\n<\/tr>\n<tr>\n<td>37<\/td>\n<td><a style=\"color: #0000ff;\" href=\"https:\/\/mtb.online\/vn\/kinh-thanh\/ot37\/\">A-gh\u00ea<\/a><\/td>\n<td><\/td>\n<\/tr>\n<tr>\n<td>38<\/td>\n<td><a style=\"color: #0000ff;\" href=\"https:\/\/mtb.online\/vn\/kinh-thanh\/ot38\/\">Xa-cha-ri<\/a><\/td>\n<td><\/td>\n<\/tr>\n<tr>\n<td>39<\/td>\n<td><a style=\"color: #0000ff;\" href=\"https:\/\/mtb.online\/vn\/kinh-thanh\/ot39\/\">Ma-la-chi<\/a><\/td>\n<td><\/td>\n<\/tr>\n<\/tbody>\n<\/table>\n<\/div>\n<\/div>\n<p><i><span style=\"font-weight: 400;\">(Thi Ca c\u1ee7a A-s\u00e1p, b\u00e0i h\u00e1t cho nh\u1ea1c tr\u01b0\u1edfng theo \u0111i\u1ec7u \u201c\u0111\u1eebng h\u1ee7y di\u1ec7t\u201d)<\/span><\/i><\/p>\n<p><span style=\"font-weight: 400;\">1 Ch\u00fang con ch\u00fac t\u1ea1 Ng\u00e0i, \u0110\u1ee9c Ch\u00faa Tr\u1eddi, ch\u00fang con ch\u00fac t\u1ea1 Ng\u00e0i;<\/span><\/p>\n<p><span style=\"font-weight: 400;\">V\u00e0 danh Ng\u00e0i \u1edf g\u1ea7n,<\/span><\/p>\n<p><span style=\"font-weight: 400;\">Ng\u01b0\u1eddi ta thu\u1eadt l\u1ea1i c\u00e1c vi\u1ec7c k\u1ef3 di\u1ec7u Ng\u00e0i.<\/span><\/p>\n<p><span style=\"font-weight: 400;\">2 &#8220;Khi Ta nh\u1eadn l\u1ea5y h\u1ed9i ch\u00fang,<\/span><\/p>\n<p><span style=\"font-weight: 400;\">Ta s\u1ebd ph\u00e1n x\u00e9t c\u00f4ng b\u1eb1ng.<\/span><\/p>\n<p><span style=\"font-weight: 400;\">3 Khi \u0111\u1ea5t v\u00e0 m\u1ecdi c\u01b0 d\u00e2n n\u00f3 tan ch\u1ea3y<\/span><\/p>\n<p><span style=\"font-weight: 400;\">Ta s\u1ebd gi\u1eef v\u1eefng c\u00e1c tr\u1ee5 n\u00f3.&#8221;<\/span><\/p>\n<p><i><span style=\"font-weight: 400;\">(S\u00ea-la)<\/span><\/i><\/p>\n<p><span style=\"font-weight: 400;\">4 T\u00f4i n\u00f3i v\u1edbi b\u1ecdn ng\u1ea1o m\u1ea1n: \u201cCh\u1edb ki\u00eau ng\u1ea1o,\u201d<\/span><\/p>\n<p><span style=\"font-weight: 400;\">V\u00e0 v\u1edbi b\u1ecdn gian \u00e1c: \u201c\u0110\u1eebng ng\u01b0\u1edbc s\u1eebng l\u00ean;<\/span><\/p>\n<p><span style=\"font-weight: 400;\">5 \u0110\u1eebng ng\u01b0\u1edbc s\u1eebng c\u00e1c ng\u01b0\u01a1i l\u00ean cao,<\/span><\/p>\n<p><span style=\"font-weight: 400;\">N\u00f3i n\u0103ng c\u1ee9ng c\u1ed5.\u201d<\/span><\/p>\n<p><span style=\"font-weight: 400;\">6 V\u00ec s\u1ef1 t\u00f4n cao ch\u1eb3ng \u0111\u1ebfn t\u1eeb ph\u01b0\u01a1ng \u0111\u00f4ng hay ph\u01b0\u01a1ng t\u00e2y,<\/span><\/p>\n<p><span style=\"font-weight: 400;\">C\u0169ng ch\u1eb3ng t\u1eeb ph\u01b0\u01a1ng nam,<\/span><\/p>\n<p><span style=\"font-weight: 400;\">7 Nh\u01b0ng \u0110\u1ee9c Ch\u00faa Tr\u1eddi l\u00e0 \u0110\u1ea5ng Ph\u00e1n X\u00e9t,<\/span><\/p>\n<p><span style=\"font-weight: 400;\">Ng\u00e0i h\u1ea1 k\u1ebb n\u00e0y xu\u1ed1ng, v\u00e0 t\u00f4n ng\u01b0\u1eddi kia l\u00ean.<\/span><\/p>\n<p><span style=\"font-weight: 400;\">8 V\u00ec m\u1ed9t c\u00e1i ch\u00e9n \u1edf trong tay YHWH,<\/span><\/p>\n<p><span style=\"font-weight: 400;\">V\u00e0 \u0111\u1ea7y r\u01b0\u1ee3u pha \u0111\u1ecf h\u1ed3ng (*),<\/span><\/p>\n<p><span style=\"font-weight: 400;\">V\u00e0 Ng\u00e0i r\u00f3t t\u1eeb \u0111\u00e2y ra,<\/span><\/p>\n<p><span style=\"font-weight: 400;\">M\u1ecdi k\u1ebb \u00e1c c\u1ee7a tr\u00e1i \u0111\u1ea5t \u0111\u1ec1u s\u1ebd u\u1ed1ng,<\/span><\/p>\n<p><span style=\"font-weight: 400;\">H\u00fap c\u1ea3 c\u1eb7n c\u1ee7a n\u00f3.<\/span><\/p>\n<p><span style=\"font-weight: 400;\">(*) C\u00f3 th\u1ec3 d\u1ecbch: \u201cs\u1ee7i b\u1ecdt\u201d.<\/span><\/p>\n<p><span style=\"font-weight: 400;\">9 C\u00f2n t\u00f4i s\u1ebd m\u00e3i thu\u1eadt l\u1ea1i,<\/span><\/p>\n<p><span style=\"font-weight: 400;\">T\u00f4i s\u1ebd ng\u1ee3i ca \u0110\u1ee9c Ch\u00faa Tr\u1eddi c\u1ee7a Gia-c\u1ed1p.<\/span><\/p>\n<p><span style=\"font-weight: 400;\">10 &#8220;Ta c\u0169ng s\u1ebd ch\u1eb7t t\u1ea5t c\u1ea3 c\u00e1c s\u1eebng k\u1ebb \u00e1c;<\/span><\/p>\n<p><span style=\"font-weight: 400;\">C\u00e1c s\u1eebng c\u1ee7a ng\u01b0\u1eddi c\u00f4ng ch\u00ednh s\u1ebd \u0111\u01b0\u1ee3c ng\u01b0\u1edbc l\u00ean.&#8221;<\/span><\/p>\n<div class=\"previous\">\n<a href=\"https:\/\/mtb.online\/vn\/kinh-thanh\/ot19\/c74\/\"><\/p>\n<div class=\"flex\">\n<svg class=\"reader-arrow h-100 ma0 pa0\" width=\"24\" height=\"24\" viewBox=\"0 0 24 24\" version=\"1.1\" xmlns=\"http:\/\/www.w3.org\/2000\/svg\"><path transform=\"rotate(180, 12, 12)\" stroke=\"none\" stroke-width=\"0\" stroke-linecap=\"round\" stroke-linejoin=\"round\" stroke-miterlimit=\"10\" fill=\"#888888\" d=\"M 9.07,17.44 L 14.4,12.1 14.4,12.1 C 14.6,11.91 14.6,11.59 14.4,11.4 L 9.09,6.08 9.09,6.08 C 8.7,5.7 8.7,5.08 9.09,4.69 L 9.09,4.69 9.09,4.69 C 9.47,4.31 10.09,4.31 10.47,4.69 L 16.85,11.07 16.85,11.07 C 17.24,11.46 17.24,12.09 16.85,12.49 L 10.49,18.85 10.49,18.85 C 10.09,19.24 9.46,19.24 9.07,18.85 L 9.07,18.85 9.07,18.85 C 8.68,18.46 8.68,17.83 9.07,17.44 Z M 9.07,17.44\"><\/path><\/svg>\n<\/div>\n<p><\/a>\n<\/div>\n<div class=\"next\">\n<a href=\"https:\/\/mtb.online\/vn\/kinh-thanh\/ot19\/c76\/\"><\/p>\n<div class=\"flex\">\n<svg class=\"reader-arrow\" width=\"24\" height=\"24\" viewBox=\"0 0 24 24\" version=\"1.1\" xmlns=\"http:\/\/www.w3.org\/2000\/svg\"><path transform=\"rotate(0, 12, 12)\" stroke=\"none\" stroke-width=\"0\" stroke-linecap=\"round\" stroke-linejoin=\"round\" stroke-miterlimit=\"10\" fill=\"#888888\" d=\"M 9.07,17.44 L 14.4,12.1 14.4,12.1 C 14.6,11.91 14.6,11.59 14.4,11.4 L 9.09,6.08 9.09,6.08 C 8.7,5.7 8.7,5.08 9.09,4.69 L 9.09,4.69 9.09,4.69 C 9.47,4.31 10.09,4.31 10.47,4.69 L 16.85,11.07 16.85,11.07 C 17.24,11.46 17.24,12.09 16.85,12.49 L 10.49,18.85 10.49,18.85 C 10.09,19.24 9.46,19.24 9.07,18.85 L 9.07,18.85 9.07,18.85 C 8.68,18.46 8.68,17.83 9.07,17.44 Z M 9.07,17.44\"><\/path><\/svg>\n<\/div>\n<p><\/a>\n<\/div>\n","protected":false},"excerpt":{"rendered":"<p>[19] Thi Ca 75:1-10 STT C\u1ef1u \u01af\u1edbc T\u00e2n \u01af\u1edbc 01 Kh\u1edfi Nguy\u00ean Ma-thi-\u01a1 02 Xu\u1ea5t H\u00e0nh M\u00e1c 03 L\u00ea-vi Lu-ca 04 D\u00e2n S\u1ed1 Gi\u0103ng 05 Nh\u1ecb Lu\u1eadt C\u00f4ng V\u1ee5 06 Gi\u00f4-su\u00ea R\u00f4-ma 07 Th\u1ea9m Ph\u00e1n I C\u00f4-rinh-t\u00f4 08 Ru-t\u01a1 II C\u00f4-rinh-t\u00f4 09 I Sa-mu-\u00ean Ga-la-ti 10 II Sa-mu-\u00ean \u00ca-ph\u00ea-s\u00f4 11 I C\u00e1c Vua Phi-l\u00edp 12&#8230;<\/p>\n","protected":false},"author":1,"featured_media":0,"parent":3537,"menu_order":0,"comment_status":"closed","ping_status":"closed","template":"templates\/full-width.php","meta":{"_monsterinsights_skip_tracking":false,"_monsterinsights_sitenote_active":false,"_monsterinsights_sitenote_note":"","_monsterinsights_sitenote_category":0,"cybocfi_hide_featured_image":"","footnotes":""},"class_list":["post-5252","page","type-page","status-publish","hentry"],"yoast_head":"<!-- This site is optimized with the Yoast SEO plugin v27.2 - https:\/\/yoast.com\/product\/yoast-seo-wordpress\/ -->\n<title>Thi Ca - Ch\u01b0\u01a1ng 75 - Majority Text Bible<\/title>\n<meta name=\"robots\" content=\"index, follow, max-snippet:-1, max-image-preview:large, max-video-preview:-1\" \/>\n<link rel=\"canonical\" href=\"https:\/\/mtb.online\/ar\/kinh-thanh\/c75\/\" \/>\n<meta property=\"og:locale\" content=\"ar_AR\" \/>\n<meta property=\"og:type\" content=\"article\" \/>\n<meta property=\"og:title\" content=\"Thi Ca - Ch\u01b0\u01a1ng 75 - Majority Text Bible\" \/>\n<meta property=\"og:description\" content=\"[19] Thi Ca 75:1-10 STT C\u1ef1u \u01af\u1edbc T\u00e2n \u01af\u1edbc 01 Kh\u1edfi Nguy\u00ean Ma-thi-\u01a1 02 Xu\u1ea5t H\u00e0nh M\u00e1c 03 L\u00ea-vi Lu-ca 04 D\u00e2n S\u1ed1 Gi\u0103ng 05 Nh\u1ecb Lu\u1eadt C\u00f4ng V\u1ee5 06 Gi\u00f4-su\u00ea R\u00f4-ma 07 Th\u1ea9m Ph\u00e1n I C\u00f4-rinh-t\u00f4 08 Ru-t\u01a1 II C\u00f4-rinh-t\u00f4 09 I Sa-mu-\u00ean Ga-la-ti 10 II Sa-mu-\u00ean \u00ca-ph\u00ea-s\u00f4 11 I C\u00e1c Vua Phi-l\u00edp 12...\" \/>\n<meta property=\"og:url\" content=\"https:\/\/mtb.online\/ar\/kinh-thanh\/c75\/\" \/>\n<meta property=\"og:site_name\" content=\"Majority Text Bible\" \/>\n<meta property=\"article:modified_time\" content=\"2023-04-02T06:31:30+00:00\" \/>\n<meta name=\"twitter:card\" content=\"summary_large_image\" \/>\n<meta name=\"twitter:label1\" content=\"\u0648\u0642\u062a \u0627\u0644\u0642\u0631\u0627\u0621\u0629 \u0627\u0644\u0645\u064f\u0642\u062f\u0651\u0631\" \/>\n\t<meta name=\"twitter:data1\" content=\"\u062f\u0642\u064a\u0642\u062a\u0627\u0646\" \/>\n<script type=\"application\/ld+json\" class=\"yoast-schema-graph\">{\"@context\":\"https:\/\/schema.org\",\"@graph\":[{\"@type\":\"WebPage\",\"@id\":\"https:\/\/mtb.online\/kinh-thanh\/c75\/\",\"url\":\"https:\/\/mtb.online\/kinh-thanh\/c75\/\",\"name\":\"Thi Ca - Ch\u01b0\u01a1ng 75 - Majority Text Bible\",\"isPartOf\":{\"@id\":\"https:\/\/mtb.online\/en\/#website\"},\"datePublished\":\"2020-11-19T17:02:25+00:00\",\"dateModified\":\"2023-04-02T06:31:30+00:00\",\"breadcrumb\":{\"@id\":\"https:\/\/mtb.online\/kinh-thanh\/c75\/#breadcrumb\"},\"inLanguage\":\"ar\",\"potentialAction\":[{\"@type\":\"ReadAction\",\"target\":[\"https:\/\/mtb.online\/kinh-thanh\/c75\/\"]}]},{\"@type\":\"BreadcrumbList\",\"@id\":\"https:\/\/mtb.online\/kinh-thanh\/c75\/#breadcrumb\",\"itemListElement\":[{\"@type\":\"ListItem\",\"position\":1,\"name\":\"Home\",\"item\":\"https:\/\/mtb.online\/en\/\"},{\"@type\":\"ListItem\",\"position\":2,\"name\":\"Kinh Th\u00e1nh \u0110a S\u1ed1 Vi\u1ec7t Ng\u1eef (VMTB)\",\"item\":\"https:\/\/mtb.online\/en\/kinh-thanh\/\"},{\"@type\":\"ListItem\",\"position\":3,\"name\":\"Thi Ca &#8211; Ch\u01b0\u01a1ng 75\"}]},{\"@type\":\"WebSite\",\"@id\":\"https:\/\/mtb.online\/en\/#website\",\"url\":\"https:\/\/mtb.online\/en\/\",\"name\":\"Majority Text Bible\",\"description\":\"\",\"publisher\":{\"@id\":\"https:\/\/mtb.online\/en\/#organization\"},\"potentialAction\":[{\"@type\":\"SearchAction\",\"target\":{\"@type\":\"EntryPoint\",\"urlTemplate\":\"https:\/\/mtb.online\/en\/?s={search_term_string}\"},\"query-input\":{\"@type\":\"PropertyValueSpecification\",\"valueRequired\":true,\"valueName\":\"search_term_string\"}}],\"inLanguage\":\"ar\"},{\"@type\":\"Organization\",\"@id\":\"https:\/\/mtb.online\/en\/#organization\",\"name\":\"Majority Text Bible\",\"url\":\"https:\/\/mtb.online\/en\/\",\"logo\":{\"@type\":\"ImageObject\",\"inLanguage\":\"ar\",\"@id\":\"https:\/\/mtb.online\/en\/#\/schema\/logo\/image\/\",\"url\":\"http:\/\/hangtotgiare.com\/wp-content\/uploads\/2021\/11\/logo-251x189-large.png\",\"contentUrl\":\"http:\/\/hangtotgiare.com\/wp-content\/uploads\/2021\/11\/logo-251x189-large.png\",\"width\":888,\"height\":669,\"caption\":\"Majority Text Bible\"},\"image\":{\"@id\":\"https:\/\/mtb.online\/en\/#\/schema\/logo\/image\/\"}}]}<\/script>\n<!-- \/ Yoast SEO plugin. -->","yoast_head_json":{"title":"Thi Ca - Ch\u01b0\u01a1ng 75 - Majority Text Bible","robots":{"index":"index","follow":"follow","max-snippet":"max-snippet:-1","max-image-preview":"max-image-preview:large","max-video-preview":"max-video-preview:-1"},"canonical":"https:\/\/mtb.online\/ar\/kinh-thanh\/c75\/","og_locale":"ar_AR","og_type":"article","og_title":"Thi Ca - Ch\u01b0\u01a1ng 75 - Majority Text Bible","og_description":"[19] Thi Ca 75:1-10 STT C\u1ef1u \u01af\u1edbc T\u00e2n \u01af\u1edbc 01 Kh\u1edfi Nguy\u00ean Ma-thi-\u01a1 02 Xu\u1ea5t H\u00e0nh M\u00e1c 03 L\u00ea-vi Lu-ca 04 D\u00e2n S\u1ed1 Gi\u0103ng 05 Nh\u1ecb Lu\u1eadt C\u00f4ng V\u1ee5 06 Gi\u00f4-su\u00ea R\u00f4-ma 07 Th\u1ea9m Ph\u00e1n I C\u00f4-rinh-t\u00f4 08 Ru-t\u01a1 II C\u00f4-rinh-t\u00f4 09 I Sa-mu-\u00ean Ga-la-ti 10 II Sa-mu-\u00ean \u00ca-ph\u00ea-s\u00f4 11 I C\u00e1c Vua Phi-l\u00edp 12...","og_url":"https:\/\/mtb.online\/ar\/kinh-thanh\/c75\/","og_site_name":"Majority Text Bible","article_modified_time":"2023-04-02T06:31:30+00:00","twitter_card":"summary_large_image","twitter_misc":{"\u0648\u0642\u062a \u0627\u0644\u0642\u0631\u0627\u0621\u0629 \u0627\u0644\u0645\u064f\u0642\u062f\u0651\u0631":"\u062f\u0642\u064a\u0642\u062a\u0627\u0646"},"schema":{"@context":"https:\/\/schema.org","@graph":[{"@type":"WebPage","@id":"https:\/\/mtb.online\/kinh-thanh\/c75\/","url":"https:\/\/mtb.online\/kinh-thanh\/c75\/","name":"Thi Ca - Ch\u01b0\u01a1ng 75 - Majority Text Bible","isPartOf":{"@id":"https:\/\/mtb.online\/en\/#website"},"datePublished":"2020-11-19T17:02:25+00:00","dateModified":"2023-04-02T06:31:30+00:00","breadcrumb":{"@id":"https:\/\/mtb.online\/kinh-thanh\/c75\/#breadcrumb"},"inLanguage":"ar","potentialAction":[{"@type":"ReadAction","target":["https:\/\/mtb.online\/kinh-thanh\/c75\/"]}]},{"@type":"BreadcrumbList","@id":"https:\/\/mtb.online\/kinh-thanh\/c75\/#breadcrumb","itemListElement":[{"@type":"ListItem","position":1,"name":"Home","item":"https:\/\/mtb.online\/en\/"},{"@type":"ListItem","position":2,"name":"Kinh Th\u00e1nh \u0110a S\u1ed1 Vi\u1ec7t Ng\u1eef (VMTB)","item":"https:\/\/mtb.online\/en\/kinh-thanh\/"},{"@type":"ListItem","position":3,"name":"Thi Ca &#8211; Ch\u01b0\u01a1ng 75"}]},{"@type":"WebSite","@id":"https:\/\/mtb.online\/en\/#website","url":"https:\/\/mtb.online\/en\/","name":"Majority Text Bible","description":"","publisher":{"@id":"https:\/\/mtb.online\/en\/#organization"},"potentialAction":[{"@type":"SearchAction","target":{"@type":"EntryPoint","urlTemplate":"https:\/\/mtb.online\/en\/?s={search_term_string}"},"query-input":{"@type":"PropertyValueSpecification","valueRequired":true,"valueName":"search_term_string"}}],"inLanguage":"ar"},{"@type":"Organization","@id":"https:\/\/mtb.online\/en\/#organization","name":"Majority Text Bible","url":"https:\/\/mtb.online\/en\/","logo":{"@type":"ImageObject","inLanguage":"ar","@id":"https:\/\/mtb.online\/en\/#\/schema\/logo\/image\/","url":"http:\/\/hangtotgiare.com\/wp-content\/uploads\/2021\/11\/logo-251x189-large.png","contentUrl":"http:\/\/hangtotgiare.com\/wp-content\/uploads\/2021\/11\/logo-251x189-large.png","width":888,"height":669,"caption":"Majority Text Bible"},"image":{"@id":"https:\/\/mtb.online\/en\/#\/schema\/logo\/image\/"}}]}},"_links":{"self":[{"href":"http:\/\/mtb.online\/ar\/wp-json\/wp\/v2\/pages\/5252","targetHints":{"allow":["GET"]}}],"collection":[{"href":"http:\/\/mtb.online\/ar\/wp-json\/wp\/v2\/pages"}],"about":[{"href":"http:\/\/mtb.online\/ar\/wp-json\/wp\/v2\/types\/page"}],"author":[{"embeddable":true,"href":"http:\/\/mtb.online\/ar\/wp-json\/wp\/v2\/users\/1"}],"replies":[{"embeddable":true,"href":"http:\/\/mtb.online\/ar\/wp-json\/wp\/v2\/comments?post=5252"}],"version-history":[{"count":3,"href":"http:\/\/mtb.online\/ar\/wp-json\/wp\/v2\/pages\/5252\/revisions"}],"predecessor-version":[{"id":13544,"href":"http:\/\/mtb.online\/ar\/wp-json\/wp\/v2\/pages\/5252\/revisions\/13544"}],"up":[{"embeddable":true,"href":"http:\/\/mtb.online\/ar\/wp-json\/wp\/v2\/pages\/3537"}],"wp:attachment":[{"href":"http:\/\/mtb.online\/ar\/wp-json\/wp\/v2\/media?parent=5252"}],"curies":[{"name":"wp","href":"https:\/\/api.w.org\/{rel}","templated":true}]}}